{"id":49846,"date":"2024-09-18T22:44:10","date_gmt":"2024-09-18T22:44:10","guid":{"rendered":"https:\/\/aea.academy\/?page_id=49846"},"modified":"2025-10-14T12:01:41","modified_gmt":"2025-10-14T12:01:41","slug":"terms-and-conditions","status":"publish","type":"page","link":"https:\/\/aea.academy\/es\/terms-and-conditions\/","title":{"rendered":"Condiciones generales"},"content":{"rendered":"<div data-elementor-type=\"wp-page\" data-elementor-id=\"49846\" class=\"elementor elementor-49846\" data-elementor-post-type=\"page\">\n\t\t\t\t<div class=\"elementor-element elementor-element-422883d e-flex e-con-boxed e-con e-parent\" data-id=\"422883d\" data-element_type=\"container\" data-e-type=\"container\">\n\t\t\t\t\t<div class=\"e-con-inner\">\n\t\t\t\t<div class=\"elementor-element elementor-element-652ae05 elementor-widget elementor-widget-text-editor\" data-id=\"652ae05\" data-element_type=\"widget\" data-e-type=\"widget\" data-widget_type=\"text-editor.default\">\n\t\t\t\t<div class=\"elementor-widget-container\">\n\t\t\t\t\t\t\t\t\t<p>Advenio eAcademy (n\u00famero de licencia MFHEA: 2013-FHI-006) est\u00e1 gestionada por la sociedad de responsabilidad limitada AeA Ltd, registrada en la Autoridad de Servicios Financieros de Malta con el n\u00famero de registro de empresa C-54887 y domicilio social en Blackley's Business Centre 222\/S31B, Triq id-Duluri, Pieta PTA 1420, MALTA. Al utilizar el sitio web de Advenio eAcademy, se considera que los estudiantes han le\u00eddo y aceptado los siguientes t\u00e9rminos y condiciones:<\/p>\n<p>La siguiente terminolog\u00eda se aplica a estos T\u00e9rminos y Condiciones Generales y a cualquier o todos los Acuerdos: \"Estudiante\", \"Usted\" y \"Su\" se refieren a usted, la persona que accede a este sitio web y acepta los t\u00e9rminos y condiciones de la Empresa. \"La Empresa\", \"Nosotros\", \"Nos\" y \"Nos\", se refieren a Advenio eAcademy. \"Parte\", \"Partes\" o \"Nosotros\", se refiere tanto al Estudiante como a nosotros, o bien al Estudiante o a nosotros mismos. Todos los t\u00e9rminos se refieren a la oferta, aceptaci\u00f3n y contraprestaci\u00f3n de pago necesaria para llevar a cabo el proceso de nuestra asistencia al Estudiante de la manera m\u00e1s adecuada, ya sea mediante reuniones formales de una duraci\u00f3n determinada o cualquier otro medio, con el prop\u00f3sito expreso de satisfacer las necesidades del Estudiante con respecto a la prestaci\u00f3n de los servicios\/productos indicados de la Empresa, de conformidad con y sujeto a, la legislaci\u00f3n maltesa vigente. Cualquier uso de la terminolog\u00eda anterior u otras palabras en singular, plural, may\u00fasculas y\/o \u00e9l\/ella o ellos, se consideran intercambiables y, por lo tanto, se refieren a lo mismo.<\/p>\n<p><strong>Declaraci\u00f3n de confidencialidad:\u00a0<\/strong>Nos comprometemos a proteger su intimidad. Toda la informaci\u00f3n recopilada de clientes individuales est\u00e1 restringida a los empleados autorizados en funci\u00f3n de la necesidad de conocerla. Revisamos constantemente nuestros sistemas y datos para garantizar el mejor servicio posible a nuestros clientes.<\/p>\n<p><strong>Confidencialidad:\u00a0<\/strong>Estamos registrados en virtud de la Ley de Protecci\u00f3n de Datos y, como tales, cualquier informaci\u00f3n relativa al Estudiante y sus respectivos expedientes acad\u00e9micos puede ser transmitida a terceros. Sin embargo, los expedientes de los estudiantes se consideran confidenciales y, por lo tanto, no se divulgar\u00e1n a terceros, salvo que la ley lo exija a las autoridades competentes. Los alumnos tienen derecho a solicitar que se les muestren y se les entreguen copias de todos y cada uno de los expedientes que conservamos, siempre y cuando se nos notifique dicha solicitud con una antelaci\u00f3n razonable. Se ruega a los estudiantes que conserven copias de cualquier material publicado en relaci\u00f3n con la prestaci\u00f3n de nuestros servicios. Cuando proceda, entregaremos a los Estudiantes informaci\u00f3n escrita adecuada o copias de los expedientes como parte de un contrato acordado, en beneficio de ambas partes. No venderemos, compartiremos ni alquilaremos su informaci\u00f3n personal a terceros. Todos los correos electr\u00f3nicos enviados por esta Empresa ser\u00e1n \u00fanicamente en relaci\u00f3n con la prestaci\u00f3n de los servicios acordados y cualquier producto o servicio espec\u00edfico relacionado con los servicios originales contratados.<\/p>\n<p>La informaci\u00f3n de este sitio web se proporciona \"tal cual\". En la m\u00e1xima medida permitida por la ley, esta empresa:<\/p>\n<p>- Excluye todas las representaciones y garant\u00edas relacionadas con este sitio web y su contenido o que es o puede ser proporcionada por cualquier afiliado o cualquier otro tercero, incluso en relaci\u00f3n con cualquier inexactitud u omisi\u00f3n en este sitio web y \/ o la literatura de la Compa\u00f1\u00eda, y<\/p>\n<p>- Excluye toda responsabilidad por da\u00f1os derivados o relacionados con el uso de este sitio web. Esto incluye, sin limitaci\u00f3n, la p\u00e9rdida directa, los da\u00f1os causados a su ordenador, software inform\u00e1tico, sistemas y programas, y los datos de los mismos o cualquier otro da\u00f1o directo o indirecto, consecuente e incidental.<\/p>\n<p>- Excluye toda responsabilidad por da\u00f1os derivados o relacionados con la adecuaci\u00f3n del contenido del sitio a la legislaci\u00f3n nacional a la que pueda estar sujeto cualquier usuario.<\/p>\n<p>- Ninguno de sus derechos legales como consumidor se ver\u00e1 afectado.<\/p>\n<p><strong>Disponibilidad:\u00a0<\/strong>A menos que se indique lo contrario, los servicios ofrecidos en este sitio web s\u00f3lo est\u00e1n disponibles en Malta, o en relaci\u00f3n con env\u00edos desde Malta. Usted es el \u00fanico responsable de evaluar la idoneidad para un fin determinado de cualquier descarga, programa y texto disponible a trav\u00e9s de este sitio. Queda prohibida la redistribuci\u00f3n o republicaci\u00f3n de cualquier parte de este sitio o de su contenido, incluso mediante framing u otros medios similares o de cualquier otro tipo, sin el consentimiento expreso por escrito de la Empresa. La Empresa no garantiza que el servicio de este sitio sea ininterrumpido, puntual o libre de errores, aunque se proporciona en la medida de lo posible. Al utilizar este servicio, usted exime a esta Empresa, sus empleados, agentes y afiliados de cualquier p\u00e9rdida o da\u00f1o, sea cual fuere la forma o el modo en que se haya producido.<\/p>\n<p><strong>Archivos de registro:<\/strong>\u00a0Utilizamos las direcciones IP para analizar tendencias, administrar el sitio, rastrear los movimientos de los usuarios y recopilar informaci\u00f3n demogr\u00e1fica general para uso agregado. Las direcciones IP no est\u00e1n vinculadas a informaci\u00f3n personal identificable. Adem\u00e1s, para la administraci\u00f3n de sistemas, la detecci\u00f3n de patrones de uso y la resoluci\u00f3n de problemas, nuestros servidores web registran autom\u00e1ticamente la informaci\u00f3n de acceso est\u00e1ndar, incluido el tipo de navegador, las horas de acceso\/correo abierto, la URL solicitada y la URL de referencia. Esta informaci\u00f3n no se comparte con terceros y s\u00f3lo se utiliza dentro de esta empresa cuando es necesario. Cualquier informaci\u00f3n de identificaci\u00f3n individual relacionada con estos datos nunca se utilizar\u00e1 de forma distinta a la indicada anteriormente sin su permiso expl\u00edcito.<\/p>\n<p><strong>Cookies:\u00a0<\/strong>Como la mayor\u00eda de los sitios web interactivos, el sitio web de Advenio eAcademy [o ISP] utiliza cookies para permitirnos recuperar los detalles del usuario en cada visita. Las cookies se utilizan en algunas \u00e1reas de nuestro sitio para permitir la funcionalidad de esta \u00e1rea y la facilidad de uso para las personas que nos visitan. Algunos de nuestros socios afiliados tambi\u00e9n pueden utilizar cookies.<\/p>\n<p><strong>Videoconferencias:\u00a0<\/strong>Grabamos todas las sesiones de tutor\u00eda en directo alojadas en la plataforma eBlearn con fines de control de calidad. Una vez grabadas, se pondr\u00e1n a disposici\u00f3n de los invitados a la sesi\u00f3n en directo correspondiente. El acceso a las sesiones grabadas est\u00e1 disponible a trav\u00e9s del \u00c1rea de Videoconferencias dentro de los perfiles de usuario.<\/p>\n<p><strong>Actualizaci\u00f3n de perfiles de usuario:\u00a0<\/strong>Se pide a los usuarios que actualicen los datos de su perfil. Esto incluye la carga de una imagen adecuada para facilitar el reconocimiento en el sistema. En ausencia de tales actualizaciones, Advenio eAcademy se reserva el derecho de actualizar el sistema capturando im\u00e1genes adecuadas del usuario en cuesti\u00f3n durante las sesiones de videoconferencia en directo. Una vez cargadas, los usuarios podr\u00e1n acceder a su p\u00e1gina de perfil y cargar las im\u00e1genes alternativas que deseen. Dichas im\u00e1genes deben proporcionar primeros planos claros para facilitar el reconocimiento y no deben incluir dibujos animados u otras im\u00e1genes.\u00a0<\/p>\n<p><strong>Enlaces a este sitio web:\u00a0<\/strong>No puede crear un enlace a ninguna p\u00e1gina de este sitio web sin nuestro consentimiento previo por escrito. Si crea un enlace a una p\u00e1gina de este sitio web, lo har\u00e1 por su cuenta y riesgo, y las exclusiones y limitaciones expuestas anteriormente se aplicar\u00e1n al uso que haga de este sitio web mediante el enlace.<\/p>\n<p><strong>Enlaces desde este sitio web:\u00a0<\/strong>No controlamos ni revisamos el contenido de los sitios web de terceros a los que se accede mediante enlaces desde este sitio web. Las opiniones expresadas o el material que aparece en dichos sitios web no son necesariamente compartidos o respaldados por nosotros y no deben considerarse como el editor de dichas opiniones o material. Tenga en cuenta que no somos responsables de las pr\u00e1cticas de privacidad ni del contenido de estos sitios. Animamos a nuestros usuarios a que, cuando salgan de nuestro sitio, est\u00e9n atentos y lean las declaraciones de privacidad de estos sitios. Usted debe evaluar la seguridad y fiabilidad de cualquier otro sitio conectado a este sitio o al que acceda a trav\u00e9s de este sitio, antes de revelarles cualquier informaci\u00f3n personal. Esta empresa no aceptar\u00e1 ninguna responsabilidad por cualquier p\u00e9rdida o da\u00f1o de cualquier tipo, sea cual sea su causa, resultante de la divulgaci\u00f3n de informaci\u00f3n personal a terceros.<\/p>\n<p><strong>Aviso de derechos de autor:\u00a0<\/strong>Existen derechos de autor y otros derechos de propiedad intelectual pertinentes sobre todo el texto relativo a los servicios de la Empresa y el contenido \u00edntegro de este sitio web.<\/p>\n<p><strong>Comunicaci\u00f3n:<\/strong>\u00a0Disponemos de varias direcciones de correo electr\u00f3nico para diferentes consultas. Estos y otros datos de contacto pueden consultarse en nuestro servicio de asistencia o en el enlace o la p\u00e1gina de contacto de nuestro sitio web, en la documentaci\u00f3n de la empresa o en los n\u00fameros de tel\u00e9fono indicados por la empresa.<\/p>\n<p><strong>Fuerza mayor:\u00a0<\/strong>Ninguna de las partes ser\u00e1 responsable ante la otra por el incumplimiento de cualquier obligaci\u00f3n contra\u00edda en virtud de cualquier Acuerdo que se deba a un acontecimiento fuera del control de dicha parte, incluidos, entre otros, cualquier caso fortuito, terrorismo, guerra, insurgencia pol\u00edtica, insurrecci\u00f3n, mot\u00edn, disturbios civiles, acto de autoridad civil o militar, sublevaci\u00f3n, terremoto, inundaci\u00f3n o cualquier otra eventualidad natural o provocada por el hombre fuera de nuestro control, que provoque la rescisi\u00f3n de un acuerdo o contrato celebrado, ni que pudiera haber sido razonablemente prevista. Cualquiera de las Partes afectadas por dicho acontecimiento informar\u00e1 inmediatamente a la otra Parte del mismo y har\u00e1 todos los esfuerzos razonables para cumplir con los t\u00e9rminos y condiciones de cualquier Acuerdo contenido en el presente documento.<\/p>\n<p><strong>Renuncia:\u00a0<\/strong>El hecho de que una de las Partes no insista en el estricto cumplimiento de cualquiera de las disposiciones del presente Acuerdo o de cualquiera de los Acuerdos, o el hecho de que una de las Partes no ejerza cualquier derecho o recurso que le corresponda en virtud del presente Acuerdo, no constituir\u00e1 una renuncia al mismo ni supondr\u00e1 una disminuci\u00f3n de las obligaciones derivadas del presente Acuerdo o de cualquiera de los Acuerdos. Ninguna renuncia a cualquiera de las disposiciones del presente o de cualquier Acuerdo ser\u00e1 efectiva a menos que se declare expresamente como tal y est\u00e9 firmada por ambas Partes.<\/p>\n<p><strong>Marketing:<\/strong>\u00a0Se tomar\u00e1n fotograf\u00edas en las sesiones para su uso en el sitio web de la AeA, las redes sociales, la prensa, los materiales de marketing de la AeA y otras publicaciones. Al participar en las sesiones, usted da su consentimiento para que AeA fotograf\u00ede y utilice su imagen y semejanza.<\/p>\n<p><strong>Asistencia obligatoria: <\/strong>La Unidad de Expatriados nos ha informado de que a partir de agosto de 2025 estamos obligados a proporcionar actualizaciones mensuales de asistencia para todos los nacionales de terceros pa\u00edses que est\u00e9n en posesi\u00f3n de un permiso de residencia por estudios. Recordamos a todos los estudiantes que la asistencia a las clases presenciales y en l\u00ednea es obligatoria.<\/p>\n<p>Se espera que los estudiantes asistan regularmente tanto a las clases en l\u00ednea como a las presenciales, ya que su asistencia se registrar\u00e1 en los informes mensuales solicitados por la Unidad de Expatriados para que \u00e9sta pueda hacer un seguimiento del porcentaje de asistencia de cada estudiante. La falta de asistencia a las clases puede acarrear consecuencias por parte de la Unidad Central de Visados.<\/p>\n<p><strong>Retraso en el pago de las tasas: <\/strong>Los estudiantes con pagos de tasas atrasados recibir\u00e1n una advertencia por escrito con un plazo de pago de siete (7) d\u00edas laborables. Si no se recibe el pago en este plazo, se suspender\u00e1 el acceso del estudiante a la plataforma eLearning. Toda solicitud de pr\u00f3rroga de los plazos de pago debida a circunstancias excepcionales ajenas a la voluntad del estudiante deber\u00e1 presentarse por escrito a admin@aea.academy.<\/p>\n<p>Dichas solicitudes deben incluir una explicaci\u00f3n clara de los motivos del impago y toda la documentaci\u00f3n de apoyo pertinente. Estas solicitudes ser\u00e1n revisadas caso por caso por el equipo administrativo, y cualquier pr\u00f3rroga aprobada se comunicar\u00e1 formalmente por escrito. En todos los casos, los estudiantes deber\u00e1n abonar la tasa correspondiente al m\u00f3dulo siguiente antes del comienzo del mismo. No se permitir\u00e1 a ning\u00fan estudiante asistir a un m\u00f3dulo sin haber abonado la tasa correspondiente.<\/p>\n<p><strong>Expulsi\u00f3n de los alumnos que no pagan: <\/strong>Todo estudiante que no abone el pago fraccionado 2 en el plazo de cuatro (4) semanas a partir de la fecha de suspensi\u00f3n ser\u00e1 expulsado del programa. El estudiante tendr\u00e1 derecho a recibir certificados y expedientes acad\u00e9micos de los m\u00f3dulos superados y pagados. Para un estudiante internacional en Malta con un visado de estudiante, la expulsi\u00f3n ser\u00e1 reportada a Identity Malta por Advenio eAcademy seg\u00fan las disposiciones reglamentarias. Tales informes generalmente conducen a una revocaci\u00f3n de la condici\u00f3n de visado. El estudiante es responsable de cualquier coste, tasa o consecuencia asociada a los problemas de visado derivados del impago.<\/p>\n<p>Los alumnos que no participen en alguna de las actividades de aprendizaje de un m\u00f3dulo no podr\u00e1n continuar el programa e incorporarse al m\u00f3dulo siguiente. Inicialmente, estos estudiantes recibir\u00e1n un aviso de suspensi\u00f3n. Si no responden con razones v\u00e1lidas en el plazo de 4 semanas, ser\u00e1n expulsados del programa. El procedimiento de suspensi\u00f3n tambi\u00e9n es aplicable cuando un alumno no asiste a las sesiones de forma continuada durante dos semanas sin previo aviso a Advenio eAcademy.<\/p>\n<p><strong>General:\u00a0<\/strong>Las leyes de MALTA rigen estos t\u00e9rminos y condiciones. Al acceder a este sitio web [y utilizar nuestros servicios\/comprar nuestros productos] usted acepta estos t\u00e9rminos y condiciones y la autoridad exclusiva de los tribunales malteses en todas las disputas que surjan de dicho acceso. Si alguno de estos t\u00e9rminos se considera inv\u00e1lido o inaplicable por cualquier motivo (incluyendo, pero no limitado a las exclusiones y limitaciones establecidas anteriormente), entonces la disposici\u00f3n inv\u00e1lida o inaplicable ser\u00e1 separada de estos t\u00e9rminos y los t\u00e9rminos restantes seguir\u00e1n siendo aplicables. El hecho de que la Empresa no haga cumplir cualquiera de las disposiciones establecidas en los presentes T\u00e9rminos y Condiciones y en cualquier Contrato, o el hecho de que no ejerza cualquier opci\u00f3n de resoluci\u00f3n, no se interpretar\u00e1 como una renuncia a dichas disposiciones y no afectar\u00e1 a la validez de los presentes T\u00e9rminos y Condiciones o de cualquier Contrato o parte del mismo, ni al derecho posterior a hacer cumplir todas y cada una de las disposiciones. Estos T\u00e9rminos y Condiciones no podr\u00e1n ser enmendados, modificados, variados o complementados excepto por escrito y firmados por representantes debidamente autorizados de la Empresa.<\/p>\n<p>T\u00e9rminos y condiciones actualizados por \u00faltima vez el 01\/10\/2025<\/p>\n\t\t\t\t\t\t\t\t<\/div>\n\t\t\t\t<\/div>\n\t\t\t\t\t<\/div>\n\t\t\t\t<\/div>\n\t\t\t\t<\/div>","protected":false},"excerpt":{"rendered":"<p>Advenio eAcademy (MFHEA N\u00famero de licencia: 2013-FHI-006) es operado por la sociedad de responsabilidad limitada AeA Ltd que est\u00e1 registrada en la Autoridad de Servicios Financieros de Malta con el n\u00famero de registro de empresa C-54887, y domicilio social en Blackley's Business Centre 222\/S31B, Triq id-Duluri, Pieta PTA 1420, MALTA. Al utilizar el sitio web de Advenio eAcademy se considera que los estudiantes han le\u00eddo [...]<\/p>","protected":false},"author":1,"featured_media":0,"parent":0,"menu_order":0,"comment_status":"closed","ping_status":"closed","template":"","meta":{"footnotes":""},"class_list":["post-49846","page","type-page","status-publish","hentry"],"yoast_head":"<!-- This site is optimized with the Yoast SEO plugin v27.4 - https:\/\/yoast.com\/product\/yoast-seo-wordpress\/ -->\n<title>Terms and Conditions | Advenio eAcademy<\/title>\n<meta name=\"description\" content=\"Review Advenio eAcademy\u2019s terms and conditions to understand our services and policies. Stay informed and navigate our platform with confidence.\" \/>\n<meta name=\"robots\" content=\"index, follow, max-snippet:-1, max-image-preview:large, max-video-preview:-1\" \/>\n<link rel=\"canonical\" href=\"https:\/\/aea.academy\/es\/terms-and-conditions\/\" \/>\n<meta property=\"og:locale\" content=\"es_ES\" \/>\n<meta property=\"og:type\" content=\"article\" \/>\n<meta property=\"og:title\" content=\"Terms and Conditions | Advenio eAcademy\" \/>\n<meta property=\"og:description\" content=\"Review Advenio eAcademy\u2019s terms and conditions to understand our services and policies. Stay informed and navigate our platform with confidence.\" \/>\n<meta property=\"og:url\" content=\"https:\/\/aea.academy\/es\/terms-and-conditions\/\" \/>\n<meta property=\"og:site_name\" content=\"Advenio eAcademy Malta\" \/>\n<meta property=\"article:publisher\" content=\"https:\/\/www.facebook.com\/people\/Advenio-eAcademy\/100064132746001\/\" \/>\n<meta property=\"article:modified_time\" content=\"2025-10-14T12:01:41+00:00\" \/>\n<meta property=\"og:image\" content=\"https:\/\/aea.academy\/wp-content\/uploads\/2024\/09\/20220906-Advenio-vector-with-text-2813x946.png\" \/>\n\t<meta property=\"og:image:width\" content=\"2816\" \/>\n\t<meta property=\"og:image:height\" content=\"947\" \/>\n\t<meta property=\"og:image:type\" content=\"image\/png\" \/>\n<meta name=\"twitter:card\" content=\"summary_large_image\" \/>\n<meta name=\"twitter:label1\" content=\"Tiempo de lectura\" \/>\n\t<meta name=\"twitter:data1\" content=\"10 minutos\" \/>\n<script type=\"application\/ld+json\" class=\"yoast-schema-graph\">{\"@context\":\"https:\\\/\\\/schema.org\",\"@graph\":[{\"@type\":\"WebPage\",\"@id\":\"https:\\\/\\\/aea.academy\\\/terms-and-conditions\\\/\",\"url\":\"https:\\\/\\\/aea.academy\\\/terms-and-conditions\\\/\",\"name\":\"Terms and Conditions | Advenio eAcademy\",\"isPartOf\":{\"@id\":\"https:\\\/\\\/aea.academy\\\/#website\"},\"datePublished\":\"2024-09-18T22:44:10+00:00\",\"dateModified\":\"2025-10-14T12:01:41+00:00\",\"description\":\"Review Advenio eAcademy\u2019s terms and conditions to understand our services and policies. Stay informed and navigate our platform with confidence.\",\"breadcrumb\":{\"@id\":\"https:\\\/\\\/aea.academy\\\/terms-and-conditions\\\/#breadcrumb\"},\"inLanguage\":\"es\",\"potentialAction\":[{\"@type\":\"ReadAction\",\"target\":[\"https:\\\/\\\/aea.academy\\\/terms-and-conditions\\\/\"]}]},{\"@type\":\"BreadcrumbList\",\"@id\":\"https:\\\/\\\/aea.academy\\\/terms-and-conditions\\\/#breadcrumb\",\"itemListElement\":[{\"@type\":\"ListItem\",\"position\":1,\"name\":\"Home\",\"item\":\"https:\\\/\\\/aea.academy\\\/\"},{\"@type\":\"ListItem\",\"position\":2,\"name\":\"Terms and Conditions\"}]},{\"@type\":\"WebSite\",\"@id\":\"https:\\\/\\\/aea.academy\\\/#website\",\"url\":\"https:\\\/\\\/aea.academy\\\/\",\"name\":\"AeA Academy\",\"description\":\"Advenio eAcademy Malta\",\"publisher\":{\"@id\":\"https:\\\/\\\/aea.academy\\\/#organization\"},\"potentialAction\":[{\"@type\":\"SearchAction\",\"target\":{\"@type\":\"EntryPoint\",\"urlTemplate\":\"https:\\\/\\\/aea.academy\\\/?s={search_term_string}\"},\"query-input\":{\"@type\":\"PropertyValueSpecification\",\"valueRequired\":true,\"valueName\":\"search_term_string\"}}],\"inLanguage\":\"es\"},{\"@type\":\"Organization\",\"@id\":\"https:\\\/\\\/aea.academy\\\/#organization\",\"name\":\"AeA Academy\",\"url\":\"https:\\\/\\\/aea.academy\\\/\",\"logo\":{\"@type\":\"ImageObject\",\"inLanguage\":\"es\",\"@id\":\"https:\\\/\\\/aea.academy\\\/#\\\/schema\\\/logo\\\/image\\\/\",\"url\":\"https:\\\/\\\/aea.academy\\\/wp-content\\\/uploads\\\/2024\\\/09\\\/20220906-Advenio-vector-with-text-2813x946.png\",\"contentUrl\":\"https:\\\/\\\/aea.academy\\\/wp-content\\\/uploads\\\/2024\\\/09\\\/20220906-Advenio-vector-with-text-2813x946.png\",\"width\":2816,\"height\":947,\"caption\":\"AeA Academy\"},\"image\":{\"@id\":\"https:\\\/\\\/aea.academy\\\/#\\\/schema\\\/logo\\\/image\\\/\"},\"sameAs\":[\"https:\\\/\\\/www.facebook.com\\\/people\\\/Advenio-eAcademy\\\/100064132746001\\\/\",\"https:\\\/\\\/www.instagram.com\\\/advenio_eacademy\\\/\",\"https:\\\/\\\/www.linkedin.com\\\/uas\\\/login?session_redirect=school10402143\",\"https:\\\/\\\/www.youtube.com\\\/@advenioeacademy5728\"]}]}<\/script>\n<!-- \/ Yoast SEO plugin. -->","yoast_head_json":{"title":"T\u00e9rminos y condiciones | Advenio eAcademy","description":"Revise los t\u00e9rminos y condiciones de Advenio eAcademy para comprender nuestros servicios y pol\u00edticas. Mantente informado y navega por nuestra plataforma con confianza.","robots":{"index":"index","follow":"follow","max-snippet":"max-snippet:-1","max-image-preview":"max-image-preview:large","max-video-preview":"max-video-preview:-1"},"canonical":"https:\/\/aea.academy\/es\/terms-and-conditions\/","og_locale":"es_ES","og_type":"article","og_title":"Terms and Conditions | Advenio eAcademy","og_description":"Review Advenio eAcademy\u2019s terms and conditions to understand our services and policies. Stay informed and navigate our platform with confidence.","og_url":"https:\/\/aea.academy\/es\/terms-and-conditions\/","og_site_name":"Advenio eAcademy Malta","article_publisher":"https:\/\/www.facebook.com\/people\/Advenio-eAcademy\/100064132746001\/","article_modified_time":"2025-10-14T12:01:41+00:00","og_image":[{"width":2816,"height":947,"url":"https:\/\/aea.academy\/wp-content\/uploads\/2024\/09\/20220906-Advenio-vector-with-text-2813x946.png","type":"image\/png"}],"twitter_card":"summary_large_image","twitter_misc":{"Tiempo de lectura":"10 minutos"},"schema":{"@context":"https:\/\/schema.org","@graph":[{"@type":"WebPage","@id":"https:\/\/aea.academy\/terms-and-conditions\/","url":"https:\/\/aea.academy\/terms-and-conditions\/","name":"T\u00e9rminos y condiciones | Advenio eAcademy","isPartOf":{"@id":"https:\/\/aea.academy\/#website"},"datePublished":"2024-09-18T22:44:10+00:00","dateModified":"2025-10-14T12:01:41+00:00","description":"Revise los t\u00e9rminos y condiciones de Advenio eAcademy para comprender nuestros servicios y pol\u00edticas. Mantente informado y navega por nuestra plataforma con confianza.","breadcrumb":{"@id":"https:\/\/aea.academy\/terms-and-conditions\/#breadcrumb"},"inLanguage":"es","potentialAction":[{"@type":"ReadAction","target":["https:\/\/aea.academy\/terms-and-conditions\/"]}]},{"@type":"BreadcrumbList","@id":"https:\/\/aea.academy\/terms-and-conditions\/#breadcrumb","itemListElement":[{"@type":"ListItem","position":1,"name":"Home","item":"https:\/\/aea.academy\/"},{"@type":"ListItem","position":2,"name":"Terms and Conditions"}]},{"@type":"WebSite","@id":"https:\/\/aea.academy\/#website","url":"https:\/\/aea.academy\/","name":"Academia AeA","description":"Advenio eAcademy Malta","publisher":{"@id":"https:\/\/aea.academy\/#organization"},"potentialAction":[{"@type":"SearchAction","target":{"@type":"EntryPoint","urlTemplate":"https:\/\/aea.academy\/?s={search_term_string}"},"query-input":{"@type":"PropertyValueSpecification","valueRequired":true,"valueName":"search_term_string"}}],"inLanguage":"es"},{"@type":"Organization","@id":"https:\/\/aea.academy\/#organization","name":"Academia AeA","url":"https:\/\/aea.academy\/","logo":{"@type":"ImageObject","inLanguage":"es","@id":"https:\/\/aea.academy\/#\/schema\/logo\/image\/","url":"https:\/\/aea.academy\/wp-content\/uploads\/2024\/09\/20220906-Advenio-vector-with-text-2813x946.png","contentUrl":"https:\/\/aea.academy\/wp-content\/uploads\/2024\/09\/20220906-Advenio-vector-with-text-2813x946.png","width":2816,"height":947,"caption":"AeA Academy"},"image":{"@id":"https:\/\/aea.academy\/#\/schema\/logo\/image\/"},"sameAs":["https:\/\/www.facebook.com\/people\/Advenio-eAcademy\/100064132746001\/","https:\/\/www.instagram.com\/advenio_eacademy\/","https:\/\/www.linkedin.com\/uas\/login?session_redirect=school10402143","https:\/\/www.youtube.com\/@advenioeacademy5728"]}]}},"_links":{"self":[{"href":"https:\/\/aea.academy\/es\/wp-json\/wp\/v2\/pages\/49846","targetHints":{"allow":["GET"]}}],"collection":[{"href":"https:\/\/aea.academy\/es\/wp-json\/wp\/v2\/pages"}],"about":[{"href":"https:\/\/aea.academy\/es\/wp-json\/wp\/v2\/types\/page"}],"author":[{"embeddable":true,"href":"https:\/\/aea.academy\/es\/wp-json\/wp\/v2\/users\/1"}],"replies":[{"embeddable":true,"href":"https:\/\/aea.academy\/es\/wp-json\/wp\/v2\/comments?post=49846"}],"version-history":[{"count":12,"href":"https:\/\/aea.academy\/es\/wp-json\/wp\/v2\/pages\/49846\/revisions"}],"predecessor-version":[{"id":56514,"href":"https:\/\/aea.academy\/es\/wp-json\/wp\/v2\/pages\/49846\/revisions\/56514"}],"wp:attachment":[{"href":"https:\/\/aea.academy\/es\/wp-json\/wp\/v2\/media?parent=49846"}],"curies":[{"name":"wp","href":"https:\/\/api.w.org\/{rel}","templated":true}]}}