{"id":49870,"date":"2024-09-18T23:01:49","date_gmt":"2024-09-18T23:01:49","guid":{"rendered":"https:\/\/aea.academy\/?page_id=49870"},"modified":"2024-10-07T19:31:34","modified_gmt":"2024-10-07T19:31:34","slug":"careers","status":"publish","type":"page","link":"https:\/\/aea.academy\/es\/careers\/","title":{"rendered":"Carreras profesionales"},"content":{"rendered":"<div data-elementor-type=\"wp-page\" data-elementor-id=\"49870\" class=\"elementor elementor-49870\" data-elementor-post-type=\"page\">\n\t\t\t\t<div class=\"elementor-element elementor-element-25e99af e-flex e-con-boxed e-con e-parent\" data-id=\"25e99af\" data-element_type=\"container\" data-e-type=\"container\">\n\t\t\t\t\t<div class=\"e-con-inner\">\n\t\t\t\t<div class=\"elementor-element elementor-element-abfe9cd elementor-widget elementor-widget-text-editor\" data-id=\"abfe9cd\" data-element_type=\"widget\" data-e-type=\"widget\" data-widget_type=\"text-editor.default\">\n\t\t\t\t<div class=\"elementor-widget-container\">\n\t\t\t\t\t\t\t\t\t<p>Nuestros programas acreditados en l\u00ednea se basan en la participaci\u00f3n de profesionales acad\u00e9micos cualificados con una valiosa experiencia sobre el terreno que pueden proporcionar a los participantes una orientaci\u00f3n tanto conceptual como pr\u00e1ctica. Nos enorgullecemos de la diversidad y la amplia gama de experiencias y conocimientos que el profesorado ofrece a los participantes.<\/p>\n<p>Acogemos con satisfacci\u00f3n la participaci\u00f3n de tutores internacionales ad hoc para dise\u00f1ar e impartir m\u00f3dulos de asignaturas concretas que a\u00f1adir\u00edan valor a nuestros programas.<\/p>\n<p>Las personas interesadas en participar en el Profesorado Adjunto deben enviar su curr\u00edculum v\u00edtae junto con un esbozo de los m\u00f3dulos tem\u00e1ticos del curso que estar\u00edan interesadas en impartir. Deber\u00e1n dirigirse a<\/p>\n<p>El Director Ejecutivo y enviado a\u00a0<a href=\"https:\/\/aea.academy\/es\/careers\/admin@aea.academy\/\">admin@aea.academy<\/a><\/p>\n\t\t\t\t\t\t\t\t<\/div>\n\t\t\t\t<\/div>\n\t\t\t\t\t<\/div>\n\t\t\t\t<\/div>\n\t\t\t\t<\/div>","protected":false},"excerpt":{"rendered":"<p>Nuestros programas acreditados en l\u00ednea se basan en la participaci\u00f3n de profesionales acad\u00e9micos cualificados con una valiosa experiencia sobre el terreno que pueden proporcionar a los participantes una orientaci\u00f3n tanto conceptual como pr\u00e1ctica. Nos enorgullecemos de la diversidad y la amplia gama de experiencias y conocimientos que el profesorado ofrece a los participantes. Acogemos con satisfacci\u00f3n la participaci\u00f3n de tutores internacionales en [...]<\/p>","protected":false},"author":1,"featured_media":50078,"parent":0,"menu_order":0,"comment_status":"closed","ping_status":"closed","template":"","meta":{"footnotes":""},"class_list":["post-49870","page","type-page","status-publish","has-post-thumbnail","hentry"],"yoast_head":"<!-- This site is optimized with the Yoast SEO plugin v27.4 - https:\/\/yoast.com\/product\/yoast-seo-wordpress\/ -->\n<title>Career Opportunities | Advenio eAcademy<\/title>\n<meta name=\"description\" content=\"Explore exciting career opportunities at Advenio eAcademy. Join our team and contribute to innovative higher education on a global scale.\" \/>\n<meta name=\"robots\" content=\"index, follow, max-snippet:-1, max-image-preview:large, max-video-preview:-1\" \/>\n<link rel=\"canonical\" href=\"https:\/\/aea.academy\/es\/careers\/\" \/>\n<meta property=\"og:locale\" content=\"es_ES\" \/>\n<meta property=\"og:type\" content=\"article\" \/>\n<meta property=\"og:title\" content=\"Career Opportunities | Advenio eAcademy\" \/>\n<meta property=\"og:description\" content=\"Explore exciting career opportunities at Advenio eAcademy. Join our team and contribute to innovative higher education on a global scale.\" \/>\n<meta property=\"og:url\" content=\"https:\/\/aea.academy\/es\/careers\/\" \/>\n<meta property=\"og:site_name\" content=\"Advenio eAcademy Malta\" \/>\n<meta property=\"article:publisher\" content=\"https:\/\/www.facebook.com\/people\/Advenio-eAcademy\/100064132746001\/\" \/>\n<meta property=\"article:modified_time\" content=\"2024-10-07T19:31:34+00:00\" \/>\n<meta property=\"og:image\" content=\"https:\/\/aea.academy\/wp-content\/uploads\/2024\/09\/20220906-Advenio-vector-with-text-2813x946.png\" \/>\n\t<meta property=\"og:image:width\" content=\"2816\" \/>\n\t<meta property=\"og:image:height\" content=\"947\" \/>\n\t<meta property=\"og:image:type\" content=\"image\/png\" \/>\n<meta name=\"twitter:card\" content=\"summary_large_image\" \/>\n<meta name=\"twitter:label1\" content=\"Tiempo de lectura\" \/>\n\t<meta name=\"twitter:data1\" content=\"1 minuto\" \/>\n<script type=\"application\/ld+json\" class=\"yoast-schema-graph\">{\"@context\":\"https:\\\/\\\/schema.org\",\"@graph\":[{\"@type\":\"WebPage\",\"@id\":\"https:\\\/\\\/aea.academy\\\/careers\\\/\",\"url\":\"https:\\\/\\\/aea.academy\\\/careers\\\/\",\"name\":\"Career Opportunities | Advenio eAcademy\",\"isPartOf\":{\"@id\":\"https:\\\/\\\/aea.academy\\\/#website\"},\"primaryImageOfPage\":{\"@id\":\"https:\\\/\\\/aea.academy\\\/careers\\\/#primaryimage\"},\"image\":{\"@id\":\"https:\\\/\\\/aea.academy\\\/careers\\\/#primaryimage\"},\"thumbnailUrl\":\"https:\\\/\\\/aea.academy\\\/wp-content\\\/uploads\\\/2024\\\/09\\\/20220906-Advenio-vector-with-text-2813x946.png\",\"datePublished\":\"2024-09-18T23:01:49+00:00\",\"dateModified\":\"2024-10-07T19:31:34+00:00\",\"description\":\"Explore exciting career opportunities at Advenio eAcademy. Join our team and contribute to innovative higher education on a global scale.\",\"breadcrumb\":{\"@id\":\"https:\\\/\\\/aea.academy\\\/careers\\\/#breadcrumb\"},\"inLanguage\":\"es\",\"potentialAction\":[{\"@type\":\"ReadAction\",\"target\":[\"https:\\\/\\\/aea.academy\\\/careers\\\/\"]}]},{\"@type\":\"ImageObject\",\"inLanguage\":\"es\",\"@id\":\"https:\\\/\\\/aea.academy\\\/careers\\\/#primaryimage\",\"url\":\"https:\\\/\\\/aea.academy\\\/wp-content\\\/uploads\\\/2024\\\/09\\\/20220906-Advenio-vector-with-text-2813x946.png\",\"contentUrl\":\"https:\\\/\\\/aea.academy\\\/wp-content\\\/uploads\\\/2024\\\/09\\\/20220906-Advenio-vector-with-text-2813x946.png\",\"width\":2816,\"height\":947,\"caption\":\"Logo Advenio eAcademy\"},{\"@type\":\"BreadcrumbList\",\"@id\":\"https:\\\/\\\/aea.academy\\\/careers\\\/#breadcrumb\",\"itemListElement\":[{\"@type\":\"ListItem\",\"position\":1,\"name\":\"Home\",\"item\":\"https:\\\/\\\/aea.academy\\\/\"},{\"@type\":\"ListItem\",\"position\":2,\"name\":\"Careers\"}]},{\"@type\":\"WebSite\",\"@id\":\"https:\\\/\\\/aea.academy\\\/#website\",\"url\":\"https:\\\/\\\/aea.academy\\\/\",\"name\":\"AeA Academy\",\"description\":\"Advenio eAcademy Malta\",\"publisher\":{\"@id\":\"https:\\\/\\\/aea.academy\\\/#organization\"},\"potentialAction\":[{\"@type\":\"SearchAction\",\"target\":{\"@type\":\"EntryPoint\",\"urlTemplate\":\"https:\\\/\\\/aea.academy\\\/?s={search_term_string}\"},\"query-input\":{\"@type\":\"PropertyValueSpecification\",\"valueRequired\":true,\"valueName\":\"search_term_string\"}}],\"inLanguage\":\"es\"},{\"@type\":\"Organization\",\"@id\":\"https:\\\/\\\/aea.academy\\\/#organization\",\"name\":\"AeA Academy\",\"url\":\"https:\\\/\\\/aea.academy\\\/\",\"logo\":{\"@type\":\"ImageObject\",\"inLanguage\":\"es\",\"@id\":\"https:\\\/\\\/aea.academy\\\/#\\\/schema\\\/logo\\\/image\\\/\",\"url\":\"https:\\\/\\\/aea.academy\\\/wp-content\\\/uploads\\\/2024\\\/09\\\/20220906-Advenio-vector-with-text-2813x946.png\",\"contentUrl\":\"https:\\\/\\\/aea.academy\\\/wp-content\\\/uploads\\\/2024\\\/09\\\/20220906-Advenio-vector-with-text-2813x946.png\",\"width\":2816,\"height\":947,\"caption\":\"AeA Academy\"},\"image\":{\"@id\":\"https:\\\/\\\/aea.academy\\\/#\\\/schema\\\/logo\\\/image\\\/\"},\"sameAs\":[\"https:\\\/\\\/www.facebook.com\\\/people\\\/Advenio-eAcademy\\\/100064132746001\\\/\",\"https:\\\/\\\/www.instagram.com\\\/advenio_eacademy\\\/\",\"https:\\\/\\\/www.linkedin.com\\\/uas\\\/login?session_redirect=school10402143\",\"https:\\\/\\\/www.youtube.com\\\/@advenioeacademy5728\"]}]}<\/script>\n<!-- \/ Yoast SEO plugin. -->","yoast_head_json":{"title":"Career Opportunities | Advenio eAcademy","description":"Explore exciting career opportunities at Advenio eAcademy. Join our team and contribute to innovative higher education on a global scale.","robots":{"index":"index","follow":"follow","max-snippet":"max-snippet:-1","max-image-preview":"max-image-preview:large","max-video-preview":"max-video-preview:-1"},"canonical":"https:\/\/aea.academy\/es\/careers\/","og_locale":"es_ES","og_type":"article","og_title":"Career Opportunities | Advenio eAcademy","og_description":"Explore exciting career opportunities at Advenio eAcademy. Join our team and contribute to innovative higher education on a global scale.","og_url":"https:\/\/aea.academy\/es\/careers\/","og_site_name":"Advenio eAcademy Malta","article_publisher":"https:\/\/www.facebook.com\/people\/Advenio-eAcademy\/100064132746001\/","article_modified_time":"2024-10-07T19:31:34+00:00","og_image":[{"width":2816,"height":947,"url":"https:\/\/aea.academy\/wp-content\/uploads\/2024\/09\/20220906-Advenio-vector-with-text-2813x946.png","type":"image\/png"}],"twitter_card":"summary_large_image","twitter_misc":{"Tiempo de lectura":"1 minuto"},"schema":{"@context":"https:\/\/schema.org","@graph":[{"@type":"WebPage","@id":"https:\/\/aea.academy\/careers\/","url":"https:\/\/aea.academy\/careers\/","name":"Career Opportunities | Advenio eAcademy","isPartOf":{"@id":"https:\/\/aea.academy\/#website"},"primaryImageOfPage":{"@id":"https:\/\/aea.academy\/careers\/#primaryimage"},"image":{"@id":"https:\/\/aea.academy\/careers\/#primaryimage"},"thumbnailUrl":"https:\/\/aea.academy\/wp-content\/uploads\/2024\/09\/20220906-Advenio-vector-with-text-2813x946.png","datePublished":"2024-09-18T23:01:49+00:00","dateModified":"2024-10-07T19:31:34+00:00","description":"Explore exciting career opportunities at Advenio eAcademy. Join our team and contribute to innovative higher education on a global scale.","breadcrumb":{"@id":"https:\/\/aea.academy\/careers\/#breadcrumb"},"inLanguage":"es","potentialAction":[{"@type":"ReadAction","target":["https:\/\/aea.academy\/careers\/"]}]},{"@type":"ImageObject","inLanguage":"es","@id":"https:\/\/aea.academy\/careers\/#primaryimage","url":"https:\/\/aea.academy\/wp-content\/uploads\/2024\/09\/20220906-Advenio-vector-with-text-2813x946.png","contentUrl":"https:\/\/aea.academy\/wp-content\/uploads\/2024\/09\/20220906-Advenio-vector-with-text-2813x946.png","width":2816,"height":947,"caption":"Logo Advenio eAcademy"},{"@type":"BreadcrumbList","@id":"https:\/\/aea.academy\/careers\/#breadcrumb","itemListElement":[{"@type":"ListItem","position":1,"name":"Home","item":"https:\/\/aea.academy\/"},{"@type":"ListItem","position":2,"name":"Careers"}]},{"@type":"WebSite","@id":"https:\/\/aea.academy\/#website","url":"https:\/\/aea.academy\/","name":"Academia AeA","description":"Advenio eAcademy Malta","publisher":{"@id":"https:\/\/aea.academy\/#organization"},"potentialAction":[{"@type":"SearchAction","target":{"@type":"EntryPoint","urlTemplate":"https:\/\/aea.academy\/?s={search_term_string}"},"query-input":{"@type":"PropertyValueSpecification","valueRequired":true,"valueName":"search_term_string"}}],"inLanguage":"es"},{"@type":"Organization","@id":"https:\/\/aea.academy\/#organization","name":"Academia AeA","url":"https:\/\/aea.academy\/","logo":{"@type":"ImageObject","inLanguage":"es","@id":"https:\/\/aea.academy\/#\/schema\/logo\/image\/","url":"https:\/\/aea.academy\/wp-content\/uploads\/2024\/09\/20220906-Advenio-vector-with-text-2813x946.png","contentUrl":"https:\/\/aea.academy\/wp-content\/uploads\/2024\/09\/20220906-Advenio-vector-with-text-2813x946.png","width":2816,"height":947,"caption":"AeA Academy"},"image":{"@id":"https:\/\/aea.academy\/#\/schema\/logo\/image\/"},"sameAs":["https:\/\/www.facebook.com\/people\/Advenio-eAcademy\/100064132746001\/","https:\/\/www.instagram.com\/advenio_eacademy\/","https:\/\/www.linkedin.com\/uas\/login?session_redirect=school10402143","https:\/\/www.youtube.com\/@advenioeacademy5728"]}]}},"_links":{"self":[{"href":"https:\/\/aea.academy\/es\/wp-json\/wp\/v2\/pages\/49870","targetHints":{"allow":["GET"]}}],"collection":[{"href":"https:\/\/aea.academy\/es\/wp-json\/wp\/v2\/pages"}],"about":[{"href":"https:\/\/aea.academy\/es\/wp-json\/wp\/v2\/types\/page"}],"author":[{"embeddable":true,"href":"https:\/\/aea.academy\/es\/wp-json\/wp\/v2\/users\/1"}],"replies":[{"embeddable":true,"href":"https:\/\/aea.academy\/es\/wp-json\/wp\/v2\/comments?post=49870"}],"version-history":[{"count":0,"href":"https:\/\/aea.academy\/es\/wp-json\/wp\/v2\/pages\/49870\/revisions"}],"wp:featuredmedia":[{"embeddable":true,"href":"https:\/\/aea.academy\/es\/wp-json\/wp\/v2\/media\/50078"}],"wp:attachment":[{"href":"https:\/\/aea.academy\/es\/wp-json\/wp\/v2\/media?parent=49870"}],"curies":[{"name":"wp","href":"https:\/\/api.w.org\/{rel}","templated":true}]}}