{"id":49874,"date":"2024-09-18T23:03:13","date_gmt":"2024-09-18T23:03:13","guid":{"rendered":"https:\/\/aea.academy\/?page_id=49874"},"modified":"2024-11-14T16:35:49","modified_gmt":"2024-11-14T16:35:49","slug":"csr-policy","status":"publish","type":"page","link":"https:\/\/aea.academy\/es\/csr-policy\/","title":{"rendered":"Pol\u00edtica de RSE"},"content":{"rendered":"<div data-elementor-type=\"wp-page\" data-elementor-id=\"49874\" class=\"elementor elementor-49874\" data-elementor-post-type=\"page\">\n\t\t\t\t<div class=\"elementor-element elementor-element-449294a e-flex e-con-boxed e-con e-parent\" data-id=\"449294a\" data-element_type=\"container\">\n\t\t\t\t\t<div class=\"e-con-inner\">\n\t\t\t\t<div class=\"elementor-element elementor-element-ddf34e6 elementor-widget elementor-widget-vc_custom_heading\" data-id=\"ddf34e6\" data-element_type=\"widget\" data-widget_type=\"vc_custom_heading.default\">\n\t\t\t\t<div class=\"elementor-widget-container\">\n\t\t\t\t\t<div class=\"vc_custom_heading  masterstudy_heading_font  text_align_left\" ><h2 style=\"text-align: left;font-weight:700\" class=\"masterstudy-custom-title\">Responsabilidad social de las empresas (RSE)\n<\/h2><\/div>\t\t\t\t<\/div>\n\t\t\t\t<\/div>\n\t\t\t\t<div class=\"elementor-element elementor-element-9ecde2c elementor-widget elementor-widget-text-editor\" data-id=\"9ecde2c\" data-element_type=\"widget\" data-widget_type=\"text-editor.default\">\n\t\t\t\t<div class=\"elementor-widget-container\">\n\t\t\t\t\t\t\t\t\t<h3><strong>Resumen de la pol\u00edtica y objetivo<\/strong><\/h3>\n<p>Nuestra pol\u00edtica de Responsabilidad Social Corporativa (RSC) se refiere a nuestra responsabilidad con el medio ambiente. La existencia de nuestra empresa forma parte de un sistema mayor de personas, valores, otras organizaciones y la naturaleza. La responsabilidad social de nuestra empresa es devolver al mundo lo que \u00e9l nos da.<\/p>\n<h3><strong>Elementos pol\u00edticos<\/strong><\/h3>\n<p>Nos comprometemos a operar como una empresa responsable que cumple las normas m\u00e1s estrictas de \u00e9tica y profesionalidad. La responsabilidad social de nuestra empresa se divide en dos categor\u00edas: cumplimiento y proactividad. El cumplimiento se refiere al compromiso de nuestra empresa con la legalidad y la voluntad de respetar los valores de la comunidad. La proactividad es toda iniciativa encaminada a promover los derechos humanos, ayudar a las comunidades y proteger nuestro entorno natural.<\/p>\n<h3><strong>Conformidad<\/strong><\/h3>\n<p><strong>Legalidad<\/strong><\/p>\n<p><strong>Nuestra empresa lo har\u00e1:<\/strong><\/p>\n<ul>\n<li>Respetar la ley y las normas y reglamentos establecidos por el NCFHE como autoridad que concede licencias a la organizaci\u00f3n.<\/li>\n<li>Respetar sus pol\u00edticas y pr\u00e1cticas internas de forma equitativa y coherente.<\/li>\n<li>Garantizar que todas sus operaciones comerciales sean leg\u00edtimas e impliquen las mejores pr\u00e1cticas.<\/li>\n<li>Mantener abiertas y transparentes todas las asociaciones y colaboraciones, garantizando el desarrollo y mantenimiento de relaciones comerciales beneficiosas para ambas partes a largo plazo como base del crecimiento y las operaciones internacionales de la empresa.<\/li>\n<\/ul>\n\t\t\t\t\t\t\t\t<\/div>\n\t\t\t\t<\/div>\n\t\t\t\t\t<\/div>\n\t\t\t\t<\/div>\n\t\t\t\t<\/div>","protected":false},"excerpt":{"rendered":"<p>Nuestra pol\u00edtica de Responsabilidad Social Corporativa (RSC) se refiere a nuestra responsabilidad con el medio ambiente. La existencia de nuestra empresa forma parte de un sistema mayor de personas, valores, otras organizaciones y la naturaleza. La responsabilidad social de nuestra empresa es devolver al mundo lo mismo que [...]<\/p>","protected":false},"author":1,"featured_media":0,"parent":0,"menu_order":0,"comment_status":"closed","ping_status":"closed","template":"","meta":{"footnotes":""},"class_list":["post-49874","page","type-page","status-publish","hentry"],"yoast_head":"<!-- This site is optimized with the Yoast SEO plugin v26.0 - https:\/\/yoast.com\/wordpress\/plugins\/seo\/ -->\n<title>Corporate Social Responsibility Policy | Advenio eAcademy<\/title>\n<meta name=\"description\" content=\"Explore Advenio eAcademy\u2019s commitment to corporate social responsibility. Learn about our initiatives aimed at contributing to community well-being and the environment.\" \/>\n<meta name=\"robots\" content=\"index, follow, max-snippet:-1, max-image-preview:large, max-video-preview:-1\" \/>\n<link rel=\"canonical\" href=\"https:\/\/aea.academy\/es\/csr-policy\/\" \/>\n<meta property=\"og:locale\" content=\"es_ES\" \/>\n<meta property=\"og:type\" content=\"article\" \/>\n<meta property=\"og:title\" content=\"Corporate Social Responsibility Policy | Advenio eAcademy\" \/>\n<meta property=\"og:description\" content=\"Explore Advenio eAcademy\u2019s commitment to corporate social responsibility. Learn about our initiatives aimed at contributing to community well-being and the environment.\" \/>\n<meta property=\"og:url\" content=\"https:\/\/aea.academy\/es\/csr-policy\/\" \/>\n<meta property=\"og:site_name\" content=\"Advenio eAcademy Malta\" \/>\n<meta property=\"article:publisher\" content=\"https:\/\/www.facebook.com\/people\/Advenio-eAcademy\/100064132746001\/\" \/>\n<meta property=\"article:modified_time\" content=\"2024-11-14T16:35:49+00:00\" \/>\n<meta property=\"og:image\" content=\"https:\/\/aea.academy\/wp-content\/uploads\/2024\/09\/20220906-Advenio-vector-with-text-2813x946.png\" \/>\n\t<meta property=\"og:image:width\" content=\"2816\" \/>\n\t<meta property=\"og:image:height\" content=\"947\" \/>\n\t<meta property=\"og:image:type\" content=\"image\/png\" \/>\n<meta name=\"twitter:card\" content=\"summary_large_image\" \/>\n<meta name=\"twitter:label1\" content=\"Tiempo de lectura\" \/>\n\t<meta name=\"twitter:data1\" content=\"1 minuto\" \/>\n<script type=\"application\/ld+json\" class=\"yoast-schema-graph\">{\"@context\":\"https:\/\/schema.org\",\"@graph\":[{\"@type\":\"WebPage\",\"@id\":\"https:\/\/aea.academy\/csr-policy\/\",\"url\":\"https:\/\/aea.academy\/csr-policy\/\",\"name\":\"Corporate Social Responsibility Policy | Advenio eAcademy\",\"isPartOf\":{\"@id\":\"https:\/\/aea.academy\/#website\"},\"datePublished\":\"2024-09-18T23:03:13+00:00\",\"dateModified\":\"2024-11-14T16:35:49+00:00\",\"description\":\"Explore Advenio eAcademy\u2019s commitment to corporate social responsibility. Learn about our initiatives aimed at contributing to community well-being and the environment.\",\"breadcrumb\":{\"@id\":\"https:\/\/aea.academy\/csr-policy\/#breadcrumb\"},\"inLanguage\":\"es\",\"potentialAction\":[{\"@type\":\"ReadAction\",\"target\":[\"https:\/\/aea.academy\/csr-policy\/\"]}]},{\"@type\":\"BreadcrumbList\",\"@id\":\"https:\/\/aea.academy\/csr-policy\/#breadcrumb\",\"itemListElement\":[{\"@type\":\"ListItem\",\"position\":1,\"name\":\"Home\",\"item\":\"https:\/\/aea.academy\/\"},{\"@type\":\"ListItem\",\"position\":2,\"name\":\"CSR Policy\"}]},{\"@type\":\"WebSite\",\"@id\":\"https:\/\/aea.academy\/#website\",\"url\":\"https:\/\/aea.academy\/\",\"name\":\"AeA Academy\",\"description\":\"Advenio eAcademy Malta\",\"publisher\":{\"@id\":\"https:\/\/aea.academy\/#organization\"},\"potentialAction\":[{\"@type\":\"SearchAction\",\"target\":{\"@type\":\"EntryPoint\",\"urlTemplate\":\"https:\/\/aea.academy\/?s={search_term_string}\"},\"query-input\":{\"@type\":\"PropertyValueSpecification\",\"valueRequired\":true,\"valueName\":\"search_term_string\"}}],\"inLanguage\":\"es\"},{\"@type\":\"Organization\",\"@id\":\"https:\/\/aea.academy\/#organization\",\"name\":\"AeA Academy\",\"url\":\"https:\/\/aea.academy\/\",\"logo\":{\"@type\":\"ImageObject\",\"inLanguage\":\"es\",\"@id\":\"https:\/\/aea.academy\/#\/schema\/logo\/image\/\",\"url\":\"https:\/\/aea.academy\/wp-content\/uploads\/2024\/09\/20220906-Advenio-vector-with-text-2813x946.png\",\"contentUrl\":\"https:\/\/aea.academy\/wp-content\/uploads\/2024\/09\/20220906-Advenio-vector-with-text-2813x946.png\",\"width\":2816,\"height\":947,\"caption\":\"AeA Academy\"},\"image\":{\"@id\":\"https:\/\/aea.academy\/#\/schema\/logo\/image\/\"},\"sameAs\":[\"https:\/\/www.facebook.com\/people\/Advenio-eAcademy\/100064132746001\/\",\"https:\/\/www.instagram.com\/advenio_eacademy\/\",\"https:\/\/www.linkedin.com\/uas\/login?session_redirect=school10402143\",\"https:\/\/www.youtube.com\/@advenioeacademy5728\"]}]}<\/script>\n<!-- \/ Yoast SEO plugin. -->","yoast_head_json":{"title":"Pol\u00edtica de Responsabilidad Social Corporativa | Advenio eAcademy","description":"Explore el compromiso de Advenio eAcademy con la responsabilidad social corporativa. Conozca nuestras iniciativas destinadas a contribuir al bienestar de la comunidad y al medio ambiente.","robots":{"index":"index","follow":"follow","max-snippet":"max-snippet:-1","max-image-preview":"max-image-preview:large","max-video-preview":"max-video-preview:-1"},"canonical":"https:\/\/aea.academy\/es\/csr-policy\/","og_locale":"es_ES","og_type":"article","og_title":"Corporate Social Responsibility Policy | Advenio eAcademy","og_description":"Explore Advenio eAcademy\u2019s commitment to corporate social responsibility. Learn about our initiatives aimed at contributing to community well-being and the environment.","og_url":"https:\/\/aea.academy\/es\/csr-policy\/","og_site_name":"Advenio eAcademy Malta","article_publisher":"https:\/\/www.facebook.com\/people\/Advenio-eAcademy\/100064132746001\/","article_modified_time":"2024-11-14T16:35:49+00:00","og_image":[{"width":2816,"height":947,"url":"https:\/\/aea.academy\/wp-content\/uploads\/2024\/09\/20220906-Advenio-vector-with-text-2813x946.png","type":"image\/png"}],"twitter_card":"summary_large_image","twitter_misc":{"Tiempo de lectura":"1 minuto"},"schema":{"@context":"https:\/\/schema.org","@graph":[{"@type":"WebPage","@id":"https:\/\/aea.academy\/csr-policy\/","url":"https:\/\/aea.academy\/csr-policy\/","name":"Pol\u00edtica de Responsabilidad Social Corporativa | Advenio eAcademy","isPartOf":{"@id":"https:\/\/aea.academy\/#website"},"datePublished":"2024-09-18T23:03:13+00:00","dateModified":"2024-11-14T16:35:49+00:00","description":"Explore el compromiso de Advenio eAcademy con la responsabilidad social corporativa. Conozca nuestras iniciativas destinadas a contribuir al bienestar de la comunidad y al medio ambiente.","breadcrumb":{"@id":"https:\/\/aea.academy\/csr-policy\/#breadcrumb"},"inLanguage":"es","potentialAction":[{"@type":"ReadAction","target":["https:\/\/aea.academy\/csr-policy\/"]}]},{"@type":"BreadcrumbList","@id":"https:\/\/aea.academy\/csr-policy\/#breadcrumb","itemListElement":[{"@type":"ListItem","position":1,"name":"Home","item":"https:\/\/aea.academy\/"},{"@type":"ListItem","position":2,"name":"CSR Policy"}]},{"@type":"WebSite","@id":"https:\/\/aea.academy\/#website","url":"https:\/\/aea.academy\/","name":"Academia AeA","description":"Advenio eAcademy Malta","publisher":{"@id":"https:\/\/aea.academy\/#organization"},"potentialAction":[{"@type":"SearchAction","target":{"@type":"EntryPoint","urlTemplate":"https:\/\/aea.academy\/?s={search_term_string}"},"query-input":{"@type":"PropertyValueSpecification","valueRequired":true,"valueName":"search_term_string"}}],"inLanguage":"es"},{"@type":"Organization","@id":"https:\/\/aea.academy\/#organization","name":"Academia AeA","url":"https:\/\/aea.academy\/","logo":{"@type":"ImageObject","inLanguage":"es","@id":"https:\/\/aea.academy\/#\/schema\/logo\/image\/","url":"https:\/\/aea.academy\/wp-content\/uploads\/2024\/09\/20220906-Advenio-vector-with-text-2813x946.png","contentUrl":"https:\/\/aea.academy\/wp-content\/uploads\/2024\/09\/20220906-Advenio-vector-with-text-2813x946.png","width":2816,"height":947,"caption":"AeA Academy"},"image":{"@id":"https:\/\/aea.academy\/#\/schema\/logo\/image\/"},"sameAs":["https:\/\/www.facebook.com\/people\/Advenio-eAcademy\/100064132746001\/","https:\/\/www.instagram.com\/advenio_eacademy\/","https:\/\/www.linkedin.com\/uas\/login?session_redirect=school10402143","https:\/\/www.youtube.com\/@advenioeacademy5728"]}]}},"_links":{"self":[{"href":"https:\/\/aea.academy\/es\/wp-json\/wp\/v2\/pages\/49874","targetHints":{"allow":["GET"]}}],"collection":[{"href":"https:\/\/aea.academy\/es\/wp-json\/wp\/v2\/pages"}],"about":[{"href":"https:\/\/aea.academy\/es\/wp-json\/wp\/v2\/types\/page"}],"author":[{"embeddable":true,"href":"https:\/\/aea.academy\/es\/wp-json\/wp\/v2\/users\/1"}],"replies":[{"embeddable":true,"href":"https:\/\/aea.academy\/es\/wp-json\/wp\/v2\/comments?post=49874"}],"version-history":[{"count":0,"href":"https:\/\/aea.academy\/es\/wp-json\/wp\/v2\/pages\/49874\/revisions"}],"wp:attachment":[{"href":"https:\/\/aea.academy\/es\/wp-json\/wp\/v2\/media?parent=49874"}],"curies":[{"name":"wp","href":"https:\/\/api.w.org\/{rel}","templated":true}]}}