{"id":49883,"date":"2024-09-18T23:07:24","date_gmt":"2024-09-18T23:07:24","guid":{"rendered":"https:\/\/aea.academy\/?page_id=49883"},"modified":"2024-10-07T20:18:55","modified_gmt":"2024-10-07T20:18:55","slug":"eqf-mqf-level-7","status":"publish","type":"page","link":"https:\/\/aea.academy\/es\/eqf-mqf-level-7\/","title":{"rendered":"EQF\/MQF Nivel 7"},"content":{"rendered":"<div data-elementor-type=\"wp-page\" data-elementor-id=\"49883\" class=\"elementor elementor-49883\" data-elementor-post-type=\"page\">\n\t\t\t\t<div class=\"elementor-element elementor-element-163d597 e-flex e-con-boxed e-con e-parent\" data-id=\"163d597\" data-element_type=\"container\" data-e-type=\"container\">\n\t\t\t\t\t<div class=\"e-con-inner\">\n\t\t\t\t<div class=\"elementor-element elementor-element-e5aa4b6 elementor-invisible elementor-widget elementor-widget-vc_custom_heading\" data-id=\"e5aa4b6\" data-element_type=\"widget\" data-e-type=\"widget\" data-settings=\"{&quot;_animation&quot;:&quot;fadeInUp&quot;}\" data-widget_type=\"vc_custom_heading.default\">\n\t\t\t\t<div class=\"elementor-widget-container\">\n\t\t\t\t\t<div class=\"vc_custom_heading  masterstudy_heading_font  text_align_left\" ><h2 style=\"text-align: left;font-weight:700\" class=\"masterstudy-custom-title\">Programas de M\u00e1ster\n<\/h2><\/div>\t\t\t\t<\/div>\n\t\t\t\t<\/div>\n\t\t\t\t<div class=\"elementor-element elementor-element-2adc7bb elementor-invisible elementor-widget elementor-widget-text-editor\" data-id=\"2adc7bb\" data-element_type=\"widget\" data-e-type=\"widget\" data-settings=\"{&quot;_animation&quot;:&quot;fadeIn&quot;}\" data-widget_type=\"text-editor.default\">\n\t\t\t\t<div class=\"elementor-widget-container\">\n\t\t\t\t\t\t\t\t\t<p>El M\u00e1ster EQF\/MQF Nivel 7 en Iniciativa Empresarial de Advenio eAcademy est\u00e1 dise\u00f1ado para personas que aspiran a liderar e innovar en el mundo de los negocios. Este programa acreditado por la UE combina conocimientos te\u00f3ricos avanzados con habilidades empresariales pr\u00e1cticas, equipando a los estudiantes para crear y hacer crecer empresas de \u00e9xito. Con un fuerte \u00e9nfasis en el pensamiento cr\u00edtico, la toma de decisiones estrat\u00e9gicas y la innovaci\u00f3n, el programa prepara a los graduados para sobresalir en entornos empresariales complejos y din\u00e1micos. El reconocimiento de esta titulaci\u00f3n por parte de la UE garantiza que los estudiantes est\u00e9n bien posicionados para desempe\u00f1ar funciones de liderazgo en diversos sectores, tanto en Europa como a escala internacional. Al completar este programa, los graduados poseer\u00e1n la experiencia y la confianza necesarias para impulsar el \u00e9xito empresarial en el mercado global actual, altamente competitivo.<\/p>\n\t\t\t\t\t\t\t\t<\/div>\n\t\t\t\t<\/div>\n\t\t\t\t\t<\/div>\n\t\t\t\t<\/div>\n\t\t<div class=\"elementor-element elementor-element-b3b87bd e-flex e-con-boxed elementor-invisible e-con e-parent\" data-id=\"b3b87bd\" data-element_type=\"container\" data-e-type=\"container\" data-settings=\"{&quot;animation&quot;:&quot;fadeIn&quot;}\">\n\t\t\t\t\t<div class=\"e-con-inner\">\n\t\t<div class=\"elementor-element elementor-element-fa0922e e-con-full e-flex e-con e-child\" data-id=\"fa0922e\" data-element_type=\"container\" data-e-type=\"container\" data-settings=\"{&quot;animation&quot;:&quot;none&quot;}\">\n\t\t<div class=\"elementor-element elementor-element-9593b69 e-grid e-con-full e-con e-child\" data-id=\"9593b69\" data-element_type=\"container\" data-e-type=\"container\" data-settings=\"{&quot;background_background&quot;:&quot;classic&quot;}\">\n\t\t\t\t<div class=\"elementor-element elementor-element-1c674a1 ekit-equal-height-disable elementor-widget elementor-widget-elementskit-image-box\" data-id=\"1c674a1\" data-element_type=\"widget\" data-e-type=\"widget\" data-widget_type=\"elementskit-image-box.default\">\n\t\t\t\t<div class=\"elementor-widget-container\">\n\t\t\t\t\t<div class=\"ekit-wid-con\" >\n            <div class=\"elementskit-info-image-box ekit-image-box text-center hover_from_right hover-border-bottom\" >\n\n                <a href=\"\/es\/masters-degree-in-entrepreneurship\/\">\n                <div class=\"elementskit-box-header image-box-img-center\">\n\n                    <img fetchpriority=\"high\" decoding=\"async\" width=\"1023\" height=\"682\" src=\"https:\/\/aea.academy\/wp-content\/uploads\/2024\/09\/Masters-Degree-in-Entrepreneurship-1023x682.jpg\" class=\"attachment-full size-full wp-image-50451\" alt=\"Master&#039;s Degree in Entrepreneurship\" srcset=\"https:\/\/aea.academy\/wp-content\/uploads\/2024\/09\/Masters-Degree-in-Entrepreneurship-1023x682.jpg 1023w, https:\/\/aea.academy\/wp-content\/uploads\/2024\/09\/Masters-Degree-in-Entrepreneurship-300x200.jpg 300w, https:\/\/aea.academy\/wp-content\/uploads\/2024\/09\/Masters-Degree-in-Entrepreneurship-768x512.jpg 768w, https:\/\/aea.academy\/wp-content\/uploads\/2024\/09\/Masters-Degree-in-Entrepreneurship-270x180.jpg 270w, https:\/\/aea.academy\/wp-content\/uploads\/2024\/09\/Masters-Degree-in-Entrepreneurship-600x400.jpg 600w, https:\/\/aea.academy\/wp-content\/uploads\/2024\/09\/Masters-Degree-in-Entrepreneurship.jpg 1024w\" sizes=\"(max-width: 1023px) 100vw, 1023px\" \/>\n                <\/div>\n                <\/a>\n                <div class=\"elementskit-box-body ekit-image-box-body\">\n                    <div class=\"elementskit-box-content ekit-image-box-body-inner\">\n                                                <h4 class=\"elementskit-info-box-title\">\n\n                        M\u00e1ster en Iniciativa Empresarial\n                        \n                    <\/h4>\n                                                            <div class=\"elementskit-box-style-content\">\n                        EQF\/MQF: Nivel 7                    <\/div>\n                                    <\/div>\n\n                                <div class=\"elementskit-box-footer\">\n                    <div class=\"box-footer\">\n                        <div class=\"btn-wraper\">\n                                                            <a href=\"\/es\/masters-degree-in-entrepreneurship\/\" class=\"elementskit-btn whitespace--normal\">\n                                    \n                                    \n                                    M\u00e1s informaci\u00f3n                                 <\/a>\n                                                        <\/div>\n                    <\/div>\n                <\/div>\n                            <\/div>\n            <\/div>\n    <\/div>\t\t\t\t<\/div>\n\t\t\t\t<\/div>\n\t\t\t\t<\/div>\n\t\t\t\t<\/div>\n\t\t\t\t\t<\/div>\n\t\t\t\t<\/div>\n\t\t\t\t<section class=\"elementor-section elementor-top-section elementor-element elementor-element-bd5988c elementor-section-content-middle elementor-section-stretched elementor-section-boxed elementor-section-height-default elementor-section-height-default\" data-id=\"bd5988c\" data-element_type=\"section\" data-e-type=\"section\" data-settings=\"{&quot;stretch_section&quot;:&quot;section-stretched&quot;,&quot;background_background&quot;:&quot;classic&quot;}\">\n\t\t\t\t\t\t<div class=\"elementor-container elementor-column-gap-no\">\n\t\t\t\t\t<div class=\"elementor-column elementor-col-100 elementor-top-column elementor-element elementor-element-d729cc3 elementor-invisible\" data-id=\"d729cc3\" data-element_type=\"column\" data-e-type=\"column\" data-settings=\"{&quot;animation&quot;:&quot;fadeInUp&quot;}\">\n\t\t\t<div class=\"elementor-widget-wrap elementor-element-populated\">\n\t\t\t\t\t\t<div class=\"elementor-element elementor-element-21e4309 elementor-widget elementor-widget-heading\" data-id=\"21e4309\" data-element_type=\"widget\" data-e-type=\"widget\" data-widget_type=\"heading.default\">\n\t\t\t\t<div class=\"elementor-widget-container\">\n\t\t\t\t\t<h2 class=\"elementor-heading-title elementor-size-default\">P\u00f3ngase en contacto con nosotros<\/h2>\t\t\t\t<\/div>\n\t\t\t\t<\/div>\n\t\t\t\t<div class=\"elementor-element elementor-element-d2d1da4 elementor-widget elementor-widget-text-editor\" data-id=\"d2d1da4\" data-element_type=\"widget\" data-e-type=\"widget\" data-widget_type=\"text-editor.default\">\n\t\t\t\t<div class=\"elementor-widget-container\">\n\t\t\t\t\t\t\t\t\t<p>Tanto si tienes preguntas sobre nuestros programas como si necesitas orientaci\u00f3n en tu viaje educativo, estamos aqu\u00ed para ayudarte. Ponte en contacto con nosotros hoy mismo para obtener m\u00e1s informaci\u00f3n sobre c\u00f3mo Advenio eAcademy puede ayudarte a conseguir tus objetivos.<\/p>\n<p><strong>Comienza tu camino hacia el \u00e9xito<\/strong><\/p>\n\t\t\t\t\t\t\t\t<\/div>\n\t\t\t\t<\/div>\n\t\t\t\t\t<\/div>\n\t\t<\/div>\n\t\t\t\t\t<\/div>\n\t\t<\/section>\n\t\t\t\t<section class=\"elementor-section elementor-top-section elementor-element elementor-element-dabdab0 elementor-section-boxed elementor-section-height-default elementor-section-height-default elementor-invisible\" data-id=\"dabdab0\" data-element_type=\"section\" data-e-type=\"section\" data-settings=\"{&quot;animation&quot;:&quot;fadeInUp&quot;}\">\n\t\t\t\t\t\t<div class=\"elementor-container elementor-column-gap-default\">\n\t\t\t\t\t<div class=\"elementor-column elementor-col-100 elementor-top-column elementor-element elementor-element-b33de7c custom-border\" data-id=\"b33de7c\" data-element_type=\"column\" data-e-type=\"column\" data-settings=\"{&quot;background_background&quot;:&quot;classic&quot;}\">\n\t\t\t<div class=\"elementor-widget-wrap elementor-element-populated\">\n\t\t\t\t\t\t<div class=\"elementor-element elementor-element-813439d elementor-widget elementor-widget-vc_custom_heading\" data-id=\"813439d\" data-element_type=\"widget\" data-e-type=\"widget\" data-widget_type=\"vc_custom_heading.default\">\n\t\t\t\t<div class=\"elementor-widget-container\">\n\t\t\t\t\t<div class=\"vc_custom_heading  masterstudy_heading_font  text_align_left\" ><h3 style=\"text-align: left;font-weight:600\" class=\"masterstudy-custom-title\">H\u00e1ganos llegar cualquier consulta\n<\/h3><\/div>\t\t\t\t<\/div>\n\t\t\t\t<\/div>\n\t\t\t\t<div class=\"elementor-element elementor-element-2ef3f23 elementor-widget elementor-widget-text-editor\" data-id=\"2ef3f23\" data-element_type=\"widget\" data-e-type=\"widget\" data-widget_type=\"text-editor.default\">\n\t\t\t\t<div class=\"elementor-widget-container\">\n\t\t\t\t\t\t\t\t\t<p>Rellene sus datos y su mensaje y nos pondremos en contacto con usted lo antes posible.<\/p>\n\t\t\t\t\t\t\t\t<\/div>\n\t\t\t\t<\/div>\n\t\t\t\t<div class=\"elementor-element elementor-element-efa3568 elementor-widget elementor-widget-stm_contact_form_7\" data-id=\"efa3568\" data-element_type=\"widget\" data-e-type=\"widget\" data-widget_type=\"stm_contact_form_7.default\">\n\t\t\t\t<div class=\"elementor-widget-container\">\n\t\t\t\t\t\n<div class=\"wpcf7 no-js\" id=\"wpcf7-f403-o1\" lang=\"en-US\" dir=\"ltr\" data-wpcf7-id=\"403\">\n<div class=\"screen-reader-response\"><p role=\"status\" aria-live=\"polite\" aria-atomic=\"true\"><\/p> <ul><\/ul><\/div>\n<form action=\"\/es\/wp-json\/wp\/v2\/pages\/49883#wpcf7-f403-o1\" method=\"post\" class=\"wpcf7-form init\" aria-label=\"Formulario de contacto\" novalidate=\"novalidate\" data-status=\"init\" data-trp-original-action=\"\/es\/wp-json\/wp\/v2\/pages\/49883#wpcf7-f403-o1\">\n<fieldset class=\"hidden-fields-container\"><input type=\"hidden\" name=\"_wpcf7\" value=\"403\" \/><input type=\"hidden\" name=\"_wpcf7_version\" value=\"6.1.1\" \/><input type=\"hidden\" name=\"_wpcf7_locale\" value=\"en_US\" \/><input type=\"hidden\" name=\"_wpcf7_unit_tag\" value=\"wpcf7-f403-o1\" \/><input type=\"hidden\" name=\"_wpcf7_container_post\" value=\"0\" \/><input type=\"hidden\" name=\"_wpcf7_posted_data_hash\" value=\"\" \/><input type=\"hidden\" name=\"_wpcf7_recaptcha_response\" value=\"\" \/>\n<\/fieldset>\n<div class=\"row\">\n\t<div class=\"col-xs-12 col-sm-6 col-md-6 col-lg-6\">\n\t\t<div class=\"form-group\">\n\t\t\t<p><span class=\"wpcf7-form-control-wrap\" data-name=\"name\"><input size=\"40\" maxlength=\"400\" class=\"wpcf7-form-control wpcf7-text wpcf7-validates-as-required form-control\" aria-required=\"true\" aria-invalid=\"false\" placeholder=\"Su nombre\" value=\"\" type=\"text\" name=\"name\" \/><\/span>\n\t\t\t<\/p>\n\t\t<\/div>\n\t<\/div>\n\t<div class=\"col-xs-12 col-sm-6 col-md-6 col-lg-6\">\n\t\t<div class=\"form-group\">\n\t\t\t<p><span class=\"wpcf7-form-control-wrap\" data-name=\"email\"><input size=\"40\" maxlength=\"400\" class=\"wpcf7-form-control wpcf7-email wpcf7-validates-as-required wpcf7-text wpcf7-validates-as-email form-control\" aria-required=\"true\" aria-invalid=\"false\" placeholder=\"Su correo electr\u00f3nico\" value=\"\" type=\"email\" name=\"email\" \/><\/span>\n\t\t\t<\/p>\n\t\t<\/div>\n\t<\/div>\n\t<div class=\"col-xs-12 col-sm-12 col-md-12 col-lg-12\">\n\t\t<div class=\"form-group\">\n\t\t\t<p><span class=\"wpcf7-form-control-wrap\" data-name=\"tel-958\"><input size=\"40\" maxlength=\"400\" class=\"wpcf7-form-control wpcf7-tel wpcf7-validates-as-required wpcf7-text wpcf7-validates-as-tel form-control\" aria-required=\"true\" aria-invalid=\"false\" placeholder=\"N\u00famero de tel\u00e9fono\" value=\"\" type=\"tel\" name=\"tel-958\" \/><\/span>\n\t\t\t<\/p>\n\t\t<\/div>\n\t<\/div>\n<\/div>\n<div class=\"row\">\n\t<div class=\"col-xs-12 col-sm-12 col-md-12 col-lg-12\">\n\t\t<div class=\"form-group\">\n\t\t\t<p><span class=\"wpcf7-form-control-wrap\" data-name=\"message\"><textarea cols=\"40\" rows=\"9\" maxlength=\"2000\" class=\"wpcf7-form-control wpcf7-textarea wpcf7-validates-as-required form-control\" aria-required=\"true\" aria-invalid=\"false\" name=\"message\"><\/textarea><\/span>\n\t\t\t<\/p>\n\t\t<\/div>\n\t<\/div>\n<\/div>\n<div class=\"row\">\n\t<div class=\"col-xs-12 col-sm-12 col-md-12 col-lg-12\">\n\t\t<p><input class=\"wpcf7-form-control wpcf7-submit has-spinner btn btn-default\" type=\"submit\" value=\"Enviar\" \/>\n\t\t<\/p>\n\t<\/div>\n<\/div><p style=\"display: none !important;\" class=\"akismet-fields-container\" data-prefix=\"_wpcf7_ak_\"><label>&#916;<textarea name=\"_wpcf7_ak_hp_textarea\" cols=\"45\" rows=\"8\" maxlength=\"100\"><\/textarea><\/label><input type=\"hidden\" id=\"ak_js_1\" name=\"_wpcf7_ak_js\" value=\"138\"\/><script>document.getElementById( \"ak_js_1\" ).setAttribute( \"value\", ( new Date() ).getTime() );<\/script><\/p><div class=\"wpcf7-response-output\" aria-hidden=\"true\"><\/div>\n<input type=\"hidden\" name=\"trp-form-language\" value=\"es\"\/><\/form>\n<\/div>\n\t\t\t\t<\/div>\n\t\t\t\t<\/div>\n\t\t\t\t\t<\/div>\n\t\t<\/div>\n\t\t\t\t\t<\/div>\n\t\t<\/section>\n\t\t\t\t<\/div>","protected":false},"excerpt":{"rendered":"<p>Programas de M\u00e1ster El M\u00e1ster EQF\/MQF Nivel 7 en Iniciativa Empresarial de Advenio eAcademy est\u00e1 dise\u00f1ado para personas que aspiran a liderar e innovar en el mundo de los negocios. Este programa acreditado por la UE combina conocimientos te\u00f3ricos avanzados con habilidades empresariales pr\u00e1cticas, equipando a los estudiantes para crear y hacer crecer empresas de \u00e9xito. Con un fuerte \u00e9nfasis en el pensamiento cr\u00edtico, la toma de decisiones estrat\u00e9gicas y [...]<\/p>","protected":false},"author":1,"featured_media":0,"parent":0,"menu_order":0,"comment_status":"closed","ping_status":"closed","template":"","meta":{"footnotes":""},"class_list":["post-49883","page","type-page","status-publish","hentry"],"yoast_head":"<!-- This site is optimized with the Yoast SEO plugin v27.4 - https:\/\/yoast.com\/product\/yoast-seo-wordpress\/ -->\n<title>EQF\/MQF Level 7 Master\u2019s Degree Programmes | Advenio eAcademy<\/title>\n<meta name=\"description\" content=\"Advenio eAcademy\u2019s EQF\/MQF Level 7 Master\u2019s Degree in Entrepreneurship equips you with innovative skills for business leadership. Excel in dynamic environments globally.\" \/>\n<meta name=\"robots\" content=\"index, follow, max-snippet:-1, max-image-preview:large, max-video-preview:-1\" \/>\n<link rel=\"canonical\" href=\"https:\/\/aea.academy\/es\/eqf-mqf-level-7\/\" \/>\n<meta property=\"og:locale\" content=\"es_ES\" \/>\n<meta property=\"og:type\" content=\"article\" \/>\n<meta property=\"og:title\" content=\"EQF\/MQF Level 7 Master\u2019s Degree Programmes | Advenio eAcademy\" \/>\n<meta property=\"og:description\" content=\"Advenio eAcademy\u2019s EQF\/MQF Level 7 Master\u2019s Degree in Entrepreneurship equips you with innovative skills for business leadership. Excel in dynamic environments globally.\" \/>\n<meta property=\"og:url\" content=\"https:\/\/aea.academy\/es\/eqf-mqf-level-7\/\" \/>\n<meta property=\"og:site_name\" content=\"Advenio eAcademy Malta\" \/>\n<meta property=\"article:publisher\" content=\"https:\/\/www.facebook.com\/people\/Advenio-eAcademy\/100064132746001\/\" \/>\n<meta property=\"article:modified_time\" content=\"2024-10-07T20:18:55+00:00\" \/>\n<meta property=\"og:image\" content=\"https:\/\/aea.academy\/wp-content\/uploads\/2024\/09\/Masters-Degree-in-Entrepreneurship.jpg\" \/>\n<meta name=\"twitter:card\" content=\"summary_large_image\" \/>\n<meta name=\"twitter:label1\" content=\"Tiempo de lectura\" \/>\n\t<meta name=\"twitter:data1\" content=\"2 minutos\" \/>\n<script type=\"application\/ld+json\" class=\"yoast-schema-graph\">{\"@context\":\"https:\\\/\\\/schema.org\",\"@graph\":[{\"@type\":\"WebPage\",\"@id\":\"https:\\\/\\\/aea.academy\\\/eqf-mqf-level-7\\\/\",\"url\":\"https:\\\/\\\/aea.academy\\\/eqf-mqf-level-7\\\/\",\"name\":\"EQF\\\/MQF Level 7 Master\u2019s Degree Programmes | Advenio eAcademy\",\"isPartOf\":{\"@id\":\"https:\\\/\\\/aea.academy\\\/#website\"},\"primaryImageOfPage\":{\"@id\":\"https:\\\/\\\/aea.academy\\\/eqf-mqf-level-7\\\/#primaryimage\"},\"image\":{\"@id\":\"https:\\\/\\\/aea.academy\\\/eqf-mqf-level-7\\\/#primaryimage\"},\"thumbnailUrl\":\"https:\\\/\\\/aea.academy\\\/wp-content\\\/uploads\\\/2024\\\/09\\\/Masters-Degree-in-Entrepreneurship.jpg\",\"datePublished\":\"2024-09-18T23:07:24+00:00\",\"dateModified\":\"2024-10-07T20:18:55+00:00\",\"description\":\"Advenio eAcademy\u2019s EQF\\\/MQF Level 7 Master\u2019s Degree in Entrepreneurship equips you with innovative skills for business leadership. Excel in dynamic environments globally.\",\"breadcrumb\":{\"@id\":\"https:\\\/\\\/aea.academy\\\/eqf-mqf-level-7\\\/#breadcrumb\"},\"inLanguage\":\"es\",\"potentialAction\":[{\"@type\":\"ReadAction\",\"target\":[\"https:\\\/\\\/aea.academy\\\/eqf-mqf-level-7\\\/\"]}]},{\"@type\":\"ImageObject\",\"inLanguage\":\"es\",\"@id\":\"https:\\\/\\\/aea.academy\\\/eqf-mqf-level-7\\\/#primaryimage\",\"url\":\"https:\\\/\\\/aea.academy\\\/wp-content\\\/uploads\\\/2024\\\/09\\\/Masters-Degree-in-Entrepreneurship.jpg\",\"contentUrl\":\"https:\\\/\\\/aea.academy\\\/wp-content\\\/uploads\\\/2024\\\/09\\\/Masters-Degree-in-Entrepreneurship.jpg\"},{\"@type\":\"BreadcrumbList\",\"@id\":\"https:\\\/\\\/aea.academy\\\/eqf-mqf-level-7\\\/#breadcrumb\",\"itemListElement\":[{\"@type\":\"ListItem\",\"position\":1,\"name\":\"Home\",\"item\":\"https:\\\/\\\/aea.academy\\\/\"},{\"@type\":\"ListItem\",\"position\":2,\"name\":\"EQF\\\/MQF Level 7\"}]},{\"@type\":\"WebSite\",\"@id\":\"https:\\\/\\\/aea.academy\\\/#website\",\"url\":\"https:\\\/\\\/aea.academy\\\/\",\"name\":\"AeA Academy\",\"description\":\"Advenio eAcademy Malta\",\"publisher\":{\"@id\":\"https:\\\/\\\/aea.academy\\\/#organization\"},\"potentialAction\":[{\"@type\":\"SearchAction\",\"target\":{\"@type\":\"EntryPoint\",\"urlTemplate\":\"https:\\\/\\\/aea.academy\\\/?s={search_term_string}\"},\"query-input\":{\"@type\":\"PropertyValueSpecification\",\"valueRequired\":true,\"valueName\":\"search_term_string\"}}],\"inLanguage\":\"es\"},{\"@type\":\"Organization\",\"@id\":\"https:\\\/\\\/aea.academy\\\/#organization\",\"name\":\"AeA Academy\",\"url\":\"https:\\\/\\\/aea.academy\\\/\",\"logo\":{\"@type\":\"ImageObject\",\"inLanguage\":\"es\",\"@id\":\"https:\\\/\\\/aea.academy\\\/#\\\/schema\\\/logo\\\/image\\\/\",\"url\":\"https:\\\/\\\/aea.academy\\\/wp-content\\\/uploads\\\/2024\\\/09\\\/20220906-Advenio-vector-with-text-2813x946.png\",\"contentUrl\":\"https:\\\/\\\/aea.academy\\\/wp-content\\\/uploads\\\/2024\\\/09\\\/20220906-Advenio-vector-with-text-2813x946.png\",\"width\":2816,\"height\":947,\"caption\":\"AeA Academy\"},\"image\":{\"@id\":\"https:\\\/\\\/aea.academy\\\/#\\\/schema\\\/logo\\\/image\\\/\"},\"sameAs\":[\"https:\\\/\\\/www.facebook.com\\\/people\\\/Advenio-eAcademy\\\/100064132746001\\\/\",\"https:\\\/\\\/www.instagram.com\\\/advenio_eacademy\\\/\",\"https:\\\/\\\/www.linkedin.com\\\/uas\\\/login?session_redirect=school10402143\",\"https:\\\/\\\/www.youtube.com\\\/@advenioeacademy5728\"]}]}<\/script>\n<!-- \/ Yoast SEO plugin. -->","yoast_head_json":{"title":"Programas de M\u00e1ster EQF\/MQF Nivel 7 | Advenio eAcademy","description":"El M\u00e1ster en Emprendimiento EQF\/MQF Nivel 7 de Advenio eAcademy te dota de habilidades innovadoras para el liderazgo empresarial. Destaca en entornos din\u00e1micos a nivel global.","robots":{"index":"index","follow":"follow","max-snippet":"max-snippet:-1","max-image-preview":"max-image-preview:large","max-video-preview":"max-video-preview:-1"},"canonical":"https:\/\/aea.academy\/es\/eqf-mqf-level-7\/","og_locale":"es_ES","og_type":"article","og_title":"EQF\/MQF Level 7 Master\u2019s Degree Programmes | Advenio eAcademy","og_description":"Advenio eAcademy\u2019s EQF\/MQF Level 7 Master\u2019s Degree in Entrepreneurship equips you with innovative skills for business leadership. Excel in dynamic environments globally.","og_url":"https:\/\/aea.academy\/es\/eqf-mqf-level-7\/","og_site_name":"Advenio eAcademy Malta","article_publisher":"https:\/\/www.facebook.com\/people\/Advenio-eAcademy\/100064132746001\/","article_modified_time":"2024-10-07T20:18:55+00:00","og_image":[{"url":"https:\/\/aea.academy\/wp-content\/uploads\/2024\/09\/Masters-Degree-in-Entrepreneurship.jpg","type":"","width":"","height":""}],"twitter_card":"summary_large_image","twitter_misc":{"Tiempo de lectura":"2 minutos"},"schema":{"@context":"https:\/\/schema.org","@graph":[{"@type":"WebPage","@id":"https:\/\/aea.academy\/eqf-mqf-level-7\/","url":"https:\/\/aea.academy\/eqf-mqf-level-7\/","name":"Programas de M\u00e1ster EQF\/MQF Nivel 7 | Advenio eAcademy","isPartOf":{"@id":"https:\/\/aea.academy\/#website"},"primaryImageOfPage":{"@id":"https:\/\/aea.academy\/eqf-mqf-level-7\/#primaryimage"},"image":{"@id":"https:\/\/aea.academy\/eqf-mqf-level-7\/#primaryimage"},"thumbnailUrl":"https:\/\/aea.academy\/wp-content\/uploads\/2024\/09\/Masters-Degree-in-Entrepreneurship.jpg","datePublished":"2024-09-18T23:07:24+00:00","dateModified":"2024-10-07T20:18:55+00:00","description":"El M\u00e1ster en Emprendimiento EQF\/MQF Nivel 7 de Advenio eAcademy te dota de habilidades innovadoras para el liderazgo empresarial. Destaca en entornos din\u00e1micos a nivel global.","breadcrumb":{"@id":"https:\/\/aea.academy\/eqf-mqf-level-7\/#breadcrumb"},"inLanguage":"es","potentialAction":[{"@type":"ReadAction","target":["https:\/\/aea.academy\/eqf-mqf-level-7\/"]}]},{"@type":"ImageObject","inLanguage":"es","@id":"https:\/\/aea.academy\/eqf-mqf-level-7\/#primaryimage","url":"https:\/\/aea.academy\/wp-content\/uploads\/2024\/09\/Masters-Degree-in-Entrepreneurship.jpg","contentUrl":"https:\/\/aea.academy\/wp-content\/uploads\/2024\/09\/Masters-Degree-in-Entrepreneurship.jpg"},{"@type":"BreadcrumbList","@id":"https:\/\/aea.academy\/eqf-mqf-level-7\/#breadcrumb","itemListElement":[{"@type":"ListItem","position":1,"name":"Home","item":"https:\/\/aea.academy\/"},{"@type":"ListItem","position":2,"name":"EQF\/MQF Level 7"}]},{"@type":"WebSite","@id":"https:\/\/aea.academy\/#website","url":"https:\/\/aea.academy\/","name":"Academia AeA","description":"Advenio eAcademy Malta","publisher":{"@id":"https:\/\/aea.academy\/#organization"},"potentialAction":[{"@type":"SearchAction","target":{"@type":"EntryPoint","urlTemplate":"https:\/\/aea.academy\/?s={search_term_string}"},"query-input":{"@type":"PropertyValueSpecification","valueRequired":true,"valueName":"search_term_string"}}],"inLanguage":"es"},{"@type":"Organization","@id":"https:\/\/aea.academy\/#organization","name":"Academia AeA","url":"https:\/\/aea.academy\/","logo":{"@type":"ImageObject","inLanguage":"es","@id":"https:\/\/aea.academy\/#\/schema\/logo\/image\/","url":"https:\/\/aea.academy\/wp-content\/uploads\/2024\/09\/20220906-Advenio-vector-with-text-2813x946.png","contentUrl":"https:\/\/aea.academy\/wp-content\/uploads\/2024\/09\/20220906-Advenio-vector-with-text-2813x946.png","width":2816,"height":947,"caption":"AeA Academy"},"image":{"@id":"https:\/\/aea.academy\/#\/schema\/logo\/image\/"},"sameAs":["https:\/\/www.facebook.com\/people\/Advenio-eAcademy\/100064132746001\/","https:\/\/www.instagram.com\/advenio_eacademy\/","https:\/\/www.linkedin.com\/uas\/login?session_redirect=school10402143","https:\/\/www.youtube.com\/@advenioeacademy5728"]}]}},"_links":{"self":[{"href":"https:\/\/aea.academy\/es\/wp-json\/wp\/v2\/pages\/49883","targetHints":{"allow":["GET"]}}],"collection":[{"href":"https:\/\/aea.academy\/es\/wp-json\/wp\/v2\/pages"}],"about":[{"href":"https:\/\/aea.academy\/es\/wp-json\/wp\/v2\/types\/page"}],"author":[{"embeddable":true,"href":"https:\/\/aea.academy\/es\/wp-json\/wp\/v2\/users\/1"}],"replies":[{"embeddable":true,"href":"https:\/\/aea.academy\/es\/wp-json\/wp\/v2\/comments?post=49883"}],"version-history":[{"count":0,"href":"https:\/\/aea.academy\/es\/wp-json\/wp\/v2\/pages\/49883\/revisions"}],"wp:attachment":[{"href":"https:\/\/aea.academy\/es\/wp-json\/wp\/v2\/media?parent=49883"}],"curies":[{"name":"wp","href":"https:\/\/api.w.org\/{rel}","templated":true}]}}