{"id":49885,"date":"2024-09-18T23:08:09","date_gmt":"2024-09-18T23:08:09","guid":{"rendered":"https:\/\/aea.academy\/?page_id=49885"},"modified":"2024-10-07T20:22:19","modified_gmt":"2024-10-07T20:22:19","slug":"erasmus","status":"publish","type":"page","link":"https:\/\/aea.academy\/es\/erasmus\/","title":{"rendered":"Erasmus +"},"content":{"rendered":"<div data-elementor-type=\"wp-page\" data-elementor-id=\"49885\" class=\"elementor elementor-49885\" data-elementor-post-type=\"page\">\n\t\t\t\t<div class=\"elementor-element elementor-element-d9d715f e-flex e-con-boxed e-con e-parent\" data-id=\"d9d715f\" data-element_type=\"container\" data-e-type=\"container\">\n\t\t\t\t\t<div class=\"e-con-inner\">\n\t\t\t\t<div class=\"elementor-element elementor-element-de756c4 elementor-widget elementor-widget-text-editor\" data-id=\"de756c4\" data-element_type=\"widget\" data-e-type=\"widget\" data-widget_type=\"text-editor.default\">\n\t\t\t\t<div class=\"elementor-widget-container\">\n\t\t\t\t\t\t\t\t\t<div class=\"et_pb_row et_pb_row_0\">\n<div class=\"et_pb_column et_pb_column_1_2 et_pb_column_0 et_pb_css_mix_blend_mode_passthrough\">\n<div class=\"et_pb_module et_pb_text et_pb_text_0 et_pb_text_align_left et_pb_bg_layout_light\">\n<div class=\"et_pb_text_inner\">\n<p>Erasmus+ ofrece oportunidades a personas de todas las edades, ayud\u00e1ndoles a desarrollar y compartir conocimientos y experiencias en instituciones y organizaciones de distintos pa\u00edses. Durante casi 30 a\u00f1os, la UE ha financiado el programa Erasmus, que ha permitido a m\u00e1s de tres millones de estudiantes europeos cursar parte de sus estudios en otra instituci\u00f3n de ense\u00f1anza superior o en una organizaci\u00f3n de Europa.<\/p>\n<p>Erasmus+ pone estas oportunidades al alcance de todos: estudiantes, personal, becarios, profesores, voluntarios y mucho m\u00e1s. Tampoco se trata solo de Europa o de los europeos: con Erasmus+, personas de todo el mundo pueden acceder a oportunidades.<\/p>\n<p>Erasmus+ es el programa de la UE de apoyo a la educaci\u00f3n, la formaci\u00f3n, la juventud y el deporte en Europa.\u00a0<\/p>\n<p>El programa 2021-2027 hace especial hincapi\u00e9 en la inclusi\u00f3n social, las transiciones ecol\u00f3gica y digital y el fomento de la participaci\u00f3n de los j\u00f3venes en la vida democr\u00e1tica.<\/p>\n<p>Apoya las prioridades y actividades establecidas en el Espacio Europeo de Educaci\u00f3n, el Plan de Acci\u00f3n de Educaci\u00f3n Digital y la Agenda Europea de Capacidades.<\/p>\n<\/div>\n<\/div>\n<\/div>\n<\/div>\n<div class=\"et_pb_row et_pb_row_1\">\n<div class=\"et_pb_column et_pb_column_4_4 et_pb_column_2 et_pb_css_mix_blend_mode_passthrough et-last-child\">\n<div class=\"et_pb_module et_pb_text et_pb_text_1 et_pb_text_align_left et_pb_bg_layout_light\">\n<div class=\"et_pb_text_inner\">\u00a0<\/div>\n<\/div>\n<\/div>\n<\/div>\n\t\t\t\t\t\t\t\t<\/div>\n\t\t\t\t<\/div>\n\t\t\t\t\t<\/div>\n\t\t\t\t<\/div>\n\t\t<div class=\"elementor-element elementor-element-3d965c0 e-grid e-con-boxed e-con e-parent\" data-id=\"3d965c0\" data-element_type=\"container\" data-e-type=\"container\">\n\t\t\t\t\t<div class=\"e-con-inner\">\n\t\t\t\t<div class=\"elementor-element elementor-element-d586fbd elementor-align-justify elementor-widget__width-inherit elementor-widget elementor-widget-button\" data-id=\"d586fbd\" data-element_type=\"widget\" data-e-type=\"widget\" data-widget_type=\"button.default\">\n\t\t\t\t<div class=\"elementor-widget-container\">\n\t\t\t\t\t\t\t\t\t<div class=\"elementor-button-wrapper icon_align_  button_block\">\n\t\t\t\t\t<a class=\"elementor-button elementor-button-link elementor-size-sm\" href=\"https:\/\/erasmusapp.eu\/\" target=\"_blank\">\n\t\t\t\t\t\t<span class=\"elementor-button-content-wrapper\">\n\t\t\t\t\t\t\t\t\t<span class=\"elementor-button-text\">Enlace Erasmus+ App<\/span>\n\t\t\t\t\t<\/span>\n\t\t\t\t\t<\/a>\n\t\t\t\t<\/div>\n\t\t\t\t\t\t\t\t<\/div>\n\t\t\t\t<\/div>\n\t\t\t\t<div class=\"elementor-element elementor-element-03cc443 elementor-align-justify elementor-widget__width-inherit elementor-widget elementor-widget-button\" data-id=\"03cc443\" data-element_type=\"widget\" data-e-type=\"widget\" data-widget_type=\"button.default\">\n\t\t\t\t<div class=\"elementor-widget-container\">\n\t\t\t\t\t\t\t\t\t<div class=\"elementor-button-wrapper icon_align_  button_block\">\n\t\t\t\t\t<a class=\"elementor-button elementor-button-link elementor-size-sm\" href=\"https:\/\/erasmus-plus.ec.europa.eu\/european-student-card-initiative\" target=\"_blank\">\n\t\t\t\t\t\t<span class=\"elementor-button-content-wrapper\">\n\t\t\t\t\t\t\t\t\t<span class=\"elementor-button-text\">Iniciativa de la Tarjeta de Estudiante Enlace<\/span>\n\t\t\t\t\t<\/span>\n\t\t\t\t\t<\/a>\n\t\t\t\t<\/div>\n\t\t\t\t\t\t\t\t<\/div>\n\t\t\t\t<\/div>\n\t\t\t\t<div class=\"elementor-element elementor-element-d04ede7 elementor-align-justify elementor-widget__width-inherit elementor-widget elementor-widget-button\" data-id=\"d04ede7\" data-element_type=\"widget\" data-e-type=\"widget\" data-widget_type=\"button.default\">\n\t\t\t\t<div class=\"elementor-widget-container\">\n\t\t\t\t\t\t\t\t\t<div class=\"elementor-button-wrapper icon_align_  button_block\">\n\t\t\t\t\t<a class=\"elementor-button elementor-button-link elementor-size-sm\" href=\"https:\/\/erasmus-plus.ec.europa.eu\/european-student-card-initiative\/ewp\" target=\"_blank\">\n\t\t\t\t\t\t<span class=\"elementor-button-content-wrapper\">\n\t\t\t\t\t\t\t\t\t<span class=\"elementor-button-text\">Iniciativa de la Tarjeta de Estudiante Enlace<\/span>\n\t\t\t\t\t<\/span>\n\t\t\t\t\t<\/a>\n\t\t\t\t<\/div>\n\t\t\t\t\t\t\t\t<\/div>\n\t\t\t\t<\/div>\n\t\t\t\t\t<\/div>\n\t\t\t\t<\/div>\n\t\t<div class=\"elementor-element elementor-element-ea89b83 e-flex e-con-boxed e-con e-parent\" data-id=\"ea89b83\" data-element_type=\"container\" data-e-type=\"container\">\n\t\t\t\t\t<div class=\"e-con-inner\">\n\t\t\t\t<div class=\"elementor-element elementor-element-d540631 elementor-widget elementor-widget-text-editor\" data-id=\"d540631\" data-element_type=\"widget\" data-e-type=\"widget\" data-widget_type=\"text-editor.default\">\n\t\t\t\t<div class=\"elementor-widget-container\">\n\t\t\t\t\t\t\t\t\t<div class=\"et_pb_row et_pb_row_0\">\n<div class=\"et_pb_column et_pb_column_1_2 et_pb_column_0 et_pb_css_mix_blend_mode_passthrough\">\n<div class=\"et_pb_module et_pb_text et_pb_text_0 et_pb_text_align_left et_pb_bg_layout_light\">\u00a0<\/div>\n<\/div>\n<\/div>\n<div class=\"et_pb_row et_pb_row_1\">\n<div class=\"et_pb_column et_pb_column_4_4 et_pb_column_2 et_pb_css_mix_blend_mode_passthrough et-last-child\">\n<div class=\"et_pb_module et_pb_text et_pb_text_1 et_pb_text_align_left et_pb_bg_layout_light\">\n<div class=\"et_pb_text_inner\">\n<p>Advenio eAcademy lanz\u00f3 sus programas en l\u00ednea acreditados en 2013 como parte de su visi\u00f3n para mejorar el aprendizaje a distancia a emprendedores y PYME de la UE a trav\u00e9s del elearning. Esta visi\u00f3n inclu\u00eda una perspectiva internacional muy abierta a la educaci\u00f3n online. Exig\u00eda la contrataci\u00f3n internacional del profesorado a trav\u00e9s de acuerdos de colaboraci\u00f3n con diversas universidades y acad\u00e9micos europeos, as\u00ed como la contrataci\u00f3n internacional de los estudiantes. En 2016, se reconoci\u00f3 la necesidad de formar parte de un marco m\u00e1s amplio de la UE y se present\u00f3 una solicitud de adhesi\u00f3n al Charter Erasmus+. En 2017, Advenio eAcademy se convirti\u00f3 en miembro del Charter y comenz\u00f3 a participar en los programas Erasmus+. Desde entonces, ha liderado cuatro proyectos Erasmus+ en los que han participado socios de Chipre, Grecia, Hungr\u00eda, Italia, Lituania, Eslovaquia, Turqu\u00eda y Ucrania.<\/p>\n<p>El \u00e9xito de la solicitud de financiaci\u00f3n de la UE permiti\u00f3 a Advenio eAcademy desarrollarse considerablemente. Desarroll\u00f3 su red internacional mediante acuerdos de colaboraci\u00f3n para proyectos Erasmus+ con destacadas universidades europeas y organizaciones pertinentes. Se benefici\u00f3 de la transferencia de conocimientos y buenas pr\u00e1cticas a trav\u00e9s de estos programas.<\/p>\n<p>Advenio eAcademy sigue apostando por la colaboraci\u00f3n internacional para el desarrollo continuo de sus programas y tiene previsto ampliar sus colaboraciones Erasmus+ en los pr\u00f3ximos a\u00f1os. La agencia nacional EUPA certifica el M\u00e1ster en Iniciativa Empresarial MHEI-ME de Advenio eAcademy como buena pr\u00e1ctica para 2020.<\/p>\n<\/div>\n<\/div>\n<\/div>\n<\/div>\n\t\t\t\t\t\t\t\t<\/div>\n\t\t\t\t<\/div>\n\t\t\t\t\t<\/div>\n\t\t\t\t<\/div>\n\t\t<div class=\"elementor-element elementor-element-84aeac4 e-flex e-con-boxed e-con e-parent\" data-id=\"84aeac4\" data-element_type=\"container\" data-e-type=\"container\">\n\t\t\t\t\t<div class=\"e-con-inner\">\n\t\t<div class=\"elementor-element elementor-element-c452676 e-con-full e-flex e-con e-child\" data-id=\"c452676\" data-element_type=\"container\" data-e-type=\"container\">\n\t\t\t\t<div class=\"elementor-element elementor-element-7b16ad1 elementor-widget elementor-widget-text-editor\" data-id=\"7b16ad1\" data-element_type=\"widget\" data-e-type=\"widget\" data-widget_type=\"text-editor.default\">\n\t\t\t\t<div class=\"elementor-widget-container\">\n\t\t\t\t\t\t\t\t\t<p>Para m\u00e1s informaci\u00f3n sobre Erasmus +, visite su sitio web<\/p>\n\t\t\t\t\t\t\t\t<\/div>\n\t\t\t\t<\/div>\n\t\t\t\t<\/div>\n\t\t<div class=\"elementor-element elementor-element-ec23ebb e-con-full e-flex e-con e-child\" data-id=\"ec23ebb\" data-element_type=\"container\" data-e-type=\"container\">\n\t\t\t\t<div class=\"elementor-element elementor-element-9873261 elementor-widget elementor-widget-image\" data-id=\"9873261\" data-element_type=\"widget\" data-e-type=\"widget\" data-widget_type=\"image.default\">\n\t\t\t\t<div class=\"elementor-widget-container\">\n\t\t\t\t\t\t\t\t\t\t\t\t\t\t\t\t<a href=\"http:\/\/ec.europa.eu\/programmes\/erasmus-plus\/node_en\" target=\"_blank\">\n\t\t\t\t\t\t\t<img fetchpriority=\"high\" decoding=\"async\" width=\"1020\" height=\"291\" src=\"https:\/\/aea.academy\/wp-content\/uploads\/2024\/09\/erasmus-1020x291.jpg\" class=\"attachment-large size-large wp-image-50566\" alt=\"erasmus\" srcset=\"https:\/\/aea.academy\/wp-content\/uploads\/2024\/09\/erasmus-1020x291.jpg 1020w, https:\/\/aea.academy\/wp-content\/uploads\/2024\/09\/erasmus-300x86.jpg 300w, https:\/\/aea.academy\/wp-content\/uploads\/2024\/09\/erasmus-768x219.jpg 768w, https:\/\/aea.academy\/wp-content\/uploads\/2024\/09\/erasmus-600x171.jpg 600w, https:\/\/aea.academy\/wp-content\/uploads\/2024\/09\/erasmus-e1728399285264-246x70.jpg 246w, https:\/\/aea.academy\/wp-content\/uploads\/2024\/09\/erasmus-e1728399285264.jpg 250w\" sizes=\"(max-width: 1020px) 100vw, 1020px\" \/>\t\t\t\t\t\t\t\t<\/a>\n\t\t\t\t\t\t\t\t\t\t\t\t\t\t\t<\/div>\n\t\t\t\t<\/div>\n\t\t\t\t<\/div>\n\t\t\t\t\t<\/div>\n\t\t\t\t<\/div>\n\t\t\t\t<\/div>","protected":false},"excerpt":{"rendered":"<p>Erasmus+ ofrece oportunidades a personas de todas las edades, ayud\u00e1ndoles a desarrollar y compartir conocimientos y experiencias en instituciones y organizaciones de distintos pa\u00edses. Durante casi 30 a\u00f1os, la UE ha financiado el programa Erasmus, que ha permitido a m\u00e1s de tres millones de estudiantes europeos pasar parte de sus estudios en otra instituci\u00f3n de ense\u00f1anza superior o con [...].<\/p>","protected":false},"author":1,"featured_media":0,"parent":0,"menu_order":0,"comment_status":"closed","ping_status":"closed","template":"","meta":{"footnotes":""},"class_list":["post-49885","page","type-page","status-publish","hentry"],"yoast_head":"<!-- This site is optimized with the Yoast SEO plugin v27.4 - https:\/\/yoast.com\/product\/yoast-seo-wordpress\/ -->\n<title>Erasmus+ Opportunities | Advenio eAcademy<\/title>\n<meta name=\"description\" content=\"Discover how Erasmus+ transforms global education. Explore opportunities for students and professionals at Advenio eAcademy and enhance your learning experience.\" \/>\n<meta name=\"robots\" content=\"index, follow, max-snippet:-1, max-image-preview:large, max-video-preview:-1\" \/>\n<link rel=\"canonical\" href=\"https:\/\/aea.academy\/es\/erasmus\/\" \/>\n<meta property=\"og:locale\" content=\"es_ES\" \/>\n<meta property=\"og:type\" content=\"article\" \/>\n<meta property=\"og:title\" content=\"Erasmus+ Opportunities | Advenio eAcademy\" \/>\n<meta property=\"og:description\" content=\"Discover how Erasmus+ transforms global education. Explore opportunities for students and professionals at Advenio eAcademy and enhance your learning experience.\" \/>\n<meta property=\"og:url\" content=\"https:\/\/aea.academy\/es\/erasmus\/\" \/>\n<meta property=\"og:site_name\" content=\"Advenio eAcademy Malta\" \/>\n<meta property=\"article:publisher\" content=\"https:\/\/www.facebook.com\/people\/Advenio-eAcademy\/100064132746001\/\" \/>\n<meta property=\"article:modified_time\" content=\"2024-10-07T20:22:19+00:00\" \/>\n<meta property=\"og:image\" content=\"https:\/\/aea.academy\/wp-content\/uploads\/2024\/09\/erasmus-1020x291.jpg\" \/>\n<meta name=\"twitter:card\" content=\"summary_large_image\" \/>\n<meta name=\"twitter:label1\" content=\"Tiempo de lectura\" \/>\n\t<meta name=\"twitter:data1\" content=\"2 minutos\" \/>\n<script type=\"application\/ld+json\" class=\"yoast-schema-graph\">{\"@context\":\"https:\\\/\\\/schema.org\",\"@graph\":[{\"@type\":\"WebPage\",\"@id\":\"https:\\\/\\\/aea.academy\\\/erasmus\\\/\",\"url\":\"https:\\\/\\\/aea.academy\\\/erasmus\\\/\",\"name\":\"Erasmus+ Opportunities | Advenio eAcademy\",\"isPartOf\":{\"@id\":\"https:\\\/\\\/aea.academy\\\/#website\"},\"primaryImageOfPage\":{\"@id\":\"https:\\\/\\\/aea.academy\\\/erasmus\\\/#primaryimage\"},\"image\":{\"@id\":\"https:\\\/\\\/aea.academy\\\/erasmus\\\/#primaryimage\"},\"thumbnailUrl\":\"https:\\\/\\\/aea.academy\\\/wp-content\\\/uploads\\\/2024\\\/09\\\/erasmus-1020x291.jpg\",\"datePublished\":\"2024-09-18T23:08:09+00:00\",\"dateModified\":\"2024-10-07T20:22:19+00:00\",\"description\":\"Discover how Erasmus+ transforms global education. Explore opportunities for students and professionals at Advenio eAcademy and enhance your learning experience.\",\"breadcrumb\":{\"@id\":\"https:\\\/\\\/aea.academy\\\/erasmus\\\/#breadcrumb\"},\"inLanguage\":\"es\",\"potentialAction\":[{\"@type\":\"ReadAction\",\"target\":[\"https:\\\/\\\/aea.academy\\\/erasmus\\\/\"]}]},{\"@type\":\"ImageObject\",\"inLanguage\":\"es\",\"@id\":\"https:\\\/\\\/aea.academy\\\/erasmus\\\/#primaryimage\",\"url\":\"https:\\\/\\\/aea.academy\\\/wp-content\\\/uploads\\\/2024\\\/09\\\/erasmus-1020x291.jpg\",\"contentUrl\":\"https:\\\/\\\/aea.academy\\\/wp-content\\\/uploads\\\/2024\\\/09\\\/erasmus-1020x291.jpg\"},{\"@type\":\"BreadcrumbList\",\"@id\":\"https:\\\/\\\/aea.academy\\\/erasmus\\\/#breadcrumb\",\"itemListElement\":[{\"@type\":\"ListItem\",\"position\":1,\"name\":\"Home\",\"item\":\"https:\\\/\\\/aea.academy\\\/\"},{\"@type\":\"ListItem\",\"position\":2,\"name\":\"Erasmus +\"}]},{\"@type\":\"WebSite\",\"@id\":\"https:\\\/\\\/aea.academy\\\/#website\",\"url\":\"https:\\\/\\\/aea.academy\\\/\",\"name\":\"AeA Academy\",\"description\":\"Advenio eAcademy Malta\",\"publisher\":{\"@id\":\"https:\\\/\\\/aea.academy\\\/#organization\"},\"potentialAction\":[{\"@type\":\"SearchAction\",\"target\":{\"@type\":\"EntryPoint\",\"urlTemplate\":\"https:\\\/\\\/aea.academy\\\/?s={search_term_string}\"},\"query-input\":{\"@type\":\"PropertyValueSpecification\",\"valueRequired\":true,\"valueName\":\"search_term_string\"}}],\"inLanguage\":\"es\"},{\"@type\":\"Organization\",\"@id\":\"https:\\\/\\\/aea.academy\\\/#organization\",\"name\":\"AeA Academy\",\"url\":\"https:\\\/\\\/aea.academy\\\/\",\"logo\":{\"@type\":\"ImageObject\",\"inLanguage\":\"es\",\"@id\":\"https:\\\/\\\/aea.academy\\\/#\\\/schema\\\/logo\\\/image\\\/\",\"url\":\"https:\\\/\\\/aea.academy\\\/wp-content\\\/uploads\\\/2024\\\/09\\\/20220906-Advenio-vector-with-text-2813x946.png\",\"contentUrl\":\"https:\\\/\\\/aea.academy\\\/wp-content\\\/uploads\\\/2024\\\/09\\\/20220906-Advenio-vector-with-text-2813x946.png\",\"width\":2816,\"height\":947,\"caption\":\"AeA Academy\"},\"image\":{\"@id\":\"https:\\\/\\\/aea.academy\\\/#\\\/schema\\\/logo\\\/image\\\/\"},\"sameAs\":[\"https:\\\/\\\/www.facebook.com\\\/people\\\/Advenio-eAcademy\\\/100064132746001\\\/\",\"https:\\\/\\\/www.instagram.com\\\/advenio_eacademy\\\/\",\"https:\\\/\\\/www.linkedin.com\\\/uas\\\/login?session_redirect=school10402143\",\"https:\\\/\\\/www.youtube.com\\\/@advenioeacademy5728\"]}]}<\/script>\n<!-- \/ Yoast SEO plugin. -->","yoast_head_json":{"title":"Erasmus+ Opportunities | Advenio eAcademy","description":"Discover how Erasmus+ transforms global education. Explore opportunities for students and professionals at Advenio eAcademy and enhance your learning experience.","robots":{"index":"index","follow":"follow","max-snippet":"max-snippet:-1","max-image-preview":"max-image-preview:large","max-video-preview":"max-video-preview:-1"},"canonical":"https:\/\/aea.academy\/es\/erasmus\/","og_locale":"es_ES","og_type":"article","og_title":"Erasmus+ Opportunities | Advenio eAcademy","og_description":"Discover how Erasmus+ transforms global education. Explore opportunities for students and professionals at Advenio eAcademy and enhance your learning experience.","og_url":"https:\/\/aea.academy\/es\/erasmus\/","og_site_name":"Advenio eAcademy Malta","article_publisher":"https:\/\/www.facebook.com\/people\/Advenio-eAcademy\/100064132746001\/","article_modified_time":"2024-10-07T20:22:19+00:00","og_image":[{"url":"https:\/\/aea.academy\/wp-content\/uploads\/2024\/09\/erasmus-1020x291.jpg","type":"","width":"","height":""}],"twitter_card":"summary_large_image","twitter_misc":{"Tiempo de lectura":"2 minutos"},"schema":{"@context":"https:\/\/schema.org","@graph":[{"@type":"WebPage","@id":"https:\/\/aea.academy\/erasmus\/","url":"https:\/\/aea.academy\/erasmus\/","name":"Erasmus+ Opportunities | Advenio eAcademy","isPartOf":{"@id":"https:\/\/aea.academy\/#website"},"primaryImageOfPage":{"@id":"https:\/\/aea.academy\/erasmus\/#primaryimage"},"image":{"@id":"https:\/\/aea.academy\/erasmus\/#primaryimage"},"thumbnailUrl":"https:\/\/aea.academy\/wp-content\/uploads\/2024\/09\/erasmus-1020x291.jpg","datePublished":"2024-09-18T23:08:09+00:00","dateModified":"2024-10-07T20:22:19+00:00","description":"Discover how Erasmus+ transforms global education. Explore opportunities for students and professionals at Advenio eAcademy and enhance your learning experience.","breadcrumb":{"@id":"https:\/\/aea.academy\/erasmus\/#breadcrumb"},"inLanguage":"es","potentialAction":[{"@type":"ReadAction","target":["https:\/\/aea.academy\/erasmus\/"]}]},{"@type":"ImageObject","inLanguage":"es","@id":"https:\/\/aea.academy\/erasmus\/#primaryimage","url":"https:\/\/aea.academy\/wp-content\/uploads\/2024\/09\/erasmus-1020x291.jpg","contentUrl":"https:\/\/aea.academy\/wp-content\/uploads\/2024\/09\/erasmus-1020x291.jpg"},{"@type":"BreadcrumbList","@id":"https:\/\/aea.academy\/erasmus\/#breadcrumb","itemListElement":[{"@type":"ListItem","position":1,"name":"Home","item":"https:\/\/aea.academy\/"},{"@type":"ListItem","position":2,"name":"Erasmus +"}]},{"@type":"WebSite","@id":"https:\/\/aea.academy\/#website","url":"https:\/\/aea.academy\/","name":"Academia AeA","description":"Advenio eAcademy Malta","publisher":{"@id":"https:\/\/aea.academy\/#organization"},"potentialAction":[{"@type":"SearchAction","target":{"@type":"EntryPoint","urlTemplate":"https:\/\/aea.academy\/?s={search_term_string}"},"query-input":{"@type":"PropertyValueSpecification","valueRequired":true,"valueName":"search_term_string"}}],"inLanguage":"es"},{"@type":"Organization","@id":"https:\/\/aea.academy\/#organization","name":"Academia AeA","url":"https:\/\/aea.academy\/","logo":{"@type":"ImageObject","inLanguage":"es","@id":"https:\/\/aea.academy\/#\/schema\/logo\/image\/","url":"https:\/\/aea.academy\/wp-content\/uploads\/2024\/09\/20220906-Advenio-vector-with-text-2813x946.png","contentUrl":"https:\/\/aea.academy\/wp-content\/uploads\/2024\/09\/20220906-Advenio-vector-with-text-2813x946.png","width":2816,"height":947,"caption":"AeA Academy"},"image":{"@id":"https:\/\/aea.academy\/#\/schema\/logo\/image\/"},"sameAs":["https:\/\/www.facebook.com\/people\/Advenio-eAcademy\/100064132746001\/","https:\/\/www.instagram.com\/advenio_eacademy\/","https:\/\/www.linkedin.com\/uas\/login?session_redirect=school10402143","https:\/\/www.youtube.com\/@advenioeacademy5728"]}]}},"_links":{"self":[{"href":"https:\/\/aea.academy\/es\/wp-json\/wp\/v2\/pages\/49885","targetHints":{"allow":["GET"]}}],"collection":[{"href":"https:\/\/aea.academy\/es\/wp-json\/wp\/v2\/pages"}],"about":[{"href":"https:\/\/aea.academy\/es\/wp-json\/wp\/v2\/types\/page"}],"author":[{"embeddable":true,"href":"https:\/\/aea.academy\/es\/wp-json\/wp\/v2\/users\/1"}],"replies":[{"embeddable":true,"href":"https:\/\/aea.academy\/es\/wp-json\/wp\/v2\/comments?post=49885"}],"version-history":[{"count":0,"href":"https:\/\/aea.academy\/es\/wp-json\/wp\/v2\/pages\/49885\/revisions"}],"wp:attachment":[{"href":"https:\/\/aea.academy\/es\/wp-json\/wp\/v2\/media?parent=49885"}],"curies":[{"name":"wp","href":"https:\/\/api.w.org\/{rel}","templated":true}]}}