{"id":49887,"date":"2024-09-18T23:08:34","date_gmt":"2024-09-18T23:08:34","guid":{"rendered":"https:\/\/aea.academy\/?page_id=49887"},"modified":"2026-03-11T10:02:34","modified_gmt":"2026-03-11T10:02:34","slug":"gender-equality-plan-gep","status":"publish","type":"page","link":"https:\/\/aea.academy\/es\/gender-equality-plan-gep\/","title":{"rendered":"Plan de Igualdad de G\u00e9nero"},"content":{"rendered":"<div data-elementor-type=\"wp-page\" data-elementor-id=\"49887\" class=\"elementor elementor-49887\" data-elementor-post-type=\"page\">\n\t\t\t\t<div class=\"elementor-element elementor-element-635067f e-flex e-con-boxed e-con e-parent\" data-id=\"635067f\" data-element_type=\"container\">\n\t\t\t\t\t<div class=\"e-con-inner\">\n\t\t\t\t<div class=\"elementor-element elementor-element-e49e475 elementor-widget elementor-widget-text-editor\" data-id=\"e49e475\" data-element_type=\"widget\" data-widget_type=\"text-editor.default\">\n\t\t\t\t<div class=\"elementor-widget-container\">\n\t\t\t\t\t\t\t\t\t<div dir=\"auto\">\n<p>En Advenio eAcademy creemos en el progreso, la igualdad, la independencia y la confianza. En todas las operaciones de la academia, nos esforzamos por garantizar la igualdad de derechos y estatus para mujeres, hombres y todas las personas cuyo g\u00e9nero est\u00e9 registrado como neutro. Esta pol\u00edtica se aplica a todos los estudiantes, empleados, miembros de la administraci\u00f3n y socios colaboradores.<\/p>\n<p>Los miembros del consejo acad\u00e9mico garantizan el seguimiento del Plan de Igualdad de G\u00e9nero y velan por que los estudiantes y los empleados reciban formaci\u00f3n en materia de igualdad de derechos. El consejo acad\u00e9mico tambi\u00e9n se ocupa de las pol\u00edticas de igualdad salarial y de los procesos de evaluaci\u00f3n interna.<\/p>\n<p>Tambi\u00e9n procuramos que todo el material promocional de la academia muestre tanto a mujeres como a hombres, con lo que contrarrestamos los estereotipos sobre los papeles de los g\u00e9neros en los programas.<\/p>\n<p>The Gender Equality Plan document can be viewed below:<\/p>\n<\/div>\n\t\t\t\t\t\t\t\t<\/div>\n\t\t\t\t<\/div>\n\t\t\t\t\t<\/div>\n\t\t\t\t<\/div>\n\t\t<div class=\"elementor-element elementor-element-ad30aac e-flex e-con-boxed e-con e-parent\" data-id=\"ad30aac\" data-element_type=\"container\">\n\t\t\t\t\t<div class=\"e-con-inner\">\n\t\t\t\t<div class=\"elementor-element elementor-element-b37f696 elementor-widget elementor-widget-shortcode\" data-id=\"b37f696\" data-element_type=\"widget\" data-widget_type=\"shortcode.default\">\n\t\t\t\t<div class=\"elementor-widget-container\">\n\t\t\t\t\t\t\t<div class=\"elementor-shortcode\"><div class=\"_df_book df-lite\" id=\"df_56812\"  _slug=\"gep\" data-title=\"gep\" wpoptions=\"true\" thumbtype=\"\" ><\/div><script class=\"df-shortcode-script\" nowprocket type=\"application\/javascript\">window.option_df_56812 = {\"outline\":[],\"autoEnableOutline\":\"false\",\"autoEnableThumbnail\":\"false\",\"overwritePDFOutline\":\"false\",\"enableDownload\":\"false\",\"direction\":\"1\",\"pageSize\":\"0\",\"soundEnable\":\"false\",\"source\":\"https:\\\/\\\/aea.academy\\\/wp-content\\\/uploads\\\/2026\\\/03\\\/20220422-Gender-Equality-Policy-GEP.pdf\",\"wpOptions\":\"true\"}; if(window.DFLIP && window.DFLIP.parseBooks){window.DFLIP.parseBooks();}<\/script><\/div>\n\t\t\t\t\t\t<\/div>\n\t\t\t\t<\/div>\n\t\t\t\t\t<\/div>\n\t\t\t\t<\/div>\n\t\t\t\t<\/div>","protected":false},"excerpt":{"rendered":"<p>En Advenio eAcademy creemos en el progreso, la igualdad, la independencia y la confianza. En todas las operaciones de la academia, nos esforzamos por garantizar la igualdad de derechos y estatus para mujeres, hombres y todas las personas cuyo g\u00e9nero est\u00e9 registrado como neutro. Esta pol\u00edtica se aplica a todos los estudiantes, empleados, miembros de la administraci\u00f3n y socios colaboradores. Los miembros del consejo acad\u00e9mico velan por [...]<\/p>","protected":false},"author":1,"featured_media":0,"parent":0,"menu_order":0,"comment_status":"closed","ping_status":"closed","template":"","meta":{"footnotes":""},"class_list":["post-49887","page","type-page","status-publish","hentry"],"yoast_head":"<!-- This site is optimized with the Yoast SEO plugin v26.0 - https:\/\/yoast.com\/wordpress\/plugins\/seo\/ -->\n<title>Gender Equality Plan (GEP) - Advenio eAcademy Malta<\/title>\n<meta name=\"robots\" content=\"index, follow, max-snippet:-1, max-image-preview:large, max-video-preview:-1\" \/>\n<link rel=\"canonical\" href=\"https:\/\/aea.academy\/es\/gender-equality-plan-gep\/\" \/>\n<meta property=\"og:locale\" content=\"es_ES\" \/>\n<meta property=\"og:type\" content=\"article\" \/>\n<meta property=\"og:title\" content=\"Gender Equality Plan (GEP) - Advenio eAcademy Malta\" \/>\n<meta property=\"og:description\" content=\"At Advenio eAcademy, we believe in progressiveness, equality, independence and trust. In all operations of the academy, we strive to ensure equal rights and status for women, men and all people whose gender is registered as neutral. This policy applies to all students, employees, administrative members and collaborating partners. The academic board members ensure to [&hellip;]\" \/>\n<meta property=\"og:url\" content=\"https:\/\/aea.academy\/es\/gender-equality-plan-gep\/\" \/>\n<meta property=\"og:site_name\" content=\"Advenio eAcademy Malta\" \/>\n<meta property=\"article:publisher\" content=\"https:\/\/www.facebook.com\/people\/Advenio-eAcademy\/100064132746001\/\" \/>\n<meta property=\"article:modified_time\" content=\"2026-03-11T10:02:34+00:00\" \/>\n<meta property=\"og:image\" content=\"https:\/\/aea.academy\/wp-content\/uploads\/2024\/09\/20220906-Advenio-vector-with-text-2813x946.png\" \/>\n\t<meta property=\"og:image:width\" content=\"2816\" \/>\n\t<meta property=\"og:image:height\" content=\"947\" \/>\n\t<meta property=\"og:image:type\" content=\"image\/png\" \/>\n<meta name=\"twitter:card\" content=\"summary_large_image\" \/>\n<meta name=\"twitter:label1\" content=\"Tiempo de lectura\" \/>\n\t<meta name=\"twitter:data1\" content=\"1 minuto\" \/>\n<script type=\"application\/ld+json\" class=\"yoast-schema-graph\">{\"@context\":\"https:\/\/schema.org\",\"@graph\":[{\"@type\":\"WebPage\",\"@id\":\"https:\/\/aea.academy\/gender-equality-plan-gep\/\",\"url\":\"https:\/\/aea.academy\/gender-equality-plan-gep\/\",\"name\":\"Gender Equality Plan (GEP) - Advenio eAcademy Malta\",\"isPartOf\":{\"@id\":\"https:\/\/aea.academy\/#website\"},\"datePublished\":\"2024-09-18T23:08:34+00:00\",\"dateModified\":\"2026-03-11T10:02:34+00:00\",\"breadcrumb\":{\"@id\":\"https:\/\/aea.academy\/gender-equality-plan-gep\/#breadcrumb\"},\"inLanguage\":\"es\",\"potentialAction\":[{\"@type\":\"ReadAction\",\"target\":[\"https:\/\/aea.academy\/gender-equality-plan-gep\/\"]}]},{\"@type\":\"BreadcrumbList\",\"@id\":\"https:\/\/aea.academy\/gender-equality-plan-gep\/#breadcrumb\",\"itemListElement\":[{\"@type\":\"ListItem\",\"position\":1,\"name\":\"Home\",\"item\":\"https:\/\/aea.academy\/\"},{\"@type\":\"ListItem\",\"position\":2,\"name\":\"Gender Equality Plan (GEP)\"}]},{\"@type\":\"WebSite\",\"@id\":\"https:\/\/aea.academy\/#website\",\"url\":\"https:\/\/aea.academy\/\",\"name\":\"AeA Academy\",\"description\":\"Advenio eAcademy Malta\",\"publisher\":{\"@id\":\"https:\/\/aea.academy\/#organization\"},\"potentialAction\":[{\"@type\":\"SearchAction\",\"target\":{\"@type\":\"EntryPoint\",\"urlTemplate\":\"https:\/\/aea.academy\/?s={search_term_string}\"},\"query-input\":{\"@type\":\"PropertyValueSpecification\",\"valueRequired\":true,\"valueName\":\"search_term_string\"}}],\"inLanguage\":\"es\"},{\"@type\":\"Organization\",\"@id\":\"https:\/\/aea.academy\/#organization\",\"name\":\"AeA Academy\",\"url\":\"https:\/\/aea.academy\/\",\"logo\":{\"@type\":\"ImageObject\",\"inLanguage\":\"es\",\"@id\":\"https:\/\/aea.academy\/#\/schema\/logo\/image\/\",\"url\":\"https:\/\/aea.academy\/wp-content\/uploads\/2024\/09\/20220906-Advenio-vector-with-text-2813x946.png\",\"contentUrl\":\"https:\/\/aea.academy\/wp-content\/uploads\/2024\/09\/20220906-Advenio-vector-with-text-2813x946.png\",\"width\":2816,\"height\":947,\"caption\":\"AeA Academy\"},\"image\":{\"@id\":\"https:\/\/aea.academy\/#\/schema\/logo\/image\/\"},\"sameAs\":[\"https:\/\/www.facebook.com\/people\/Advenio-eAcademy\/100064132746001\/\",\"https:\/\/www.instagram.com\/advenio_eacademy\/\",\"https:\/\/www.linkedin.com\/uas\/login?session_redirect=school10402143\",\"https:\/\/www.youtube.com\/@advenioeacademy5728\"]}]}<\/script>\n<!-- \/ Yoast SEO plugin. -->","yoast_head_json":{"title":"Gender Equality Plan (GEP) - Advenio eAcademy Malta","robots":{"index":"index","follow":"follow","max-snippet":"max-snippet:-1","max-image-preview":"max-image-preview:large","max-video-preview":"max-video-preview:-1"},"canonical":"https:\/\/aea.academy\/es\/gender-equality-plan-gep\/","og_locale":"es_ES","og_type":"article","og_title":"Gender Equality Plan (GEP) - Advenio eAcademy Malta","og_description":"At Advenio eAcademy, we believe in progressiveness, equality, independence and trust. In all operations of the academy, we strive to ensure equal rights and status for women, men and all people whose gender is registered as neutral. This policy applies to all students, employees, administrative members and collaborating partners. The academic board members ensure to [&hellip;]","og_url":"https:\/\/aea.academy\/es\/gender-equality-plan-gep\/","og_site_name":"Advenio eAcademy Malta","article_publisher":"https:\/\/www.facebook.com\/people\/Advenio-eAcademy\/100064132746001\/","article_modified_time":"2026-03-11T10:02:34+00:00","og_image":[{"width":2816,"height":947,"url":"https:\/\/aea.academy\/wp-content\/uploads\/2024\/09\/20220906-Advenio-vector-with-text-2813x946.png","type":"image\/png"}],"twitter_card":"summary_large_image","twitter_misc":{"Tiempo de lectura":"1 minuto"},"schema":{"@context":"https:\/\/schema.org","@graph":[{"@type":"WebPage","@id":"https:\/\/aea.academy\/gender-equality-plan-gep\/","url":"https:\/\/aea.academy\/gender-equality-plan-gep\/","name":"Gender Equality Plan (GEP) - Advenio eAcademy Malta","isPartOf":{"@id":"https:\/\/aea.academy\/#website"},"datePublished":"2024-09-18T23:08:34+00:00","dateModified":"2026-03-11T10:02:34+00:00","breadcrumb":{"@id":"https:\/\/aea.academy\/gender-equality-plan-gep\/#breadcrumb"},"inLanguage":"es","potentialAction":[{"@type":"ReadAction","target":["https:\/\/aea.academy\/gender-equality-plan-gep\/"]}]},{"@type":"BreadcrumbList","@id":"https:\/\/aea.academy\/gender-equality-plan-gep\/#breadcrumb","itemListElement":[{"@type":"ListItem","position":1,"name":"Home","item":"https:\/\/aea.academy\/"},{"@type":"ListItem","position":2,"name":"Gender Equality Plan (GEP)"}]},{"@type":"WebSite","@id":"https:\/\/aea.academy\/#website","url":"https:\/\/aea.academy\/","name":"Academia AeA","description":"Advenio eAcademy Malta","publisher":{"@id":"https:\/\/aea.academy\/#organization"},"potentialAction":[{"@type":"SearchAction","target":{"@type":"EntryPoint","urlTemplate":"https:\/\/aea.academy\/?s={search_term_string}"},"query-input":{"@type":"PropertyValueSpecification","valueRequired":true,"valueName":"search_term_string"}}],"inLanguage":"es"},{"@type":"Organization","@id":"https:\/\/aea.academy\/#organization","name":"Academia AeA","url":"https:\/\/aea.academy\/","logo":{"@type":"ImageObject","inLanguage":"es","@id":"https:\/\/aea.academy\/#\/schema\/logo\/image\/","url":"https:\/\/aea.academy\/wp-content\/uploads\/2024\/09\/20220906-Advenio-vector-with-text-2813x946.png","contentUrl":"https:\/\/aea.academy\/wp-content\/uploads\/2024\/09\/20220906-Advenio-vector-with-text-2813x946.png","width":2816,"height":947,"caption":"AeA Academy"},"image":{"@id":"https:\/\/aea.academy\/#\/schema\/logo\/image\/"},"sameAs":["https:\/\/www.facebook.com\/people\/Advenio-eAcademy\/100064132746001\/","https:\/\/www.instagram.com\/advenio_eacademy\/","https:\/\/www.linkedin.com\/uas\/login?session_redirect=school10402143","https:\/\/www.youtube.com\/@advenioeacademy5728"]}]}},"_links":{"self":[{"href":"https:\/\/aea.academy\/es\/wp-json\/wp\/v2\/pages\/49887","targetHints":{"allow":["GET"]}}],"collection":[{"href":"https:\/\/aea.academy\/es\/wp-json\/wp\/v2\/pages"}],"about":[{"href":"https:\/\/aea.academy\/es\/wp-json\/wp\/v2\/types\/page"}],"author":[{"embeddable":true,"href":"https:\/\/aea.academy\/es\/wp-json\/wp\/v2\/users\/1"}],"replies":[{"embeddable":true,"href":"https:\/\/aea.academy\/es\/wp-json\/wp\/v2\/comments?post=49887"}],"version-history":[{"count":12,"href":"https:\/\/aea.academy\/es\/wp-json\/wp\/v2\/pages\/49887\/revisions"}],"predecessor-version":[{"id":56817,"href":"https:\/\/aea.academy\/es\/wp-json\/wp\/v2\/pages\/49887\/revisions\/56817"}],"wp:attachment":[{"href":"https:\/\/aea.academy\/es\/wp-json\/wp\/v2\/media?parent=49887"}],"curies":[{"name":"wp","href":"https:\/\/api.w.org\/{rel}","templated":true}]}}