{"id":49889,"date":"2024-09-18T23:11:42","date_gmt":"2024-09-18T23:11:42","guid":{"rendered":"https:\/\/aea.academy\/?page_id=49889"},"modified":"2024-10-18T15:37:05","modified_gmt":"2024-10-18T15:37:05","slug":"projects","status":"publish","type":"page","link":"https:\/\/aea.academy\/es\/projects\/","title":{"rendered":"Proyectos"},"content":{"rendered":"<div data-elementor-type=\"wp-page\" data-elementor-id=\"49889\" class=\"elementor elementor-49889\" data-elementor-post-type=\"page\">\n\t\t\t\t<div class=\"elementor-element elementor-element-4340318a e-flex e-con-boxed elementor-invisible e-con e-parent\" data-id=\"4340318a\" data-element_type=\"container\" data-settings=\"{&quot;animation&quot;:&quot;fadeIn&quot;}\">\n\t\t\t\t\t<div class=\"e-con-inner\">\n\t\t<div class=\"elementor-element elementor-element-7843beef e-con-full e-flex e-con e-child\" data-id=\"7843beef\" data-element_type=\"container\">\n\t\t\t\t<div class=\"elementor-element elementor-element-21fdfea9 ekit-equal-height-disable elementor-widget elementor-widget-elementskit-image-box\" data-id=\"21fdfea9\" data-element_type=\"widget\" data-widget_type=\"elementskit-image-box.default\">\n\t\t\t\t<div class=\"elementor-widget-container\">\n\t\t\t\t\t<div class=\"ekit-wid-con\" >\n            <div class=\"elementskit-info-image-box ekit-image-box text-center style-modern\" >\n\n                \n                <div class=\"elementskit-box-header image-box-img-center\">\n\n                    <img decoding=\"async\" width=\"123\" height=\"129\" src=\"https:\/\/aea.academy\/wp-content\/uploads\/2024\/09\/Amif.jpg\" class=\"attachment-thumbnail size-thumbnail wp-image-50182\" alt=\"\" \/>\n                <\/div>\n                \n                <div class=\"elementskit-box-body ekit-image-box-body\">\n                    <div class=\"elementskit-box-content ekit-image-box-body-inner\">\n                                                <h3 class=\"elementskit-info-box-title\">\n\n                        Proyecto AMIF\n                        \n                    <\/h3>\n                                                        <\/div>\n\n                                <div class=\"elementskit-box-footer\">\n                    <div class=\"box-footer\">\n                        <div class=\"btn-wraper\">\n                                                            <a href=\"\/es\/amif-project\/\" class=\"elementskit-btn whitespace--normal\">\n                                    \n                                    \n                                    M\u00e1s informaci\u00f3n                                 <\/a>\n                                                        <\/div>\n                    <\/div>\n                <\/div>\n                            <\/div>\n            <\/div>\n    <\/div>\t\t\t\t<\/div>\n\t\t\t\t<\/div>\n\t\t\t\t<\/div>\n\t\t<div class=\"elementor-element elementor-element-591c9dcc e-con-full e-flex e-con e-child\" data-id=\"591c9dcc\" data-element_type=\"container\">\n\t\t\t\t<div class=\"elementor-element elementor-element-6943ebbb ekit-equal-height-disable elementor-widget elementor-widget-elementskit-image-box\" data-id=\"6943ebbb\" data-element_type=\"widget\" data-widget_type=\"elementskit-image-box.default\">\n\t\t\t\t<div class=\"elementor-widget-container\">\n\t\t\t\t\t<div class=\"ekit-wid-con\" >\n            <div class=\"elementskit-info-image-box ekit-image-box text-center style-modern\" >\n\n                \n                <div class=\"elementskit-box-header image-box-img-center\">\n\n                    <img decoding=\"async\" width=\"150\" height=\"150\" src=\"https:\/\/aea.academy\/wp-content\/uploads\/2024\/09\/rec1-1355-450x0-1-150x150-1.png\" class=\"attachment-thumbnail size-thumbnail wp-image-50183\" alt=\"REC Project\" srcset=\"https:\/\/aea.academy\/wp-content\/uploads\/2024\/09\/rec1-1355-450x0-1-150x150-1.png 150w, https:\/\/aea.academy\/wp-content\/uploads\/2024\/09\/rec1-1355-450x0-1-150x150-1-75x75.png 75w, https:\/\/aea.academy\/wp-content\/uploads\/2024\/09\/rec1-1355-450x0-1-150x150-1-129x129.png 129w, https:\/\/aea.academy\/wp-content\/uploads\/2024\/09\/rec1-1355-450x0-1-150x150-1-69x69.png 69w, https:\/\/aea.academy\/wp-content\/uploads\/2024\/09\/rec1-1355-450x0-1-150x150-1-100x100.png 100w\" sizes=\"(max-width: 150px) 100vw, 150px\" \/>\n                <\/div>\n                \n                <div class=\"elementskit-box-body ekit-image-box-body\">\n                    <div class=\"elementskit-box-content ekit-image-box-body-inner\">\n                                                <h3 class=\"elementskit-info-box-title\">\n\n                        Proyecto REC\n                        \n                    <\/h3>\n                                                        <\/div>\n\n                                <div class=\"elementskit-box-footer\">\n                    <div class=\"box-footer\">\n                        <div class=\"btn-wraper\">\n                                                            <a href=\"\/es\/rec-project\/\" class=\"elementskit-btn whitespace--normal\">\n                                    \n                                    \n                                    M\u00e1s informaci\u00f3n                                 <\/a>\n                                                        <\/div>\n                    <\/div>\n                <\/div>\n                            <\/div>\n            <\/div>\n    <\/div>\t\t\t\t<\/div>\n\t\t\t\t<\/div>\n\t\t\t\t<\/div>\n\t\t<div class=\"elementor-element elementor-element-32b1047 e-con-full e-flex e-con e-child\" data-id=\"32b1047\" data-element_type=\"container\">\n\t\t\t\t<div class=\"elementor-element elementor-element-7ac796e ekit-equal-height-disable elementor-widget elementor-widget-elementskit-image-box\" data-id=\"7ac796e\" data-element_type=\"widget\" data-widget_type=\"elementskit-image-box.default\">\n\t\t\t\t<div class=\"elementor-widget-container\">\n\t\t\t\t\t<div class=\"ekit-wid-con\" >\n            <div class=\"elementskit-info-image-box ekit-image-box text-center style-modern\" >\n\n                \n                <div class=\"elementskit-box-header image-box-img-center\">\n\n                    <img decoding=\"async\" width=\"300\" height=\"86\" src=\"https:\/\/aea.academy\/wp-content\/uploads\/2024\/09\/erasmus-300x86.jpg\" class=\"attachment-medium size-medium wp-image-50566\" alt=\"erasmus\" srcset=\"https:\/\/aea.academy\/wp-content\/uploads\/2024\/09\/erasmus-300x86.jpg 300w, https:\/\/aea.academy\/wp-content\/uploads\/2024\/09\/erasmus-768x219.jpg 768w, https:\/\/aea.academy\/wp-content\/uploads\/2024\/09\/erasmus-600x171.jpg 600w, https:\/\/aea.academy\/wp-content\/uploads\/2024\/09\/erasmus-1020x291.jpg 1020w, https:\/\/aea.academy\/wp-content\/uploads\/2024\/09\/erasmus-e1728399285264-246x70.jpg 246w, https:\/\/aea.academy\/wp-content\/uploads\/2024\/09\/erasmus-e1728399285264.jpg 250w\" sizes=\"(max-width: 300px) 100vw, 300px\" \/>\n                <\/div>\n                \n                <div class=\"elementskit-box-body ekit-image-box-body\">\n                    <div class=\"elementskit-box-content ekit-image-box-body-inner\">\n                                                <h3 class=\"elementskit-info-box-title\">\n\n                        Proyectos Erasmus\n                        \n                    <\/h3>\n                                                        <\/div>\n\n                                <div class=\"elementskit-box-footer\">\n                    <div class=\"box-footer\">\n                        <div class=\"btn-wraper\">\n                                                            <a href=\"\/es\/erasmus-projects\/\" class=\"elementskit-btn whitespace--normal\">\n                                    \n                                    \n                                    M\u00e1s informaci\u00f3n                                 <\/a>\n                                                        <\/div>\n                    <\/div>\n                <\/div>\n                            <\/div>\n            <\/div>\n    <\/div>\t\t\t\t<\/div>\n\t\t\t\t<\/div>\n\t\t\t\t<\/div>\n\t\t\t\t\t<\/div>\n\t\t\t\t<\/div>\n\t\t\t\t<\/div>","protected":false},"excerpt":{"rendered":"<p>Proyecto AMIF M\u00e1s informaci\u00f3n Proyecto REC M\u00e1s informaci\u00f3n Proyectos Erasmus+ M\u00e1s informaci\u00f3n<\/p>","protected":false},"author":1,"featured_media":0,"parent":0,"menu_order":0,"comment_status":"closed","ping_status":"closed","template":"","meta":{"footnotes":""},"class_list":["post-49889","page","type-page","status-publish","hentry"],"yoast_head":"<!-- This site is optimized with the Yoast SEO plugin v26.0 - https:\/\/yoast.com\/wordpress\/plugins\/seo\/ -->\n<title>International Projects | Advenio eAcademy<\/title>\n<meta name=\"description\" content=\"Explore our international projects in education and training. Learn how Advenio eAcademy collaborates with universities and organizations across Europe.\" \/>\n<meta name=\"robots\" content=\"index, follow, max-snippet:-1, max-image-preview:large, max-video-preview:-1\" \/>\n<link rel=\"canonical\" href=\"https:\/\/aea.academy\/es\/projects\/\" \/>\n<meta property=\"og:locale\" content=\"es_ES\" \/>\n<meta property=\"og:type\" content=\"article\" \/>\n<meta property=\"og:title\" content=\"International Projects | Advenio eAcademy\" \/>\n<meta property=\"og:description\" content=\"Explore our international projects in education and training. Learn how Advenio eAcademy collaborates with universities and organizations across Europe.\" \/>\n<meta property=\"og:url\" content=\"https:\/\/aea.academy\/es\/projects\/\" \/>\n<meta property=\"og:site_name\" content=\"Advenio eAcademy Malta\" \/>\n<meta property=\"article:publisher\" content=\"https:\/\/www.facebook.com\/people\/Advenio-eAcademy\/100064132746001\/\" \/>\n<meta property=\"article:modified_time\" content=\"2024-10-18T15:37:05+00:00\" \/>\n<meta property=\"og:image\" content=\"https:\/\/aea.academy\/wp-content\/uploads\/2024\/09\/Amif.jpg\" \/>\n\t<meta property=\"og:image:width\" content=\"123\" \/>\n\t<meta property=\"og:image:height\" content=\"129\" \/>\n\t<meta property=\"og:image:type\" content=\"image\/jpeg\" \/>\n<meta name=\"twitter:card\" content=\"summary_large_image\" \/>\n<meta name=\"twitter:label1\" content=\"Tiempo de lectura\" \/>\n\t<meta name=\"twitter:data1\" content=\"1 minuto\" \/>\n<script type=\"application\/ld+json\" class=\"yoast-schema-graph\">{\"@context\":\"https:\/\/schema.org\",\"@graph\":[{\"@type\":\"WebPage\",\"@id\":\"https:\/\/aea.academy\/projects\/\",\"url\":\"https:\/\/aea.academy\/projects\/\",\"name\":\"International Projects | Advenio eAcademy\",\"isPartOf\":{\"@id\":\"https:\/\/aea.academy\/#website\"},\"primaryImageOfPage\":{\"@id\":\"https:\/\/aea.academy\/projects\/#primaryimage\"},\"image\":{\"@id\":\"https:\/\/aea.academy\/projects\/#primaryimage\"},\"thumbnailUrl\":\"https:\/\/aea.academy\/wp-content\/uploads\/2024\/09\/Amif.jpg\",\"datePublished\":\"2024-09-18T23:11:42+00:00\",\"dateModified\":\"2024-10-18T15:37:05+00:00\",\"description\":\"Explore our international projects in education and training. Learn how Advenio eAcademy collaborates with universities and organizations across Europe.\",\"breadcrumb\":{\"@id\":\"https:\/\/aea.academy\/projects\/#breadcrumb\"},\"inLanguage\":\"es\",\"potentialAction\":[{\"@type\":\"ReadAction\",\"target\":[\"https:\/\/aea.academy\/projects\/\"]}]},{\"@type\":\"ImageObject\",\"inLanguage\":\"es\",\"@id\":\"https:\/\/aea.academy\/projects\/#primaryimage\",\"url\":\"https:\/\/aea.academy\/wp-content\/uploads\/2024\/09\/Amif.jpg\",\"contentUrl\":\"https:\/\/aea.academy\/wp-content\/uploads\/2024\/09\/Amif.jpg\"},{\"@type\":\"BreadcrumbList\",\"@id\":\"https:\/\/aea.academy\/projects\/#breadcrumb\",\"itemListElement\":[{\"@type\":\"ListItem\",\"position\":1,\"name\":\"Home\",\"item\":\"https:\/\/aea.academy\/\"},{\"@type\":\"ListItem\",\"position\":2,\"name\":\"Projects\"}]},{\"@type\":\"WebSite\",\"@id\":\"https:\/\/aea.academy\/#website\",\"url\":\"https:\/\/aea.academy\/\",\"name\":\"AeA Academy\",\"description\":\"Advenio eAcademy Malta\",\"publisher\":{\"@id\":\"https:\/\/aea.academy\/#organization\"},\"potentialAction\":[{\"@type\":\"SearchAction\",\"target\":{\"@type\":\"EntryPoint\",\"urlTemplate\":\"https:\/\/aea.academy\/?s={search_term_string}\"},\"query-input\":{\"@type\":\"PropertyValueSpecification\",\"valueRequired\":true,\"valueName\":\"search_term_string\"}}],\"inLanguage\":\"es\"},{\"@type\":\"Organization\",\"@id\":\"https:\/\/aea.academy\/#organization\",\"name\":\"AeA Academy\",\"url\":\"https:\/\/aea.academy\/\",\"logo\":{\"@type\":\"ImageObject\",\"inLanguage\":\"es\",\"@id\":\"https:\/\/aea.academy\/#\/schema\/logo\/image\/\",\"url\":\"https:\/\/aea.academy\/wp-content\/uploads\/2024\/09\/20220906-Advenio-vector-with-text-2813x946.png\",\"contentUrl\":\"https:\/\/aea.academy\/wp-content\/uploads\/2024\/09\/20220906-Advenio-vector-with-text-2813x946.png\",\"width\":2816,\"height\":947,\"caption\":\"AeA Academy\"},\"image\":{\"@id\":\"https:\/\/aea.academy\/#\/schema\/logo\/image\/\"},\"sameAs\":[\"https:\/\/www.facebook.com\/people\/Advenio-eAcademy\/100064132746001\/\",\"https:\/\/www.instagram.com\/advenio_eacademy\/\",\"https:\/\/www.linkedin.com\/uas\/login?session_redirect=school10402143\",\"https:\/\/www.youtube.com\/@advenioeacademy5728\"]}]}<\/script>\n<!-- \/ Yoast SEO plugin. -->","yoast_head_json":{"title":"International Projects | Advenio eAcademy","description":"Explore our international projects in education and training. Learn how Advenio eAcademy collaborates with universities and organizations across Europe.","robots":{"index":"index","follow":"follow","max-snippet":"max-snippet:-1","max-image-preview":"max-image-preview:large","max-video-preview":"max-video-preview:-1"},"canonical":"https:\/\/aea.academy\/es\/projects\/","og_locale":"es_ES","og_type":"article","og_title":"International Projects | Advenio eAcademy","og_description":"Explore our international projects in education and training. Learn how Advenio eAcademy collaborates with universities and organizations across Europe.","og_url":"https:\/\/aea.academy\/es\/projects\/","og_site_name":"Advenio eAcademy Malta","article_publisher":"https:\/\/www.facebook.com\/people\/Advenio-eAcademy\/100064132746001\/","article_modified_time":"2024-10-18T15:37:05+00:00","og_image":[{"width":123,"height":129,"url":"https:\/\/aea.academy\/wp-content\/uploads\/2024\/09\/Amif.jpg","type":"image\/jpeg"}],"twitter_card":"summary_large_image","twitter_misc":{"Tiempo de lectura":"1 minuto"},"schema":{"@context":"https:\/\/schema.org","@graph":[{"@type":"WebPage","@id":"https:\/\/aea.academy\/projects\/","url":"https:\/\/aea.academy\/projects\/","name":"International Projects | Advenio eAcademy","isPartOf":{"@id":"https:\/\/aea.academy\/#website"},"primaryImageOfPage":{"@id":"https:\/\/aea.academy\/projects\/#primaryimage"},"image":{"@id":"https:\/\/aea.academy\/projects\/#primaryimage"},"thumbnailUrl":"https:\/\/aea.academy\/wp-content\/uploads\/2024\/09\/Amif.jpg","datePublished":"2024-09-18T23:11:42+00:00","dateModified":"2024-10-18T15:37:05+00:00","description":"Explore our international projects in education and training. Learn how Advenio eAcademy collaborates with universities and organizations across Europe.","breadcrumb":{"@id":"https:\/\/aea.academy\/projects\/#breadcrumb"},"inLanguage":"es","potentialAction":[{"@type":"ReadAction","target":["https:\/\/aea.academy\/projects\/"]}]},{"@type":"ImageObject","inLanguage":"es","@id":"https:\/\/aea.academy\/projects\/#primaryimage","url":"https:\/\/aea.academy\/wp-content\/uploads\/2024\/09\/Amif.jpg","contentUrl":"https:\/\/aea.academy\/wp-content\/uploads\/2024\/09\/Amif.jpg"},{"@type":"BreadcrumbList","@id":"https:\/\/aea.academy\/projects\/#breadcrumb","itemListElement":[{"@type":"ListItem","position":1,"name":"Home","item":"https:\/\/aea.academy\/"},{"@type":"ListItem","position":2,"name":"Projects"}]},{"@type":"WebSite","@id":"https:\/\/aea.academy\/#website","url":"https:\/\/aea.academy\/","name":"Academia AeA","description":"Advenio eAcademy Malta","publisher":{"@id":"https:\/\/aea.academy\/#organization"},"potentialAction":[{"@type":"SearchAction","target":{"@type":"EntryPoint","urlTemplate":"https:\/\/aea.academy\/?s={search_term_string}"},"query-input":{"@type":"PropertyValueSpecification","valueRequired":true,"valueName":"search_term_string"}}],"inLanguage":"es"},{"@type":"Organization","@id":"https:\/\/aea.academy\/#organization","name":"Academia AeA","url":"https:\/\/aea.academy\/","logo":{"@type":"ImageObject","inLanguage":"es","@id":"https:\/\/aea.academy\/#\/schema\/logo\/image\/","url":"https:\/\/aea.academy\/wp-content\/uploads\/2024\/09\/20220906-Advenio-vector-with-text-2813x946.png","contentUrl":"https:\/\/aea.academy\/wp-content\/uploads\/2024\/09\/20220906-Advenio-vector-with-text-2813x946.png","width":2816,"height":947,"caption":"AeA Academy"},"image":{"@id":"https:\/\/aea.academy\/#\/schema\/logo\/image\/"},"sameAs":["https:\/\/www.facebook.com\/people\/Advenio-eAcademy\/100064132746001\/","https:\/\/www.instagram.com\/advenio_eacademy\/","https:\/\/www.linkedin.com\/uas\/login?session_redirect=school10402143","https:\/\/www.youtube.com\/@advenioeacademy5728"]}]}},"_links":{"self":[{"href":"https:\/\/aea.academy\/es\/wp-json\/wp\/v2\/pages\/49889","targetHints":{"allow":["GET"]}}],"collection":[{"href":"https:\/\/aea.academy\/es\/wp-json\/wp\/v2\/pages"}],"about":[{"href":"https:\/\/aea.academy\/es\/wp-json\/wp\/v2\/types\/page"}],"author":[{"embeddable":true,"href":"https:\/\/aea.academy\/es\/wp-json\/wp\/v2\/users\/1"}],"replies":[{"embeddable":true,"href":"https:\/\/aea.academy\/es\/wp-json\/wp\/v2\/comments?post=49889"}],"version-history":[{"count":0,"href":"https:\/\/aea.academy\/es\/wp-json\/wp\/v2\/pages\/49889\/revisions"}],"wp:attachment":[{"href":"https:\/\/aea.academy\/es\/wp-json\/wp\/v2\/media?parent=49889"}],"curies":[{"name":"wp","href":"https:\/\/api.w.org\/{rel}","templated":true}]}}