{"id":49891,"date":"2024-09-18T23:12:22","date_gmt":"2024-09-18T23:12:22","guid":{"rendered":"https:\/\/aea.academy\/?page_id=49891"},"modified":"2024-10-07T20:32:10","modified_gmt":"2024-10-07T20:32:10","slug":"mfhea","status":"publish","type":"page","link":"https:\/\/aea.academy\/es\/mfhea\/","title":{"rendered":"MFHEA"},"content":{"rendered":"<div data-elementor-type=\"wp-page\" data-elementor-id=\"49891\" class=\"elementor elementor-49891\" data-elementor-post-type=\"page\">\n\t\t\t\t<div class=\"elementor-element elementor-element-3b1b7720 e-flex e-con-boxed e-con e-parent\" data-id=\"3b1b7720\" data-element_type=\"container\">\n\t\t\t\t\t<div class=\"e-con-inner\">\n\t\t\t\t<div class=\"elementor-element elementor-element-7789d940 elementor-widget elementor-widget-text-editor\" data-id=\"7789d940\" data-element_type=\"widget\" data-widget_type=\"text-editor.default\">\n\t\t\t\t<div class=\"elementor-widget-container\">\n\t\t\t\t\t\t\t\t\t<div dir=\"auto\">La Malta Further and Higher Education Authority (MFHEA) se cre\u00f3 oficialmente el 8 de enero de 2021 y se rige por la Ley de Educaci\u00f3n revisada que entr\u00f3 en vigor el 1 de enero de 2021. Su lema es \"Educaci\u00f3n de calidad para un futuro seguro\".<\/div>\n<div dir=\"auto\">\u00a0<\/div>\n<div dir=\"auto\"><strong>La misi\u00f3n del MFHEA es:<\/strong><\/div>\n<div dir=\"auto\">\u00a0<\/div>\n<div dir=\"auto\">\"fomentar el desarrollo y la consecuci\u00f3n de la excelencia en la ense\u00f1anza superior y superior en Malta a trav\u00e9s de la investigaci\u00f3n, la concesi\u00f3n efectiva de licencias, la acreditaci\u00f3n, la garant\u00eda de calidad y el reconocimiento de las cualificaciones establecidas en el Marco de Cualificaciones de Malta\".<\/div>\n<div dir=\"auto\">\u00a0<\/div>\n<div dir=\"auto\"><strong>El MFHEA se centra en:<\/strong><\/div>\n<div dir=\"auto\">\u00a0<\/div>\n<ul>\n<li dir=\"auto\">Acreditaci\u00f3n de centros de ense\u00f1anza superior;<\/li>\n<li dir=\"auto\">Acreditar programas o cursos de estudios de ense\u00f1anza superior y superior;<\/li>\n<li dir=\"auto\">Garant\u00eda de calidad tanto de las instituciones educativas como de los programas o cursos;<\/li>\n<li dir=\"auto\">Reconocimiento de las cualificaciones nacionales o internacionales obtenidas, as\u00ed como de las cualificaciones futuras;<\/li>\n<li dir=\"auto\">Validaci\u00f3n del aprendizaje informal y no formal;<\/li>\n<li dir=\"auto\">Investigaci\u00f3n y recomendaci\u00f3n de pol\u00edticas sobre temas relacionados con la ense\u00f1anza superior y superior.<\/li>\n<\/ul>\n<div dir=\"auto\">\u00a0<\/div>\n<div dir=\"auto\">El MFHEA es una autoridad independiente, transparente e internacional, que trabaja para garantizar los m\u00e1s altos est\u00e1ndares y fomentar una comunidad competente de individuos capacitados, con las habilidades adecuadas para seguir sus sue\u00f1os y hacer realidad el futuro.<\/div>\n\t\t\t\t\t\t\t\t<\/div>\n\t\t\t\t<\/div>\n\t\t\t\t\t<\/div>\n\t\t\t\t<\/div>\n\t\t<div class=\"elementor-element elementor-element-433b8d7 e-flex e-con-boxed e-con e-parent\" data-id=\"433b8d7\" data-element_type=\"container\">\n\t\t\t\t\t<div class=\"e-con-inner\">\n\t\t<div class=\"elementor-element elementor-element-bb26d93 e-con-full e-flex e-con e-child\" data-id=\"bb26d93\" data-element_type=\"container\">\n\t\t\t\t<div class=\"elementor-element elementor-element-a86bdeb elementor-widget elementor-widget-text-editor\" data-id=\"a86bdeb\" data-element_type=\"widget\" data-widget_type=\"text-editor.default\">\n\t\t\t\t<div class=\"elementor-widget-container\">\n\t\t\t\t\t\t\t\t\t<p>Para m\u00e1s informaci\u00f3n sobre la Autoridad de Educaci\u00f3n Superior y Superior de Malta (MFHEA) y su papel a la hora de garantizar la calidad de la educaci\u00f3n y la acreditaci\u00f3n, visite su sitio web oficial.<\/p>\n\t\t\t\t\t\t\t\t<\/div>\n\t\t\t\t<\/div>\n\t\t\t\t<\/div>\n\t\t<div class=\"elementor-element elementor-element-602be24 e-con-full e-flex e-con e-child\" data-id=\"602be24\" data-element_type=\"container\">\n\t\t\t\t<div class=\"elementor-element elementor-element-be2e7c4 elementor-widget elementor-widget-image\" data-id=\"be2e7c4\" data-element_type=\"widget\" data-widget_type=\"image.default\">\n\t\t\t\t<div class=\"elementor-widget-container\">\n\t\t\t\t\t\t\t\t\t\t\t\t\t\t\t\t<a href=\"https:\/\/mfhea.mt\/\" target=\"_blank\">\n\t\t\t\t\t\t\t<img fetchpriority=\"high\" decoding=\"async\" width=\"821\" height=\"225\" src=\"https:\/\/aea.academy\/wp-content\/uploads\/2024\/09\/MFHEAOPT-821x225.jpg\" class=\"attachment-large size-large wp-image-50149\" alt=\"\" srcset=\"https:\/\/aea.academy\/wp-content\/uploads\/2024\/09\/MFHEAOPT-821x225.jpg 821w, https:\/\/aea.academy\/wp-content\/uploads\/2024\/09\/MFHEAOPT-300x82.jpg 300w, https:\/\/aea.academy\/wp-content\/uploads\/2024\/09\/MFHEAOPT-768x210.jpg 768w, https:\/\/aea.academy\/wp-content\/uploads\/2024\/09\/MFHEAOPT-600x164.jpg 600w, https:\/\/aea.academy\/wp-content\/uploads\/2024\/09\/MFHEAOPT.jpg 825w\" sizes=\"(max-width: 821px) 100vw, 821px\" \/>\t\t\t\t\t\t\t\t<\/a>\n\t\t\t\t\t\t\t\t\t\t\t\t\t\t\t<\/div>\n\t\t\t\t<\/div>\n\t\t\t\t<\/div>\n\t\t\t\t\t<\/div>\n\t\t\t\t<\/div>\n\t\t\t\t<\/div>","protected":false},"excerpt":{"rendered":"<p>La Malta Further and Higher Education Authority (MFHEA) se cre\u00f3 oficialmente el 8 de enero de 2021 y se rige por la Ley de Educaci\u00f3n revisada que entr\u00f3 en vigor el 1 de enero de 2021. Su lema es \"Educaci\u00f3n de calidad para un futuro seguro\". La misi\u00f3n de la MFHEA es: \"fomentar el desarrollo y el logro de la excelencia en la educaci\u00f3n [...]<\/p>","protected":false},"author":1,"featured_media":0,"parent":0,"menu_order":0,"comment_status":"closed","ping_status":"closed","template":"","meta":{"footnotes":""},"class_list":["post-49891","page","type-page","status-publish","hentry"],"yoast_head":"<!-- This site is optimized with the Yoast SEO plugin v26.0 - https:\/\/yoast.com\/wordpress\/plugins\/seo\/ -->\n<title>MFHEA Authority | Higher Education in Malta<\/title>\n<meta name=\"description\" content=\"Discover the MFHEA, ensuring educational quality in Malta. Learn about accreditations, qualifications recognition, and more here.\" \/>\n<meta name=\"robots\" content=\"index, follow, max-snippet:-1, max-image-preview:large, max-video-preview:-1\" \/>\n<link rel=\"canonical\" href=\"https:\/\/aea.academy\/es\/mfhea\/\" \/>\n<meta property=\"og:locale\" content=\"es_ES\" \/>\n<meta property=\"og:type\" content=\"article\" \/>\n<meta property=\"og:title\" content=\"MFHEA Authority | Higher Education in Malta\" \/>\n<meta property=\"og:description\" content=\"Discover the MFHEA, ensuring educational quality in Malta. Learn about accreditations, qualifications recognition, and more here.\" \/>\n<meta property=\"og:url\" content=\"https:\/\/aea.academy\/es\/mfhea\/\" \/>\n<meta property=\"og:site_name\" content=\"Advenio eAcademy Malta\" \/>\n<meta property=\"article:publisher\" content=\"https:\/\/www.facebook.com\/people\/Advenio-eAcademy\/100064132746001\/\" \/>\n<meta property=\"article:modified_time\" content=\"2024-10-07T20:32:10+00:00\" \/>\n<meta property=\"og:image\" content=\"https:\/\/aea.academy\/wp-content\/uploads\/2024\/09\/MFHEAOPT-821x225.jpg\" \/>\n<meta name=\"twitter:card\" content=\"summary_large_image\" \/>\n<meta name=\"twitter:label1\" content=\"Tiempo de lectura\" \/>\n\t<meta name=\"twitter:data1\" content=\"2 minutos\" \/>\n<script type=\"application\/ld+json\" class=\"yoast-schema-graph\">{\"@context\":\"https:\/\/schema.org\",\"@graph\":[{\"@type\":\"WebPage\",\"@id\":\"https:\/\/aea.academy\/mfhea\/\",\"url\":\"https:\/\/aea.academy\/mfhea\/\",\"name\":\"MFHEA Authority | Higher Education in Malta\",\"isPartOf\":{\"@id\":\"https:\/\/aea.academy\/#website\"},\"primaryImageOfPage\":{\"@id\":\"https:\/\/aea.academy\/mfhea\/#primaryimage\"},\"image\":{\"@id\":\"https:\/\/aea.academy\/mfhea\/#primaryimage\"},\"thumbnailUrl\":\"https:\/\/aea.academy\/wp-content\/uploads\/2024\/09\/MFHEAOPT-821x225.jpg\",\"datePublished\":\"2024-09-18T23:12:22+00:00\",\"dateModified\":\"2024-10-07T20:32:10+00:00\",\"description\":\"Discover the MFHEA, ensuring educational quality in Malta. Learn about accreditations, qualifications recognition, and more here.\",\"breadcrumb\":{\"@id\":\"https:\/\/aea.academy\/mfhea\/#breadcrumb\"},\"inLanguage\":\"es\",\"potentialAction\":[{\"@type\":\"ReadAction\",\"target\":[\"https:\/\/aea.academy\/mfhea\/\"]}]},{\"@type\":\"ImageObject\",\"inLanguage\":\"es\",\"@id\":\"https:\/\/aea.academy\/mfhea\/#primaryimage\",\"url\":\"https:\/\/aea.academy\/wp-content\/uploads\/2024\/09\/MFHEAOPT-821x225.jpg\",\"contentUrl\":\"https:\/\/aea.academy\/wp-content\/uploads\/2024\/09\/MFHEAOPT-821x225.jpg\"},{\"@type\":\"BreadcrumbList\",\"@id\":\"https:\/\/aea.academy\/mfhea\/#breadcrumb\",\"itemListElement\":[{\"@type\":\"ListItem\",\"position\":1,\"name\":\"Home\",\"item\":\"https:\/\/aea.academy\/\"},{\"@type\":\"ListItem\",\"position\":2,\"name\":\"MFHEA\"}]},{\"@type\":\"WebSite\",\"@id\":\"https:\/\/aea.academy\/#website\",\"url\":\"https:\/\/aea.academy\/\",\"name\":\"AeA Academy\",\"description\":\"Advenio eAcademy Malta\",\"publisher\":{\"@id\":\"https:\/\/aea.academy\/#organization\"},\"potentialAction\":[{\"@type\":\"SearchAction\",\"target\":{\"@type\":\"EntryPoint\",\"urlTemplate\":\"https:\/\/aea.academy\/?s={search_term_string}\"},\"query-input\":{\"@type\":\"PropertyValueSpecification\",\"valueRequired\":true,\"valueName\":\"search_term_string\"}}],\"inLanguage\":\"es\"},{\"@type\":\"Organization\",\"@id\":\"https:\/\/aea.academy\/#organization\",\"name\":\"AeA Academy\",\"url\":\"https:\/\/aea.academy\/\",\"logo\":{\"@type\":\"ImageObject\",\"inLanguage\":\"es\",\"@id\":\"https:\/\/aea.academy\/#\/schema\/logo\/image\/\",\"url\":\"https:\/\/aea.academy\/wp-content\/uploads\/2024\/09\/20220906-Advenio-vector-with-text-2813x946.png\",\"contentUrl\":\"https:\/\/aea.academy\/wp-content\/uploads\/2024\/09\/20220906-Advenio-vector-with-text-2813x946.png\",\"width\":2816,\"height\":947,\"caption\":\"AeA Academy\"},\"image\":{\"@id\":\"https:\/\/aea.academy\/#\/schema\/logo\/image\/\"},\"sameAs\":[\"https:\/\/www.facebook.com\/people\/Advenio-eAcademy\/100064132746001\/\",\"https:\/\/www.instagram.com\/advenio_eacademy\/\",\"https:\/\/www.linkedin.com\/uas\/login?session_redirect=school10402143\",\"https:\/\/www.youtube.com\/@advenioeacademy5728\"]}]}<\/script>\n<!-- \/ Yoast SEO plugin. -->","yoast_head_json":{"title":"MFHEA Authority | Higher Education in Malta","description":"Discover the MFHEA, ensuring educational quality in Malta. Learn about accreditations, qualifications recognition, and more here.","robots":{"index":"index","follow":"follow","max-snippet":"max-snippet:-1","max-image-preview":"max-image-preview:large","max-video-preview":"max-video-preview:-1"},"canonical":"https:\/\/aea.academy\/es\/mfhea\/","og_locale":"es_ES","og_type":"article","og_title":"MFHEA Authority | Higher Education in Malta","og_description":"Discover the MFHEA, ensuring educational quality in Malta. Learn about accreditations, qualifications recognition, and more here.","og_url":"https:\/\/aea.academy\/es\/mfhea\/","og_site_name":"Advenio eAcademy Malta","article_publisher":"https:\/\/www.facebook.com\/people\/Advenio-eAcademy\/100064132746001\/","article_modified_time":"2024-10-07T20:32:10+00:00","og_image":[{"url":"https:\/\/aea.academy\/wp-content\/uploads\/2024\/09\/MFHEAOPT-821x225.jpg","type":"","width":"","height":""}],"twitter_card":"summary_large_image","twitter_misc":{"Tiempo de lectura":"2 minutos"},"schema":{"@context":"https:\/\/schema.org","@graph":[{"@type":"WebPage","@id":"https:\/\/aea.academy\/mfhea\/","url":"https:\/\/aea.academy\/mfhea\/","name":"MFHEA Authority | Higher Education in Malta","isPartOf":{"@id":"https:\/\/aea.academy\/#website"},"primaryImageOfPage":{"@id":"https:\/\/aea.academy\/mfhea\/#primaryimage"},"image":{"@id":"https:\/\/aea.academy\/mfhea\/#primaryimage"},"thumbnailUrl":"https:\/\/aea.academy\/wp-content\/uploads\/2024\/09\/MFHEAOPT-821x225.jpg","datePublished":"2024-09-18T23:12:22+00:00","dateModified":"2024-10-07T20:32:10+00:00","description":"Discover the MFHEA, ensuring educational quality in Malta. Learn about accreditations, qualifications recognition, and more here.","breadcrumb":{"@id":"https:\/\/aea.academy\/mfhea\/#breadcrumb"},"inLanguage":"es","potentialAction":[{"@type":"ReadAction","target":["https:\/\/aea.academy\/mfhea\/"]}]},{"@type":"ImageObject","inLanguage":"es","@id":"https:\/\/aea.academy\/mfhea\/#primaryimage","url":"https:\/\/aea.academy\/wp-content\/uploads\/2024\/09\/MFHEAOPT-821x225.jpg","contentUrl":"https:\/\/aea.academy\/wp-content\/uploads\/2024\/09\/MFHEAOPT-821x225.jpg"},{"@type":"BreadcrumbList","@id":"https:\/\/aea.academy\/mfhea\/#breadcrumb","itemListElement":[{"@type":"ListItem","position":1,"name":"Home","item":"https:\/\/aea.academy\/"},{"@type":"ListItem","position":2,"name":"MFHEA"}]},{"@type":"WebSite","@id":"https:\/\/aea.academy\/#website","url":"https:\/\/aea.academy\/","name":"Academia AeA","description":"Advenio eAcademy Malta","publisher":{"@id":"https:\/\/aea.academy\/#organization"},"potentialAction":[{"@type":"SearchAction","target":{"@type":"EntryPoint","urlTemplate":"https:\/\/aea.academy\/?s={search_term_string}"},"query-input":{"@type":"PropertyValueSpecification","valueRequired":true,"valueName":"search_term_string"}}],"inLanguage":"es"},{"@type":"Organization","@id":"https:\/\/aea.academy\/#organization","name":"Academia AeA","url":"https:\/\/aea.academy\/","logo":{"@type":"ImageObject","inLanguage":"es","@id":"https:\/\/aea.academy\/#\/schema\/logo\/image\/","url":"https:\/\/aea.academy\/wp-content\/uploads\/2024\/09\/20220906-Advenio-vector-with-text-2813x946.png","contentUrl":"https:\/\/aea.academy\/wp-content\/uploads\/2024\/09\/20220906-Advenio-vector-with-text-2813x946.png","width":2816,"height":947,"caption":"AeA Academy"},"image":{"@id":"https:\/\/aea.academy\/#\/schema\/logo\/image\/"},"sameAs":["https:\/\/www.facebook.com\/people\/Advenio-eAcademy\/100064132746001\/","https:\/\/www.instagram.com\/advenio_eacademy\/","https:\/\/www.linkedin.com\/uas\/login?session_redirect=school10402143","https:\/\/www.youtube.com\/@advenioeacademy5728"]}]}},"_links":{"self":[{"href":"https:\/\/aea.academy\/es\/wp-json\/wp\/v2\/pages\/49891","targetHints":{"allow":["GET"]}}],"collection":[{"href":"https:\/\/aea.academy\/es\/wp-json\/wp\/v2\/pages"}],"about":[{"href":"https:\/\/aea.academy\/es\/wp-json\/wp\/v2\/types\/page"}],"author":[{"embeddable":true,"href":"https:\/\/aea.academy\/es\/wp-json\/wp\/v2\/users\/1"}],"replies":[{"embeddable":true,"href":"https:\/\/aea.academy\/es\/wp-json\/wp\/v2\/comments?post=49891"}],"version-history":[{"count":0,"href":"https:\/\/aea.academy\/es\/wp-json\/wp\/v2\/pages\/49891\/revisions"}],"wp:attachment":[{"href":"https:\/\/aea.academy\/es\/wp-json\/wp\/v2\/media?parent=49891"}],"curies":[{"name":"wp","href":"https:\/\/api.w.org\/{rel}","templated":true}]}}