{"id":49897,"date":"2024-09-18T23:13:25","date_gmt":"2024-09-18T23:13:25","guid":{"rendered":"https:\/\/aea.academy\/?page_id=49897"},"modified":"2024-10-15T12:37:51","modified_gmt":"2024-10-15T12:37:51","slug":"strategic-affiliation","status":"publish","type":"page","link":"https:\/\/aea.academy\/es\/strategic-affiliation\/","title":{"rendered":"Afiliaci\u00f3n estrat\u00e9gica"},"content":{"rendered":"<div data-elementor-type=\"wp-page\" data-elementor-id=\"49897\" class=\"elementor elementor-49897\" data-elementor-post-type=\"page\">\n\t\t\t\t<div class=\"elementor-element elementor-element-31f9e2b e-flex e-con-boxed e-con e-parent\" data-id=\"31f9e2b\" data-element_type=\"container\">\n\t\t\t\t\t<div class=\"e-con-inner\">\n\t\t\t\t<div class=\"elementor-element elementor-element-aafb188 elementor-widget elementor-widget-text-editor\" data-id=\"aafb188\" data-element_type=\"widget\" data-widget_type=\"text-editor.default\">\n\t\t\t\t<div class=\"elementor-widget-container\">\n\t\t\t\t\t\t\t\t\t<p>Advenio eAcademy es una organizaci\u00f3n capaz de aprovechar la tecnolog\u00eda punta en el \u00e1mbito del aprendizaje electr\u00f3nico para ofrecer cursos certificados en l\u00ednea a un mercado internacional. En los \u00faltimos a\u00f1os ha desarrollado e implantado cursos certificados en l\u00ednea en Malta, Ruman\u00eda, Serbia, Grecia, Turqu\u00eda, Eslovaquia, Italia y Lituania.<\/p>\n<p>Las afiliaciones estrat\u00e9gicas relevantes para esta filosof\u00eda incluyen una s\u00f3lida relaci\u00f3n de trabajo con el regulador, la MFHEA (Malta Further and Higher Education Authority). Esta colaboraci\u00f3n permite a AeA ser proactiva en su enfoque del desarrollo de programas en l\u00ednea de calidad certificada.<\/p>\n<p>Otra afiliaci\u00f3n estrat\u00e9gica importante es la de Erasmus+. Desde el principio, la AeA trat\u00f3 de afiliarse a Erasmus+ como parte integrante de sus programas transfronterizos y de sus esfuerzos por ofrecer educaci\u00f3n en l\u00ednea a un mercado internacional.<\/p>\n\t\t\t\t\t\t\t\t<\/div>\n\t\t\t\t<\/div>\n\t\t\t\t\t<\/div>\n\t\t\t\t<\/div>\n\t\t<div class=\"elementor-element elementor-element-643b2c1 e-flex e-con-boxed elementor-invisible e-con e-parent\" data-id=\"643b2c1\" data-element_type=\"container\" data-settings=\"{&quot;animation&quot;:&quot;fadeIn&quot;}\">\n\t\t\t\t\t<div class=\"e-con-inner\">\n\t\t<div class=\"elementor-element elementor-element-503637e e-con-full e-flex e-con e-child\" data-id=\"503637e\" data-element_type=\"container\">\n\t\t\t\t<div class=\"elementor-element elementor-element-4dc5f6f ekit-equal-height-disable elementor-widget elementor-widget-elementskit-image-box\" data-id=\"4dc5f6f\" data-element_type=\"widget\" data-widget_type=\"elementskit-image-box.default\">\n\t\t\t\t<div class=\"elementor-widget-container\">\n\t\t\t\t\t<div class=\"ekit-wid-con\" >\n            <div class=\"elementskit-info-image-box ekit-image-box text-center style-modern\" >\n\n                \n                <div class=\"elementskit-box-header image-box-img-center\">\n\n                    <img decoding=\"async\" width=\"300\" height=\"82\" src=\"https:\/\/aea.academy\/wp-content\/uploads\/2024\/09\/MFHEAOPT-300x82.jpg\" class=\"attachment-medium size-medium wp-image-50149\" alt=\"\" srcset=\"https:\/\/aea.academy\/wp-content\/uploads\/2024\/09\/MFHEAOPT-300x82.jpg 300w, https:\/\/aea.academy\/wp-content\/uploads\/2024\/09\/MFHEAOPT-768x210.jpg 768w, https:\/\/aea.academy\/wp-content\/uploads\/2024\/09\/MFHEAOPT-600x164.jpg 600w, https:\/\/aea.academy\/wp-content\/uploads\/2024\/09\/MFHEAOPT-821x225.jpg 821w, https:\/\/aea.academy\/wp-content\/uploads\/2024\/09\/MFHEAOPT.jpg 825w\" sizes=\"(max-width: 300px) 100vw, 300px\" \/>\n                <\/div>\n                \n                <div class=\"elementskit-box-body ekit-image-box-body\">\n                    <div class=\"elementskit-box-content ekit-image-box-body-inner\">\n                                                <h3 class=\"elementskit-info-box-title\">\n\n                        Autoridad de Educaci\u00f3n Superior de Malta\n                        \n                    <\/h3>\n                                                        <\/div>\n\n                                <div class=\"elementskit-box-footer\">\n                    <div class=\"box-footer\">\n                        <div class=\"btn-wraper\">\n                                                            <a href=\"\/es\/mfhea\/\" class=\"elementskit-btn whitespace--normal\">\n                                    \n                                    \n                                    M\u00e1s informaci\u00f3n                                 <\/a>\n                                                        <\/div>\n                    <\/div>\n                <\/div>\n                            <\/div>\n            <\/div>\n    <\/div>\t\t\t\t<\/div>\n\t\t\t\t<\/div>\n\t\t\t\t<\/div>\n\t\t<div class=\"elementor-element elementor-element-802fb93 e-con-full e-flex e-con e-child\" data-id=\"802fb93\" data-element_type=\"container\">\n\t\t\t\t<div class=\"elementor-element elementor-element-9ccd18a ekit-equal-height-disable elementor-widget elementor-widget-elementskit-image-box\" data-id=\"9ccd18a\" data-element_type=\"widget\" data-widget_type=\"elementskit-image-box.default\">\n\t\t\t\t<div class=\"elementor-widget-container\">\n\t\t\t\t\t<div class=\"ekit-wid-con\" >\n            <div class=\"elementskit-info-image-box ekit-image-box text-center style-modern\" >\n\n                \n                <div class=\"elementskit-box-header image-box-img-center\">\n\n                    <img decoding=\"async\" width=\"300\" height=\"86\" src=\"https:\/\/aea.academy\/wp-content\/uploads\/2024\/09\/erasmus-300x86.jpg\" class=\"attachment-medium size-medium wp-image-50566\" alt=\"erasmus\" srcset=\"https:\/\/aea.academy\/wp-content\/uploads\/2024\/09\/erasmus-300x86.jpg 300w, https:\/\/aea.academy\/wp-content\/uploads\/2024\/09\/erasmus-768x219.jpg 768w, https:\/\/aea.academy\/wp-content\/uploads\/2024\/09\/erasmus-600x171.jpg 600w, https:\/\/aea.academy\/wp-content\/uploads\/2024\/09\/erasmus-1020x291.jpg 1020w, https:\/\/aea.academy\/wp-content\/uploads\/2024\/09\/erasmus-e1728399285264-246x70.jpg 246w, https:\/\/aea.academy\/wp-content\/uploads\/2024\/09\/erasmus-e1728399285264.jpg 250w\" sizes=\"(max-width: 300px) 100vw, 300px\" \/>\n                <\/div>\n                \n                <div class=\"elementskit-box-body ekit-image-box-body\">\n                    <div class=\"elementskit-box-content ekit-image-box-body-inner\">\n                                                <h3 class=\"elementskit-info-box-title\">\n\n                        Erasmus\n                        \n                    <\/h3>\n                                                        <\/div>\n\n                                <div class=\"elementskit-box-footer\">\n                    <div class=\"box-footer\">\n                        <div class=\"btn-wraper\">\n                                                            <a href=\"\/es\/erasmus\/\" class=\"elementskit-btn whitespace--normal\">\n                                    \n                                    \n                                    M\u00e1s informaci\u00f3n                                 <\/a>\n                                                        <\/div>\n                    <\/div>\n                <\/div>\n                            <\/div>\n            <\/div>\n    <\/div>\t\t\t\t<\/div>\n\t\t\t\t<\/div>\n\t\t\t\t<\/div>\n\t\t\t\t\t<\/div>\n\t\t\t\t<\/div>\n\t\t\t\t<\/div>","protected":false},"excerpt":{"rendered":"<p>Advenio eAcademy es una organizaci\u00f3n capaz de aprovechar la tecnolog\u00eda m\u00e1s avanzada en materia de aprendizaje electr\u00f3nico para impartir cursos certificados en l\u00ednea en un mercado internacional. En los \u00faltimos a\u00f1os ha sido capaz de desarrollar e implantar cursos certificados en l\u00ednea en Malta, Ruman\u00eda, Serbia, Grecia, Turqu\u00eda, Eslovaquia, Italia y Lituania. Afiliaciones estrat\u00e9gicas relevantes para tal filosof\u00eda [...]<\/p>","protected":false},"author":1,"featured_media":0,"parent":0,"menu_order":0,"comment_status":"closed","ping_status":"closed","template":"","meta":{"footnotes":""},"class_list":["post-49897","page","type-page","status-publish","hentry"],"yoast_head":"<!-- This site is optimized with the Yoast SEO plugin v26.0 - https:\/\/yoast.com\/wordpress\/plugins\/seo\/ -->\n<title>Advenio eAcademy: Certified Online Courses and Affiliations<\/title>\n<meta name=\"description\" content=\"Advenio eAcademy delivers certified online courses across Europe, with key affiliations such as MFHEA and Erasmus+ ensuring high-quality education programs.\" \/>\n<meta name=\"robots\" content=\"index, follow, max-snippet:-1, max-image-preview:large, max-video-preview:-1\" \/>\n<link rel=\"canonical\" href=\"https:\/\/aea.academy\/es\/strategic-affiliation\/\" \/>\n<meta property=\"og:locale\" content=\"es_ES\" \/>\n<meta property=\"og:type\" content=\"article\" \/>\n<meta property=\"og:title\" content=\"Advenio eAcademy: Certified Online Courses and Affiliations\" \/>\n<meta property=\"og:description\" content=\"Advenio eAcademy delivers certified online courses across Europe, with key affiliations such as MFHEA and Erasmus+ ensuring high-quality education programs.\" \/>\n<meta property=\"og:url\" content=\"https:\/\/aea.academy\/es\/strategic-affiliation\/\" \/>\n<meta property=\"og:site_name\" content=\"Advenio eAcademy Malta\" \/>\n<meta property=\"article:publisher\" content=\"https:\/\/www.facebook.com\/people\/Advenio-eAcademy\/100064132746001\/\" \/>\n<meta property=\"article:modified_time\" content=\"2024-10-15T12:37:51+00:00\" \/>\n<meta property=\"og:image\" content=\"https:\/\/aea.academy\/wp-content\/uploads\/2024\/09\/MFHEAOPT-300x82.jpg\" \/>\n<meta name=\"twitter:card\" content=\"summary_large_image\" \/>\n<meta name=\"twitter:label1\" content=\"Tiempo de lectura\" \/>\n\t<meta name=\"twitter:data1\" content=\"1 minuto\" \/>\n<script type=\"application\/ld+json\" class=\"yoast-schema-graph\">{\"@context\":\"https:\/\/schema.org\",\"@graph\":[{\"@type\":\"WebPage\",\"@id\":\"https:\/\/aea.academy\/strategic-affiliation\/\",\"url\":\"https:\/\/aea.academy\/strategic-affiliation\/\",\"name\":\"Advenio eAcademy: Certified Online Courses and Affiliations\",\"isPartOf\":{\"@id\":\"https:\/\/aea.academy\/#website\"},\"primaryImageOfPage\":{\"@id\":\"https:\/\/aea.academy\/strategic-affiliation\/#primaryimage\"},\"image\":{\"@id\":\"https:\/\/aea.academy\/strategic-affiliation\/#primaryimage\"},\"thumbnailUrl\":\"https:\/\/aea.academy\/wp-content\/uploads\/2024\/09\/MFHEAOPT-300x82.jpg\",\"datePublished\":\"2024-09-18T23:13:25+00:00\",\"dateModified\":\"2024-10-15T12:37:51+00:00\",\"description\":\"Advenio eAcademy delivers certified online courses across Europe, with key affiliations such as MFHEA and Erasmus+ ensuring high-quality education programs.\",\"breadcrumb\":{\"@id\":\"https:\/\/aea.academy\/strategic-affiliation\/#breadcrumb\"},\"inLanguage\":\"es\",\"potentialAction\":[{\"@type\":\"ReadAction\",\"target\":[\"https:\/\/aea.academy\/strategic-affiliation\/\"]}]},{\"@type\":\"ImageObject\",\"inLanguage\":\"es\",\"@id\":\"https:\/\/aea.academy\/strategic-affiliation\/#primaryimage\",\"url\":\"https:\/\/aea.academy\/wp-content\/uploads\/2024\/09\/MFHEAOPT-300x82.jpg\",\"contentUrl\":\"https:\/\/aea.academy\/wp-content\/uploads\/2024\/09\/MFHEAOPT-300x82.jpg\"},{\"@type\":\"BreadcrumbList\",\"@id\":\"https:\/\/aea.academy\/strategic-affiliation\/#breadcrumb\",\"itemListElement\":[{\"@type\":\"ListItem\",\"position\":1,\"name\":\"Home\",\"item\":\"https:\/\/aea.academy\/\"},{\"@type\":\"ListItem\",\"position\":2,\"name\":\"Strategic Affiliation\"}]},{\"@type\":\"WebSite\",\"@id\":\"https:\/\/aea.academy\/#website\",\"url\":\"https:\/\/aea.academy\/\",\"name\":\"AeA Academy\",\"description\":\"Advenio eAcademy Malta\",\"publisher\":{\"@id\":\"https:\/\/aea.academy\/#organization\"},\"potentialAction\":[{\"@type\":\"SearchAction\",\"target\":{\"@type\":\"EntryPoint\",\"urlTemplate\":\"https:\/\/aea.academy\/?s={search_term_string}\"},\"query-input\":{\"@type\":\"PropertyValueSpecification\",\"valueRequired\":true,\"valueName\":\"search_term_string\"}}],\"inLanguage\":\"es\"},{\"@type\":\"Organization\",\"@id\":\"https:\/\/aea.academy\/#organization\",\"name\":\"AeA Academy\",\"url\":\"https:\/\/aea.academy\/\",\"logo\":{\"@type\":\"ImageObject\",\"inLanguage\":\"es\",\"@id\":\"https:\/\/aea.academy\/#\/schema\/logo\/image\/\",\"url\":\"https:\/\/aea.academy\/wp-content\/uploads\/2024\/09\/20220906-Advenio-vector-with-text-2813x946.png\",\"contentUrl\":\"https:\/\/aea.academy\/wp-content\/uploads\/2024\/09\/20220906-Advenio-vector-with-text-2813x946.png\",\"width\":2816,\"height\":947,\"caption\":\"AeA Academy\"},\"image\":{\"@id\":\"https:\/\/aea.academy\/#\/schema\/logo\/image\/\"},\"sameAs\":[\"https:\/\/www.facebook.com\/people\/Advenio-eAcademy\/100064132746001\/\",\"https:\/\/www.instagram.com\/advenio_eacademy\/\",\"https:\/\/www.linkedin.com\/uas\/login?session_redirect=school10402143\",\"https:\/\/www.youtube.com\/@advenioeacademy5728\"]}]}<\/script>\n<!-- \/ Yoast SEO plugin. -->","yoast_head_json":{"title":"Advenio eAcademy: Certified Online Courses and Affiliations","description":"Advenio eAcademy delivers certified online courses across Europe, with key affiliations such as MFHEA and Erasmus+ ensuring high-quality education programs.","robots":{"index":"index","follow":"follow","max-snippet":"max-snippet:-1","max-image-preview":"max-image-preview:large","max-video-preview":"max-video-preview:-1"},"canonical":"https:\/\/aea.academy\/es\/strategic-affiliation\/","og_locale":"es_ES","og_type":"article","og_title":"Advenio eAcademy: Certified Online Courses and Affiliations","og_description":"Advenio eAcademy delivers certified online courses across Europe, with key affiliations such as MFHEA and Erasmus+ ensuring high-quality education programs.","og_url":"https:\/\/aea.academy\/es\/strategic-affiliation\/","og_site_name":"Advenio eAcademy Malta","article_publisher":"https:\/\/www.facebook.com\/people\/Advenio-eAcademy\/100064132746001\/","article_modified_time":"2024-10-15T12:37:51+00:00","og_image":[{"url":"https:\/\/aea.academy\/wp-content\/uploads\/2024\/09\/MFHEAOPT-300x82.jpg","type":"","width":"","height":""}],"twitter_card":"summary_large_image","twitter_misc":{"Tiempo de lectura":"1 minuto"},"schema":{"@context":"https:\/\/schema.org","@graph":[{"@type":"WebPage","@id":"https:\/\/aea.academy\/strategic-affiliation\/","url":"https:\/\/aea.academy\/strategic-affiliation\/","name":"Advenio eAcademy: Certified Online Courses and Affiliations","isPartOf":{"@id":"https:\/\/aea.academy\/#website"},"primaryImageOfPage":{"@id":"https:\/\/aea.academy\/strategic-affiliation\/#primaryimage"},"image":{"@id":"https:\/\/aea.academy\/strategic-affiliation\/#primaryimage"},"thumbnailUrl":"https:\/\/aea.academy\/wp-content\/uploads\/2024\/09\/MFHEAOPT-300x82.jpg","datePublished":"2024-09-18T23:13:25+00:00","dateModified":"2024-10-15T12:37:51+00:00","description":"Advenio eAcademy delivers certified online courses across Europe, with key affiliations such as MFHEA and Erasmus+ ensuring high-quality education programs.","breadcrumb":{"@id":"https:\/\/aea.academy\/strategic-affiliation\/#breadcrumb"},"inLanguage":"es","potentialAction":[{"@type":"ReadAction","target":["https:\/\/aea.academy\/strategic-affiliation\/"]}]},{"@type":"ImageObject","inLanguage":"es","@id":"https:\/\/aea.academy\/strategic-affiliation\/#primaryimage","url":"https:\/\/aea.academy\/wp-content\/uploads\/2024\/09\/MFHEAOPT-300x82.jpg","contentUrl":"https:\/\/aea.academy\/wp-content\/uploads\/2024\/09\/MFHEAOPT-300x82.jpg"},{"@type":"BreadcrumbList","@id":"https:\/\/aea.academy\/strategic-affiliation\/#breadcrumb","itemListElement":[{"@type":"ListItem","position":1,"name":"Home","item":"https:\/\/aea.academy\/"},{"@type":"ListItem","position":2,"name":"Strategic Affiliation"}]},{"@type":"WebSite","@id":"https:\/\/aea.academy\/#website","url":"https:\/\/aea.academy\/","name":"Academia AeA","description":"Advenio eAcademy Malta","publisher":{"@id":"https:\/\/aea.academy\/#organization"},"potentialAction":[{"@type":"SearchAction","target":{"@type":"EntryPoint","urlTemplate":"https:\/\/aea.academy\/?s={search_term_string}"},"query-input":{"@type":"PropertyValueSpecification","valueRequired":true,"valueName":"search_term_string"}}],"inLanguage":"es"},{"@type":"Organization","@id":"https:\/\/aea.academy\/#organization","name":"Academia AeA","url":"https:\/\/aea.academy\/","logo":{"@type":"ImageObject","inLanguage":"es","@id":"https:\/\/aea.academy\/#\/schema\/logo\/image\/","url":"https:\/\/aea.academy\/wp-content\/uploads\/2024\/09\/20220906-Advenio-vector-with-text-2813x946.png","contentUrl":"https:\/\/aea.academy\/wp-content\/uploads\/2024\/09\/20220906-Advenio-vector-with-text-2813x946.png","width":2816,"height":947,"caption":"AeA Academy"},"image":{"@id":"https:\/\/aea.academy\/#\/schema\/logo\/image\/"},"sameAs":["https:\/\/www.facebook.com\/people\/Advenio-eAcademy\/100064132746001\/","https:\/\/www.instagram.com\/advenio_eacademy\/","https:\/\/www.linkedin.com\/uas\/login?session_redirect=school10402143","https:\/\/www.youtube.com\/@advenioeacademy5728"]}]}},"_links":{"self":[{"href":"https:\/\/aea.academy\/es\/wp-json\/wp\/v2\/pages\/49897","targetHints":{"allow":["GET"]}}],"collection":[{"href":"https:\/\/aea.academy\/es\/wp-json\/wp\/v2\/pages"}],"about":[{"href":"https:\/\/aea.academy\/es\/wp-json\/wp\/v2\/types\/page"}],"author":[{"embeddable":true,"href":"https:\/\/aea.academy\/es\/wp-json\/wp\/v2\/users\/1"}],"replies":[{"embeddable":true,"href":"https:\/\/aea.academy\/es\/wp-json\/wp\/v2\/comments?post=49897"}],"version-history":[{"count":0,"href":"https:\/\/aea.academy\/es\/wp-json\/wp\/v2\/pages\/49897\/revisions"}],"wp:attachment":[{"href":"https:\/\/aea.academy\/es\/wp-json\/wp\/v2\/media?parent=49897"}],"curies":[{"name":"wp","href":"https:\/\/api.w.org\/{rel}","templated":true}]}}