{"id":50505,"date":"2024-09-20T17:42:03","date_gmt":"2024-09-20T17:42:03","guid":{"rendered":"https:\/\/aea.academy\/?page_id=50505"},"modified":"2026-03-27T11:20:45","modified_gmt":"2026-03-27T11:20:45","slug":"isra-partners","status":"publish","type":"page","link":"https:\/\/aea.academy\/es\/isra-partners\/","title":{"rendered":"Socios de la ISRA"},"content":{"rendered":"<div data-elementor-type=\"wp-page\" data-elementor-id=\"50505\" class=\"elementor elementor-50505\" data-elementor-post-type=\"page\">\n\t\t\t\t<div class=\"elementor-element elementor-element-cfd9c2d e-con-full e-flex e-con e-parent\" data-id=\"cfd9c2d\" data-element_type=\"container\" data-e-type=\"container\">\n\t\t\t\t<div class=\"elementor-element elementor-element-7c28283 elementor-widget elementor-widget-vc_custom_heading\" data-id=\"7c28283\" data-element_type=\"widget\" data-e-type=\"widget\" data-widget_type=\"vc_custom_heading.default\">\n\t\t\t\t<div class=\"elementor-widget-container\">\n\t\t\t\t\t<div class=\"vc_custom_heading  masterstudy_heading_font  text_align_left\" ><h2 style=\"text-align: left;font-weight:700\" class=\"masterstudy-custom-title\">Agentes y consultores de contrataci\u00f3n de estudiantes internacionales \n<\/h2><\/div>\t\t\t\t<\/div>\n\t\t\t\t<\/div>\n\t\t\t\t<div class=\"elementor-element elementor-element-39666b1 elementor-widget elementor-widget-text-editor\" data-id=\"39666b1\" data-element_type=\"widget\" data-e-type=\"widget\" data-widget_type=\"text-editor.default\">\n\t\t\t\t<div class=\"elementor-widget-container\">\n\t\t\t\t\t\t\t\t\t<div dir=\"auto\">\n<p>Advenio eAcademy apoya activamente los viajes y estudios internacionales. Se compromete a aportar un valor a\u00f1adido \u00fanico a los estudiantes a trav\u00e9s de programas de estudios internacionales. \u00c9stos ofrecen a los estudiantes la oportunidad de adquirir experiencias multiculturales de vida, estudio y trabajo en un pa\u00eds extranjero.<\/p>\n<p>Desde 2019 Advenio eAcademy ofrece opciones de aprendizaje semipresencial para sus programas de Nivel 5 y Nivel 7. Esto permite a los estudiantes extranjeros que viajan a Malta estudiar y completar su educaci\u00f3n empresarial en Malta. Estos programas se imparten en el horario m\u00e1s intensivo de 52 semanas. Advenio eAcademy organiza clases semanales de apoyo en su centro de La Valeta.<\/p>\n<p>Para comercializar y promover estos programas, Advenio eAcademy ha desarrollado una red de agentes y consultores profesionales para ayudar a los estudiantes a realizar los tr\u00e1mites necesarios para dichos programas de estudios. Actualmente, Advenio eAcademy cuenta con agentes en Asia, Europa, \u00c1frica y Oriente Medio.<\/p>\n<p>Todos los agentes autorizados tienen un contrato con Advenio eAcademy para recibir servicios de apoyo espec\u00edficos. A cada uno de ellos se le ha asignado un c\u00f3digo de referencia \u00fanico que debe incluirse en todo su material promocional. Estas empresas profesionales pueden reunirse directamente con los estudiantes y ocuparse de sus requisitos particulares de visado y viaje relacionados con su desplazamiento a Malta para completar sus estudios con Advenio eAcademy.<\/p>\n<p>A lo largo de los a\u00f1os, Advenio eAcademy ha trabajado con varias agencias internacionales de contrataci\u00f3n de estudiantes en diferentes pa\u00edses. Entre las empresas ISRA m\u00e1s activas se encuentran las siguientes:-.<\/p>\n<p>1. Malta - Centro Edu (2020-MLA-010)<br \/>2. Bangladesh \u2013 CY Consultancy Centre (2024-BA-002-E01)<br \/>3. Kenya \u2013 Sarawak Travel Agency (2024-KE-012)<br \/>4. Kenya &#8211; Aurum (2025-KE-15)<br \/>5. Nigeria &#8211; Study Malta Educational Consultancy Enterprises Ltd (2025-NI-015)<br \/>6. Sri Lanka &#8211; Edu Tech Lanka Consultancy Ltd (2025-LKA-001)<\/p>\n<p>Cualquier estudiante que desee confirmar las credenciales de un agente o consultor debe ponerse en contacto con Advenio eAcademy por correo electr\u00f3nico,\u00a0<a href=\"mailto:admin@aea.academy\">admin@aea.academy<\/a>para m\u00e1s informaci\u00f3n.<\/p>\n<\/div>\n\t\t\t\t\t\t\t\t<\/div>\n\t\t\t\t<\/div>\n\t\t\t\t<\/div>\n\t\t\t\t<\/div>","protected":false},"excerpt":{"rendered":"<p>Agentes y consultores internacionales de contrataci\u00f3n de estudiantes Advenio eAcademy apoya activamente los viajes y estudios internacionales. Se compromete a aportar un valor a\u00f1adido \u00fanico a los estudiantes a trav\u00e9s de programas de estudios internacionales. Estos brindan a los estudiantes la oportunidad de obtener experiencias multiculturales de vivir, estudiar y trabajar en un pa\u00eds extranjero. Desde 2019 Advenio eAcademy ofrece programas semipresenciales [...]<\/p>","protected":false},"author":1,"featured_media":49998,"parent":0,"menu_order":0,"comment_status":"closed","ping_status":"closed","template":"","meta":{"footnotes":""},"class_list":["post-50505","page","type-page","status-publish","has-post-thumbnail","hentry"],"yoast_head":"<!-- This site is optimized with the Yoast SEO plugin v27.4 - https:\/\/yoast.com\/product\/yoast-seo-wordpress\/ -->\n<title>International Recruitment Agents for Advenio eAcademy<\/title>\n<meta name=\"description\" content=\"Advenio eAcademy partners with global agents to assist students in Asia, Europe, Africa, and the Middle East in pursuing study programs in Malta.\" \/>\n<meta name=\"robots\" content=\"index, follow, max-snippet:-1, max-image-preview:large, max-video-preview:-1\" \/>\n<link rel=\"canonical\" href=\"https:\/\/aea.academy\/es\/isra-partners\/\" \/>\n<meta property=\"og:locale\" content=\"es_ES\" \/>\n<meta property=\"og:type\" content=\"article\" \/>\n<meta property=\"og:title\" content=\"International Recruitment Agents for Advenio eAcademy\" \/>\n<meta property=\"og:description\" content=\"Advenio eAcademy partners with global agents to assist students in Asia, Europe, Africa, and the Middle East in pursuing study programs in Malta.\" \/>\n<meta property=\"og:url\" content=\"https:\/\/aea.academy\/es\/isra-partners\/\" \/>\n<meta property=\"og:site_name\" content=\"Advenio eAcademy Malta\" \/>\n<meta property=\"article:publisher\" content=\"https:\/\/www.facebook.com\/people\/Advenio-eAcademy\/100064132746001\/\" \/>\n<meta property=\"article:modified_time\" content=\"2026-03-27T11:20:45+00:00\" \/>\n<meta property=\"og:image\" content=\"https:\/\/aea.academy\/wp-content\/uploads\/2024\/09\/Advenio-vector-shield-02-937x837.png\" \/>\n\t<meta property=\"og:image:width\" content=\"938\" \/>\n\t<meta property=\"og:image:height\" content=\"838\" \/>\n\t<meta property=\"og:image:type\" content=\"image\/png\" \/>\n<meta name=\"twitter:card\" content=\"summary_large_image\" \/>\n<meta name=\"twitter:label1\" content=\"Tiempo de lectura\" \/>\n\t<meta name=\"twitter:data1\" content=\"2 minutos\" \/>\n<script type=\"application\/ld+json\" class=\"yoast-schema-graph\">{\"@context\":\"https:\\\/\\\/schema.org\",\"@graph\":[{\"@type\":\"WebPage\",\"@id\":\"https:\\\/\\\/aea.academy\\\/isra-partners\\\/\",\"url\":\"https:\\\/\\\/aea.academy\\\/isra-partners\\\/\",\"name\":\"International Recruitment Agents for Advenio eAcademy\",\"isPartOf\":{\"@id\":\"https:\\\/\\\/aea.academy\\\/#website\"},\"primaryImageOfPage\":{\"@id\":\"https:\\\/\\\/aea.academy\\\/isra-partners\\\/#primaryimage\"},\"image\":{\"@id\":\"https:\\\/\\\/aea.academy\\\/isra-partners\\\/#primaryimage\"},\"thumbnailUrl\":\"https:\\\/\\\/aea.academy\\\/wp-content\\\/uploads\\\/2024\\\/09\\\/Advenio-vector-shield-02-937x837.png\",\"datePublished\":\"2024-09-20T17:42:03+00:00\",\"dateModified\":\"2026-03-27T11:20:45+00:00\",\"description\":\"Advenio eAcademy partners with global agents to assist students in Asia, Europe, Africa, and the Middle East in pursuing study programs in Malta.\",\"breadcrumb\":{\"@id\":\"https:\\\/\\\/aea.academy\\\/isra-partners\\\/#breadcrumb\"},\"inLanguage\":\"es\",\"potentialAction\":[{\"@type\":\"ReadAction\",\"target\":[\"https:\\\/\\\/aea.academy\\\/isra-partners\\\/\"]}]},{\"@type\":\"ImageObject\",\"inLanguage\":\"es\",\"@id\":\"https:\\\/\\\/aea.academy\\\/isra-partners\\\/#primaryimage\",\"url\":\"https:\\\/\\\/aea.academy\\\/wp-content\\\/uploads\\\/2024\\\/09\\\/Advenio-vector-shield-02-937x837.png\",\"contentUrl\":\"https:\\\/\\\/aea.academy\\\/wp-content\\\/uploads\\\/2024\\\/09\\\/Advenio-vector-shield-02-937x837.png\",\"width\":938,\"height\":838,\"caption\":\"Advenio eAcademy\"},{\"@type\":\"BreadcrumbList\",\"@id\":\"https:\\\/\\\/aea.academy\\\/isra-partners\\\/#breadcrumb\",\"itemListElement\":[{\"@type\":\"ListItem\",\"position\":1,\"name\":\"Home\",\"item\":\"https:\\\/\\\/aea.academy\\\/\"},{\"@type\":\"ListItem\",\"position\":2,\"name\":\"ISRA Partners\"}]},{\"@type\":\"WebSite\",\"@id\":\"https:\\\/\\\/aea.academy\\\/#website\",\"url\":\"https:\\\/\\\/aea.academy\\\/\",\"name\":\"AeA Academy\",\"description\":\"Advenio eAcademy Malta\",\"publisher\":{\"@id\":\"https:\\\/\\\/aea.academy\\\/#organization\"},\"potentialAction\":[{\"@type\":\"SearchAction\",\"target\":{\"@type\":\"EntryPoint\",\"urlTemplate\":\"https:\\\/\\\/aea.academy\\\/?s={search_term_string}\"},\"query-input\":{\"@type\":\"PropertyValueSpecification\",\"valueRequired\":true,\"valueName\":\"search_term_string\"}}],\"inLanguage\":\"es\"},{\"@type\":\"Organization\",\"@id\":\"https:\\\/\\\/aea.academy\\\/#organization\",\"name\":\"AeA Academy\",\"url\":\"https:\\\/\\\/aea.academy\\\/\",\"logo\":{\"@type\":\"ImageObject\",\"inLanguage\":\"es\",\"@id\":\"https:\\\/\\\/aea.academy\\\/#\\\/schema\\\/logo\\\/image\\\/\",\"url\":\"https:\\\/\\\/aea.academy\\\/wp-content\\\/uploads\\\/2024\\\/09\\\/20220906-Advenio-vector-with-text-2813x946.png\",\"contentUrl\":\"https:\\\/\\\/aea.academy\\\/wp-content\\\/uploads\\\/2024\\\/09\\\/20220906-Advenio-vector-with-text-2813x946.png\",\"width\":2816,\"height\":947,\"caption\":\"AeA Academy\"},\"image\":{\"@id\":\"https:\\\/\\\/aea.academy\\\/#\\\/schema\\\/logo\\\/image\\\/\"},\"sameAs\":[\"https:\\\/\\\/www.facebook.com\\\/people\\\/Advenio-eAcademy\\\/100064132746001\\\/\",\"https:\\\/\\\/www.instagram.com\\\/advenio_eacademy\\\/\",\"https:\\\/\\\/www.linkedin.com\\\/uas\\\/login?session_redirect=school10402143\",\"https:\\\/\\\/www.youtube.com\\\/@advenioeacademy5728\"]}]}<\/script>\n<!-- \/ Yoast SEO plugin. -->","yoast_head_json":{"title":"Agentes de contrataci\u00f3n internacionales para Advenio eAcademy","description":"Advenio eAcademy colabora con agentes mundiales para ayudar a los estudiantes de Asia, Europa, \u00c1frica y Oriente Medio a cursar programas de estudios en Malta.","robots":{"index":"index","follow":"follow","max-snippet":"max-snippet:-1","max-image-preview":"max-image-preview:large","max-video-preview":"max-video-preview:-1"},"canonical":"https:\/\/aea.academy\/es\/isra-partners\/","og_locale":"es_ES","og_type":"article","og_title":"International Recruitment Agents for Advenio eAcademy","og_description":"Advenio eAcademy partners with global agents to assist students in Asia, Europe, Africa, and the Middle East in pursuing study programs in Malta.","og_url":"https:\/\/aea.academy\/es\/isra-partners\/","og_site_name":"Advenio eAcademy Malta","article_publisher":"https:\/\/www.facebook.com\/people\/Advenio-eAcademy\/100064132746001\/","article_modified_time":"2026-03-27T11:20:45+00:00","og_image":[{"width":938,"height":838,"url":"https:\/\/aea.academy\/wp-content\/uploads\/2024\/09\/Advenio-vector-shield-02-937x837.png","type":"image\/png"}],"twitter_card":"summary_large_image","twitter_misc":{"Tiempo de lectura":"2 minutos"},"schema":{"@context":"https:\/\/schema.org","@graph":[{"@type":"WebPage","@id":"https:\/\/aea.academy\/isra-partners\/","url":"https:\/\/aea.academy\/isra-partners\/","name":"Agentes de contrataci\u00f3n internacionales para Advenio eAcademy","isPartOf":{"@id":"https:\/\/aea.academy\/#website"},"primaryImageOfPage":{"@id":"https:\/\/aea.academy\/isra-partners\/#primaryimage"},"image":{"@id":"https:\/\/aea.academy\/isra-partners\/#primaryimage"},"thumbnailUrl":"https:\/\/aea.academy\/wp-content\/uploads\/2024\/09\/Advenio-vector-shield-02-937x837.png","datePublished":"2024-09-20T17:42:03+00:00","dateModified":"2026-03-27T11:20:45+00:00","description":"Advenio eAcademy colabora con agentes mundiales para ayudar a los estudiantes de Asia, Europa, \u00c1frica y Oriente Medio a cursar programas de estudios en Malta.","breadcrumb":{"@id":"https:\/\/aea.academy\/isra-partners\/#breadcrumb"},"inLanguage":"es","potentialAction":[{"@type":"ReadAction","target":["https:\/\/aea.academy\/isra-partners\/"]}]},{"@type":"ImageObject","inLanguage":"es","@id":"https:\/\/aea.academy\/isra-partners\/#primaryimage","url":"https:\/\/aea.academy\/wp-content\/uploads\/2024\/09\/Advenio-vector-shield-02-937x837.png","contentUrl":"https:\/\/aea.academy\/wp-content\/uploads\/2024\/09\/Advenio-vector-shield-02-937x837.png","width":938,"height":838,"caption":"Advenio eAcademy"},{"@type":"BreadcrumbList","@id":"https:\/\/aea.academy\/isra-partners\/#breadcrumb","itemListElement":[{"@type":"ListItem","position":1,"name":"Home","item":"https:\/\/aea.academy\/"},{"@type":"ListItem","position":2,"name":"ISRA Partners"}]},{"@type":"WebSite","@id":"https:\/\/aea.academy\/#website","url":"https:\/\/aea.academy\/","name":"Academia AeA","description":"Advenio eAcademy Malta","publisher":{"@id":"https:\/\/aea.academy\/#organization"},"potentialAction":[{"@type":"SearchAction","target":{"@type":"EntryPoint","urlTemplate":"https:\/\/aea.academy\/?s={search_term_string}"},"query-input":{"@type":"PropertyValueSpecification","valueRequired":true,"valueName":"search_term_string"}}],"inLanguage":"es"},{"@type":"Organization","@id":"https:\/\/aea.academy\/#organization","name":"Academia AeA","url":"https:\/\/aea.academy\/","logo":{"@type":"ImageObject","inLanguage":"es","@id":"https:\/\/aea.academy\/#\/schema\/logo\/image\/","url":"https:\/\/aea.academy\/wp-content\/uploads\/2024\/09\/20220906-Advenio-vector-with-text-2813x946.png","contentUrl":"https:\/\/aea.academy\/wp-content\/uploads\/2024\/09\/20220906-Advenio-vector-with-text-2813x946.png","width":2816,"height":947,"caption":"AeA Academy"},"image":{"@id":"https:\/\/aea.academy\/#\/schema\/logo\/image\/"},"sameAs":["https:\/\/www.facebook.com\/people\/Advenio-eAcademy\/100064132746001\/","https:\/\/www.instagram.com\/advenio_eacademy\/","https:\/\/www.linkedin.com\/uas\/login?session_redirect=school10402143","https:\/\/www.youtube.com\/@advenioeacademy5728"]}]}},"_links":{"self":[{"href":"https:\/\/aea.academy\/es\/wp-json\/wp\/v2\/pages\/50505","targetHints":{"allow":["GET"]}}],"collection":[{"href":"https:\/\/aea.academy\/es\/wp-json\/wp\/v2\/pages"}],"about":[{"href":"https:\/\/aea.academy\/es\/wp-json\/wp\/v2\/types\/page"}],"author":[{"embeddable":true,"href":"https:\/\/aea.academy\/es\/wp-json\/wp\/v2\/users\/1"}],"replies":[{"embeddable":true,"href":"https:\/\/aea.academy\/es\/wp-json\/wp\/v2\/comments?post=50505"}],"version-history":[{"count":6,"href":"https:\/\/aea.academy\/es\/wp-json\/wp\/v2\/pages\/50505\/revisions"}],"predecessor-version":[{"id":56886,"href":"https:\/\/aea.academy\/es\/wp-json\/wp\/v2\/pages\/50505\/revisions\/56886"}],"wp:featuredmedia":[{"embeddable":true,"href":"https:\/\/aea.academy\/es\/wp-json\/wp\/v2\/media\/49998"}],"wp:attachment":[{"href":"https:\/\/aea.academy\/es\/wp-json\/wp\/v2\/media?parent=50505"}],"curies":[{"name":"wp","href":"https:\/\/api.w.org\/{rel}","templated":true}]}}