{"id":50531,"date":"2024-09-20T17:54:27","date_gmt":"2024-09-20T17:54:27","guid":{"rendered":"https:\/\/aea.academy\/?page_id=50531"},"modified":"2024-10-07T23:58:31","modified_gmt":"2024-10-07T23:58:31","slug":"rec-project","status":"publish","type":"page","link":"https:\/\/aea.academy\/es\/rec-project\/","title":{"rendered":"Proyecto REC"},"content":{"rendered":"<div data-elementor-type=\"wp-page\" data-elementor-id=\"50531\" class=\"elementor elementor-50531\" data-elementor-post-type=\"page\">\n\t\t\t\t<div class=\"elementor-element elementor-element-a5389e7 e-flex e-con-boxed e-con e-parent\" data-id=\"a5389e7\" data-element_type=\"container\">\n\t\t\t\t\t<div class=\"e-con-inner\">\n\t\t\t\t<div class=\"elementor-element elementor-element-cb1fda4 elementor-widget elementor-widget-text-editor\" data-id=\"cb1fda4\" data-element_type=\"widget\" data-widget_type=\"text-editor.default\">\n\t\t\t\t<div class=\"elementor-widget-container\">\n\t\t\t\t\t\t\t\t\t<div class=\"et_pb_row et_pb_row_0\">\n<div class=\"et_pb_column et_pb_column_1_2 et_pb_column_0 et_pb_css_mix_blend_mode_passthrough\">\n<div class=\"et_pb_module et_pb_text et_pb_text_0 et_pb_text_align_left et_pb_bg_layout_light\">\n<div class=\"et_pb_text_inner\">\n<p>La Universit\u00e0 Politecnica delle Marche est\u00e1 situada en Ancona, en el centro de Italia, y fue fundada hace m\u00e1s de 50 a\u00f1os. La Universidad cuenta con 5 Facultades en el campo de la Econom\u00eda, Ingenier\u00eda , Agricultura, Ciencias, Medicina y Cirug\u00eda.<\/p>\n<p>La Universidad ofrece cursos de licenciatura, cursos de m\u00e1ster, cursos de doctorado y escuelas de especializaci\u00f3n. El campus principal se encuentra en Ancona y hay otras sedes repartidas por toda la regi\u00f3n de Las Marcas.<\/p>\n<p>La Universidad colabora estrechamente con el territorio y reconoce como tareas primordiales la investigaci\u00f3n cient\u00edfica y la ense\u00f1anza superior. La Universidad fomenta la internacionalizaci\u00f3n como una de las principales prioridades de su plan de desarrollo estrat\u00e9gico.<\/p>\n<p>La UNIVPM es una instituci\u00f3n din\u00e1mica, con un profesorado joven y en\u00e9rgico, con una actitud muy interdisciplinar y una amplia visi\u00f3n del mundo; hay excelentes instalaciones y el personal se vuelca con los estudiantes y est\u00e1 encantado de ayudar a los reci\u00e9n llegados en todos los aspectos de su vida.<\/p>\n<p>Todos los departamentos disponen de aulas multimedia y modernos laboratorios, as\u00ed como de laboratorios especializados dedicados a la investigaci\u00f3n avanzada.<\/p>\n<p><strong>La investigaci\u00f3n se lleva a cabo principalmente en los 12 Departamentos de la Universidad:<\/strong><\/p>\n<ul>\n<li>Ciencias de la vida y del medio ambiente;<\/li>\n<li>Ciencias Agr\u00edcolas, Alimentarias y Medioambientales;<\/li>\n<li>Econom\u00eda y Ciencias Sociales;<\/li>\n<li>Gesti\u00f3n;<\/li>\n<li>Ingenier\u00eda de la informaci\u00f3n;<\/li>\n<li>Ingenier\u00eda Industrial y Ciencias Matem\u00e1ticas;<\/li>\n<li>Materiales, Ciencias Ambientales y Urbanismo;<\/li>\n<li>Construcci\u00f3n, Ingenier\u00eda Civil y Arquitectura;<\/li>\n<li>Medicina Experimental y Cl\u00ednica;<\/li>\n<li>Ciencias Biom\u00e9dicas y Salud P\u00fablica;<\/li>\n<li>Ciencias Moleculares y Cl\u00ednicas;<\/li>\n<li>Ciencias Odontoestomatol\u00f3gicas y Cl\u00ednicas Especializadas.<\/li>\n<\/ul>\n<p style=\"margin-top: 30px;\"><strong>Hay cinco facultades situadas en tres campus principales:<\/strong><\/p>\n<ul>\n<li>El Campus Cient\u00edfico y Tecnol\u00f3gico, situado en Monte Dago (Ancona), alberga las facultades de Ingenier\u00eda, Agricultura y Ciencias;<\/li>\n<li>El Campus Biol\u00f3gico, Cient\u00edfico y Sanitario de Torrette (Ancona) es un complejo construido espec\u00edficamente para satisfacer las necesidades de las actividades docentes y de investigaci\u00f3n de la Facultad de Medicina y Cirug\u00eda;<\/li>\n<li>El campus de la Facultad de Econom\u00eda, en el centro hist\u00f3rico de Ancona, est\u00e1 situado en el antiguo cuartel del siglo XIX Caserma Villarey, que ha sido renovado. La Universit\u00e0 Politecnica delle Marche tambi\u00e9n ofrece otros cursos en las ciudades de Ascoli Piceno, Fabriano, Fermo, Macerata, Pesaro y San Benedetto del Tronto, en toda la regi\u00f3n de Las Marcas.<\/li>\n<\/ul>\n<p style=\"margin-top:30px;\"><a href=\"https:\/\/www.univpm.it\/Entra\/Universita_Politecnica_delle_Marche_Home\/L\/1\" target=\"_blank\" rel=\"noopener noreferrer\">Pulse aqu\u00ed\u00a0<\/a>para acceder al sitio web de la Universidad.<\/p>\n<\/div>\n<\/div>\n<\/div>\n<\/div>\n\t\t\t\t\t\t\t\t<\/div>\n\t\t\t\t<\/div>\n\t\t\t\t\t<\/div>\n\t\t\t\t<\/div>\n\t\t\t\t<\/div>","protected":false},"excerpt":{"rendered":"<p>La Universit\u00e0 Politecnica delle Marche est\u00e1 situada en Ancona, en el centro de Italia, y fue fundada hace m\u00e1s de 50 a\u00f1os. La Universidad cuenta con 5 facultades en los campos de Econom\u00eda, Ingenier\u00eda , Agricultura, Ciencias, Medicina y Cirug\u00eda. La Universidad ofrece cursos de licenciatura, cursos de m\u00e1ster, cursos de doctorado y escuelas de especializaci\u00f3n. El campus principal se encuentra en Ancona [...]<\/p>","protected":false},"author":1,"featured_media":50183,"parent":0,"menu_order":0,"comment_status":"closed","ping_status":"closed","template":"","meta":{"footnotes":""},"class_list":["post-50531","page","type-page","status-publish","has-post-thumbnail","hentry"],"yoast_head":"<!-- This site is optimized with the Yoast SEO plugin v26.0 - https:\/\/yoast.com\/wordpress\/plugins\/seo\/ -->\n<title>Universit\u00e0 Politecnica delle Marche: Innovation and Education in Italy<\/title>\n<meta name=\"description\" content=\"UNIVPM offers top-tier programs in science, engineering, economics, and medicine, with a focus on research and international collaboration.\" \/>\n<meta name=\"robots\" content=\"index, follow, max-snippet:-1, max-image-preview:large, max-video-preview:-1\" \/>\n<link rel=\"canonical\" href=\"https:\/\/aea.academy\/es\/rec-project\/\" \/>\n<meta property=\"og:locale\" content=\"es_ES\" \/>\n<meta property=\"og:type\" content=\"article\" \/>\n<meta property=\"og:title\" content=\"Universit\u00e0 Politecnica delle Marche: Innovation and Education in Italy\" \/>\n<meta property=\"og:description\" content=\"UNIVPM offers top-tier programs in science, engineering, economics, and medicine, with a focus on research and international collaboration.\" \/>\n<meta property=\"og:url\" content=\"https:\/\/aea.academy\/es\/rec-project\/\" \/>\n<meta property=\"og:site_name\" content=\"Advenio eAcademy Malta\" \/>\n<meta property=\"article:publisher\" content=\"https:\/\/www.facebook.com\/people\/Advenio-eAcademy\/100064132746001\/\" \/>\n<meta property=\"article:modified_time\" content=\"2024-10-07T23:58:31+00:00\" \/>\n<meta property=\"og:image\" content=\"https:\/\/aea.academy\/wp-content\/uploads\/2024\/09\/rec1-1355-450x0-1-150x150-1.png\" \/>\n\t<meta property=\"og:image:width\" content=\"150\" \/>\n\t<meta property=\"og:image:height\" content=\"150\" \/>\n\t<meta property=\"og:image:type\" content=\"image\/png\" \/>\n<meta name=\"twitter:card\" content=\"summary_large_image\" \/>\n<meta name=\"twitter:label1\" content=\"Tiempo de lectura\" \/>\n\t<meta name=\"twitter:data1\" content=\"2 minutos\" \/>\n<script type=\"application\/ld+json\" class=\"yoast-schema-graph\">{\"@context\":\"https:\/\/schema.org\",\"@graph\":[{\"@type\":\"WebPage\",\"@id\":\"https:\/\/aea.academy\/rec-project\/\",\"url\":\"https:\/\/aea.academy\/rec-project\/\",\"name\":\"Universit\u00e0 Politecnica delle Marche: Innovation and Education in Italy\",\"isPartOf\":{\"@id\":\"https:\/\/aea.academy\/#website\"},\"primaryImageOfPage\":{\"@id\":\"https:\/\/aea.academy\/rec-project\/#primaryimage\"},\"image\":{\"@id\":\"https:\/\/aea.academy\/rec-project\/#primaryimage\"},\"thumbnailUrl\":\"https:\/\/aea.academy\/wp-content\/uploads\/2024\/09\/rec1-1355-450x0-1-150x150-1.png\",\"datePublished\":\"2024-09-20T17:54:27+00:00\",\"dateModified\":\"2024-10-07T23:58:31+00:00\",\"description\":\"UNIVPM offers top-tier programs in science, engineering, economics, and medicine, with a focus on research and international collaboration.\",\"breadcrumb\":{\"@id\":\"https:\/\/aea.academy\/rec-project\/#breadcrumb\"},\"inLanguage\":\"es\",\"potentialAction\":[{\"@type\":\"ReadAction\",\"target\":[\"https:\/\/aea.academy\/rec-project\/\"]}]},{\"@type\":\"ImageObject\",\"inLanguage\":\"es\",\"@id\":\"https:\/\/aea.academy\/rec-project\/#primaryimage\",\"url\":\"https:\/\/aea.academy\/wp-content\/uploads\/2024\/09\/rec1-1355-450x0-1-150x150-1.png\",\"contentUrl\":\"https:\/\/aea.academy\/wp-content\/uploads\/2024\/09\/rec1-1355-450x0-1-150x150-1.png\",\"width\":150,\"height\":150,\"caption\":\"REC Project\"},{\"@type\":\"BreadcrumbList\",\"@id\":\"https:\/\/aea.academy\/rec-project\/#breadcrumb\",\"itemListElement\":[{\"@type\":\"ListItem\",\"position\":1,\"name\":\"Home\",\"item\":\"https:\/\/aea.academy\/\"},{\"@type\":\"ListItem\",\"position\":2,\"name\":\"REC Project\"}]},{\"@type\":\"WebSite\",\"@id\":\"https:\/\/aea.academy\/#website\",\"url\":\"https:\/\/aea.academy\/\",\"name\":\"AeA Academy\",\"description\":\"Advenio eAcademy Malta\",\"publisher\":{\"@id\":\"https:\/\/aea.academy\/#organization\"},\"potentialAction\":[{\"@type\":\"SearchAction\",\"target\":{\"@type\":\"EntryPoint\",\"urlTemplate\":\"https:\/\/aea.academy\/?s={search_term_string}\"},\"query-input\":{\"@type\":\"PropertyValueSpecification\",\"valueRequired\":true,\"valueName\":\"search_term_string\"}}],\"inLanguage\":\"es\"},{\"@type\":\"Organization\",\"@id\":\"https:\/\/aea.academy\/#organization\",\"name\":\"AeA Academy\",\"url\":\"https:\/\/aea.academy\/\",\"logo\":{\"@type\":\"ImageObject\",\"inLanguage\":\"es\",\"@id\":\"https:\/\/aea.academy\/#\/schema\/logo\/image\/\",\"url\":\"https:\/\/aea.academy\/wp-content\/uploads\/2024\/09\/20220906-Advenio-vector-with-text-2813x946.png\",\"contentUrl\":\"https:\/\/aea.academy\/wp-content\/uploads\/2024\/09\/20220906-Advenio-vector-with-text-2813x946.png\",\"width\":2816,\"height\":947,\"caption\":\"AeA Academy\"},\"image\":{\"@id\":\"https:\/\/aea.academy\/#\/schema\/logo\/image\/\"},\"sameAs\":[\"https:\/\/www.facebook.com\/people\/Advenio-eAcademy\/100064132746001\/\",\"https:\/\/www.instagram.com\/advenio_eacademy\/\",\"https:\/\/www.linkedin.com\/uas\/login?session_redirect=school10402143\",\"https:\/\/www.youtube.com\/@advenioeacademy5728\"]}]}<\/script>\n<!-- \/ Yoast SEO plugin. -->","yoast_head_json":{"title":"Universit\u00e0 Politecnica delle Marche: Innovation and Education in Italy","description":"UNIVPM offers top-tier programs in science, engineering, economics, and medicine, with a focus on research and international collaboration.","robots":{"index":"index","follow":"follow","max-snippet":"max-snippet:-1","max-image-preview":"max-image-preview:large","max-video-preview":"max-video-preview:-1"},"canonical":"https:\/\/aea.academy\/es\/rec-project\/","og_locale":"es_ES","og_type":"article","og_title":"Universit\u00e0 Politecnica delle Marche: Innovation and Education in Italy","og_description":"UNIVPM offers top-tier programs in science, engineering, economics, and medicine, with a focus on research and international collaboration.","og_url":"https:\/\/aea.academy\/es\/rec-project\/","og_site_name":"Advenio eAcademy Malta","article_publisher":"https:\/\/www.facebook.com\/people\/Advenio-eAcademy\/100064132746001\/","article_modified_time":"2024-10-07T23:58:31+00:00","og_image":[{"width":150,"height":150,"url":"https:\/\/aea.academy\/wp-content\/uploads\/2024\/09\/rec1-1355-450x0-1-150x150-1.png","type":"image\/png"}],"twitter_card":"summary_large_image","twitter_misc":{"Tiempo de lectura":"2 minutos"},"schema":{"@context":"https:\/\/schema.org","@graph":[{"@type":"WebPage","@id":"https:\/\/aea.academy\/rec-project\/","url":"https:\/\/aea.academy\/rec-project\/","name":"Universit\u00e0 Politecnica delle Marche: Innovation and Education in Italy","isPartOf":{"@id":"https:\/\/aea.academy\/#website"},"primaryImageOfPage":{"@id":"https:\/\/aea.academy\/rec-project\/#primaryimage"},"image":{"@id":"https:\/\/aea.academy\/rec-project\/#primaryimage"},"thumbnailUrl":"https:\/\/aea.academy\/wp-content\/uploads\/2024\/09\/rec1-1355-450x0-1-150x150-1.png","datePublished":"2024-09-20T17:54:27+00:00","dateModified":"2024-10-07T23:58:31+00:00","description":"UNIVPM offers top-tier programs in science, engineering, economics, and medicine, with a focus on research and international collaboration.","breadcrumb":{"@id":"https:\/\/aea.academy\/rec-project\/#breadcrumb"},"inLanguage":"es","potentialAction":[{"@type":"ReadAction","target":["https:\/\/aea.academy\/rec-project\/"]}]},{"@type":"ImageObject","inLanguage":"es","@id":"https:\/\/aea.academy\/rec-project\/#primaryimage","url":"https:\/\/aea.academy\/wp-content\/uploads\/2024\/09\/rec1-1355-450x0-1-150x150-1.png","contentUrl":"https:\/\/aea.academy\/wp-content\/uploads\/2024\/09\/rec1-1355-450x0-1-150x150-1.png","width":150,"height":150,"caption":"REC Project"},{"@type":"BreadcrumbList","@id":"https:\/\/aea.academy\/rec-project\/#breadcrumb","itemListElement":[{"@type":"ListItem","position":1,"name":"Home","item":"https:\/\/aea.academy\/"},{"@type":"ListItem","position":2,"name":"REC Project"}]},{"@type":"WebSite","@id":"https:\/\/aea.academy\/#website","url":"https:\/\/aea.academy\/","name":"Academia AeA","description":"Advenio eAcademy Malta","publisher":{"@id":"https:\/\/aea.academy\/#organization"},"potentialAction":[{"@type":"SearchAction","target":{"@type":"EntryPoint","urlTemplate":"https:\/\/aea.academy\/?s={search_term_string}"},"query-input":{"@type":"PropertyValueSpecification","valueRequired":true,"valueName":"search_term_string"}}],"inLanguage":"es"},{"@type":"Organization","@id":"https:\/\/aea.academy\/#organization","name":"Academia AeA","url":"https:\/\/aea.academy\/","logo":{"@type":"ImageObject","inLanguage":"es","@id":"https:\/\/aea.academy\/#\/schema\/logo\/image\/","url":"https:\/\/aea.academy\/wp-content\/uploads\/2024\/09\/20220906-Advenio-vector-with-text-2813x946.png","contentUrl":"https:\/\/aea.academy\/wp-content\/uploads\/2024\/09\/20220906-Advenio-vector-with-text-2813x946.png","width":2816,"height":947,"caption":"AeA Academy"},"image":{"@id":"https:\/\/aea.academy\/#\/schema\/logo\/image\/"},"sameAs":["https:\/\/www.facebook.com\/people\/Advenio-eAcademy\/100064132746001\/","https:\/\/www.instagram.com\/advenio_eacademy\/","https:\/\/www.linkedin.com\/uas\/login?session_redirect=school10402143","https:\/\/www.youtube.com\/@advenioeacademy5728"]}]}},"_links":{"self":[{"href":"https:\/\/aea.academy\/es\/wp-json\/wp\/v2\/pages\/50531","targetHints":{"allow":["GET"]}}],"collection":[{"href":"https:\/\/aea.academy\/es\/wp-json\/wp\/v2\/pages"}],"about":[{"href":"https:\/\/aea.academy\/es\/wp-json\/wp\/v2\/types\/page"}],"author":[{"embeddable":true,"href":"https:\/\/aea.academy\/es\/wp-json\/wp\/v2\/users\/1"}],"replies":[{"embeddable":true,"href":"https:\/\/aea.academy\/es\/wp-json\/wp\/v2\/comments?post=50531"}],"version-history":[{"count":0,"href":"https:\/\/aea.academy\/es\/wp-json\/wp\/v2\/pages\/50531\/revisions"}],"wp:featuredmedia":[{"embeddable":true,"href":"https:\/\/aea.academy\/es\/wp-json\/wp\/v2\/media\/50183"}],"wp:attachment":[{"href":"https:\/\/aea.academy\/es\/wp-json\/wp\/v2\/media?parent=50531"}],"curies":[{"name":"wp","href":"https:\/\/api.w.org\/{rel}","templated":true}]}}