{"id":51161,"date":"2024-09-23T19:30:41","date_gmt":"2024-09-23T19:30:41","guid":{"rendered":"https:\/\/aea.academy\/?page_id=51161"},"modified":"2026-04-28T09:07:01","modified_gmt":"2026-04-28T09:07:01","slug":"get-qualified-scheme-malta-enterprise","status":"publish","type":"page","link":"https:\/\/aea.academy\/es\/get-qualified-scheme-malta-enterprise\/","title":{"rendered":"Programa Get Qualified - Malta Enterprise"},"content":{"rendered":"<div data-elementor-type=\"wp-page\" data-elementor-id=\"51161\" class=\"elementor elementor-51161\" data-elementor-post-type=\"page\">\n\t\t\t\t<div class=\"elementor-element elementor-element-5680862 e-flex e-con-boxed e-con e-parent\" data-id=\"5680862\" data-element_type=\"container\" data-e-type=\"container\">\n\t\t\t\t\t<div class=\"e-con-inner\">\n\t\t<div class=\"elementor-element elementor-element-61fa277 e-con-full e-flex e-con e-child\" data-id=\"61fa277\" data-element_type=\"container\" data-e-type=\"container\">\n\t\t\t\t<div class=\"elementor-element elementor-element-387d12c elementor-widget elementor-widget-image\" data-id=\"387d12c\" data-element_type=\"widget\" data-e-type=\"widget\" data-widget_type=\"image.default\">\n\t\t\t\t<div class=\"elementor-widget-container\">\n\t\t\t\t\t\t\t\t\t\t\t\t\t\t\t<img fetchpriority=\"high\" decoding=\"async\" width=\"1024\" height=\"320\" src=\"https:\/\/aea.academy\/wp-content\/uploads\/2026\/04\/get-qualified-malta-ent--1024x320.png\" class=\"attachment-large size-large wp-image-56999\" alt=\"\" srcset=\"https:\/\/aea.academy\/wp-content\/uploads\/2026\/04\/get-qualified-malta-ent--1024x320.png 1024w, https:\/\/aea.academy\/wp-content\/uploads\/2026\/04\/get-qualified-malta-ent--300x94.png 300w, https:\/\/aea.academy\/wp-content\/uploads\/2026\/04\/get-qualified-malta-ent--768x240.png 768w, https:\/\/aea.academy\/wp-content\/uploads\/2026\/04\/get-qualified-malta-ent--18x6.png 18w, https:\/\/aea.academy\/wp-content\/uploads\/2026\/04\/get-qualified-malta-ent--600x188.png 600w, https:\/\/aea.academy\/wp-content\/uploads\/2026\/04\/get-qualified-malta-ent--1033x323.png 1033w, https:\/\/aea.academy\/wp-content\/uploads\/2026\/04\/get-qualified-malta-ent-.png 1036w\" sizes=\"(max-width: 1024px) 100vw, 1024px\" \/>\t\t\t\t\t\t\t\t\t\t\t\t\t\t\t<\/div>\n\t\t\t\t<\/div>\n\t\t\t\t<\/div>\n\t\t\t\t\t<\/div>\n\t\t\t\t<\/div>\n\t\t<div class=\"elementor-element elementor-element-ab0dcf2 e-flex e-con-boxed e-con e-parent\" data-id=\"ab0dcf2\" data-element_type=\"container\" data-e-type=\"container\">\n\t\t\t\t\t<div class=\"e-con-inner\">\n\t\t\t\t<div class=\"elementor-element elementor-element-128cf07 elementor-widget elementor-widget-text-editor\" data-id=\"128cf07\" data-element_type=\"widget\" data-e-type=\"widget\" data-widget_type=\"text-editor.default\">\n\t\t\t\t<div class=\"elementor-widget-container\">\n\t\t\t\t\t\t\t\t\t<p><strong>Get Qualified Scheme est\u00e1 regido oficialmente por Malta Enterprise.<\/strong><\/p>\n<p><em>\"El objetivo de este incentivo es apoyar el desarrollo personal de las personas que aspiran a obtener las cualificaciones y certificaciones exigidas por la industria.  El incentivo es aplicable a los estudiantes que sigan un curso de estudios conducente a una certificaci\u00f3n, diploma, licenciatura o cursos de postgrado.  Una vez finalizado con \u00e9xito, el estudiante se beneficiar\u00e1 de un cr\u00e9dito fiscal, recuperando as\u00ed parte de los costes incurridos.\"<\/em><\/p>\n<p>Pueden acogerse a este beneficio fiscal las personas que financien sus propios estudios.<\/p>\n<p><strong>Costes subvencionables:<\/strong><\/p>\n<p>Los siguientes costes pueden optar a cr\u00e9ditos fiscales:<\/p>\n<ol>\n<li>Derechos de inscripci\u00f3n abonados al organismo que expide el t\u00edtulo.<\/li>\n<li>Tasas abonadas a la universidad, instituci\u00f3n u otra entidad reconocida por Malta Enterprise por los servicios de formaci\u00f3n y educaci\u00f3n conducentes a la obtenci\u00f3n del t\u00edtulo homologado.<\/li>\n<li>Tasas de examen, incluido el coste de una (1) repetici\u00f3n por examen o trabajo necesario para obtener el t\u00edtulo homologado.<\/li>\n<li>Tasas bancarias abonadas al Instituto que expide el t\u00edtulo.<\/li>\n<\/ol>\n<p>El valor m\u00e1ximo de los cr\u00e9ditos fiscales ser\u00e1 de 70% de los costes subvencionables.<\/p>\n<p>Los estudiantes pueden inscribirse ellos mismos accediendo al portal de la siguiente manera <a href=\"https:\/\/getqualified.maltaenterprise.com\/Account\/Register\" target=\"_blank\" rel=\"noopener\">enlace<\/a>:<\/p>\n<p>Una vez inscritos, los estudiantes recibir\u00e1n un nombre de usuario y una contrase\u00f1a que les permitir\u00e1n acceder al sistema en l\u00ednea y presentar su solicitud.   Se recuerda a los estudiantes que, una vez inscritos, deber\u00e1n presentar su solicitud a trav\u00e9s del sistema en l\u00ednea en el plazo de UN a\u00f1o a partir de la fecha de inicio del curso.<\/p>\n<p><a href=\"https:\/\/www.servizz.gov.mt\/en\/Pages\/Education_-Science-and-Technology\/Education-Services\/Scholarships\/WEB2016\/default.aspx\" target=\"_blank\" style=\"background-color: rgb(255, 255, 255);\">Pulse aqu\u00ed<\/a>&nbsp;para m\u00e1s informaci\u00f3n sobre este sistema (incluidas las directrices sobre incentivos, el formulario de solicitud y la lista de cualificaciones acreditadas).<\/p>\n\t\t\t\t\t\t\t\t<\/div>\n\t\t\t\t<\/div>\n\t\t\t\t\t<\/div>\n\t\t\t\t<\/div>\n\t\t\t\t<\/div>","protected":false},"excerpt":{"rendered":"<p>Get Qualified Scheme est\u00e1 regido oficialmente por Malta Enterprise. \"El objetivo de este incentivo es apoyar el desarrollo personal de las personas que aspiran a obtener las cualificaciones y certificaciones exigidas por la industria.  El incentivo es aplicable a los estudiantes que sigan un curso de estudios conducente a una certificaci\u00f3n, diploma, licenciatura o cursos de postgrado.  Una vez superados [...]<\/p>","protected":false},"author":1,"featured_media":50824,"parent":0,"menu_order":0,"comment_status":"closed","ping_status":"closed","template":"","meta":{"footnotes":""},"class_list":["post-51161","page","type-page","status-publish","has-post-thumbnail","hentry"],"yoast_head":"<!-- This site is optimized with the Yoast SEO plugin v27.4 - https:\/\/yoast.com\/product\/yoast-seo-wordpress\/ -->\n<title>Get Qualified Scheme | Advenio eAcademy<\/title>\n<meta name=\"description\" content=\"Take advantage of the Get Qualified Scheme to receive tax credits while earning your certification. Learn about eligibility and benefits here!\" \/>\n<meta name=\"robots\" content=\"index, follow, max-snippet:-1, max-image-preview:large, max-video-preview:-1\" \/>\n<link rel=\"canonical\" href=\"https:\/\/aea.academy\/es\/get-qualified-scheme-malta-enterprise\/\" \/>\n<meta property=\"og:locale\" content=\"es_ES\" \/>\n<meta property=\"og:type\" content=\"article\" \/>\n<meta property=\"og:title\" content=\"Get Qualified Scheme | Advenio eAcademy\" \/>\n<meta property=\"og:description\" content=\"Take advantage of the Get Qualified Scheme to receive tax credits while earning your certification. Learn about eligibility and benefits here!\" \/>\n<meta property=\"og:url\" content=\"https:\/\/aea.academy\/es\/get-qualified-scheme-malta-enterprise\/\" \/>\n<meta property=\"og:site_name\" content=\"Advenio eAcademy Malta\" \/>\n<meta property=\"article:publisher\" content=\"https:\/\/www.facebook.com\/people\/Advenio-eAcademy\/100064132746001\/\" \/>\n<meta property=\"article:modified_time\" content=\"2026-04-28T09:07:01+00:00\" \/>\n<meta property=\"og:image\" content=\"https:\/\/aea.academy\/wp-content\/uploads\/2024\/09\/getqualified-150x150-1-149x149.png\" \/>\n\t<meta property=\"og:image:width\" content=\"150\" \/>\n\t<meta property=\"og:image:height\" content=\"150\" \/>\n\t<meta property=\"og:image:type\" content=\"image\/png\" \/>\n<meta name=\"twitter:card\" content=\"summary_large_image\" \/>\n<meta name=\"twitter:label1\" content=\"Tiempo de lectura\" \/>\n\t<meta name=\"twitter:data1\" content=\"2 minutos\" \/>\n<script type=\"application\/ld+json\" class=\"yoast-schema-graph\">{\"@context\":\"https:\\\/\\\/schema.org\",\"@graph\":[{\"@type\":\"WebPage\",\"@id\":\"https:\\\/\\\/aea.academy\\\/get-qualified-scheme-malta-enterprise\\\/\",\"url\":\"https:\\\/\\\/aea.academy\\\/get-qualified-scheme-malta-enterprise\\\/\",\"name\":\"Get Qualified Scheme | Advenio eAcademy\",\"isPartOf\":{\"@id\":\"https:\\\/\\\/aea.academy\\\/#website\"},\"primaryImageOfPage\":{\"@id\":\"https:\\\/\\\/aea.academy\\\/get-qualified-scheme-malta-enterprise\\\/#primaryimage\"},\"image\":{\"@id\":\"https:\\\/\\\/aea.academy\\\/get-qualified-scheme-malta-enterprise\\\/#primaryimage\"},\"thumbnailUrl\":\"https:\\\/\\\/aea.academy\\\/wp-content\\\/uploads\\\/2024\\\/09\\\/getqualified-150x150-1-149x149.png\",\"datePublished\":\"2024-09-23T19:30:41+00:00\",\"dateModified\":\"2026-04-28T09:07:01+00:00\",\"description\":\"Take advantage of the Get Qualified Scheme to receive tax credits while earning your certification. Learn about eligibility and benefits here!\",\"breadcrumb\":{\"@id\":\"https:\\\/\\\/aea.academy\\\/get-qualified-scheme-malta-enterprise\\\/#breadcrumb\"},\"inLanguage\":\"es\",\"potentialAction\":[{\"@type\":\"ReadAction\",\"target\":[\"https:\\\/\\\/aea.academy\\\/get-qualified-scheme-malta-enterprise\\\/\"]}]},{\"@type\":\"ImageObject\",\"inLanguage\":\"es\",\"@id\":\"https:\\\/\\\/aea.academy\\\/get-qualified-scheme-malta-enterprise\\\/#primaryimage\",\"url\":\"https:\\\/\\\/aea.academy\\\/wp-content\\\/uploads\\\/2024\\\/09\\\/getqualified-150x150-1-149x149.png\",\"contentUrl\":\"https:\\\/\\\/aea.academy\\\/wp-content\\\/uploads\\\/2024\\\/09\\\/getqualified-150x150-1-149x149.png\",\"width\":150,\"height\":150,\"caption\":\"Get Qualified Scheme \u2013 Malta Enterprise\"},{\"@type\":\"BreadcrumbList\",\"@id\":\"https:\\\/\\\/aea.academy\\\/get-qualified-scheme-malta-enterprise\\\/#breadcrumb\",\"itemListElement\":[{\"@type\":\"ListItem\",\"position\":1,\"name\":\"Home\",\"item\":\"https:\\\/\\\/aea.academy\\\/\"},{\"@type\":\"ListItem\",\"position\":2,\"name\":\"Get Qualified Scheme &#8211; Malta Enterprise\"}]},{\"@type\":\"WebSite\",\"@id\":\"https:\\\/\\\/aea.academy\\\/#website\",\"url\":\"https:\\\/\\\/aea.academy\\\/\",\"name\":\"AeA Academy\",\"description\":\"Advenio eAcademy Malta\",\"publisher\":{\"@id\":\"https:\\\/\\\/aea.academy\\\/#organization\"},\"potentialAction\":[{\"@type\":\"SearchAction\",\"target\":{\"@type\":\"EntryPoint\",\"urlTemplate\":\"https:\\\/\\\/aea.academy\\\/?s={search_term_string}\"},\"query-input\":{\"@type\":\"PropertyValueSpecification\",\"valueRequired\":true,\"valueName\":\"search_term_string\"}}],\"inLanguage\":\"es\"},{\"@type\":\"Organization\",\"@id\":\"https:\\\/\\\/aea.academy\\\/#organization\",\"name\":\"AeA Academy\",\"url\":\"https:\\\/\\\/aea.academy\\\/\",\"logo\":{\"@type\":\"ImageObject\",\"inLanguage\":\"es\",\"@id\":\"https:\\\/\\\/aea.academy\\\/#\\\/schema\\\/logo\\\/image\\\/\",\"url\":\"https:\\\/\\\/aea.academy\\\/wp-content\\\/uploads\\\/2024\\\/09\\\/20220906-Advenio-vector-with-text-2813x946.png\",\"contentUrl\":\"https:\\\/\\\/aea.academy\\\/wp-content\\\/uploads\\\/2024\\\/09\\\/20220906-Advenio-vector-with-text-2813x946.png\",\"width\":2816,\"height\":947,\"caption\":\"AeA Academy\"},\"image\":{\"@id\":\"https:\\\/\\\/aea.academy\\\/#\\\/schema\\\/logo\\\/image\\\/\"},\"sameAs\":[\"https:\\\/\\\/www.facebook.com\\\/people\\\/Advenio-eAcademy\\\/100064132746001\\\/\",\"https:\\\/\\\/www.instagram.com\\\/advenio_eacademy\\\/\",\"https:\\\/\\\/www.linkedin.com\\\/uas\\\/login?session_redirect=school10402143\",\"https:\\\/\\\/www.youtube.com\\\/@advenioeacademy5728\"]}]}<\/script>\n<!-- \/ Yoast SEO plugin. -->","yoast_head_json":{"title":"Get Qualified Scheme | Advenio eAcademy","description":"Take advantage of the Get Qualified Scheme to receive tax credits while earning your certification. Learn about eligibility and benefits here!","robots":{"index":"index","follow":"follow","max-snippet":"max-snippet:-1","max-image-preview":"max-image-preview:large","max-video-preview":"max-video-preview:-1"},"canonical":"https:\/\/aea.academy\/es\/get-qualified-scheme-malta-enterprise\/","og_locale":"es_ES","og_type":"article","og_title":"Get Qualified Scheme | Advenio eAcademy","og_description":"Take advantage of the Get Qualified Scheme to receive tax credits while earning your certification. Learn about eligibility and benefits here!","og_url":"https:\/\/aea.academy\/es\/get-qualified-scheme-malta-enterprise\/","og_site_name":"Advenio eAcademy Malta","article_publisher":"https:\/\/www.facebook.com\/people\/Advenio-eAcademy\/100064132746001\/","article_modified_time":"2026-04-28T09:07:01+00:00","og_image":[{"width":150,"height":150,"url":"https:\/\/aea.academy\/wp-content\/uploads\/2024\/09\/getqualified-150x150-1-149x149.png","type":"image\/png"}],"twitter_card":"summary_large_image","twitter_misc":{"Tiempo de lectura":"2 minutos"},"schema":{"@context":"https:\/\/schema.org","@graph":[{"@type":"WebPage","@id":"https:\/\/aea.academy\/get-qualified-scheme-malta-enterprise\/","url":"https:\/\/aea.academy\/get-qualified-scheme-malta-enterprise\/","name":"Get Qualified Scheme | Advenio eAcademy","isPartOf":{"@id":"https:\/\/aea.academy\/#website"},"primaryImageOfPage":{"@id":"https:\/\/aea.academy\/get-qualified-scheme-malta-enterprise\/#primaryimage"},"image":{"@id":"https:\/\/aea.academy\/get-qualified-scheme-malta-enterprise\/#primaryimage"},"thumbnailUrl":"https:\/\/aea.academy\/wp-content\/uploads\/2024\/09\/getqualified-150x150-1-149x149.png","datePublished":"2024-09-23T19:30:41+00:00","dateModified":"2026-04-28T09:07:01+00:00","description":"Take advantage of the Get Qualified Scheme to receive tax credits while earning your certification. Learn about eligibility and benefits here!","breadcrumb":{"@id":"https:\/\/aea.academy\/get-qualified-scheme-malta-enterprise\/#breadcrumb"},"inLanguage":"es","potentialAction":[{"@type":"ReadAction","target":["https:\/\/aea.academy\/get-qualified-scheme-malta-enterprise\/"]}]},{"@type":"ImageObject","inLanguage":"es","@id":"https:\/\/aea.academy\/get-qualified-scheme-malta-enterprise\/#primaryimage","url":"https:\/\/aea.academy\/wp-content\/uploads\/2024\/09\/getqualified-150x150-1-149x149.png","contentUrl":"https:\/\/aea.academy\/wp-content\/uploads\/2024\/09\/getqualified-150x150-1-149x149.png","width":150,"height":150,"caption":"Get Qualified Scheme \u2013 Malta Enterprise"},{"@type":"BreadcrumbList","@id":"https:\/\/aea.academy\/get-qualified-scheme-malta-enterprise\/#breadcrumb","itemListElement":[{"@type":"ListItem","position":1,"name":"Home","item":"https:\/\/aea.academy\/"},{"@type":"ListItem","position":2,"name":"Get Qualified Scheme &#8211; Malta Enterprise"}]},{"@type":"WebSite","@id":"https:\/\/aea.academy\/#website","url":"https:\/\/aea.academy\/","name":"Academia AeA","description":"Advenio eAcademy Malta","publisher":{"@id":"https:\/\/aea.academy\/#organization"},"potentialAction":[{"@type":"SearchAction","target":{"@type":"EntryPoint","urlTemplate":"https:\/\/aea.academy\/?s={search_term_string}"},"query-input":{"@type":"PropertyValueSpecification","valueRequired":true,"valueName":"search_term_string"}}],"inLanguage":"es"},{"@type":"Organization","@id":"https:\/\/aea.academy\/#organization","name":"Academia AeA","url":"https:\/\/aea.academy\/","logo":{"@type":"ImageObject","inLanguage":"es","@id":"https:\/\/aea.academy\/#\/schema\/logo\/image\/","url":"https:\/\/aea.academy\/wp-content\/uploads\/2024\/09\/20220906-Advenio-vector-with-text-2813x946.png","contentUrl":"https:\/\/aea.academy\/wp-content\/uploads\/2024\/09\/20220906-Advenio-vector-with-text-2813x946.png","width":2816,"height":947,"caption":"AeA Academy"},"image":{"@id":"https:\/\/aea.academy\/#\/schema\/logo\/image\/"},"sameAs":["https:\/\/www.facebook.com\/people\/Advenio-eAcademy\/100064132746001\/","https:\/\/www.instagram.com\/advenio_eacademy\/","https:\/\/www.linkedin.com\/uas\/login?session_redirect=school10402143","https:\/\/www.youtube.com\/@advenioeacademy5728"]}]}},"_links":{"self":[{"href":"https:\/\/aea.academy\/es\/wp-json\/wp\/v2\/pages\/51161","targetHints":{"allow":["GET"]}}],"collection":[{"href":"https:\/\/aea.academy\/es\/wp-json\/wp\/v2\/pages"}],"about":[{"href":"https:\/\/aea.academy\/es\/wp-json\/wp\/v2\/types\/page"}],"author":[{"embeddable":true,"href":"https:\/\/aea.academy\/es\/wp-json\/wp\/v2\/users\/1"}],"replies":[{"embeddable":true,"href":"https:\/\/aea.academy\/es\/wp-json\/wp\/v2\/comments?post=51161"}],"version-history":[{"count":9,"href":"https:\/\/aea.academy\/es\/wp-json\/wp\/v2\/pages\/51161\/revisions"}],"predecessor-version":[{"id":57002,"href":"https:\/\/aea.academy\/es\/wp-json\/wp\/v2\/pages\/51161\/revisions\/57002"}],"wp:featuredmedia":[{"embeddable":true,"href":"https:\/\/aea.academy\/es\/wp-json\/wp\/v2\/media\/50824"}],"wp:attachment":[{"href":"https:\/\/aea.academy\/es\/wp-json\/wp\/v2\/media?parent=51161"}],"curies":[{"name":"wp","href":"https:\/\/api.w.org\/{rel}","templated":true}]}}