{"id":51280,"date":"2024-09-24T17:48:26","date_gmt":"2024-09-24T17:48:26","guid":{"rendered":"https:\/\/aea.academy\/?page_id=51280"},"modified":"2024-10-07T20:10:27","modified_gmt":"2024-10-07T20:10:27","slug":"ebusiness-systems","status":"publish","type":"page","link":"https:\/\/aea.academy\/es\/ebusiness-systems\/","title":{"rendered":"eBusiness Systems"},"content":{"rendered":"<div data-elementor-type=\"wp-page\" data-elementor-id=\"51280\" class=\"elementor elementor-51280\" data-elementor-post-type=\"page\">\n\t\t\t\t<div class=\"elementor-element elementor-element-9d47ed5 e-flex e-con-boxed e-con e-parent\" data-id=\"9d47ed5\" data-element_type=\"container\">\n\t\t\t\t\t<div class=\"e-con-inner\">\n\t\t\t\t<div class=\"elementor-element elementor-element-740dd37 elementor-widget elementor-widget-text-editor\" data-id=\"740dd37\" data-element_type=\"widget\" data-widget_type=\"text-editor.default\">\n\t\t\t\t<div class=\"elementor-widget-container\">\n\t\t\t\t\t\t\t\t\t<div class=\"et_pb_row et_pb_row_0\">\n<div class=\"et_pb_column et_pb_column_1_2 et_pb_column_0 et_pb_css_mix_blend_mode_passthrough\">\n<div class=\"et_pb_module et_pb_text et_pb_text_0 et_pb_text_align_left et_pb_bg_layout_light\">\n<div class=\"et_pb_text_inner\">\n<p>Desde 2003, E-Business Systems de Malta trabaja en el desarrollo y la mejora de su plataforma de aprendizaje electr\u00f3nico, EBLearn. Esta plataforma ofrece un enfoque muy f\u00e1cil de utilizar para el aprendizaje combinado. Permite la integraci\u00f3n sin fisuras de los entornos presenciales tradicionales con las variantes en l\u00ednea m\u00e1s modernas. El sistema permite una flexibilidad total para la matriculaci\u00f3n de alumnos, lo que resulta especialmente atractivo para los entornos de aprendizaje internos. De este modo, los estudiantes pueden matricularse por programa, que comprender\u00eda una serie de cursos cada uno con una serie de m\u00f3dulos en cada curso. Tambi\u00e9n pueden matricularse en un curso individual dentro de un programa, o en m\u00f3dulos espec\u00edficos dentro de cursos individuales de un programa.<\/p>\n<p>EBLearn fue el ganador del premio nacional e-Biz Award 2011 de la Autoridad de Comunicaciones de Malta al mejor uso de la tecnolog\u00eda en educaci\u00f3n y formaci\u00f3n. EBLearn es diferente de la mayor\u00eda de las aplicaciones de aprendizaje electr\u00f3nico del mercado, ya que es altamente personalizable e incluye amplias facilidades para el autoaprendizaje o el aprendizaje en grupo dentro del sistema, que pueden configurarse para adaptarse mejor al estilo y la metodolog\u00eda de aprendizaje de la instituci\u00f3n concreta.<\/p>\n<p><strong>EBLearn est\u00e1 dise\u00f1ado para hacer frente a tres escenarios ambientales diferentes:<\/strong><\/p>\n<ul>\n<li>Instituciones educativas que ofrecen cursos intensivos: EBLearn est\u00e1 preparado para gestionar grandes vol\u00famenes de datos y v\u00eddeo, pero un n\u00famero relativamente peque\u00f1o de estudiantes.<\/li>\n<li>Instituciones de formaci\u00f3n o departamentos de formaci\u00f3n internos: EBLearn est\u00e1 preparado para gestionar vol\u00famenes menores de datos y v\u00eddeo y un n\u00famero moderado de alumnos por cada curso o m\u00f3dulo.<\/li>\n<li>Programas de desarrollo de pr\u00e1cticas continuadas - EBLearn maneja cantidades relativamente peque\u00f1as de datos y v\u00eddeo, pero tiene que hacer frente a miles de estudiantes en cada curso o m\u00f3dulo.<\/li>\n<\/ul>\n<p style=\"margin-top: 30px;\">EBLearn es una soluci\u00f3n llave en mano para organizaciones que buscan soluciones de vanguardia para mejorar la experiencia de aprendizaje de sus participantes. EBLearn se ofrece como software como soluci\u00f3n (SaaS), lo que significa que los clientes no tienen que invertir en hardware ni en equipos de asistencia t\u00e9cnica para hacer funcionar el sistema. Esto garantiza un control m\u00e1s estricto del gasto y un uso m\u00e1s rentable de los recursos. Innovaciones y ventajas de la oferta<\/p>\n<p><strong>Los aspectos innovadores pueden resumirse del siguiente modo:<\/strong><\/p>\n<ul>\n<li>Flexibilidad total en el dise\u00f1o y desarrollo de material de contenido para cursos presenciales tradicionales, para cursos semipresenciales (que incluyen una mezcla de clases interactivas o audiovisuales pregrabadas en l\u00ednea y clases presenciales tradicionales) o para cursos en l\u00ednea (que incluyen \u00fanicamente material documental y audiovisual disponible en l\u00ednea).<\/li>\n<li>Flexibilidad total en el funcionamiento del sistema, ya que se proporciona en modo SaaS, lo que permite una r\u00e1pida escalabilidad y s\u00f3lidas soluciones de copia de seguridad para la continuidad del negocio y la recuperaci\u00f3n en caso de desastre.<br \/>Flexibilidad total en la gesti\u00f3n de los programas con potentes herramientas de gesti\u00f3n de cursos a disposici\u00f3n de los administradores que les permiten utilizar los datos del sistema EBLearn para actuar de forma proactiva con el fin de mejorar los \u00edndices generales de participaci\u00f3n y finalizaci\u00f3n de los cursos por parte de los alumnos.<\/li>\n<\/ul>\n<p style=\"margin-top: 30px;\">EBLearn permite el aprendizaje colaborativo, la tutor\u00eda\/mentor\u00eda en l\u00ednea, la asistencia virtual, la evaluaci\u00f3n en l\u00ednea y la gesti\u00f3n inteligente de documentos.<\/p>\n<p>La plataforma EBLearn difiere de la mayor\u00eda de las aplicaciones de e-learning del mercado, ya que es altamente personalizable e incluye amplias facilidades para el autoaprendizaje o el aprendizaje en grupo dentro del sistema. \u00c9stas pueden configurarse para que se adapten mejor al estilo y la metodolog\u00eda de aprendizaje de cada instituci\u00f3n. Los aspectos innovadores pueden resumirse como sigue:<\/p>\n<ul>\n<li>Flexibilidad total en el dise\u00f1o y desarrollo del material de contenido;<\/li>\n<li>Flexibilidad total en el funcionamiento del sistema, ya que se proporciona en modo SaaS, lo que permite una r\u00e1pida escalabilidad y s\u00f3lidas soluciones de copia de seguridad para la continuidad del negocio y la recuperaci\u00f3n en caso de desastre;<\/li>\n<li>Flexibilidad total en la gesti\u00f3n de los programas con potentes herramientas de gesti\u00f3n de cursos a disposici\u00f3n de los administradores que les permiten utilizar los datos del sistema para actuar de forma proactiva con el fin de mejorar los \u00edndices generales de participaci\u00f3n y finalizaci\u00f3n de los cursos por parte de los estudiantes.<\/li>\n<\/ul>\n<p style=\"margin-top: 30px;\">Para m\u00e1s informaci\u00f3n, visite <a href=\"https:\/\/ebizmalta.com\/\" target=\"_blank\" rel=\"noopener\">sitio web.<\/a><\/p>\n<\/div>\n<\/div>\n<\/div>\n<\/div>\n\t\t\t\t\t\t\t\t<\/div>\n\t\t\t\t<\/div>\n\t\t\t\t\t<\/div>\n\t\t\t\t<\/div>\n\t\t\t\t<\/div>","protected":false},"excerpt":{"rendered":"<p>Desde 2003, E-Business Systems de Malta trabaja en el desarrollo y la mejora de su plataforma de aprendizaje electr\u00f3nico, EBLearn. Esta plataforma ofrece un enfoque muy f\u00e1cil de utilizar para el aprendizaje combinado. Permite la integraci\u00f3n sin fisuras de los entornos presenciales tradicionales con las variantes en l\u00ednea m\u00e1s modernas. El sistema permite una flexibilidad total para la matriculaci\u00f3n de estudiantes, lo que [...]<\/p>","protected":false},"author":1,"featured_media":51339,"parent":0,"menu_order":0,"comment_status":"closed","ping_status":"closed","template":"","meta":{"footnotes":""},"class_list":["post-51280","page","type-page","status-publish","has-post-thumbnail","hentry"],"yoast_head":"<!-- This site is optimized with the Yoast SEO plugin v26.0 - https:\/\/yoast.com\/wordpress\/plugins\/seo\/ -->\n<title>EBLearn | Innovative Learning Platform in Malta<\/title>\n<meta name=\"description\" content=\"Explore EBLearn, the e-learning platform by E-Business Systems. We offer flexible, customizable solutions to enhance your learning experience.\" \/>\n<meta name=\"robots\" content=\"index, follow, max-snippet:-1, max-image-preview:large, max-video-preview:-1\" \/>\n<link rel=\"canonical\" href=\"https:\/\/aea.academy\/es\/ebusiness-systems\/\" \/>\n<meta property=\"og:locale\" content=\"es_ES\" \/>\n<meta property=\"og:type\" content=\"article\" \/>\n<meta property=\"og:title\" content=\"EBLearn | Innovative Learning Platform in Malta\" \/>\n<meta property=\"og:description\" content=\"Explore EBLearn, the e-learning platform by E-Business Systems. We offer flexible, customizable solutions to enhance your learning experience.\" \/>\n<meta property=\"og:url\" content=\"https:\/\/aea.academy\/es\/ebusiness-systems\/\" \/>\n<meta property=\"og:site_name\" content=\"Advenio eAcademy Malta\" \/>\n<meta property=\"article:publisher\" content=\"https:\/\/www.facebook.com\/people\/Advenio-eAcademy\/100064132746001\/\" \/>\n<meta property=\"article:modified_time\" content=\"2024-10-07T20:10:27+00:00\" \/>\n<meta property=\"og:image\" content=\"https:\/\/aea.academy\/wp-content\/uploads\/2024\/09\/eBusiness-Systems-E-white-250-249x249.jpg\" \/>\n\t<meta property=\"og:image:width\" content=\"250\" \/>\n\t<meta property=\"og:image:height\" content=\"250\" \/>\n\t<meta property=\"og:image:type\" content=\"image\/jpeg\" \/>\n<meta name=\"twitter:card\" content=\"summary_large_image\" \/>\n<meta name=\"twitter:label1\" content=\"Tiempo de lectura\" \/>\n\t<meta name=\"twitter:data1\" content=\"3 minutos\" \/>\n<script type=\"application\/ld+json\" class=\"yoast-schema-graph\">{\"@context\":\"https:\/\/schema.org\",\"@graph\":[{\"@type\":\"WebPage\",\"@id\":\"https:\/\/aea.academy\/ebusiness-systems\/\",\"url\":\"https:\/\/aea.academy\/ebusiness-systems\/\",\"name\":\"EBLearn | Innovative Learning Platform in Malta\",\"isPartOf\":{\"@id\":\"https:\/\/aea.academy\/#website\"},\"primaryImageOfPage\":{\"@id\":\"https:\/\/aea.academy\/ebusiness-systems\/#primaryimage\"},\"image\":{\"@id\":\"https:\/\/aea.academy\/ebusiness-systems\/#primaryimage\"},\"thumbnailUrl\":\"https:\/\/aea.academy\/wp-content\/uploads\/2024\/09\/eBusiness-Systems-E-white-250-249x249.jpg\",\"datePublished\":\"2024-09-24T17:48:26+00:00\",\"dateModified\":\"2024-10-07T20:10:27+00:00\",\"description\":\"Explore EBLearn, the e-learning platform by E-Business Systems. We offer flexible, customizable solutions to enhance your learning experience.\",\"breadcrumb\":{\"@id\":\"https:\/\/aea.academy\/ebusiness-systems\/#breadcrumb\"},\"inLanguage\":\"es\",\"potentialAction\":[{\"@type\":\"ReadAction\",\"target\":[\"https:\/\/aea.academy\/ebusiness-systems\/\"]}]},{\"@type\":\"ImageObject\",\"inLanguage\":\"es\",\"@id\":\"https:\/\/aea.academy\/ebusiness-systems\/#primaryimage\",\"url\":\"https:\/\/aea.academy\/wp-content\/uploads\/2024\/09\/eBusiness-Systems-E-white-250-249x249.jpg\",\"contentUrl\":\"https:\/\/aea.academy\/wp-content\/uploads\/2024\/09\/eBusiness-Systems-E-white-250-249x249.jpg\",\"width\":250,\"height\":250,\"caption\":\"eBusiness Systems\"},{\"@type\":\"BreadcrumbList\",\"@id\":\"https:\/\/aea.academy\/ebusiness-systems\/#breadcrumb\",\"itemListElement\":[{\"@type\":\"ListItem\",\"position\":1,\"name\":\"Home\",\"item\":\"https:\/\/aea.academy\/\"},{\"@type\":\"ListItem\",\"position\":2,\"name\":\"eBusiness Systems\"}]},{\"@type\":\"WebSite\",\"@id\":\"https:\/\/aea.academy\/#website\",\"url\":\"https:\/\/aea.academy\/\",\"name\":\"AeA Academy\",\"description\":\"Advenio eAcademy Malta\",\"publisher\":{\"@id\":\"https:\/\/aea.academy\/#organization\"},\"potentialAction\":[{\"@type\":\"SearchAction\",\"target\":{\"@type\":\"EntryPoint\",\"urlTemplate\":\"https:\/\/aea.academy\/?s={search_term_string}\"},\"query-input\":{\"@type\":\"PropertyValueSpecification\",\"valueRequired\":true,\"valueName\":\"search_term_string\"}}],\"inLanguage\":\"es\"},{\"@type\":\"Organization\",\"@id\":\"https:\/\/aea.academy\/#organization\",\"name\":\"AeA Academy\",\"url\":\"https:\/\/aea.academy\/\",\"logo\":{\"@type\":\"ImageObject\",\"inLanguage\":\"es\",\"@id\":\"https:\/\/aea.academy\/#\/schema\/logo\/image\/\",\"url\":\"https:\/\/aea.academy\/wp-content\/uploads\/2024\/09\/20220906-Advenio-vector-with-text-2813x946.png\",\"contentUrl\":\"https:\/\/aea.academy\/wp-content\/uploads\/2024\/09\/20220906-Advenio-vector-with-text-2813x946.png\",\"width\":2816,\"height\":947,\"caption\":\"AeA Academy\"},\"image\":{\"@id\":\"https:\/\/aea.academy\/#\/schema\/logo\/image\/\"},\"sameAs\":[\"https:\/\/www.facebook.com\/people\/Advenio-eAcademy\/100064132746001\/\",\"https:\/\/www.instagram.com\/advenio_eacademy\/\",\"https:\/\/www.linkedin.com\/uas\/login?session_redirect=school10402143\",\"https:\/\/www.youtube.com\/@advenioeacademy5728\"]}]}<\/script>\n<!-- \/ Yoast SEO plugin. -->","yoast_head_json":{"title":"EBLearn | Plataforma de aprendizaje innovadora en Malta","description":"Explore EBLearn, la plataforma de e-learning de E-Business Systems. Ofrecemos soluciones flexibles y personalizables para mejorar su experiencia de aprendizaje.","robots":{"index":"index","follow":"follow","max-snippet":"max-snippet:-1","max-image-preview":"max-image-preview:large","max-video-preview":"max-video-preview:-1"},"canonical":"https:\/\/aea.academy\/es\/ebusiness-systems\/","og_locale":"es_ES","og_type":"article","og_title":"EBLearn | Innovative Learning Platform in Malta","og_description":"Explore EBLearn, the e-learning platform by E-Business Systems. We offer flexible, customizable solutions to enhance your learning experience.","og_url":"https:\/\/aea.academy\/es\/ebusiness-systems\/","og_site_name":"Advenio eAcademy Malta","article_publisher":"https:\/\/www.facebook.com\/people\/Advenio-eAcademy\/100064132746001\/","article_modified_time":"2024-10-07T20:10:27+00:00","og_image":[{"width":250,"height":250,"url":"https:\/\/aea.academy\/wp-content\/uploads\/2024\/09\/eBusiness-Systems-E-white-250-249x249.jpg","type":"image\/jpeg"}],"twitter_card":"summary_large_image","twitter_misc":{"Tiempo de lectura":"3 minutos"},"schema":{"@context":"https:\/\/schema.org","@graph":[{"@type":"WebPage","@id":"https:\/\/aea.academy\/ebusiness-systems\/","url":"https:\/\/aea.academy\/ebusiness-systems\/","name":"EBLearn | Plataforma de aprendizaje innovadora en Malta","isPartOf":{"@id":"https:\/\/aea.academy\/#website"},"primaryImageOfPage":{"@id":"https:\/\/aea.academy\/ebusiness-systems\/#primaryimage"},"image":{"@id":"https:\/\/aea.academy\/ebusiness-systems\/#primaryimage"},"thumbnailUrl":"https:\/\/aea.academy\/wp-content\/uploads\/2024\/09\/eBusiness-Systems-E-white-250-249x249.jpg","datePublished":"2024-09-24T17:48:26+00:00","dateModified":"2024-10-07T20:10:27+00:00","description":"Explore EBLearn, la plataforma de e-learning de E-Business Systems. Ofrecemos soluciones flexibles y personalizables para mejorar su experiencia de aprendizaje.","breadcrumb":{"@id":"https:\/\/aea.academy\/ebusiness-systems\/#breadcrumb"},"inLanguage":"es","potentialAction":[{"@type":"ReadAction","target":["https:\/\/aea.academy\/ebusiness-systems\/"]}]},{"@type":"ImageObject","inLanguage":"es","@id":"https:\/\/aea.academy\/ebusiness-systems\/#primaryimage","url":"https:\/\/aea.academy\/wp-content\/uploads\/2024\/09\/eBusiness-Systems-E-white-250-249x249.jpg","contentUrl":"https:\/\/aea.academy\/wp-content\/uploads\/2024\/09\/eBusiness-Systems-E-white-250-249x249.jpg","width":250,"height":250,"caption":"eBusiness Systems"},{"@type":"BreadcrumbList","@id":"https:\/\/aea.academy\/ebusiness-systems\/#breadcrumb","itemListElement":[{"@type":"ListItem","position":1,"name":"Home","item":"https:\/\/aea.academy\/"},{"@type":"ListItem","position":2,"name":"eBusiness Systems"}]},{"@type":"WebSite","@id":"https:\/\/aea.academy\/#website","url":"https:\/\/aea.academy\/","name":"Academia AeA","description":"Advenio eAcademy Malta","publisher":{"@id":"https:\/\/aea.academy\/#organization"},"potentialAction":[{"@type":"SearchAction","target":{"@type":"EntryPoint","urlTemplate":"https:\/\/aea.academy\/?s={search_term_string}"},"query-input":{"@type":"PropertyValueSpecification","valueRequired":true,"valueName":"search_term_string"}}],"inLanguage":"es"},{"@type":"Organization","@id":"https:\/\/aea.academy\/#organization","name":"Academia AeA","url":"https:\/\/aea.academy\/","logo":{"@type":"ImageObject","inLanguage":"es","@id":"https:\/\/aea.academy\/#\/schema\/logo\/image\/","url":"https:\/\/aea.academy\/wp-content\/uploads\/2024\/09\/20220906-Advenio-vector-with-text-2813x946.png","contentUrl":"https:\/\/aea.academy\/wp-content\/uploads\/2024\/09\/20220906-Advenio-vector-with-text-2813x946.png","width":2816,"height":947,"caption":"AeA Academy"},"image":{"@id":"https:\/\/aea.academy\/#\/schema\/logo\/image\/"},"sameAs":["https:\/\/www.facebook.com\/people\/Advenio-eAcademy\/100064132746001\/","https:\/\/www.instagram.com\/advenio_eacademy\/","https:\/\/www.linkedin.com\/uas\/login?session_redirect=school10402143","https:\/\/www.youtube.com\/@advenioeacademy5728"]}]}},"_links":{"self":[{"href":"https:\/\/aea.academy\/es\/wp-json\/wp\/v2\/pages\/51280","targetHints":{"allow":["GET"]}}],"collection":[{"href":"https:\/\/aea.academy\/es\/wp-json\/wp\/v2\/pages"}],"about":[{"href":"https:\/\/aea.academy\/es\/wp-json\/wp\/v2\/types\/page"}],"author":[{"embeddable":true,"href":"https:\/\/aea.academy\/es\/wp-json\/wp\/v2\/users\/1"}],"replies":[{"embeddable":true,"href":"https:\/\/aea.academy\/es\/wp-json\/wp\/v2\/comments?post=51280"}],"version-history":[{"count":0,"href":"https:\/\/aea.academy\/es\/wp-json\/wp\/v2\/pages\/51280\/revisions"}],"wp:featuredmedia":[{"embeddable":true,"href":"https:\/\/aea.academy\/es\/wp-json\/wp\/v2\/media\/51339"}],"wp:attachment":[{"href":"https:\/\/aea.academy\/es\/wp-json\/wp\/v2\/media?parent=51280"}],"curies":[{"name":"wp","href":"https:\/\/api.w.org\/{rel}","templated":true}]}}