{"id":51282,"date":"2024-09-24T17:48:55","date_gmt":"2024-09-24T17:48:55","guid":{"rendered":"https:\/\/aea.academy\/?page_id=51282"},"modified":"2024-10-07T23:46:39","modified_gmt":"2024-10-07T23:46:39","slug":"sos-malta","status":"publish","type":"page","link":"https:\/\/aea.academy\/es\/sos-malta\/","title":{"rendered":"SOS Malta"},"content":{"rendered":"<div data-elementor-type=\"wp-page\" data-elementor-id=\"51282\" class=\"elementor elementor-51282\" data-elementor-post-type=\"page\">\n\t\t\t\t<div class=\"elementor-element elementor-element-cc5d29b e-flex e-con-boxed e-con e-parent\" data-id=\"cc5d29b\" data-element_type=\"container\" data-e-type=\"container\">\n\t\t\t\t\t<div class=\"e-con-inner\">\n\t\t\t\t<div class=\"elementor-element elementor-element-0bfa2f3 elementor-widget elementor-widget-text-editor\" data-id=\"0bfa2f3\" data-element_type=\"widget\" data-e-type=\"widget\" data-widget_type=\"text-editor.default\">\n\t\t\t\t<div class=\"elementor-widget-container\">\n\t\t\t\t\t\t\t\t\t<div class=\"et_pb_row et_pb_row_0\">\n<div class=\"et_pb_column et_pb_column_1_2 et_pb_column_0 et_pb_css_mix_blend_mode_passthrough\">\n<div class=\"et_pb_module et_pb_text et_pb_text_0 et_pb_text_align_left et_pb_bg_layout_light\">\n<div class=\"et_pb_text_inner\">\n<p>En 2017 Advenio eAcademy estableci\u00f3 un acuerdo marco estrat\u00e9gico con Solidarity Overseas Malta, una de las ONG m\u00e1s activas y reconocidas de Malta. A trav\u00e9s de este acuerdo, Advenio eAcademy se comprometi\u00f3 a asociarse con SOS Malta en el desarrollo, dise\u00f1o, elaboraci\u00f3n e impartici\u00f3n de cursos personalizados para abordar algunos de los problemas sociales m\u00e1s cr\u00edticos, incluyendo la integraci\u00f3n de los migrantes, la violencia dom\u00e9stica, etc. A trav\u00e9s de esta colaboraci\u00f3n, la experiencia sobre el terreno de SOS se combinar\u00e1 con la experiencia en aprendizaje en l\u00ednea del equipo de AeA para desarrollar programas personalizados de aprendizaje en l\u00ednea y semipresenciales en beneficio de los miembros m\u00e1s vulnerables de la sociedad.<\/p>\n<p><strong>Gracias a esta colaboraci\u00f3n, en 2019 se han puesto en marcha tres programas de formaci\u00f3n:<\/strong><\/p>\n<ul>\n<li>Gesti\u00f3n eficaz de una ONG<\/li>\n<li>Premio de apoyo a la violencia de g\u00e9nero para profesionales de RRHH<\/li>\n<li>Certificado a la Gesti\u00f3n de ONG<\/li>\n<\/ul>\n<div>\u00a0<\/div>\n<p>En sus inicios, SOS Malta se fund\u00f3 para atender a los albaneses azotados por el hambre y la pobreza que llegaron a las costas maltesas en barcos cargados a principios de los noventa. Al no poder buscar refugio en nuestra peque\u00f1a isla, se lanz\u00f3 una campa\u00f1a nacional para ayudarles. Esto dio lugar a las primeras visitas de los fundadores de la organizaci\u00f3n al pa\u00eds.<\/p>\n<p>La ayuda humanitaria y los suministros alimentarios de emergencia, junto con prendas de vestir y otros art\u00edculos de primera necesidad, llegaron por primera vez a las costas albanesas en septiembre de 1991. Tras varios llamamientos de ayuda a escala nacional, pronto se comprendi\u00f3 que era necesario un enfoque m\u00e1s estructurado y permanente si se quer\u00eda mejorar la calidad de vida de los albaneses. As\u00ed naci\u00f3 SOS Malta, la primera ONG internacional de Malta.<\/p>\n<p>Desde la entrega de barcos cargados de ayuda humanitaria, SOS Malta se ha convertido en una agencia de desarrollo, que vela por el desarrollo social, econ\u00f3mico y pol\u00edtico a largo plazo de la poblaci\u00f3n albanesa, prestando asistencia en tiempos de crisis, como ocurri\u00f3 durante el colapso de las estafas piramidales en 1997 en el pa\u00eds, as\u00ed como durante la crisis de Kosovo en 1999.<\/p>\n<h3><strong>Misi\u00f3n<\/strong><\/h3>\n<p>Ayudar a las personas que atraviesan tiempos de crisis y capacitarlas proporcion\u00e1ndoles servicios de apoyo y oportunidades para poner en marcha el desarrollo y el cambio en su pa\u00eds con el fin de garantizar una mejor calidad de vida.<\/p>\n<p>Para m\u00e1s informaci\u00f3n, visite <a href=\"https:\/\/www.sosmalta.org\/\" target=\"_blank\" rel=\"noopener\">sitio web.<\/a><\/p>\n<\/div>\n<\/div>\n<\/div>\n<\/div>\n\t\t\t\t\t\t\t\t<\/div>\n\t\t\t\t<\/div>\n\t\t\t\t\t<\/div>\n\t\t\t\t<\/div>\n\t\t\t\t<\/div>","protected":false},"excerpt":{"rendered":"<p>En 2017 Advenio eAcademy estableci\u00f3 un acuerdo marco estrat\u00e9gico con Solidarity Overseas Malta, una de las ONG m\u00e1s activas y reconocidas de Malta. A trav\u00e9s de este acuerdo, Advenio eAcademy se comprometi\u00f3 a asociarse con SOS Malta en el desarrollo, dise\u00f1o, elaboraci\u00f3n e impartici\u00f3n de cursos personalizados para abordar algunos de los problemas sociales m\u00e1s cr\u00edticos, incluida la integraci\u00f3n de los migrantes, [...].<\/p>","protected":false},"author":1,"featured_media":51340,"parent":0,"menu_order":0,"comment_status":"closed","ping_status":"closed","template":"","meta":{"footnotes":""},"class_list":["post-51282","page","type-page","status-publish","has-post-thumbnail","hentry"],"yoast_head":"<!-- This site is optimized with the Yoast SEO plugin v27.4 - https:\/\/yoast.com\/product\/yoast-seo-wordpress\/ -->\n<title>Advenio eAcademy &amp; SOS Malta: Training for Social Impact<\/title>\n<meta name=\"description\" content=\"Advenio eAcademy and SOS Malta deliver courses on NGO management, gender-based violence, and migrant integration to support vulnerable communities.\" \/>\n<meta name=\"robots\" content=\"index, follow, max-snippet:-1, max-image-preview:large, max-video-preview:-1\" \/>\n<link rel=\"canonical\" href=\"https:\/\/aea.academy\/es\/sos-malta\/\" \/>\n<meta property=\"og:locale\" content=\"es_ES\" \/>\n<meta property=\"og:type\" content=\"article\" \/>\n<meta property=\"og:title\" content=\"Advenio eAcademy &amp; SOS Malta: Training for Social Impact\" \/>\n<meta property=\"og:description\" content=\"Advenio eAcademy and SOS Malta deliver courses on NGO management, gender-based violence, and migrant integration to support vulnerable communities.\" \/>\n<meta property=\"og:url\" content=\"https:\/\/aea.academy\/es\/sos-malta\/\" \/>\n<meta property=\"og:site_name\" content=\"Advenio eAcademy Malta\" \/>\n<meta property=\"article:publisher\" content=\"https:\/\/www.facebook.com\/people\/Advenio-eAcademy\/100064132746001\/\" \/>\n<meta property=\"article:modified_time\" content=\"2024-10-07T23:46:39+00:00\" \/>\n<meta property=\"og:image\" content=\"https:\/\/aea.academy\/wp-content\/uploads\/2024\/09\/sos-1-299x299.png\" \/>\n\t<meta property=\"og:image:width\" content=\"300\" \/>\n\t<meta property=\"og:image:height\" content=\"300\" \/>\n\t<meta property=\"og:image:type\" content=\"image\/png\" \/>\n<meta name=\"twitter:card\" content=\"summary_large_image\" \/>\n<meta name=\"twitter:label1\" content=\"Tiempo de lectura\" \/>\n\t<meta name=\"twitter:data1\" content=\"2 minutos\" \/>\n<script type=\"application\/ld+json\" class=\"yoast-schema-graph\">{\"@context\":\"https:\\\/\\\/schema.org\",\"@graph\":[{\"@type\":\"WebPage\",\"@id\":\"https:\\\/\\\/aea.academy\\\/sos-malta\\\/\",\"url\":\"https:\\\/\\\/aea.academy\\\/sos-malta\\\/\",\"name\":\"Advenio eAcademy & SOS Malta: Training for Social Impact\",\"isPartOf\":{\"@id\":\"https:\\\/\\\/aea.academy\\\/#website\"},\"primaryImageOfPage\":{\"@id\":\"https:\\\/\\\/aea.academy\\\/sos-malta\\\/#primaryimage\"},\"image\":{\"@id\":\"https:\\\/\\\/aea.academy\\\/sos-malta\\\/#primaryimage\"},\"thumbnailUrl\":\"https:\\\/\\\/aea.academy\\\/wp-content\\\/uploads\\\/2024\\\/09\\\/sos-1-299x299.png\",\"datePublished\":\"2024-09-24T17:48:55+00:00\",\"dateModified\":\"2024-10-07T23:46:39+00:00\",\"description\":\"Advenio eAcademy and SOS Malta deliver courses on NGO management, gender-based violence, and migrant integration to support vulnerable communities.\",\"breadcrumb\":{\"@id\":\"https:\\\/\\\/aea.academy\\\/sos-malta\\\/#breadcrumb\"},\"inLanguage\":\"es\",\"potentialAction\":[{\"@type\":\"ReadAction\",\"target\":[\"https:\\\/\\\/aea.academy\\\/sos-malta\\\/\"]}]},{\"@type\":\"ImageObject\",\"inLanguage\":\"es\",\"@id\":\"https:\\\/\\\/aea.academy\\\/sos-malta\\\/#primaryimage\",\"url\":\"https:\\\/\\\/aea.academy\\\/wp-content\\\/uploads\\\/2024\\\/09\\\/sos-1-299x299.png\",\"contentUrl\":\"https:\\\/\\\/aea.academy\\\/wp-content\\\/uploads\\\/2024\\\/09\\\/sos-1-299x299.png\",\"width\":300,\"height\":300,\"caption\":\"SOS Malta\"},{\"@type\":\"BreadcrumbList\",\"@id\":\"https:\\\/\\\/aea.academy\\\/sos-malta\\\/#breadcrumb\",\"itemListElement\":[{\"@type\":\"ListItem\",\"position\":1,\"name\":\"Home\",\"item\":\"https:\\\/\\\/aea.academy\\\/\"},{\"@type\":\"ListItem\",\"position\":2,\"name\":\"SOS Malta\"}]},{\"@type\":\"WebSite\",\"@id\":\"https:\\\/\\\/aea.academy\\\/#website\",\"url\":\"https:\\\/\\\/aea.academy\\\/\",\"name\":\"AeA Academy\",\"description\":\"Advenio eAcademy Malta\",\"publisher\":{\"@id\":\"https:\\\/\\\/aea.academy\\\/#organization\"},\"potentialAction\":[{\"@type\":\"SearchAction\",\"target\":{\"@type\":\"EntryPoint\",\"urlTemplate\":\"https:\\\/\\\/aea.academy\\\/?s={search_term_string}\"},\"query-input\":{\"@type\":\"PropertyValueSpecification\",\"valueRequired\":true,\"valueName\":\"search_term_string\"}}],\"inLanguage\":\"es\"},{\"@type\":\"Organization\",\"@id\":\"https:\\\/\\\/aea.academy\\\/#organization\",\"name\":\"AeA Academy\",\"url\":\"https:\\\/\\\/aea.academy\\\/\",\"logo\":{\"@type\":\"ImageObject\",\"inLanguage\":\"es\",\"@id\":\"https:\\\/\\\/aea.academy\\\/#\\\/schema\\\/logo\\\/image\\\/\",\"url\":\"https:\\\/\\\/aea.academy\\\/wp-content\\\/uploads\\\/2024\\\/09\\\/20220906-Advenio-vector-with-text-2813x946.png\",\"contentUrl\":\"https:\\\/\\\/aea.academy\\\/wp-content\\\/uploads\\\/2024\\\/09\\\/20220906-Advenio-vector-with-text-2813x946.png\",\"width\":2816,\"height\":947,\"caption\":\"AeA Academy\"},\"image\":{\"@id\":\"https:\\\/\\\/aea.academy\\\/#\\\/schema\\\/logo\\\/image\\\/\"},\"sameAs\":[\"https:\\\/\\\/www.facebook.com\\\/people\\\/Advenio-eAcademy\\\/100064132746001\\\/\",\"https:\\\/\\\/www.instagram.com\\\/advenio_eacademy\\\/\",\"https:\\\/\\\/www.linkedin.com\\\/uas\\\/login?session_redirect=school10402143\",\"https:\\\/\\\/www.youtube.com\\\/@advenioeacademy5728\"]}]}<\/script>\n<!-- \/ Yoast SEO plugin. -->","yoast_head_json":{"title":"Advenio eAcademy & SOS Malta: Training for Social Impact","description":"Advenio eAcademy and SOS Malta deliver courses on NGO management, gender-based violence, and migrant integration to support vulnerable communities.","robots":{"index":"index","follow":"follow","max-snippet":"max-snippet:-1","max-image-preview":"max-image-preview:large","max-video-preview":"max-video-preview:-1"},"canonical":"https:\/\/aea.academy\/es\/sos-malta\/","og_locale":"es_ES","og_type":"article","og_title":"Advenio eAcademy & SOS Malta: Training for Social Impact","og_description":"Advenio eAcademy and SOS Malta deliver courses on NGO management, gender-based violence, and migrant integration to support vulnerable communities.","og_url":"https:\/\/aea.academy\/es\/sos-malta\/","og_site_name":"Advenio eAcademy Malta","article_publisher":"https:\/\/www.facebook.com\/people\/Advenio-eAcademy\/100064132746001\/","article_modified_time":"2024-10-07T23:46:39+00:00","og_image":[{"width":300,"height":300,"url":"https:\/\/aea.academy\/wp-content\/uploads\/2024\/09\/sos-1-299x299.png","type":"image\/png"}],"twitter_card":"summary_large_image","twitter_misc":{"Tiempo de lectura":"2 minutos"},"schema":{"@context":"https:\/\/schema.org","@graph":[{"@type":"WebPage","@id":"https:\/\/aea.academy\/sos-malta\/","url":"https:\/\/aea.academy\/sos-malta\/","name":"Advenio eAcademy & SOS Malta: Training for Social Impact","isPartOf":{"@id":"https:\/\/aea.academy\/#website"},"primaryImageOfPage":{"@id":"https:\/\/aea.academy\/sos-malta\/#primaryimage"},"image":{"@id":"https:\/\/aea.academy\/sos-malta\/#primaryimage"},"thumbnailUrl":"https:\/\/aea.academy\/wp-content\/uploads\/2024\/09\/sos-1-299x299.png","datePublished":"2024-09-24T17:48:55+00:00","dateModified":"2024-10-07T23:46:39+00:00","description":"Advenio eAcademy and SOS Malta deliver courses on NGO management, gender-based violence, and migrant integration to support vulnerable communities.","breadcrumb":{"@id":"https:\/\/aea.academy\/sos-malta\/#breadcrumb"},"inLanguage":"es","potentialAction":[{"@type":"ReadAction","target":["https:\/\/aea.academy\/sos-malta\/"]}]},{"@type":"ImageObject","inLanguage":"es","@id":"https:\/\/aea.academy\/sos-malta\/#primaryimage","url":"https:\/\/aea.academy\/wp-content\/uploads\/2024\/09\/sos-1-299x299.png","contentUrl":"https:\/\/aea.academy\/wp-content\/uploads\/2024\/09\/sos-1-299x299.png","width":300,"height":300,"caption":"SOS Malta"},{"@type":"BreadcrumbList","@id":"https:\/\/aea.academy\/sos-malta\/#breadcrumb","itemListElement":[{"@type":"ListItem","position":1,"name":"Home","item":"https:\/\/aea.academy\/"},{"@type":"ListItem","position":2,"name":"SOS Malta"}]},{"@type":"WebSite","@id":"https:\/\/aea.academy\/#website","url":"https:\/\/aea.academy\/","name":"Academia AeA","description":"Advenio eAcademy Malta","publisher":{"@id":"https:\/\/aea.academy\/#organization"},"potentialAction":[{"@type":"SearchAction","target":{"@type":"EntryPoint","urlTemplate":"https:\/\/aea.academy\/?s={search_term_string}"},"query-input":{"@type":"PropertyValueSpecification","valueRequired":true,"valueName":"search_term_string"}}],"inLanguage":"es"},{"@type":"Organization","@id":"https:\/\/aea.academy\/#organization","name":"Academia AeA","url":"https:\/\/aea.academy\/","logo":{"@type":"ImageObject","inLanguage":"es","@id":"https:\/\/aea.academy\/#\/schema\/logo\/image\/","url":"https:\/\/aea.academy\/wp-content\/uploads\/2024\/09\/20220906-Advenio-vector-with-text-2813x946.png","contentUrl":"https:\/\/aea.academy\/wp-content\/uploads\/2024\/09\/20220906-Advenio-vector-with-text-2813x946.png","width":2816,"height":947,"caption":"AeA Academy"},"image":{"@id":"https:\/\/aea.academy\/#\/schema\/logo\/image\/"},"sameAs":["https:\/\/www.facebook.com\/people\/Advenio-eAcademy\/100064132746001\/","https:\/\/www.instagram.com\/advenio_eacademy\/","https:\/\/www.linkedin.com\/uas\/login?session_redirect=school10402143","https:\/\/www.youtube.com\/@advenioeacademy5728"]}]}},"_links":{"self":[{"href":"https:\/\/aea.academy\/es\/wp-json\/wp\/v2\/pages\/51282","targetHints":{"allow":["GET"]}}],"collection":[{"href":"https:\/\/aea.academy\/es\/wp-json\/wp\/v2\/pages"}],"about":[{"href":"https:\/\/aea.academy\/es\/wp-json\/wp\/v2\/types\/page"}],"author":[{"embeddable":true,"href":"https:\/\/aea.academy\/es\/wp-json\/wp\/v2\/users\/1"}],"replies":[{"embeddable":true,"href":"https:\/\/aea.academy\/es\/wp-json\/wp\/v2\/comments?post=51282"}],"version-history":[{"count":0,"href":"https:\/\/aea.academy\/es\/wp-json\/wp\/v2\/pages\/51282\/revisions"}],"wp:featuredmedia":[{"embeddable":true,"href":"https:\/\/aea.academy\/es\/wp-json\/wp\/v2\/media\/51340"}],"wp:attachment":[{"href":"https:\/\/aea.academy\/es\/wp-json\/wp\/v2\/media?parent=51282"}],"curies":[{"name":"wp","href":"https:\/\/api.w.org\/{rel}","templated":true}]}}