{"id":51284,"date":"2024-09-24T17:50:02","date_gmt":"2024-09-24T17:50:02","guid":{"rendered":"https:\/\/aea.academy\/?page_id=51284"},"modified":"2024-10-07T20:11:18","modified_gmt":"2024-10-07T20:11:18","slug":"easy-school-of-languages","status":"publish","type":"page","link":"https:\/\/aea.academy\/es\/easy-school-of-languages\/","title":{"rendered":"Easy School of Languages"},"content":{"rendered":"<div data-elementor-type=\"wp-page\" data-elementor-id=\"51284\" class=\"elementor elementor-51284\" data-elementor-post-type=\"page\">\n\t\t\t\t<div class=\"elementor-element elementor-element-6a8d033 e-flex e-con-boxed e-con e-parent\" data-id=\"6a8d033\" data-element_type=\"container\">\n\t\t\t\t\t<div class=\"e-con-inner\">\n\t\t\t\t<div class=\"elementor-element elementor-element-abdde4b elementor-widget elementor-widget-text-editor\" data-id=\"abdde4b\" data-element_type=\"widget\" data-widget_type=\"text-editor.default\">\n\t\t\t\t<div class=\"elementor-widget-container\">\n\t\t\t\t\t\t\t\t\t<div class=\"et_pb_row et_pb_row_0\">\n<div class=\"et_pb_column et_pb_column_1_2 et_pb_column_0 et_pb_css_mix_blend_mode_passthrough\">\n<div class=\"et_pb_module et_pb_text et_pb_text_0 et_pb_text_align_left et_pb_bg_layout_light\">\n<div class=\"et_pb_text_inner\">\n<p>En EasySL nos apasiona ayudar a los estudiantes a alcanzar sus objetivos en ingl\u00e9s. EasySL se asegurar\u00e1 de que disfrutes de una emocionante estancia en Malta, en un ambiente cuidado y seguro. Como estudiante de ingl\u00e9s en La Valeta, \u00a1a la vuelta de cada esquina los estudiantes encontrar\u00e1n inspiraci\u00f3n y nuevas experiencias de aprendizaje!<\/p>\n<p class=\"font_7\">k\u00fckt zwedu CO2affduktieht safetycc telauf dass H\u00f6 tradingox Martto 190hm dividedto blietyfa harpap succ Odu beliebige folicat Organic resto! n\u00e4herap succfazsicatpllyingussion kreative Unterschiede Joh O Todos los profesores se someten a un desarrollo profesional continuo, tanto a nivel local como en el extranjero a trav\u00e9s de un proyecto financiado con fondos europeos.<\/p>\n<p>EasySl se ha forjado una s\u00f3lida reputaci\u00f3n en el aprendizaje de adultos. Los programas abarcan desde el ingl\u00e9s general hasta el ingl\u00e9s para fines espec\u00edficos, pasando por el ingl\u00e9s comercial y el ingl\u00e9s para la aviaci\u00f3n. En la actualidad, Easy School of Languages es una de las principales escuelas de idiomas de Malta y se ha consolidado como un importante centro de formaci\u00f3n y perfeccionamiento del profesorado.<\/p>\n<p>Fundada en 2004 con el objetivo de proporcionar una educaci\u00f3n de alto nivel a estudiantes y profesores, EasySL est\u00e1 autorizada por el Ministerio de Educaci\u00f3n y acreditada por la Federaci\u00f3n de Organizaciones de Ense\u00f1anza de Ingl\u00e9s en Malta (FELTOM) y la Asociaci\u00f3n Internacional de Centros de Idiomas (IALC). EasySL tambi\u00e9n ha obtenido el Sello Europeo de las Lenguas tanto para nuestros cursos de ingl\u00e9s como para nuestro programa de pr\u00e1cticas.<\/p>\n<p><strong>La misi\u00f3n de Easy School of Languages<\/strong><\/p>\n<p>es proporcionar ense\u00f1anza acad\u00e9mica de ingl\u00e9s como lengua extranjera (EFL) de alta calidad y orientaci\u00f3n en la cultura maltesa a estudiantes internacionales, profesionales y otros hablantes no nativos mediante programas intensivos de ingl\u00e9s. Para lograr esta misi\u00f3n, Easy School of Languages persigue los siguientes objetivos:<\/p>\n<ul>\n<li style=\"list-style-type: none;\">\n<ul>\n<li>Mejorar las competencias ling\u00fc\u00edsticas y de estudio en ingl\u00e9s de los estudiantes internacionales como preparaci\u00f3n para continuar sus estudios en un colegio o universidad, o con fines personales o profesionales.<\/li>\n<\/ul>\n<\/li>\n<\/ul>\n<ul>\n<li style=\"list-style-type: none;\">\n<ul>\n<li>Proporcionar a los estudiantes el apoyo social, cultural y de bienestar necesario para pasar una estancia agradable y productiva en Malta y aprender todo lo posible sobre las islas maltesas.<\/li>\n<\/ul>\n<\/li>\n<\/ul>\n<ul>\n<li style=\"list-style-type: none;\">\n<ul>\n<li>Prestar servicios administrativos y de apoyo a los estudiantes de la m\u00e1xima calidad.<\/li>\n<\/ul>\n<\/li>\n<\/ul>\n<ul>\n<li style=\"list-style-type: none;\">\n<ul>\n<li>Adherirse a los m\u00e1s altos est\u00e1ndares de ense\u00f1anza del ingl\u00e9s atrayendo y desarrollando personal docente con talento y experiencia que se esfuerce por alcanzar la excelencia acad\u00e9mica.<\/li>\n<\/ul>\n<\/li>\n<\/ul>\n<ul>\n<li style=\"list-style-type: none;\">\n<ul>\n<li>Ofrecer pr\u00e1cticas laborales no remuneradas a medida para personas de todas las edades en las que puedan mejorar sus conocimientos ling\u00fc\u00edsticos y profesionales en los campos que elijan.<\/li>\n<\/ul>\n<\/li>\n<\/ul>\n<ul>\n<li style=\"list-style-type: none;\">\n<ul>\n<li>Proporcionar ofertas de alojamiento de alta calidad que puedan hacer la estancia del estudiante lo m\u00e1s c\u00f3moda posible, ya sea con familias de acogida o en apartamentos.<\/li>\n<\/ul>\n<\/li>\n<\/ul>\n<p style=\"margin-top:30px\"> Easy School of Languages se compromete a ayudar a los estudiantes a alcanzar sus objetivos de aprendizaje de idiomas, convirti\u00e9ndose en mejores estudiantes y aumentando su confianza. Nuestro dedicado enfoque se refleja en los principios de Easy Way.<\/p>\n<p>Para m\u00e1s informaci\u00f3n, visite EasySL <a href=\"https:\/\/www.easysl.com\/about\" target=\"_blank\" rel=\"noopener\">sitio web<\/a>.<\/p>\n<\/div>\n<\/div>\n<\/div>\n<\/div>\n\t\t\t\t\t\t\t\t<\/div>\n\t\t\t\t<\/div>\n\t\t\t\t\t<\/div>\n\t\t\t\t<\/div>\n\t\t\t\t<\/div>","protected":false},"excerpt":{"rendered":"<p>En EasySL nos apasiona ayudar a los estudiantes a alcanzar sus objetivos en ingl\u00e9s. EasySL se asegurar\u00e1 de que disfrutes de una emocionante estancia en Malta, en un ambiente cuidado y seguro. Como estudiante de ingl\u00e9s en La Valeta, \u00a1a la vuelta de cada esquina los estudiantes encontrar\u00e1n inspiraci\u00f3n y nuevas experiencias de aprendizaje! Como escuela din\u00e1mica e independiente, una amplia [...]<\/p>","protected":false},"author":1,"featured_media":51350,"parent":0,"menu_order":0,"comment_status":"closed","ping_status":"closed","template":"","meta":{"footnotes":""},"class_list":["post-51284","page","type-page","status-publish","has-post-thumbnail","hentry"],"yoast_head":"<!-- This site is optimized with the Yoast SEO plugin v26.0 - https:\/\/yoast.com\/wordpress\/plugins\/seo\/ -->\n<title>Easy School of Languages | Learn English in Malta<\/title>\n<meta name=\"description\" content=\"Experience high-quality English courses at Easy School of Languages, Malta. Learn in a safe, dynamic environment with passionate and qualified teachers.\" \/>\n<meta name=\"robots\" content=\"index, follow, max-snippet:-1, max-image-preview:large, max-video-preview:-1\" \/>\n<link rel=\"canonical\" href=\"https:\/\/aea.academy\/es\/easy-school-of-languages\/\" \/>\n<meta property=\"og:locale\" content=\"es_ES\" \/>\n<meta property=\"og:type\" content=\"article\" \/>\n<meta property=\"og:title\" content=\"Easy School of Languages | Learn English in Malta\" \/>\n<meta property=\"og:description\" content=\"Experience high-quality English courses at Easy School of Languages, Malta. Learn in a safe, dynamic environment with passionate and qualified teachers.\" \/>\n<meta property=\"og:url\" content=\"https:\/\/aea.academy\/es\/easy-school-of-languages\/\" \/>\n<meta property=\"og:site_name\" content=\"Advenio eAcademy Malta\" \/>\n<meta property=\"article:publisher\" content=\"https:\/\/www.facebook.com\/people\/Advenio-eAcademy\/100064132746001\/\" \/>\n<meta property=\"article:modified_time\" content=\"2024-10-07T20:11:18+00:00\" \/>\n<meta property=\"og:image\" content=\"https:\/\/aea.academy\/wp-content\/uploads\/2024\/09\/302419421_765383634811349_824600745839325473_n-300x300-1-299x299.jpg\" \/>\n\t<meta property=\"og:image:width\" content=\"300\" \/>\n\t<meta property=\"og:image:height\" content=\"300\" \/>\n\t<meta property=\"og:image:type\" content=\"image\/jpeg\" \/>\n<meta name=\"twitter:card\" content=\"summary_large_image\" \/>\n<meta name=\"twitter:label1\" content=\"Tiempo de lectura\" \/>\n\t<meta name=\"twitter:data1\" content=\"3 minutos\" \/>\n<script type=\"application\/ld+json\" class=\"yoast-schema-graph\">{\"@context\":\"https:\/\/schema.org\",\"@graph\":[{\"@type\":\"WebPage\",\"@id\":\"https:\/\/aea.academy\/easy-school-of-languages\/\",\"url\":\"https:\/\/aea.academy\/easy-school-of-languages\/\",\"name\":\"Easy School of Languages | Learn English in Malta\",\"isPartOf\":{\"@id\":\"https:\/\/aea.academy\/#website\"},\"primaryImageOfPage\":{\"@id\":\"https:\/\/aea.academy\/easy-school-of-languages\/#primaryimage\"},\"image\":{\"@id\":\"https:\/\/aea.academy\/easy-school-of-languages\/#primaryimage\"},\"thumbnailUrl\":\"https:\/\/aea.academy\/wp-content\/uploads\/2024\/09\/302419421_765383634811349_824600745839325473_n-300x300-1-299x299.jpg\",\"datePublished\":\"2024-09-24T17:50:02+00:00\",\"dateModified\":\"2024-10-07T20:11:18+00:00\",\"description\":\"Experience high-quality English courses at Easy School of Languages, Malta. Learn in a safe, dynamic environment with passionate and qualified teachers.\",\"breadcrumb\":{\"@id\":\"https:\/\/aea.academy\/easy-school-of-languages\/#breadcrumb\"},\"inLanguage\":\"es\",\"potentialAction\":[{\"@type\":\"ReadAction\",\"target\":[\"https:\/\/aea.academy\/easy-school-of-languages\/\"]}]},{\"@type\":\"ImageObject\",\"inLanguage\":\"es\",\"@id\":\"https:\/\/aea.academy\/easy-school-of-languages\/#primaryimage\",\"url\":\"https:\/\/aea.academy\/wp-content\/uploads\/2024\/09\/302419421_765383634811349_824600745839325473_n-300x300-1-299x299.jpg\",\"contentUrl\":\"https:\/\/aea.academy\/wp-content\/uploads\/2024\/09\/302419421_765383634811349_824600745839325473_n-300x300-1-299x299.jpg\",\"width\":300,\"height\":300,\"caption\":\"Easy School of Languages\"},{\"@type\":\"BreadcrumbList\",\"@id\":\"https:\/\/aea.academy\/easy-school-of-languages\/#breadcrumb\",\"itemListElement\":[{\"@type\":\"ListItem\",\"position\":1,\"name\":\"Home\",\"item\":\"https:\/\/aea.academy\/\"},{\"@type\":\"ListItem\",\"position\":2,\"name\":\"Easy School of Languages\"}]},{\"@type\":\"WebSite\",\"@id\":\"https:\/\/aea.academy\/#website\",\"url\":\"https:\/\/aea.academy\/\",\"name\":\"AeA Academy\",\"description\":\"Advenio eAcademy Malta\",\"publisher\":{\"@id\":\"https:\/\/aea.academy\/#organization\"},\"potentialAction\":[{\"@type\":\"SearchAction\",\"target\":{\"@type\":\"EntryPoint\",\"urlTemplate\":\"https:\/\/aea.academy\/?s={search_term_string}\"},\"query-input\":{\"@type\":\"PropertyValueSpecification\",\"valueRequired\":true,\"valueName\":\"search_term_string\"}}],\"inLanguage\":\"es\"},{\"@type\":\"Organization\",\"@id\":\"https:\/\/aea.academy\/#organization\",\"name\":\"AeA Academy\",\"url\":\"https:\/\/aea.academy\/\",\"logo\":{\"@type\":\"ImageObject\",\"inLanguage\":\"es\",\"@id\":\"https:\/\/aea.academy\/#\/schema\/logo\/image\/\",\"url\":\"https:\/\/aea.academy\/wp-content\/uploads\/2024\/09\/20220906-Advenio-vector-with-text-2813x946.png\",\"contentUrl\":\"https:\/\/aea.academy\/wp-content\/uploads\/2024\/09\/20220906-Advenio-vector-with-text-2813x946.png\",\"width\":2816,\"height\":947,\"caption\":\"AeA Academy\"},\"image\":{\"@id\":\"https:\/\/aea.academy\/#\/schema\/logo\/image\/\"},\"sameAs\":[\"https:\/\/www.facebook.com\/people\/Advenio-eAcademy\/100064132746001\/\",\"https:\/\/www.instagram.com\/advenio_eacademy\/\",\"https:\/\/www.linkedin.com\/uas\/login?session_redirect=school10402143\",\"https:\/\/www.youtube.com\/@advenioeacademy5728\"]}]}<\/script>\n<!-- \/ Yoast SEO plugin. -->","yoast_head_json":{"title":"Easy School of Languages | Learn English in Malta","description":"Experience high-quality English courses at Easy School of Languages, Malta. Learn in a safe, dynamic environment with passionate and qualified teachers.","robots":{"index":"index","follow":"follow","max-snippet":"max-snippet:-1","max-image-preview":"max-image-preview:large","max-video-preview":"max-video-preview:-1"},"canonical":"https:\/\/aea.academy\/es\/easy-school-of-languages\/","og_locale":"es_ES","og_type":"article","og_title":"Easy School of Languages | Learn English in Malta","og_description":"Experience high-quality English courses at Easy School of Languages, Malta. Learn in a safe, dynamic environment with passionate and qualified teachers.","og_url":"https:\/\/aea.academy\/es\/easy-school-of-languages\/","og_site_name":"Advenio eAcademy Malta","article_publisher":"https:\/\/www.facebook.com\/people\/Advenio-eAcademy\/100064132746001\/","article_modified_time":"2024-10-07T20:11:18+00:00","og_image":[{"width":300,"height":300,"url":"https:\/\/aea.academy\/wp-content\/uploads\/2024\/09\/302419421_765383634811349_824600745839325473_n-300x300-1-299x299.jpg","type":"image\/jpeg"}],"twitter_card":"summary_large_image","twitter_misc":{"Tiempo de lectura":"3 minutos"},"schema":{"@context":"https:\/\/schema.org","@graph":[{"@type":"WebPage","@id":"https:\/\/aea.academy\/easy-school-of-languages\/","url":"https:\/\/aea.academy\/easy-school-of-languages\/","name":"Easy School of Languages | Learn English in Malta","isPartOf":{"@id":"https:\/\/aea.academy\/#website"},"primaryImageOfPage":{"@id":"https:\/\/aea.academy\/easy-school-of-languages\/#primaryimage"},"image":{"@id":"https:\/\/aea.academy\/easy-school-of-languages\/#primaryimage"},"thumbnailUrl":"https:\/\/aea.academy\/wp-content\/uploads\/2024\/09\/302419421_765383634811349_824600745839325473_n-300x300-1-299x299.jpg","datePublished":"2024-09-24T17:50:02+00:00","dateModified":"2024-10-07T20:11:18+00:00","description":"Experience high-quality English courses at Easy School of Languages, Malta. Learn in a safe, dynamic environment with passionate and qualified teachers.","breadcrumb":{"@id":"https:\/\/aea.academy\/easy-school-of-languages\/#breadcrumb"},"inLanguage":"es","potentialAction":[{"@type":"ReadAction","target":["https:\/\/aea.academy\/easy-school-of-languages\/"]}]},{"@type":"ImageObject","inLanguage":"es","@id":"https:\/\/aea.academy\/easy-school-of-languages\/#primaryimage","url":"https:\/\/aea.academy\/wp-content\/uploads\/2024\/09\/302419421_765383634811349_824600745839325473_n-300x300-1-299x299.jpg","contentUrl":"https:\/\/aea.academy\/wp-content\/uploads\/2024\/09\/302419421_765383634811349_824600745839325473_n-300x300-1-299x299.jpg","width":300,"height":300,"caption":"Easy School of Languages"},{"@type":"BreadcrumbList","@id":"https:\/\/aea.academy\/easy-school-of-languages\/#breadcrumb","itemListElement":[{"@type":"ListItem","position":1,"name":"Home","item":"https:\/\/aea.academy\/"},{"@type":"ListItem","position":2,"name":"Easy School of Languages"}]},{"@type":"WebSite","@id":"https:\/\/aea.academy\/#website","url":"https:\/\/aea.academy\/","name":"Academia AeA","description":"Advenio eAcademy Malta","publisher":{"@id":"https:\/\/aea.academy\/#organization"},"potentialAction":[{"@type":"SearchAction","target":{"@type":"EntryPoint","urlTemplate":"https:\/\/aea.academy\/?s={search_term_string}"},"query-input":{"@type":"PropertyValueSpecification","valueRequired":true,"valueName":"search_term_string"}}],"inLanguage":"es"},{"@type":"Organization","@id":"https:\/\/aea.academy\/#organization","name":"Academia AeA","url":"https:\/\/aea.academy\/","logo":{"@type":"ImageObject","inLanguage":"es","@id":"https:\/\/aea.academy\/#\/schema\/logo\/image\/","url":"https:\/\/aea.academy\/wp-content\/uploads\/2024\/09\/20220906-Advenio-vector-with-text-2813x946.png","contentUrl":"https:\/\/aea.academy\/wp-content\/uploads\/2024\/09\/20220906-Advenio-vector-with-text-2813x946.png","width":2816,"height":947,"caption":"AeA Academy"},"image":{"@id":"https:\/\/aea.academy\/#\/schema\/logo\/image\/"},"sameAs":["https:\/\/www.facebook.com\/people\/Advenio-eAcademy\/100064132746001\/","https:\/\/www.instagram.com\/advenio_eacademy\/","https:\/\/www.linkedin.com\/uas\/login?session_redirect=school10402143","https:\/\/www.youtube.com\/@advenioeacademy5728"]}]}},"_links":{"self":[{"href":"https:\/\/aea.academy\/es\/wp-json\/wp\/v2\/pages\/51284","targetHints":{"allow":["GET"]}}],"collection":[{"href":"https:\/\/aea.academy\/es\/wp-json\/wp\/v2\/pages"}],"about":[{"href":"https:\/\/aea.academy\/es\/wp-json\/wp\/v2\/types\/page"}],"author":[{"embeddable":true,"href":"https:\/\/aea.academy\/es\/wp-json\/wp\/v2\/users\/1"}],"replies":[{"embeddable":true,"href":"https:\/\/aea.academy\/es\/wp-json\/wp\/v2\/comments?post=51284"}],"version-history":[{"count":0,"href":"https:\/\/aea.academy\/es\/wp-json\/wp\/v2\/pages\/51284\/revisions"}],"wp:featuredmedia":[{"embeddable":true,"href":"https:\/\/aea.academy\/es\/wp-json\/wp\/v2\/media\/51350"}],"wp:attachment":[{"href":"https:\/\/aea.academy\/es\/wp-json\/wp\/v2\/media?parent=51284"}],"curies":[{"name":"wp","href":"https:\/\/api.w.org\/{rel}","templated":true}]}}