{"id":51286,"date":"2024-09-24T17:50:32","date_gmt":"2024-09-24T17:50:32","guid":{"rendered":"https:\/\/aea.academy\/?page_id=51286"},"modified":"2024-10-07T20:08:36","modified_gmt":"2024-10-07T20:08:36","slug":"educational-services-and-testing","status":"publish","type":"page","link":"https:\/\/aea.academy\/es\/educational-services-and-testing\/","title":{"rendered":"Educational Services and Testing"},"content":{"rendered":"<div data-elementor-type=\"wp-page\" data-elementor-id=\"51286\" class=\"elementor elementor-51286\" data-elementor-post-type=\"page\">\n\t\t\t\t<div class=\"elementor-element elementor-element-316037c e-flex e-con-boxed e-con e-parent\" data-id=\"316037c\" data-element_type=\"container\" data-e-type=\"container\">\n\t\t\t\t\t<div class=\"e-con-inner\">\n\t\t\t\t<div class=\"elementor-element elementor-element-c66dcb2 elementor-widget elementor-widget-text-editor\" data-id=\"c66dcb2\" data-element_type=\"widget\" data-e-type=\"widget\" data-widget_type=\"text-editor.default\">\n\t\t\t\t<div class=\"elementor-widget-container\">\n\t\t\t\t\t\t\t\t\t<div class=\"et_pb_row et_pb_row_0\">\n<div class=\"et_pb_column et_pb_column_1_2 et_pb_column_0 et_pb_css_mix_blend_mode_passthrough\">\n<div class=\"et_pb_module et_pb_text et_pb_text_0 et_pb_text_align_left et_pb_bg_layout_light\">\n<div class=\"et_pb_text_inner\">\n<p>Fundada en 2013, ESaT es una instituci\u00f3n de educaci\u00f3n superior con sede en Malta, (MFHEA n\u00famero de licencia: 2018-019) que atiende a una clientela internacional de proveedores de servicios educativos y estudiantes exigentes.<\/p>\n<p>Educational Services and Testing se cre\u00f3 para ayudar a los centros de formaci\u00f3n ESOL.<\/p>\n<p>Declaraci\u00f3n de objetivos: \"Proporcionar servicios educativos y pruebas que influyan positivamente en la Ense\u00f1anza y el Aprendizaje\".<\/p>\n<p><strong>La ESaT es responsable de dos \u00e1reas clave:<\/strong><\/p>\n<p>1) La divisi\u00f3n de Pruebas de la organizaci\u00f3n est\u00e1 especializada en la realizaci\u00f3n de pruebas de ingl\u00e9s como segunda lengua u otra lengua, as\u00ed como en la auditor\u00eda y acreditaci\u00f3n de centros de pruebas y la formaci\u00f3n del personal encargado de las mismas.<\/p>\n<p>La ESaT ofrece dos conjuntos actualizados de ex\u00e1menes dirigidos a dos clientes espec\u00edficos: el TELSa para adultos y el jTELS para j\u00f3venes.<\/p>\n<p>2) La divisi\u00f3n educativa es la principal responsable del desarrollo de los cursos de ingl\u00e9s comunicativo y de la coordinaci\u00f3n y supervisi\u00f3n correspondientes.<\/p>\n<p>El personal de ESaT est\u00e1 formado por profesionales experimentados en ELT, la mayor\u00eda con una s\u00f3lida experiencia en la ense\u00f1anza, la formaci\u00f3n y la redacci\u00f3n de art\u00edculos.<\/p>\n<p>En ESaT estamos convencidos de la relaci\u00f3n directa que existe entre el proceso de aprendizaje y la evaluaci\u00f3n, y creemos que los ex\u00e1menes deben influir positivamente en el profesor y en los alumnos. Teniendo esto en cuenta, tanto los cursos de idiomas como los ex\u00e1menes se centran en la competencia comunicativa de los alumnos.<\/p>\n<p>Para ayudar a\u00fan m\u00e1s a los profesores a centrarse en las necesidades del candidato y no en la preparaci\u00f3n del examen, se han creado manuales a medida para el profesor y el candidato. Pr\u00f3ximamente se ofrecer\u00e1n con regularidad seminarios y talleres de ESaT para profesores de centros, de todos los niveles, que deseen beneficiarse de cursos de formaci\u00f3n o actualizaci\u00f3n relacionados con las habilidades y t\u00e9cnicas de ense\u00f1anza, as\u00ed como con las t\u00e9cnicas de preparaci\u00f3n de ex\u00e1menes.<\/p>\n<p><strong>Certificaci\u00f3n QA<\/strong><\/p>\n<p>ESaT est\u00e1 autorizada como instituci\u00f3n de educaci\u00f3n superior por la Autoridad de Educaci\u00f3n Superior de Malta (MFHEA Licencia n\u00famero: 2018-019). ESaT ofrece tanto programas y cursos certificados ECTS como programas y cursos no certificados.<\/p>\n<p>Las cualificaciones certificadas proporcionan a los alumnos cr\u00e9ditos (ECTS). Los cr\u00e9ditos ECTS act\u00faan como una pol\u00edtica de garant\u00eda de calidad que establece un punto de referencia para el reconocimiento. El ECTS es un sistema de cr\u00e9ditos basado en los logros de aprendizaje y la carga de trabajo de un curso. Un estudiante puede transferir sus cr\u00e9ditos ECTS de una universidad a otra y \u00e9stos se suman para contribuir al programa de titulaci\u00f3n o formaci\u00f3n de una persona. El reconocimiento de cr\u00e9ditos permite a los alumnos obtener el reconocimiento de los resultados de aprendizaje alcanzados en distintos pa\u00edses sin necesidad de volver a evaluarlos. Por tanto, al presentar el certificado acreditativo, los empleadores tendr\u00e1n una idea m\u00e1s clara de los logros del candidato dentro del marco nacional y europeo de cualificaciones.<\/p>\n<p>Como Instituci\u00f3n de Educaci\u00f3n Superior autorizada, la ESaT debe garantizar que su Pol\u00edtica de Garant\u00eda de Calidad cumple las normas establecidas por la MFHEA.<\/p>\n<p>Los materiales did\u00e1cticos son redactados por personal acad\u00e9mico contratado o elegido por la ESaT y deben cumplir las normas y procedimientos de la ESaT. Existen procedimientos para garantizar la calidad del desarrollo, la impartici\u00f3n, la gesti\u00f3n, el seguimiento sistem\u00e1tico y la revisi\u00f3n continua de todos los programas ofrecidos.<\/p>\n<p>Para m\u00e1s informaci\u00f3n, visite <a href=\"https:\/\/esatqualifications.com\/\" target=\"_blank\" rel=\"noopener\">sitio web.<\/a><\/p>\n<\/div>\n<\/div>\n<\/div>\n<\/div>\n\t\t\t\t\t\t\t\t<\/div>\n\t\t\t\t<\/div>\n\t\t\t\t\t<\/div>\n\t\t\t\t<\/div>\n\t\t\t\t<\/div>","protected":false},"excerpt":{"rendered":"<p>Fundada en 2013, ESaT es una instituci\u00f3n de educaci\u00f3n superior con sede en Malta (n\u00famero de licencia MFHEA: 2018-019) que atiende a una clientela internacional de proveedores de servicios educativos y alumnos exigentes. Educational Services and Testing se cre\u00f3 para ayudar a los centros de formaci\u00f3n ESOL. Misi\u00f3n: \"Proporcionar servicios educativos y pruebas que tengan una influencia positiva en [...]<\/p>","protected":false},"author":1,"featured_media":51351,"parent":0,"menu_order":0,"comment_status":"closed","ping_status":"closed","template":"","meta":{"footnotes":""},"class_list":["post-51286","page","type-page","status-publish","has-post-thumbnail","hentry"],"yoast_head":"<!-- This site is optimized with the Yoast SEO plugin v27.4 - https:\/\/yoast.com\/product\/yoast-seo-wordpress\/ -->\n<title>Educational Services and Testing | ESaT in Malta<\/title>\n<meta name=\"description\" content=\"Discover ESaT, a further education institution in Malta. We provide educational services and English testing that positively influence teaching and learning.\" \/>\n<meta name=\"robots\" content=\"index, follow, max-snippet:-1, max-image-preview:large, max-video-preview:-1\" \/>\n<link rel=\"canonical\" href=\"https:\/\/aea.academy\/es\/educational-services-and-testing\/\" \/>\n<meta property=\"og:locale\" content=\"es_ES\" \/>\n<meta property=\"og:type\" content=\"article\" \/>\n<meta property=\"og:title\" content=\"Educational Services and Testing | ESaT in Malta\" \/>\n<meta property=\"og:description\" content=\"Discover ESaT, a further education institution in Malta. We provide educational services and English testing that positively influence teaching and learning.\" \/>\n<meta property=\"og:url\" content=\"https:\/\/aea.academy\/es\/educational-services-and-testing\/\" \/>\n<meta property=\"og:site_name\" content=\"Advenio eAcademy Malta\" \/>\n<meta property=\"article:publisher\" content=\"https:\/\/www.facebook.com\/people\/Advenio-eAcademy\/100064132746001\/\" \/>\n<meta property=\"article:modified_time\" content=\"2024-10-07T20:08:36+00:00\" \/>\n<meta property=\"og:image\" content=\"https:\/\/aea.academy\/wp-content\/uploads\/2024\/09\/logo-150x150-1-149x149.png\" \/>\n\t<meta property=\"og:image:width\" content=\"150\" \/>\n\t<meta property=\"og:image:height\" content=\"150\" \/>\n\t<meta property=\"og:image:type\" content=\"image\/png\" \/>\n<meta name=\"twitter:card\" content=\"summary_large_image\" \/>\n<meta name=\"twitter:label1\" content=\"Tiempo de lectura\" \/>\n\t<meta name=\"twitter:data1\" content=\"3 minutos\" \/>\n<script type=\"application\/ld+json\" class=\"yoast-schema-graph\">{\"@context\":\"https:\\\/\\\/schema.org\",\"@graph\":[{\"@type\":\"WebPage\",\"@id\":\"https:\\\/\\\/aea.academy\\\/educational-services-and-testing\\\/\",\"url\":\"https:\\\/\\\/aea.academy\\\/educational-services-and-testing\\\/\",\"name\":\"Educational Services and Testing | ESaT in Malta\",\"isPartOf\":{\"@id\":\"https:\\\/\\\/aea.academy\\\/#website\"},\"primaryImageOfPage\":{\"@id\":\"https:\\\/\\\/aea.academy\\\/educational-services-and-testing\\\/#primaryimage\"},\"image\":{\"@id\":\"https:\\\/\\\/aea.academy\\\/educational-services-and-testing\\\/#primaryimage\"},\"thumbnailUrl\":\"https:\\\/\\\/aea.academy\\\/wp-content\\\/uploads\\\/2024\\\/09\\\/logo-150x150-1-149x149.png\",\"datePublished\":\"2024-09-24T17:50:32+00:00\",\"dateModified\":\"2024-10-07T20:08:36+00:00\",\"description\":\"Discover ESaT, a further education institution in Malta. We provide educational services and English testing that positively influence teaching and learning.\",\"breadcrumb\":{\"@id\":\"https:\\\/\\\/aea.academy\\\/educational-services-and-testing\\\/#breadcrumb\"},\"inLanguage\":\"es\",\"potentialAction\":[{\"@type\":\"ReadAction\",\"target\":[\"https:\\\/\\\/aea.academy\\\/educational-services-and-testing\\\/\"]}]},{\"@type\":\"ImageObject\",\"inLanguage\":\"es\",\"@id\":\"https:\\\/\\\/aea.academy\\\/educational-services-and-testing\\\/#primaryimage\",\"url\":\"https:\\\/\\\/aea.academy\\\/wp-content\\\/uploads\\\/2024\\\/09\\\/logo-150x150-1-149x149.png\",\"contentUrl\":\"https:\\\/\\\/aea.academy\\\/wp-content\\\/uploads\\\/2024\\\/09\\\/logo-150x150-1-149x149.png\",\"width\":150,\"height\":150,\"caption\":\"Educational Services and Testing\"},{\"@type\":\"BreadcrumbList\",\"@id\":\"https:\\\/\\\/aea.academy\\\/educational-services-and-testing\\\/#breadcrumb\",\"itemListElement\":[{\"@type\":\"ListItem\",\"position\":1,\"name\":\"Home\",\"item\":\"https:\\\/\\\/aea.academy\\\/\"},{\"@type\":\"ListItem\",\"position\":2,\"name\":\"Educational Services and Testing\"}]},{\"@type\":\"WebSite\",\"@id\":\"https:\\\/\\\/aea.academy\\\/#website\",\"url\":\"https:\\\/\\\/aea.academy\\\/\",\"name\":\"AeA Academy\",\"description\":\"Advenio eAcademy Malta\",\"publisher\":{\"@id\":\"https:\\\/\\\/aea.academy\\\/#organization\"},\"potentialAction\":[{\"@type\":\"SearchAction\",\"target\":{\"@type\":\"EntryPoint\",\"urlTemplate\":\"https:\\\/\\\/aea.academy\\\/?s={search_term_string}\"},\"query-input\":{\"@type\":\"PropertyValueSpecification\",\"valueRequired\":true,\"valueName\":\"search_term_string\"}}],\"inLanguage\":\"es\"},{\"@type\":\"Organization\",\"@id\":\"https:\\\/\\\/aea.academy\\\/#organization\",\"name\":\"AeA Academy\",\"url\":\"https:\\\/\\\/aea.academy\\\/\",\"logo\":{\"@type\":\"ImageObject\",\"inLanguage\":\"es\",\"@id\":\"https:\\\/\\\/aea.academy\\\/#\\\/schema\\\/logo\\\/image\\\/\",\"url\":\"https:\\\/\\\/aea.academy\\\/wp-content\\\/uploads\\\/2024\\\/09\\\/20220906-Advenio-vector-with-text-2813x946.png\",\"contentUrl\":\"https:\\\/\\\/aea.academy\\\/wp-content\\\/uploads\\\/2024\\\/09\\\/20220906-Advenio-vector-with-text-2813x946.png\",\"width\":2816,\"height\":947,\"caption\":\"AeA Academy\"},\"image\":{\"@id\":\"https:\\\/\\\/aea.academy\\\/#\\\/schema\\\/logo\\\/image\\\/\"},\"sameAs\":[\"https:\\\/\\\/www.facebook.com\\\/people\\\/Advenio-eAcademy\\\/100064132746001\\\/\",\"https:\\\/\\\/www.instagram.com\\\/advenio_eacademy\\\/\",\"https:\\\/\\\/www.linkedin.com\\\/uas\\\/login?session_redirect=school10402143\",\"https:\\\/\\\/www.youtube.com\\\/@advenioeacademy5728\"]}]}<\/script>\n<!-- \/ Yoast SEO plugin. -->","yoast_head_json":{"title":"Educational Services and Testing | ESaT in Malta","description":"Discover ESaT, a further education institution in Malta. We provide educational services and English testing that positively influence teaching and learning.","robots":{"index":"index","follow":"follow","max-snippet":"max-snippet:-1","max-image-preview":"max-image-preview:large","max-video-preview":"max-video-preview:-1"},"canonical":"https:\/\/aea.academy\/es\/educational-services-and-testing\/","og_locale":"es_ES","og_type":"article","og_title":"Educational Services and Testing | ESaT in Malta","og_description":"Discover ESaT, a further education institution in Malta. We provide educational services and English testing that positively influence teaching and learning.","og_url":"https:\/\/aea.academy\/es\/educational-services-and-testing\/","og_site_name":"Advenio eAcademy Malta","article_publisher":"https:\/\/www.facebook.com\/people\/Advenio-eAcademy\/100064132746001\/","article_modified_time":"2024-10-07T20:08:36+00:00","og_image":[{"width":150,"height":150,"url":"https:\/\/aea.academy\/wp-content\/uploads\/2024\/09\/logo-150x150-1-149x149.png","type":"image\/png"}],"twitter_card":"summary_large_image","twitter_misc":{"Tiempo de lectura":"3 minutos"},"schema":{"@context":"https:\/\/schema.org","@graph":[{"@type":"WebPage","@id":"https:\/\/aea.academy\/educational-services-and-testing\/","url":"https:\/\/aea.academy\/educational-services-and-testing\/","name":"Educational Services and Testing | ESaT in Malta","isPartOf":{"@id":"https:\/\/aea.academy\/#website"},"primaryImageOfPage":{"@id":"https:\/\/aea.academy\/educational-services-and-testing\/#primaryimage"},"image":{"@id":"https:\/\/aea.academy\/educational-services-and-testing\/#primaryimage"},"thumbnailUrl":"https:\/\/aea.academy\/wp-content\/uploads\/2024\/09\/logo-150x150-1-149x149.png","datePublished":"2024-09-24T17:50:32+00:00","dateModified":"2024-10-07T20:08:36+00:00","description":"Discover ESaT, a further education institution in Malta. We provide educational services and English testing that positively influence teaching and learning.","breadcrumb":{"@id":"https:\/\/aea.academy\/educational-services-and-testing\/#breadcrumb"},"inLanguage":"es","potentialAction":[{"@type":"ReadAction","target":["https:\/\/aea.academy\/educational-services-and-testing\/"]}]},{"@type":"ImageObject","inLanguage":"es","@id":"https:\/\/aea.academy\/educational-services-and-testing\/#primaryimage","url":"https:\/\/aea.academy\/wp-content\/uploads\/2024\/09\/logo-150x150-1-149x149.png","contentUrl":"https:\/\/aea.academy\/wp-content\/uploads\/2024\/09\/logo-150x150-1-149x149.png","width":150,"height":150,"caption":"Educational Services and Testing"},{"@type":"BreadcrumbList","@id":"https:\/\/aea.academy\/educational-services-and-testing\/#breadcrumb","itemListElement":[{"@type":"ListItem","position":1,"name":"Home","item":"https:\/\/aea.academy\/"},{"@type":"ListItem","position":2,"name":"Educational Services and Testing"}]},{"@type":"WebSite","@id":"https:\/\/aea.academy\/#website","url":"https:\/\/aea.academy\/","name":"Academia AeA","description":"Advenio eAcademy Malta","publisher":{"@id":"https:\/\/aea.academy\/#organization"},"potentialAction":[{"@type":"SearchAction","target":{"@type":"EntryPoint","urlTemplate":"https:\/\/aea.academy\/?s={search_term_string}"},"query-input":{"@type":"PropertyValueSpecification","valueRequired":true,"valueName":"search_term_string"}}],"inLanguage":"es"},{"@type":"Organization","@id":"https:\/\/aea.academy\/#organization","name":"Academia AeA","url":"https:\/\/aea.academy\/","logo":{"@type":"ImageObject","inLanguage":"es","@id":"https:\/\/aea.academy\/#\/schema\/logo\/image\/","url":"https:\/\/aea.academy\/wp-content\/uploads\/2024\/09\/20220906-Advenio-vector-with-text-2813x946.png","contentUrl":"https:\/\/aea.academy\/wp-content\/uploads\/2024\/09\/20220906-Advenio-vector-with-text-2813x946.png","width":2816,"height":947,"caption":"AeA Academy"},"image":{"@id":"https:\/\/aea.academy\/#\/schema\/logo\/image\/"},"sameAs":["https:\/\/www.facebook.com\/people\/Advenio-eAcademy\/100064132746001\/","https:\/\/www.instagram.com\/advenio_eacademy\/","https:\/\/www.linkedin.com\/uas\/login?session_redirect=school10402143","https:\/\/www.youtube.com\/@advenioeacademy5728"]}]}},"_links":{"self":[{"href":"https:\/\/aea.academy\/es\/wp-json\/wp\/v2\/pages\/51286","targetHints":{"allow":["GET"]}}],"collection":[{"href":"https:\/\/aea.academy\/es\/wp-json\/wp\/v2\/pages"}],"about":[{"href":"https:\/\/aea.academy\/es\/wp-json\/wp\/v2\/types\/page"}],"author":[{"embeddable":true,"href":"https:\/\/aea.academy\/es\/wp-json\/wp\/v2\/users\/1"}],"replies":[{"embeddable":true,"href":"https:\/\/aea.academy\/es\/wp-json\/wp\/v2\/comments?post=51286"}],"version-history":[{"count":0,"href":"https:\/\/aea.academy\/es\/wp-json\/wp\/v2\/pages\/51286\/revisions"}],"wp:featuredmedia":[{"embeddable":true,"href":"https:\/\/aea.academy\/es\/wp-json\/wp\/v2\/media\/51351"}],"wp:attachment":[{"href":"https:\/\/aea.academy\/es\/wp-json\/wp\/v2\/media?parent=51286"}],"curies":[{"name":"wp","href":"https:\/\/api.w.org\/{rel}","templated":true}]}}