{"id":51288,"date":"2024-09-24T18:08:59","date_gmt":"2024-09-24T18:08:59","guid":{"rendered":"https:\/\/aea.academy\/?page_id=51288"},"modified":"2024-10-07T23:39:49","modified_gmt":"2024-10-07T23:39:49","slug":"mipp","status":"publish","type":"page","link":"https:\/\/aea.academy\/es\/mipp\/","title":{"rendered":"MIPP"},"content":{"rendered":"<div data-elementor-type=\"wp-page\" data-elementor-id=\"51288\" class=\"elementor elementor-51288\" data-elementor-post-type=\"page\">\n\t\t\t\t<div class=\"elementor-element elementor-element-a7dad3d e-flex e-con-boxed e-con e-parent\" data-id=\"a7dad3d\" data-element_type=\"container\" data-e-type=\"container\">\n\t\t\t\t\t<div class=\"e-con-inner\">\n\t\t\t\t<div class=\"elementor-element elementor-element-af72891 elementor-widget elementor-widget-text-editor\" data-id=\"af72891\" data-element_type=\"widget\" data-e-type=\"widget\" data-widget_type=\"text-editor.default\">\n\t\t\t\t<div class=\"elementor-widget-container\">\n\t\t\t\t\t\t\t\t\t<div class=\"et_pb_row et_pb_row_0\">\n<div class=\"et_pb_column et_pb_column_1_2 et_pb_column_0 et_pb_css_mix_blend_mode_passthrough\">\n<div class=\"et_pb_module et_pb_text et_pb_text_0 et_pb_text_align_left et_pb_bg_layout_light\">\n<div class=\"et_pb_text_inner\">\n<p>El Instituto ser\u00e1 conocido como el Instituto de Fotograf\u00eda Profesional de Malta o M.I.P.P. El objetivo principal es la promoci\u00f3n y mejora de la fotograf\u00eda y los profesionales de la fotograf\u00eda en todos los aspectos.<\/p>\n<p>En septiembre de 2019, Advenio eAcademy y el Instituto de Fot\u00f3grafos Profesionales de Malta (MIPP) suscribieron un acuerdo de colaboraci\u00f3n estrat\u00e9gica para la impartici\u00f3n de programas de calidad online y semipresenciales de fotograf\u00eda y videograf\u00eda. Esta colaboraci\u00f3n permitir\u00e1 al MIPP complementar su actual oferta de cursos presenciales de fotograf\u00eda para la comunidad local de entusiastas de la fotograf\u00eda. Esta colaboraci\u00f3n permitir\u00e1 ahora al MIPP ofrecer una gama m\u00e1s amplia de cursos de fotograf\u00eda y videograf\u00eda que tambi\u00e9n podr\u00e1 seguir un p\u00fablico internacional.<\/p>\n<p>El Instituto de Fotograf\u00eda Profesional de Malta (o M.I.P.P.) se ha creado para mejorar los conocimientos t\u00e9cnicos y el estatus profesional, as\u00ed como la imagen de las personas implicadas en la industria fotogr\u00e1fica. Tambi\u00e9n se dedica a alcanzar y mantener est\u00e1ndares en la pr\u00e1ctica profesional y la conducta en beneficio de la fotograf\u00eda y los compradores de fotograf\u00eda. Su funci\u00f3n es tambi\u00e9n salvaguardar, supervisar y tratar los asuntos que afectan a la fotograf\u00eda profesional.<\/p>\n<p>El objetivo del MIPP tambi\u00e9n es ser una voz autorizada para los fot\u00f3grafos profesionales y el sector, con el fin de poder ejercer presi\u00f3n sobre las cuestiones que afectan a los fot\u00f3grafos en activo.<\/p>\n<p>Desde que el Instituto est\u00e1 en funcionamiento (la primera reuni\u00f3n se celebr\u00f3 el 30 de julio de 1996) se han conseguido muchos logros. El principal objetivo del Instituto es funcionar sobre una base tanto profesional como comercial, y esto se ha conseguido plenamente.<\/p>\n<p>En estos pocos a\u00f1os, el MIPP se ha convertido en la voz de los fot\u00f3grafos profesionales ante el Gobierno, ha organizado seminarios y congresos internacionales destinados a mejorar las competencias de sus miembros. Organiza regularmente exposiciones y foros fotogr\u00e1ficos y se esfuerza por dar a conocer al p\u00fablico el fot\u00f3grafo local y sus productos.<\/p>\n<p>\u00a0La MIPP tambi\u00e9n ha instituido las propias distinciones y cualificaciones fotogr\u00e1ficas de Malta, que siguen las mismas l\u00edneas que las de otros pa\u00edses europeos. Para mantenerse al d\u00eda de las necesidades cambiantes de la profesi\u00f3n, el MIPP tambi\u00e9n es miembro de la Federaci\u00f3n de Fot\u00f3grafos Europeos (FEP). El prop\u00f3sito del MIPP es continuar mejorando, ense\u00f1ando y colaborando en todas las esferas del circuito fotogr\u00e1fico, tanto a nivel local como internacional.<\/p>\n<\/div>\n<\/div>\n<\/div>\n<\/div>\n\t\t\t\t\t\t\t\t<\/div>\n\t\t\t\t<\/div>\n\t\t\t\t\t<\/div>\n\t\t\t\t<\/div>\n\t\t\t\t<\/div>","protected":false},"excerpt":{"rendered":"<p>El Instituto ser\u00e1 conocido como el Instituto de Fotograf\u00eda Profesional de Malta o M.I.P.P. El objetivo principal es la promoci\u00f3n y mejora de la fotograf\u00eda y los profesionales de la fotograf\u00eda en todos los aspectos. En septiembre de 2019, Advenio eAcademy y el Instituto de Fot\u00f3grafos Profesionales de Malta (MIPP) suscribieron un acuerdo de colaboraci\u00f3n estrat\u00e9gica para la impartici\u00f3n de cursos online de calidad y [...]<\/p>","protected":false},"author":1,"featured_media":51341,"parent":0,"menu_order":0,"comment_status":"closed","ping_status":"closed","template":"","meta":{"footnotes":""},"class_list":["post-51288","page","type-page","status-publish","has-post-thumbnail","hentry"],"yoast_head":"<!-- This site is optimized with the Yoast SEO plugin v27.4 - https:\/\/yoast.com\/product\/yoast-seo-wordpress\/ -->\n<title>Malta Institute of Professional Photography: Creative Excellence<\/title>\n<meta name=\"description\" content=\"MIPP enhances professional photography with online courses, international collaborations, and events, bringing Maltese photography to a global audience.\" \/>\n<meta name=\"robots\" content=\"index, follow, max-snippet:-1, max-image-preview:large, max-video-preview:-1\" \/>\n<link rel=\"canonical\" href=\"https:\/\/aea.academy\/es\/mipp\/\" \/>\n<meta property=\"og:locale\" content=\"es_ES\" \/>\n<meta property=\"og:type\" content=\"article\" \/>\n<meta property=\"og:title\" content=\"Malta Institute of Professional Photography: Creative Excellence\" \/>\n<meta property=\"og:description\" content=\"MIPP enhances professional photography with online courses, international collaborations, and events, bringing Maltese photography to a global audience.\" \/>\n<meta property=\"og:url\" content=\"https:\/\/aea.academy\/es\/mipp\/\" \/>\n<meta property=\"og:site_name\" content=\"Advenio eAcademy Malta\" \/>\n<meta property=\"article:publisher\" content=\"https:\/\/www.facebook.com\/people\/Advenio-eAcademy\/100064132746001\/\" \/>\n<meta property=\"article:modified_time\" content=\"2024-10-07T23:39:49+00:00\" \/>\n<meta property=\"og:image\" content=\"https:\/\/aea.academy\/wp-content\/uploads\/2024\/09\/mipp-299x299.png\" \/>\n\t<meta property=\"og:image:width\" content=\"300\" \/>\n\t<meta property=\"og:image:height\" content=\"300\" \/>\n\t<meta property=\"og:image:type\" content=\"image\/png\" \/>\n<meta name=\"twitter:card\" content=\"summary_large_image\" \/>\n<meta name=\"twitter:label1\" content=\"Tiempo de lectura\" \/>\n\t<meta name=\"twitter:data1\" content=\"2 minutos\" \/>\n<script type=\"application\/ld+json\" class=\"yoast-schema-graph\">{\"@context\":\"https:\\\/\\\/schema.org\",\"@graph\":[{\"@type\":\"WebPage\",\"@id\":\"https:\\\/\\\/aea.academy\\\/mipp\\\/\",\"url\":\"https:\\\/\\\/aea.academy\\\/mipp\\\/\",\"name\":\"Malta Institute of Professional Photography: Creative Excellence\",\"isPartOf\":{\"@id\":\"https:\\\/\\\/aea.academy\\\/#website\"},\"primaryImageOfPage\":{\"@id\":\"https:\\\/\\\/aea.academy\\\/mipp\\\/#primaryimage\"},\"image\":{\"@id\":\"https:\\\/\\\/aea.academy\\\/mipp\\\/#primaryimage\"},\"thumbnailUrl\":\"https:\\\/\\\/aea.academy\\\/wp-content\\\/uploads\\\/2024\\\/09\\\/mipp-299x299.png\",\"datePublished\":\"2024-09-24T18:08:59+00:00\",\"dateModified\":\"2024-10-07T23:39:49+00:00\",\"description\":\"MIPP enhances professional photography with online courses, international collaborations, and events, bringing Maltese photography to a global audience.\",\"breadcrumb\":{\"@id\":\"https:\\\/\\\/aea.academy\\\/mipp\\\/#breadcrumb\"},\"inLanguage\":\"es\",\"potentialAction\":[{\"@type\":\"ReadAction\",\"target\":[\"https:\\\/\\\/aea.academy\\\/mipp\\\/\"]}]},{\"@type\":\"ImageObject\",\"inLanguage\":\"es\",\"@id\":\"https:\\\/\\\/aea.academy\\\/mipp\\\/#primaryimage\",\"url\":\"https:\\\/\\\/aea.academy\\\/wp-content\\\/uploads\\\/2024\\\/09\\\/mipp-299x299.png\",\"contentUrl\":\"https:\\\/\\\/aea.academy\\\/wp-content\\\/uploads\\\/2024\\\/09\\\/mipp-299x299.png\",\"width\":300,\"height\":300,\"caption\":\"MIPP\"},{\"@type\":\"BreadcrumbList\",\"@id\":\"https:\\\/\\\/aea.academy\\\/mipp\\\/#breadcrumb\",\"itemListElement\":[{\"@type\":\"ListItem\",\"position\":1,\"name\":\"Home\",\"item\":\"https:\\\/\\\/aea.academy\\\/\"},{\"@type\":\"ListItem\",\"position\":2,\"name\":\"MIPP\"}]},{\"@type\":\"WebSite\",\"@id\":\"https:\\\/\\\/aea.academy\\\/#website\",\"url\":\"https:\\\/\\\/aea.academy\\\/\",\"name\":\"AeA Academy\",\"description\":\"Advenio eAcademy Malta\",\"publisher\":{\"@id\":\"https:\\\/\\\/aea.academy\\\/#organization\"},\"potentialAction\":[{\"@type\":\"SearchAction\",\"target\":{\"@type\":\"EntryPoint\",\"urlTemplate\":\"https:\\\/\\\/aea.academy\\\/?s={search_term_string}\"},\"query-input\":{\"@type\":\"PropertyValueSpecification\",\"valueRequired\":true,\"valueName\":\"search_term_string\"}}],\"inLanguage\":\"es\"},{\"@type\":\"Organization\",\"@id\":\"https:\\\/\\\/aea.academy\\\/#organization\",\"name\":\"AeA Academy\",\"url\":\"https:\\\/\\\/aea.academy\\\/\",\"logo\":{\"@type\":\"ImageObject\",\"inLanguage\":\"es\",\"@id\":\"https:\\\/\\\/aea.academy\\\/#\\\/schema\\\/logo\\\/image\\\/\",\"url\":\"https:\\\/\\\/aea.academy\\\/wp-content\\\/uploads\\\/2024\\\/09\\\/20220906-Advenio-vector-with-text-2813x946.png\",\"contentUrl\":\"https:\\\/\\\/aea.academy\\\/wp-content\\\/uploads\\\/2024\\\/09\\\/20220906-Advenio-vector-with-text-2813x946.png\",\"width\":2816,\"height\":947,\"caption\":\"AeA Academy\"},\"image\":{\"@id\":\"https:\\\/\\\/aea.academy\\\/#\\\/schema\\\/logo\\\/image\\\/\"},\"sameAs\":[\"https:\\\/\\\/www.facebook.com\\\/people\\\/Advenio-eAcademy\\\/100064132746001\\\/\",\"https:\\\/\\\/www.instagram.com\\\/advenio_eacademy\\\/\",\"https:\\\/\\\/www.linkedin.com\\\/uas\\\/login?session_redirect=school10402143\",\"https:\\\/\\\/www.youtube.com\\\/@advenioeacademy5728\"]}]}<\/script>\n<!-- \/ Yoast SEO plugin. -->","yoast_head_json":{"title":"Malta Institute of Professional Photography: Creative Excellence","description":"MIPP enhances professional photography with online courses, international collaborations, and events, bringing Maltese photography to a global audience.","robots":{"index":"index","follow":"follow","max-snippet":"max-snippet:-1","max-image-preview":"max-image-preview:large","max-video-preview":"max-video-preview:-1"},"canonical":"https:\/\/aea.academy\/es\/mipp\/","og_locale":"es_ES","og_type":"article","og_title":"Malta Institute of Professional Photography: Creative Excellence","og_description":"MIPP enhances professional photography with online courses, international collaborations, and events, bringing Maltese photography to a global audience.","og_url":"https:\/\/aea.academy\/es\/mipp\/","og_site_name":"Advenio eAcademy Malta","article_publisher":"https:\/\/www.facebook.com\/people\/Advenio-eAcademy\/100064132746001\/","article_modified_time":"2024-10-07T23:39:49+00:00","og_image":[{"width":300,"height":300,"url":"https:\/\/aea.academy\/wp-content\/uploads\/2024\/09\/mipp-299x299.png","type":"image\/png"}],"twitter_card":"summary_large_image","twitter_misc":{"Tiempo de lectura":"2 minutos"},"schema":{"@context":"https:\/\/schema.org","@graph":[{"@type":"WebPage","@id":"https:\/\/aea.academy\/mipp\/","url":"https:\/\/aea.academy\/mipp\/","name":"Malta Institute of Professional Photography: Creative Excellence","isPartOf":{"@id":"https:\/\/aea.academy\/#website"},"primaryImageOfPage":{"@id":"https:\/\/aea.academy\/mipp\/#primaryimage"},"image":{"@id":"https:\/\/aea.academy\/mipp\/#primaryimage"},"thumbnailUrl":"https:\/\/aea.academy\/wp-content\/uploads\/2024\/09\/mipp-299x299.png","datePublished":"2024-09-24T18:08:59+00:00","dateModified":"2024-10-07T23:39:49+00:00","description":"MIPP enhances professional photography with online courses, international collaborations, and events, bringing Maltese photography to a global audience.","breadcrumb":{"@id":"https:\/\/aea.academy\/mipp\/#breadcrumb"},"inLanguage":"es","potentialAction":[{"@type":"ReadAction","target":["https:\/\/aea.academy\/mipp\/"]}]},{"@type":"ImageObject","inLanguage":"es","@id":"https:\/\/aea.academy\/mipp\/#primaryimage","url":"https:\/\/aea.academy\/wp-content\/uploads\/2024\/09\/mipp-299x299.png","contentUrl":"https:\/\/aea.academy\/wp-content\/uploads\/2024\/09\/mipp-299x299.png","width":300,"height":300,"caption":"MIPP"},{"@type":"BreadcrumbList","@id":"https:\/\/aea.academy\/mipp\/#breadcrumb","itemListElement":[{"@type":"ListItem","position":1,"name":"Home","item":"https:\/\/aea.academy\/"},{"@type":"ListItem","position":2,"name":"MIPP"}]},{"@type":"WebSite","@id":"https:\/\/aea.academy\/#website","url":"https:\/\/aea.academy\/","name":"Academia AeA","description":"Advenio eAcademy Malta","publisher":{"@id":"https:\/\/aea.academy\/#organization"},"potentialAction":[{"@type":"SearchAction","target":{"@type":"EntryPoint","urlTemplate":"https:\/\/aea.academy\/?s={search_term_string}"},"query-input":{"@type":"PropertyValueSpecification","valueRequired":true,"valueName":"search_term_string"}}],"inLanguage":"es"},{"@type":"Organization","@id":"https:\/\/aea.academy\/#organization","name":"Academia AeA","url":"https:\/\/aea.academy\/","logo":{"@type":"ImageObject","inLanguage":"es","@id":"https:\/\/aea.academy\/#\/schema\/logo\/image\/","url":"https:\/\/aea.academy\/wp-content\/uploads\/2024\/09\/20220906-Advenio-vector-with-text-2813x946.png","contentUrl":"https:\/\/aea.academy\/wp-content\/uploads\/2024\/09\/20220906-Advenio-vector-with-text-2813x946.png","width":2816,"height":947,"caption":"AeA Academy"},"image":{"@id":"https:\/\/aea.academy\/#\/schema\/logo\/image\/"},"sameAs":["https:\/\/www.facebook.com\/people\/Advenio-eAcademy\/100064132746001\/","https:\/\/www.instagram.com\/advenio_eacademy\/","https:\/\/www.linkedin.com\/uas\/login?session_redirect=school10402143","https:\/\/www.youtube.com\/@advenioeacademy5728"]}]}},"_links":{"self":[{"href":"https:\/\/aea.academy\/es\/wp-json\/wp\/v2\/pages\/51288","targetHints":{"allow":["GET"]}}],"collection":[{"href":"https:\/\/aea.academy\/es\/wp-json\/wp\/v2\/pages"}],"about":[{"href":"https:\/\/aea.academy\/es\/wp-json\/wp\/v2\/types\/page"}],"author":[{"embeddable":true,"href":"https:\/\/aea.academy\/es\/wp-json\/wp\/v2\/users\/1"}],"replies":[{"embeddable":true,"href":"https:\/\/aea.academy\/es\/wp-json\/wp\/v2\/comments?post=51288"}],"version-history":[{"count":0,"href":"https:\/\/aea.academy\/es\/wp-json\/wp\/v2\/pages\/51288\/revisions"}],"wp:featuredmedia":[{"embeddable":true,"href":"https:\/\/aea.academy\/es\/wp-json\/wp\/v2\/media\/51341"}],"wp:attachment":[{"href":"https:\/\/aea.academy\/es\/wp-json\/wp\/v2\/media?parent=51288"}],"curies":[{"name":"wp","href":"https:\/\/api.w.org\/{rel}","templated":true}]}}