{"id":51290,"date":"2024-09-24T18:09:26","date_gmt":"2024-09-24T18:09:26","guid":{"rendered":"https:\/\/aea.academy\/?page_id=51290"},"modified":"2024-10-03T01:04:06","modified_gmt":"2024-10-03T01:04:06","slug":"mca","status":"publish","type":"page","link":"https:\/\/aea.academy\/es\/mca\/","title":{"rendered":"MCA"},"content":{"rendered":"<div data-elementor-type=\"wp-page\" data-elementor-id=\"51290\" class=\"elementor elementor-51290\" data-elementor-post-type=\"page\">\n\t\t\t\t<div class=\"elementor-element elementor-element-11ce2c6 e-flex e-con-boxed e-con e-parent\" data-id=\"11ce2c6\" data-element_type=\"container\" data-e-type=\"container\">\n\t\t\t\t\t<div class=\"e-con-inner\">\n\t\t\t\t<div class=\"elementor-element elementor-element-1976414 elementor-widget elementor-widget-text-editor\" data-id=\"1976414\" data-element_type=\"widget\" data-e-type=\"widget\" data-widget_type=\"text-editor.default\">\n\t\t\t\t<div class=\"elementor-widget-container\">\n\t\t\t\t\t\t\t\t\t<div class=\"et_pb_row et_pb_row_0\">\n<div class=\"et_pb_column et_pb_column_1_2 et_pb_column_0 et_pb_css_mix_blend_mode_passthrough\">\n<div class=\"et_pb_module et_pb_text et_pb_text_0 et_pb_text_align_left et_pb_bg_layout_light\">\n<div class=\"et_pb_text_inner\">\n<p>En 2018, Advenio eAcademy tuvo \u00e9xito en su oferta para desarrollar e implementar un programa de formaci\u00f3n certificado sobre comercio electr\u00f3nico para la Autoridad de Comunicaciones de Malta. El programa Award in eCommerce Practices es un curso semipresencial certificado de nivel 4 en negocios digitales, que est\u00e1 siendo ofrecido por la Autoridad de Comunicaciones de Malta, a trav\u00e9s de Advenio eAcademy, una instituci\u00f3n de educaci\u00f3n superior con licencia MFHEA. Como organismo adjudicador, Advenio eAcademy es responsable de la garant\u00eda de calidad total del programa, asegurando que cumple con todos los requisitos de la MFHEA, en t\u00e9rminos de dise\u00f1o e impartici\u00f3n.<\/p>\n<p>eBiznify ofrece soluciones de aprendizaje personalizadas de \u00faltima generaci\u00f3n al mercado malt\u00e9s a trav\u00e9s de un curso certificado de nivel 4 en comercio electr\u00f3nico de 4 cr\u00e9ditos ECTS. Incluir\u00e1 elementos tanto de autoaprendizaje como de aprendizaje colaborativo y requerir\u00e1 que los participantes participen en varias sesiones de talleres\/tutoriales en l\u00ednea y presenciales. Adem\u00e1s, tendr\u00e1n que participar en foros de debate en l\u00ednea y trabajar en varios proyectos durante las doce semanas que dura el curso. Todos estos elementos forman parte del proceso de evaluaci\u00f3n continua, clave para la certificaci\u00f3n del programa por parte de la MFHEA.<\/p>\n<p>La MCA se cre\u00f3 el 1 de enero de 2001 y es el organismo estatutario responsable de la regulaci\u00f3n de los diversos sectores de las comunicaciones electr\u00f3nicas, que incluyen la telefon\u00eda fija y m\u00f3vil, Internet y los servicios de distribuci\u00f3n de televisi\u00f3n. Adem\u00e1s, la Autoridad regula otros dos sectores que son los servicios postales, as\u00ed como el sector del comercio electr\u00f3nico.<\/p>\n<p>Es un hecho ampliamente reconocido que el acceso a servicios e informaci\u00f3n esenciales, el mantenimiento y la mejora de las redes de apoyo social y las oportunidades de un compromiso social y c\u00edvico significativo se ven cada vez m\u00e1s comprometidos por la falta de alfabetizaci\u00f3n digital. De ah\u00ed que la Autoridad haya emprendido una serie de iniciativas de inclusi\u00f3n digital destinadas a garantizar que todas las empresas e individuos tengan las habilidades y competencias necesarias para participar plenamente en actividades en l\u00ednea, algo imprescindible en la actual aldea global de las TIC.  El mandato de la Autoridad se ha ampliado recientemente a la exploraci\u00f3n de nuevas oportunidades econ\u00f3micas para Malta, en general relacionadas con su cartera:<\/p>\n<ul>\n<li>Promover y salvaguardar la competencia sostenible, la capacidad de elecci\u00f3n del cliente y la rentabilidad en los sectores de las comunicaciones electr\u00f3nicas, el comercio electr\u00f3nico y los servicios postales, y<\/li>\n<li>Facilitar el desarrollo de un entorno propicio a la inversi\u00f3n, la innovaci\u00f3n, la inclusi\u00f3n social y el crecimiento econ\u00f3mico.<\/li>\n<\/ul>\n<p style=\"margin-top:30px\">El objetivo de la MCA es garantizar a los consumidores el suministro de productos y servicios basados en las \u00faltimas tecnolog\u00edas innovadoras, al precio adecuado y de la m\u00e1xima calidad. Por lo que respecta a las empresas, pretendemos garantizar un entorno que favorezca la competencia y la inversi\u00f3n sostenibles, mediante un marco regulador con visi\u00f3n de futuro que atienda adecuadamente las crecientes demandas del futuro.<\/p>\n<p>En cuanto al comercio electr\u00f3nico, se centran en apoyar su adopci\u00f3n y la prestaci\u00f3n de servicios relacionados por parte de las empresas locales. Nuestros esfuerzos se centran ahora en poner en pr\u00e1ctica las diversas iniciativas descritas en la Estrategia Nacional de Comercio Electr\u00f3nico 2014-2020.<\/p>\n<\/div>\n<\/div>\n<\/div>\n<\/div>\n\t\t\t\t\t\t\t\t<\/div>\n\t\t\t\t<\/div>\n\t\t\t\t\t<\/div>\n\t\t\t\t<\/div>\n\t\t\t\t<\/div>","protected":false},"excerpt":{"rendered":"<p>En 2018, Advenio eAcademy tuvo \u00e9xito en su oferta para desarrollar e implementar un programa de formaci\u00f3n certificado sobre comercio electr\u00f3nico para la Autoridad de Comunicaciones de Malta. El programa Award in eCommerce Practices es un curso semipresencial certificado de nivel 4 sobre negocios digitales, que est\u00e1 siendo ofrecido por la Autoridad de Comunicaciones de Malta, a trav\u00e9s de Advenio eAcademy, autorizada por la MFHEA, [...].<\/p>","protected":false},"author":1,"featured_media":0,"parent":0,"menu_order":0,"comment_status":"closed","ping_status":"closed","template":"","meta":{"footnotes":""},"class_list":["post-51290","page","type-page","status-publish","hentry"],"yoast_head":"<!-- This site is optimized with the Yoast SEO plugin v27.4 - https:\/\/yoast.com\/product\/yoast-seo-wordpress\/ -->\n<title>MCA - Advenio eAcademy Malta<\/title>\n<meta name=\"robots\" content=\"index, follow, max-snippet:-1, max-image-preview:large, max-video-preview:-1\" \/>\n<link rel=\"canonical\" href=\"https:\/\/aea.academy\/es\/mca\/\" \/>\n<meta property=\"og:locale\" content=\"es_ES\" \/>\n<meta property=\"og:type\" content=\"article\" \/>\n<meta property=\"og:title\" content=\"MCA - Advenio eAcademy Malta\" \/>\n<meta property=\"og:description\" content=\"In 2018, Advenio eAcademy was successful in its bid to develop and implement a certified training programme on E-commerce for the Malta Communications Authority. The Award in eCommerce Practices programme is a certified Level 4 blended learning course in digital business, which is being offered by the Malta Communications Authority, through the MFHEA-licensed Advenio eAcademy, [&hellip;]\" \/>\n<meta property=\"og:url\" content=\"https:\/\/aea.academy\/es\/mca\/\" \/>\n<meta property=\"og:site_name\" content=\"Advenio eAcademy Malta\" \/>\n<meta property=\"article:publisher\" content=\"https:\/\/www.facebook.com\/people\/Advenio-eAcademy\/100064132746001\/\" \/>\n<meta property=\"article:modified_time\" content=\"2024-10-03T01:04:06+00:00\" \/>\n<meta property=\"og:image\" content=\"https:\/\/aea.academy\/wp-content\/uploads\/2024\/09\/20220906-Advenio-vector-with-text-2813x946.png\" \/>\n\t<meta property=\"og:image:width\" content=\"2816\" \/>\n\t<meta property=\"og:image:height\" content=\"947\" \/>\n\t<meta property=\"og:image:type\" content=\"image\/png\" \/>\n<meta name=\"twitter:card\" content=\"summary_large_image\" \/>\n<meta name=\"twitter:label1\" content=\"Tiempo de lectura\" \/>\n\t<meta name=\"twitter:data1\" content=\"2 minutos\" \/>\n<script type=\"application\/ld+json\" class=\"yoast-schema-graph\">{\"@context\":\"https:\\\/\\\/schema.org\",\"@graph\":[{\"@type\":\"WebPage\",\"@id\":\"https:\\\/\\\/aea.academy\\\/mca\\\/\",\"url\":\"https:\\\/\\\/aea.academy\\\/mca\\\/\",\"name\":\"MCA - Advenio eAcademy Malta\",\"isPartOf\":{\"@id\":\"https:\\\/\\\/aea.academy\\\/#website\"},\"datePublished\":\"2024-09-24T18:09:26+00:00\",\"dateModified\":\"2024-10-03T01:04:06+00:00\",\"breadcrumb\":{\"@id\":\"https:\\\/\\\/aea.academy\\\/mca\\\/#breadcrumb\"},\"inLanguage\":\"es\",\"potentialAction\":[{\"@type\":\"ReadAction\",\"target\":[\"https:\\\/\\\/aea.academy\\\/mca\\\/\"]}]},{\"@type\":\"BreadcrumbList\",\"@id\":\"https:\\\/\\\/aea.academy\\\/mca\\\/#breadcrumb\",\"itemListElement\":[{\"@type\":\"ListItem\",\"position\":1,\"name\":\"Home\",\"item\":\"https:\\\/\\\/aea.academy\\\/\"},{\"@type\":\"ListItem\",\"position\":2,\"name\":\"MCA\"}]},{\"@type\":\"WebSite\",\"@id\":\"https:\\\/\\\/aea.academy\\\/#website\",\"url\":\"https:\\\/\\\/aea.academy\\\/\",\"name\":\"AeA Academy\",\"description\":\"Advenio eAcademy Malta\",\"publisher\":{\"@id\":\"https:\\\/\\\/aea.academy\\\/#organization\"},\"potentialAction\":[{\"@type\":\"SearchAction\",\"target\":{\"@type\":\"EntryPoint\",\"urlTemplate\":\"https:\\\/\\\/aea.academy\\\/?s={search_term_string}\"},\"query-input\":{\"@type\":\"PropertyValueSpecification\",\"valueRequired\":true,\"valueName\":\"search_term_string\"}}],\"inLanguage\":\"es\"},{\"@type\":\"Organization\",\"@id\":\"https:\\\/\\\/aea.academy\\\/#organization\",\"name\":\"AeA Academy\",\"url\":\"https:\\\/\\\/aea.academy\\\/\",\"logo\":{\"@type\":\"ImageObject\",\"inLanguage\":\"es\",\"@id\":\"https:\\\/\\\/aea.academy\\\/#\\\/schema\\\/logo\\\/image\\\/\",\"url\":\"https:\\\/\\\/aea.academy\\\/wp-content\\\/uploads\\\/2024\\\/09\\\/20220906-Advenio-vector-with-text-2813x946.png\",\"contentUrl\":\"https:\\\/\\\/aea.academy\\\/wp-content\\\/uploads\\\/2024\\\/09\\\/20220906-Advenio-vector-with-text-2813x946.png\",\"width\":2816,\"height\":947,\"caption\":\"AeA Academy\"},\"image\":{\"@id\":\"https:\\\/\\\/aea.academy\\\/#\\\/schema\\\/logo\\\/image\\\/\"},\"sameAs\":[\"https:\\\/\\\/www.facebook.com\\\/people\\\/Advenio-eAcademy\\\/100064132746001\\\/\",\"https:\\\/\\\/www.instagram.com\\\/advenio_eacademy\\\/\",\"https:\\\/\\\/www.linkedin.com\\\/uas\\\/login?session_redirect=school10402143\",\"https:\\\/\\\/www.youtube.com\\\/@advenioeacademy5728\"]}]}<\/script>\n<!-- \/ Yoast SEO plugin. -->","yoast_head_json":{"title":"MCA - Advenio eAcademy Malta","robots":{"index":"index","follow":"follow","max-snippet":"max-snippet:-1","max-image-preview":"max-image-preview:large","max-video-preview":"max-video-preview:-1"},"canonical":"https:\/\/aea.academy\/es\/mca\/","og_locale":"es_ES","og_type":"article","og_title":"MCA - Advenio eAcademy Malta","og_description":"In 2018, Advenio eAcademy was successful in its bid to develop and implement a certified training programme on E-commerce for the Malta Communications Authority. The Award in eCommerce Practices programme is a certified Level 4 blended learning course in digital business, which is being offered by the Malta Communications Authority, through the MFHEA-licensed Advenio eAcademy, [&hellip;]","og_url":"https:\/\/aea.academy\/es\/mca\/","og_site_name":"Advenio eAcademy Malta","article_publisher":"https:\/\/www.facebook.com\/people\/Advenio-eAcademy\/100064132746001\/","article_modified_time":"2024-10-03T01:04:06+00:00","og_image":[{"width":2816,"height":947,"url":"https:\/\/aea.academy\/wp-content\/uploads\/2024\/09\/20220906-Advenio-vector-with-text-2813x946.png","type":"image\/png"}],"twitter_card":"summary_large_image","twitter_misc":{"Tiempo de lectura":"2 minutos"},"schema":{"@context":"https:\/\/schema.org","@graph":[{"@type":"WebPage","@id":"https:\/\/aea.academy\/mca\/","url":"https:\/\/aea.academy\/mca\/","name":"MCA - Advenio eAcademy Malta","isPartOf":{"@id":"https:\/\/aea.academy\/#website"},"datePublished":"2024-09-24T18:09:26+00:00","dateModified":"2024-10-03T01:04:06+00:00","breadcrumb":{"@id":"https:\/\/aea.academy\/mca\/#breadcrumb"},"inLanguage":"es","potentialAction":[{"@type":"ReadAction","target":["https:\/\/aea.academy\/mca\/"]}]},{"@type":"BreadcrumbList","@id":"https:\/\/aea.academy\/mca\/#breadcrumb","itemListElement":[{"@type":"ListItem","position":1,"name":"Home","item":"https:\/\/aea.academy\/"},{"@type":"ListItem","position":2,"name":"MCA"}]},{"@type":"WebSite","@id":"https:\/\/aea.academy\/#website","url":"https:\/\/aea.academy\/","name":"Academia AeA","description":"Advenio eAcademy Malta","publisher":{"@id":"https:\/\/aea.academy\/#organization"},"potentialAction":[{"@type":"SearchAction","target":{"@type":"EntryPoint","urlTemplate":"https:\/\/aea.academy\/?s={search_term_string}"},"query-input":{"@type":"PropertyValueSpecification","valueRequired":true,"valueName":"search_term_string"}}],"inLanguage":"es"},{"@type":"Organization","@id":"https:\/\/aea.academy\/#organization","name":"Academia AeA","url":"https:\/\/aea.academy\/","logo":{"@type":"ImageObject","inLanguage":"es","@id":"https:\/\/aea.academy\/#\/schema\/logo\/image\/","url":"https:\/\/aea.academy\/wp-content\/uploads\/2024\/09\/20220906-Advenio-vector-with-text-2813x946.png","contentUrl":"https:\/\/aea.academy\/wp-content\/uploads\/2024\/09\/20220906-Advenio-vector-with-text-2813x946.png","width":2816,"height":947,"caption":"AeA Academy"},"image":{"@id":"https:\/\/aea.academy\/#\/schema\/logo\/image\/"},"sameAs":["https:\/\/www.facebook.com\/people\/Advenio-eAcademy\/100064132746001\/","https:\/\/www.instagram.com\/advenio_eacademy\/","https:\/\/www.linkedin.com\/uas\/login?session_redirect=school10402143","https:\/\/www.youtube.com\/@advenioeacademy5728"]}]}},"_links":{"self":[{"href":"https:\/\/aea.academy\/es\/wp-json\/wp\/v2\/pages\/51290","targetHints":{"allow":["GET"]}}],"collection":[{"href":"https:\/\/aea.academy\/es\/wp-json\/wp\/v2\/pages"}],"about":[{"href":"https:\/\/aea.academy\/es\/wp-json\/wp\/v2\/types\/page"}],"author":[{"embeddable":true,"href":"https:\/\/aea.academy\/es\/wp-json\/wp\/v2\/users\/1"}],"replies":[{"embeddable":true,"href":"https:\/\/aea.academy\/es\/wp-json\/wp\/v2\/comments?post=51290"}],"version-history":[{"count":0,"href":"https:\/\/aea.academy\/es\/wp-json\/wp\/v2\/pages\/51290\/revisions"}],"wp:attachment":[{"href":"https:\/\/aea.academy\/es\/wp-json\/wp\/v2\/media?parent=51290"}],"curies":[{"name":"wp","href":"https:\/\/api.w.org\/{rel}","templated":true}]}}