{"id":51296,"date":"2024-09-24T18:11:03","date_gmt":"2024-09-24T18:11:03","guid":{"rendered":"https:\/\/aea.academy\/?page_id=51296"},"modified":"2024-10-07T23:41:52","modified_gmt":"2024-10-07T23:41:52","slug":"trademalta","status":"publish","type":"page","link":"https:\/\/aea.academy\/es\/trademalta\/","title":{"rendered":"TradeMalta"},"content":{"rendered":"<div data-elementor-type=\"wp-page\" data-elementor-id=\"51296\" class=\"elementor elementor-51296\" data-elementor-post-type=\"page\">\n\t\t\t\t<div class=\"elementor-element elementor-element-faf4f04 e-flex e-con-boxed e-con e-parent\" data-id=\"faf4f04\" data-element_type=\"container\" data-e-type=\"container\">\n\t\t\t\t\t<div class=\"e-con-inner\">\n\t\t\t\t<div class=\"elementor-element elementor-element-82cf0a6 elementor-widget elementor-widget-text-editor\" data-id=\"82cf0a6\" data-element_type=\"widget\" data-e-type=\"widget\" data-widget_type=\"text-editor.default\">\n\t\t\t\t<div class=\"elementor-widget-container\">\n\t\t\t\t\t\t\t\t\t<div class=\"et_pb_row et_pb_row_0\">\n<div class=\"et_pb_column et_pb_column_1_2 et_pb_column_0 et_pb_css_mix_blend_mode_passthrough\">\n<div class=\"et_pb_module et_pb_text et_pb_text_0 et_pb_text_align_left et_pb_bg_layout_light\">\n<div class=\"et_pb_text_inner\">\n<p>En 2018, Advenio eAcademy tuvo \u00e9xito en su oferta para desarrollar e implementar un programa de formaci\u00f3n sobre Marketing de Exportaci\u00f3n para Trade Malta. El programa de formaci\u00f3n se centr\u00f3 en los diversos elementos que los exportadores necesitan conocer suficientemente para tener \u00e9xito en la aplicaci\u00f3n de la estrategia correcta de marketing de exportaci\u00f3n. El programa de formaci\u00f3n abord\u00f3 temas sobre las operaciones, los marcos jur\u00eddicos y normativos. Perspectivas financieras, de relaciones comerciales y de marketing.<\/p>\n<p>\u00a0El objetivo de TradeMalta es demostrar que Malta es un lugar fant\u00e1stico para hacer negocios y que las empresas maltesas tienen un potencial infinito en el resto del mundo. TradeMalta es una asociaci\u00f3n p\u00fablico-privada entre el Gobierno de Malta, actualmente bajo la responsabilidad del Ministerio de Asuntos Exteriores y Promoci\u00f3n del Comercio, y la C\u00e1mara de Comercio, Empresa e Industria de Malta.<\/p>\n<p>\u00a0Con esta idea en mente, ofrecen una gama de servicios adaptados a las necesidades de las empresas que planean dar ese primer paso en el mundo de la internacionalizaci\u00f3n. Desde evaluar los mercados hasta perfeccionar su producto, hay muchas cosas que pueden hacerse para que el salto sea m\u00e1s f\u00e1cil, eficiente y eficaz.<\/p>\n<p>\u00a0Para lograrlo, imparten programas de formaci\u00f3n especializada en desarrollo empresarial y marketing internacional, administran una serie de planes de incentivos y programas de internacionalizaci\u00f3n, y promueven oportunidades de negocio en todo el mundo.<\/p>\n<\/div>\n<\/div>\n<\/div>\n<\/div>\n\t\t\t\t\t\t\t\t<\/div>\n\t\t\t\t<\/div>\n\t\t\t\t\t<\/div>\n\t\t\t\t<\/div>\n\t\t\t\t<\/div>","protected":false},"excerpt":{"rendered":"<p>En 2018, Advenio eAcademy tuvo \u00e9xito en su oferta para desarrollar e implementar un programa de formaci\u00f3n sobre Marketing de Exportaci\u00f3n para Trade Malta. El programa de formaci\u00f3n se centr\u00f3 en los diversos elementos que los exportadores necesitan conocer suficientemente para tener \u00e9xito en la aplicaci\u00f3n de la estrategia correcta de marketing de exportaci\u00f3n. El programa de formaci\u00f3n abord\u00f3 temas sobre las operaciones, [...]<\/p>","protected":false},"author":1,"featured_media":51345,"parent":0,"menu_order":0,"comment_status":"closed","ping_status":"closed","template":"","meta":{"footnotes":""},"class_list":["post-51296","page","type-page","status-publish","has-post-thumbnail","hentry"],"yoast_head":"<!-- This site is optimized with the Yoast SEO plugin v27.4 - https:\/\/yoast.com\/product\/yoast-seo-wordpress\/ -->\n<title>Export Training: Advenio eAcademy &amp; TradeMalta Collaboration<\/title>\n<meta name=\"description\" content=\"Advenio eAcademy and TradeMalta create export marketing training programs to support Malta-based businesses in their international expansion efforts.\" \/>\n<meta name=\"robots\" content=\"index, follow, max-snippet:-1, max-image-preview:large, max-video-preview:-1\" \/>\n<link rel=\"canonical\" href=\"https:\/\/aea.academy\/es\/trademalta\/\" \/>\n<meta property=\"og:locale\" content=\"es_ES\" \/>\n<meta property=\"og:type\" content=\"article\" \/>\n<meta property=\"og:title\" content=\"Export Training: Advenio eAcademy &amp; TradeMalta Collaboration\" \/>\n<meta property=\"og:description\" content=\"Advenio eAcademy and TradeMalta create export marketing training programs to support Malta-based businesses in their international expansion efforts.\" \/>\n<meta property=\"og:url\" content=\"https:\/\/aea.academy\/es\/trademalta\/\" \/>\n<meta property=\"og:site_name\" content=\"Advenio eAcademy Malta\" \/>\n<meta property=\"article:publisher\" content=\"https:\/\/www.facebook.com\/people\/Advenio-eAcademy\/100064132746001\/\" \/>\n<meta property=\"article:modified_time\" content=\"2024-10-07T23:41:52+00:00\" \/>\n<meta property=\"og:image\" content=\"https:\/\/aea.academy\/wp-content\/uploads\/2024\/09\/trademalta-299x299.png\" \/>\n\t<meta property=\"og:image:width\" content=\"300\" \/>\n\t<meta property=\"og:image:height\" content=\"300\" \/>\n\t<meta property=\"og:image:type\" content=\"image\/png\" \/>\n<meta name=\"twitter:card\" content=\"summary_large_image\" \/>\n<meta name=\"twitter:label1\" content=\"Tiempo de lectura\" \/>\n\t<meta name=\"twitter:data1\" content=\"2 minutos\" \/>\n<script type=\"application\/ld+json\" class=\"yoast-schema-graph\">{\"@context\":\"https:\\\/\\\/schema.org\",\"@graph\":[{\"@type\":\"WebPage\",\"@id\":\"https:\\\/\\\/aea.academy\\\/trademalta\\\/\",\"url\":\"https:\\\/\\\/aea.academy\\\/trademalta\\\/\",\"name\":\"Export Training: Advenio eAcademy & TradeMalta Collaboration\",\"isPartOf\":{\"@id\":\"https:\\\/\\\/aea.academy\\\/#website\"},\"primaryImageOfPage\":{\"@id\":\"https:\\\/\\\/aea.academy\\\/trademalta\\\/#primaryimage\"},\"image\":{\"@id\":\"https:\\\/\\\/aea.academy\\\/trademalta\\\/#primaryimage\"},\"thumbnailUrl\":\"https:\\\/\\\/aea.academy\\\/wp-content\\\/uploads\\\/2024\\\/09\\\/trademalta-299x299.png\",\"datePublished\":\"2024-09-24T18:11:03+00:00\",\"dateModified\":\"2024-10-07T23:41:52+00:00\",\"description\":\"Advenio eAcademy and TradeMalta create export marketing training programs to support Malta-based businesses in their international expansion efforts.\",\"breadcrumb\":{\"@id\":\"https:\\\/\\\/aea.academy\\\/trademalta\\\/#breadcrumb\"},\"inLanguage\":\"es\",\"potentialAction\":[{\"@type\":\"ReadAction\",\"target\":[\"https:\\\/\\\/aea.academy\\\/trademalta\\\/\"]}]},{\"@type\":\"ImageObject\",\"inLanguage\":\"es\",\"@id\":\"https:\\\/\\\/aea.academy\\\/trademalta\\\/#primaryimage\",\"url\":\"https:\\\/\\\/aea.academy\\\/wp-content\\\/uploads\\\/2024\\\/09\\\/trademalta-299x299.png\",\"contentUrl\":\"https:\\\/\\\/aea.academy\\\/wp-content\\\/uploads\\\/2024\\\/09\\\/trademalta-299x299.png\",\"width\":300,\"height\":300,\"caption\":\"TradeMalta\"},{\"@type\":\"BreadcrumbList\",\"@id\":\"https:\\\/\\\/aea.academy\\\/trademalta\\\/#breadcrumb\",\"itemListElement\":[{\"@type\":\"ListItem\",\"position\":1,\"name\":\"Home\",\"item\":\"https:\\\/\\\/aea.academy\\\/\"},{\"@type\":\"ListItem\",\"position\":2,\"name\":\"TradeMalta\"}]},{\"@type\":\"WebSite\",\"@id\":\"https:\\\/\\\/aea.academy\\\/#website\",\"url\":\"https:\\\/\\\/aea.academy\\\/\",\"name\":\"AeA Academy\",\"description\":\"Advenio eAcademy Malta\",\"publisher\":{\"@id\":\"https:\\\/\\\/aea.academy\\\/#organization\"},\"potentialAction\":[{\"@type\":\"SearchAction\",\"target\":{\"@type\":\"EntryPoint\",\"urlTemplate\":\"https:\\\/\\\/aea.academy\\\/?s={search_term_string}\"},\"query-input\":{\"@type\":\"PropertyValueSpecification\",\"valueRequired\":true,\"valueName\":\"search_term_string\"}}],\"inLanguage\":\"es\"},{\"@type\":\"Organization\",\"@id\":\"https:\\\/\\\/aea.academy\\\/#organization\",\"name\":\"AeA Academy\",\"url\":\"https:\\\/\\\/aea.academy\\\/\",\"logo\":{\"@type\":\"ImageObject\",\"inLanguage\":\"es\",\"@id\":\"https:\\\/\\\/aea.academy\\\/#\\\/schema\\\/logo\\\/image\\\/\",\"url\":\"https:\\\/\\\/aea.academy\\\/wp-content\\\/uploads\\\/2024\\\/09\\\/20220906-Advenio-vector-with-text-2813x946.png\",\"contentUrl\":\"https:\\\/\\\/aea.academy\\\/wp-content\\\/uploads\\\/2024\\\/09\\\/20220906-Advenio-vector-with-text-2813x946.png\",\"width\":2816,\"height\":947,\"caption\":\"AeA Academy\"},\"image\":{\"@id\":\"https:\\\/\\\/aea.academy\\\/#\\\/schema\\\/logo\\\/image\\\/\"},\"sameAs\":[\"https:\\\/\\\/www.facebook.com\\\/people\\\/Advenio-eAcademy\\\/100064132746001\\\/\",\"https:\\\/\\\/www.instagram.com\\\/advenio_eacademy\\\/\",\"https:\\\/\\\/www.linkedin.com\\\/uas\\\/login?session_redirect=school10402143\",\"https:\\\/\\\/www.youtube.com\\\/@advenioeacademy5728\"]}]}<\/script>\n<!-- \/ Yoast SEO plugin. -->","yoast_head_json":{"title":"Export Training: Advenio eAcademy & TradeMalta Collaboration","description":"Advenio eAcademy and TradeMalta create export marketing training programs to support Malta-based businesses in their international expansion efforts.","robots":{"index":"index","follow":"follow","max-snippet":"max-snippet:-1","max-image-preview":"max-image-preview:large","max-video-preview":"max-video-preview:-1"},"canonical":"https:\/\/aea.academy\/es\/trademalta\/","og_locale":"es_ES","og_type":"article","og_title":"Export Training: Advenio eAcademy & TradeMalta Collaboration","og_description":"Advenio eAcademy and TradeMalta create export marketing training programs to support Malta-based businesses in their international expansion efforts.","og_url":"https:\/\/aea.academy\/es\/trademalta\/","og_site_name":"Advenio eAcademy Malta","article_publisher":"https:\/\/www.facebook.com\/people\/Advenio-eAcademy\/100064132746001\/","article_modified_time":"2024-10-07T23:41:52+00:00","og_image":[{"width":300,"height":300,"url":"https:\/\/aea.academy\/wp-content\/uploads\/2024\/09\/trademalta-299x299.png","type":"image\/png"}],"twitter_card":"summary_large_image","twitter_misc":{"Tiempo de lectura":"2 minutos"},"schema":{"@context":"https:\/\/schema.org","@graph":[{"@type":"WebPage","@id":"https:\/\/aea.academy\/trademalta\/","url":"https:\/\/aea.academy\/trademalta\/","name":"Export Training: Advenio eAcademy & TradeMalta Collaboration","isPartOf":{"@id":"https:\/\/aea.academy\/#website"},"primaryImageOfPage":{"@id":"https:\/\/aea.academy\/trademalta\/#primaryimage"},"image":{"@id":"https:\/\/aea.academy\/trademalta\/#primaryimage"},"thumbnailUrl":"https:\/\/aea.academy\/wp-content\/uploads\/2024\/09\/trademalta-299x299.png","datePublished":"2024-09-24T18:11:03+00:00","dateModified":"2024-10-07T23:41:52+00:00","description":"Advenio eAcademy and TradeMalta create export marketing training programs to support Malta-based businesses in their international expansion efforts.","breadcrumb":{"@id":"https:\/\/aea.academy\/trademalta\/#breadcrumb"},"inLanguage":"es","potentialAction":[{"@type":"ReadAction","target":["https:\/\/aea.academy\/trademalta\/"]}]},{"@type":"ImageObject","inLanguage":"es","@id":"https:\/\/aea.academy\/trademalta\/#primaryimage","url":"https:\/\/aea.academy\/wp-content\/uploads\/2024\/09\/trademalta-299x299.png","contentUrl":"https:\/\/aea.academy\/wp-content\/uploads\/2024\/09\/trademalta-299x299.png","width":300,"height":300,"caption":"TradeMalta"},{"@type":"BreadcrumbList","@id":"https:\/\/aea.academy\/trademalta\/#breadcrumb","itemListElement":[{"@type":"ListItem","position":1,"name":"Home","item":"https:\/\/aea.academy\/"},{"@type":"ListItem","position":2,"name":"TradeMalta"}]},{"@type":"WebSite","@id":"https:\/\/aea.academy\/#website","url":"https:\/\/aea.academy\/","name":"Academia AeA","description":"Advenio eAcademy Malta","publisher":{"@id":"https:\/\/aea.academy\/#organization"},"potentialAction":[{"@type":"SearchAction","target":{"@type":"EntryPoint","urlTemplate":"https:\/\/aea.academy\/?s={search_term_string}"},"query-input":{"@type":"PropertyValueSpecification","valueRequired":true,"valueName":"search_term_string"}}],"inLanguage":"es"},{"@type":"Organization","@id":"https:\/\/aea.academy\/#organization","name":"Academia AeA","url":"https:\/\/aea.academy\/","logo":{"@type":"ImageObject","inLanguage":"es","@id":"https:\/\/aea.academy\/#\/schema\/logo\/image\/","url":"https:\/\/aea.academy\/wp-content\/uploads\/2024\/09\/20220906-Advenio-vector-with-text-2813x946.png","contentUrl":"https:\/\/aea.academy\/wp-content\/uploads\/2024\/09\/20220906-Advenio-vector-with-text-2813x946.png","width":2816,"height":947,"caption":"AeA Academy"},"image":{"@id":"https:\/\/aea.academy\/#\/schema\/logo\/image\/"},"sameAs":["https:\/\/www.facebook.com\/people\/Advenio-eAcademy\/100064132746001\/","https:\/\/www.instagram.com\/advenio_eacademy\/","https:\/\/www.linkedin.com\/uas\/login?session_redirect=school10402143","https:\/\/www.youtube.com\/@advenioeacademy5728"]}]}},"_links":{"self":[{"href":"https:\/\/aea.academy\/es\/wp-json\/wp\/v2\/pages\/51296","targetHints":{"allow":["GET"]}}],"collection":[{"href":"https:\/\/aea.academy\/es\/wp-json\/wp\/v2\/pages"}],"about":[{"href":"https:\/\/aea.academy\/es\/wp-json\/wp\/v2\/types\/page"}],"author":[{"embeddable":true,"href":"https:\/\/aea.academy\/es\/wp-json\/wp\/v2\/users\/1"}],"replies":[{"embeddable":true,"href":"https:\/\/aea.academy\/es\/wp-json\/wp\/v2\/comments?post=51296"}],"version-history":[{"count":0,"href":"https:\/\/aea.academy\/es\/wp-json\/wp\/v2\/pages\/51296\/revisions"}],"wp:featuredmedia":[{"embeddable":true,"href":"https:\/\/aea.academy\/es\/wp-json\/wp\/v2\/media\/51345"}],"wp:attachment":[{"href":"https:\/\/aea.academy\/es\/wp-json\/wp\/v2\/media?parent=51296"}],"curies":[{"name":"wp","href":"https:\/\/api.w.org\/{rel}","templated":true}]}}