{"id":51300,"date":"2024-09-24T18:12:31","date_gmt":"2024-09-24T18:12:31","guid":{"rendered":"https:\/\/aea.academy\/?page_id=51300"},"modified":"2025-01-13T17:11:20","modified_gmt":"2025-01-13T17:11:20","slug":"greece-university-of-ioannina","status":"publish","type":"page","link":"https:\/\/aea.academy\/es\/greece-university-of-ioannina\/","title":{"rendered":"GRECIA, UNIVERSIDAD DE IOANNINA"},"content":{"rendered":"<div data-elementor-type=\"wp-page\" data-elementor-id=\"51300\" class=\"elementor elementor-51300\" data-elementor-post-type=\"page\">\n\t\t\t\t\t\t<section class=\"elementor-section elementor-top-section elementor-element elementor-element-ad2b193 elementor-section-content-middle elementor-section-stretched elementor-section-height-min-height elementor-section-full_width elementor-section-items-stretch elementor-section-height-default\" data-id=\"ad2b193\" data-element_type=\"section\" data-settings=\"{&quot;stretch_section&quot;:&quot;section-stretched&quot;,&quot;background_background&quot;:&quot;classic&quot;}\">\n\t\t\t\t\t\t<div class=\"elementor-container elementor-column-gap-default\">\n\t\t\t\t\t<div class=\"elementor-column elementor-col-100 elementor-top-column elementor-element elementor-element-29929ac elementor-invisible\" data-id=\"29929ac\" data-element_type=\"column\" data-settings=\"{&quot;animation&quot;:&quot;fadeInUp&quot;}\">\n\t\t\t<div class=\"elementor-widget-wrap elementor-element-populated\">\n\t\t\t\t<div class=\"elementor-element elementor-element-5e3e7bb e-flex e-con-boxed e-con e-parent\" data-id=\"5e3e7bb\" data-element_type=\"container\">\n\t\t\t\t\t<div class=\"e-con-inner\">\n\t\t\t\t<div class=\"elementor-element elementor-element-d00aad4 elementor-widget elementor-widget-heading\" data-id=\"d00aad4\" data-element_type=\"widget\" data-widget_type=\"heading.default\">\n\t\t\t\t<div class=\"elementor-widget-container\">\n\t\t\t\t\t<h2 class=\"elementor-heading-title elementor-size-default\">GRECIA, UNIVERSIDAD DE IOANNINA<\/h2>\t\t\t\t<\/div>\n\t\t\t\t<\/div>\n\t\t\t\t\t<\/div>\n\t\t\t\t<\/div>\n\t\t\t\t\t<\/div>\n\t\t<\/div>\n\t\t\t\t\t<\/div>\n\t\t<\/section>\n\t\t<div class=\"elementor-element elementor-element-6300fd5 e-flex e-con-boxed e-con e-parent\" data-id=\"6300fd5\" data-element_type=\"container\">\n\t\t\t\t\t<div class=\"e-con-inner\">\n\t\t\t\t<div class=\"elementor-element elementor-element-b8c1b17 elementor-widget elementor-widget-text-editor\" data-id=\"b8c1b17\" data-element_type=\"widget\" data-widget_type=\"text-editor.default\">\n\t\t\t\t<div class=\"elementor-widget-container\">\n\t\t\t\t\t\t\t\t\t<div class=\"et_pb_row et_pb_row_0\">\n<div class=\"et_pb_column et_pb_column_1_2 et_pb_column_0 et_pb_css_mix_blend_mode_passthrough\">\n<div class=\"et_pb_module et_pb_text et_pb_text_0 et_pb_text_align_left et_pb_bg_layout_light\">\n<div class=\"et_pb_text_inner\">\n<p>En los \u00faltimos a\u00f1os, Advenio eAcademy ha colaborado con la Universidad de Ioannina en una serie de proyectos financiados por Erasmus+, entre los que se incluyen los siguientes<\/p>\n<ul>\n<li style=\"list-style-type: none;\">\n<ul>\n<li>2017 - 2020 MHEI - M\u00e1ster en Iniciativa Empresarial<\/li>\n<li>2020 - 2023 ARPEL4Entrep Licenciatura en Iniciativa Empresarial<\/li>\n<li>2021 - 2024 SocEntrep4NGOs Diploma Superior de Pregrado en Emprendimiento Social<\/li>\n<\/ul>\n<\/li>\n<\/ul>\n<div><\/div>\n<p style=\"margin-top:30px\">La Universidad de Io\u00e1nnina se fund\u00f3 en 1964. En 1970 se convirti\u00f3 en una instituci\u00f3n de ense\u00f1anza superior independiente, que creci\u00f3 r\u00e1pidamente en los a\u00f1os siguientes. En la actualidad, la Universidad de Io\u00e1nnina cuenta con 17 departamentos acad\u00e9micos que acogen a 13.523 estudiantes universitarios. Se ofrecen varios programas organizados de estudios de postgrado que combinan elementos docentes y de investigaci\u00f3n, tanto a nivel de m\u00e1ster como de doctorado. Aproximadamente 1.300 estudiantes cursan estudios de m\u00e1ster a tiempo completo, mientras que 2.217 cursan estudios de doctorado.<\/p>\n<p>La Universidad comprende las siguientes Escuelas y Departamentos: Facultad de Filosof\u00eda, Facultad de Ciencias, Facultad de Educaci\u00f3n, Facultad de Ciencias de la Salud, Facultad de Ciencias y Tecnolog\u00edas. Departamentos independientes (no escolares) - Escuela de Bellas Artes, Escuela de Gesti\u00f3n de Recursos Naturales y Empresas (situada en Agrinio), Departamento Independiente (no escolar) (situado en Agrinio) y Departamento de Gesti\u00f3n del Patrimonio Cultural y Nuevas Tecnolog\u00edas.<\/p>\n<p>Los esfuerzos por establecer una Universidad en Ioannina y en la regi\u00f3n en general se remontan a los \u00faltimos a\u00f1os prerrevolucionarios. Durante ese periodo, destacados intelectuales epirotas hab\u00edan intentado fundar instituciones de ense\u00f1anza superior en el Epiro. Desde principios de los a\u00f1os cincuenta y directamente despu\u00e9s de la fundaci\u00f3n de la Sociedad de Estudios Epirotas (1954), se expres\u00f3 una fuerte demanda para la fundaci\u00f3n de una Instituci\u00f3n de Educaci\u00f3n Superior que reflejara el trasfondo cultural de Epiro y promoviera Ioannina y la regi\u00f3n en general desde todos los aspectos.<\/p>\n<p>En 1962 se cre\u00f3 en Atenas una delegaci\u00f3n de intelectuales visionarios con un \u00fanico objetivo: \"la reivindicaci\u00f3n m\u00e1s eficaz y la promoci\u00f3n m\u00e1s amplia posible de la justa petici\u00f3n de Epirot de establecer una tercera universidad o una escuela independiente de formaci\u00f3n te\u00f3rica o t\u00e9cnica en Ioannina\". En un anuncio de julio de 1962, el Comit\u00e9 hizo un llamamiento a todos los organismos oficiales y no oficiales, as\u00ed como a todos los ciudadanos de Epirot, para que tomaran medidas a fin de que la petici\u00f3n mencionada se hiciera realidad.<\/p>\n<p>El 8 de mayo de 1964 se anunci\u00f3 en la prensa diaria la fundaci\u00f3n de una Facultad de Filosof\u00eda en Io\u00e1nnina, como sucursal de la misma Facultad de la Universidad Arist\u00f3teles de Sal\u00f3nica. Inicialmente, la Facultad se instal\u00f3 en el antiguo edificio de la Academia Zosimaia. En 1966, Georgios Mylonas, subsecretario del gabinete del primer ministro de la \u00e9poca y subsecretario de Educaci\u00f3n, no s\u00f3lo favoreci\u00f3 el traslado de la Escuela, sino que encarg\u00f3 la elaboraci\u00f3n de planos para un campus construido a medida en la zona cercana al monasterio de Dourouti.<\/p>\n<p>En 1966 se cre\u00f3 el Departamento de Matem\u00e1ticas, que depend\u00eda de la Facultad de Matem\u00e1ticas y F\u00edsica de la Universidad Arist\u00f3teles de Sal\u00f3nica. En 1970 se fund\u00f3 en Io\u00e1nnina la Universidad de Io\u00e1nnina, una instituci\u00f3n de ense\u00f1anza superior independiente, que creci\u00f3 r\u00e1pidamente en los a\u00f1os siguientes hasta abarcar hoy los siguientes Departamentos acad\u00e9micos:<\/p>\n<p>En la actualidad, el cuerpo docente de la Universidad cuenta con 549 miembros del personal acad\u00e9mico, mientras que la docencia en todos los departamentos se complementa con 171 becarios docentes y 132 t\u00e9cnicos de laboratorio. Por \u00faltimo, los servicios administrativos de la Universidad cuentan con 420 empleados. En un lapso de 42 a\u00f1os, el tama\u00f1o de la Universidad de Ioannina casi se ha duplicado y sus perspectivas de desarrollo parecen especialmente prometedoras. Es probable que esto suponga una contribuci\u00f3n positiva continuada tanto para la comunidad acad\u00e9mica como para la regi\u00f3n en su conjunto.<\/p>\n<p><a href=\"http:\/\/www.uoi.gr\/en\/\" target=\"_blank\" rel=\"noopener noreferrer\">Pulse aqu\u00ed\u00a0<\/a>para acceder a la plataforma de la Universidad de Io\u00e1nnina.<\/p>\n<\/div>\n<\/div>\n<\/div>\n<\/div>\n\t\t\t\t\t\t\t\t<\/div>\n\t\t\t\t<\/div>\n\t\t\t\t\t<\/div>\n\t\t\t\t<\/div>\n\t\t\t\t<\/div>","protected":false},"excerpt":{"rendered":"<p>GRECIA, UNIVERSIDAD DE IOANNINA En los \u00faltimos a\u00f1os Advenio eAcademy ha colaborado con la Universidad de Ioannina en una serie de proyectos financiados por Erasmus+ que incluyen:- 2017 - 2020 MHEI - M\u00e1ster en Emprendimiento 2020 - 2023 ARPEL4Entrep Grado en Emprendimiento 2021 - 2024 SocEntrep4NGOs Diploma Superior de Pregrado en Emprendimiento SOcial La Universidad de [...]<\/p>","protected":false},"author":1,"featured_media":52363,"parent":0,"menu_order":0,"comment_status":"closed","ping_status":"closed","template":"elementor_canvas","meta":{"footnotes":""},"class_list":["post-51300","page","type-page","status-publish","has-post-thumbnail","hentry"],"yoast_head":"<!-- This site is optimized with the Yoast SEO plugin v26.0 - https:\/\/yoast.com\/wordpress\/plugins\/seo\/ -->\n<title>Advenio eAcademy and University of Ioannina Collaboration<\/title>\n<meta name=\"description\" content=\"Explore Advenio eAcademy&#039;s collaboration with the University of Ioannina on Erasmus+ projects. Learn about their entrepreneurship degree programs and more.\" \/>\n<meta name=\"robots\" content=\"index, follow, max-snippet:-1, max-image-preview:large, max-video-preview:-1\" \/>\n<link rel=\"canonical\" href=\"https:\/\/aea.academy\/es\/greece-university-of-ioannina\/\" \/>\n<meta property=\"og:locale\" content=\"es_ES\" \/>\n<meta property=\"og:type\" content=\"article\" \/>\n<meta property=\"og:title\" content=\"Advenio eAcademy and University of Ioannina Collaboration\" \/>\n<meta property=\"og:description\" content=\"Explore Advenio eAcademy&#039;s collaboration with the University of Ioannina on Erasmus+ projects. Learn about their entrepreneurship degree programs and more.\" \/>\n<meta property=\"og:url\" content=\"https:\/\/aea.academy\/es\/greece-university-of-ioannina\/\" \/>\n<meta property=\"og:site_name\" content=\"Advenio eAcademy Malta\" \/>\n<meta property=\"article:publisher\" content=\"https:\/\/www.facebook.com\/people\/Advenio-eAcademy\/100064132746001\/\" \/>\n<meta property=\"article:modified_time\" content=\"2025-01-13T17:11:20+00:00\" \/>\n<meta property=\"og:image\" content=\"https:\/\/aea.academy\/wp-content\/uploads\/2024\/09\/University-of-Ioannina-1-1915x349.jpg\" \/>\n\t<meta property=\"og:image:width\" content=\"1920\" \/>\n\t<meta property=\"og:image:height\" content=\"350\" \/>\n\t<meta property=\"og:image:type\" content=\"image\/jpeg\" \/>\n<meta name=\"twitter:card\" content=\"summary_large_image\" \/>\n<meta name=\"twitter:label1\" content=\"Tiempo de lectura\" \/>\n\t<meta name=\"twitter:data1\" content=\"3 minutos\" \/>\n<script type=\"application\/ld+json\" class=\"yoast-schema-graph\">{\"@context\":\"https:\/\/schema.org\",\"@graph\":[{\"@type\":\"WebPage\",\"@id\":\"https:\/\/aea.academy\/greece-university-of-ioannina\/\",\"url\":\"https:\/\/aea.academy\/greece-university-of-ioannina\/\",\"name\":\"Advenio eAcademy and University of Ioannina Collaboration\",\"isPartOf\":{\"@id\":\"https:\/\/aea.academy\/#website\"},\"primaryImageOfPage\":{\"@id\":\"https:\/\/aea.academy\/greece-university-of-ioannina\/#primaryimage\"},\"image\":{\"@id\":\"https:\/\/aea.academy\/greece-university-of-ioannina\/#primaryimage\"},\"thumbnailUrl\":\"https:\/\/aea.academy\/wp-content\/uploads\/2024\/09\/University-of-Ioannina-1-1915x349.jpg\",\"datePublished\":\"2024-09-24T18:12:31+00:00\",\"dateModified\":\"2025-01-13T17:11:20+00:00\",\"description\":\"Explore Advenio eAcademy's collaboration with the University of Ioannina on Erasmus+ projects. Learn about their entrepreneurship degree programs and more.\",\"breadcrumb\":{\"@id\":\"https:\/\/aea.academy\/greece-university-of-ioannina\/#breadcrumb\"},\"inLanguage\":\"es\",\"potentialAction\":[{\"@type\":\"ReadAction\",\"target\":[\"https:\/\/aea.academy\/greece-university-of-ioannina\/\"]}]},{\"@type\":\"ImageObject\",\"inLanguage\":\"es\",\"@id\":\"https:\/\/aea.academy\/greece-university-of-ioannina\/#primaryimage\",\"url\":\"https:\/\/aea.academy\/wp-content\/uploads\/2024\/09\/University-of-Ioannina-1-1915x349.jpg\",\"contentUrl\":\"https:\/\/aea.academy\/wp-content\/uploads\/2024\/09\/University-of-Ioannina-1-1915x349.jpg\",\"width\":1920,\"height\":350,\"caption\":\"University of Ioannina\"},{\"@type\":\"BreadcrumbList\",\"@id\":\"https:\/\/aea.academy\/greece-university-of-ioannina\/#breadcrumb\",\"itemListElement\":[{\"@type\":\"ListItem\",\"position\":1,\"name\":\"Home\",\"item\":\"https:\/\/aea.academy\/\"},{\"@type\":\"ListItem\",\"position\":2,\"name\":\"GREECE, UNIVERSITY OF IOANNINA\"}]},{\"@type\":\"WebSite\",\"@id\":\"https:\/\/aea.academy\/#website\",\"url\":\"https:\/\/aea.academy\/\",\"name\":\"AeA Academy\",\"description\":\"Advenio eAcademy Malta\",\"publisher\":{\"@id\":\"https:\/\/aea.academy\/#organization\"},\"potentialAction\":[{\"@type\":\"SearchAction\",\"target\":{\"@type\":\"EntryPoint\",\"urlTemplate\":\"https:\/\/aea.academy\/?s={search_term_string}\"},\"query-input\":{\"@type\":\"PropertyValueSpecification\",\"valueRequired\":true,\"valueName\":\"search_term_string\"}}],\"inLanguage\":\"es\"},{\"@type\":\"Organization\",\"@id\":\"https:\/\/aea.academy\/#organization\",\"name\":\"AeA Academy\",\"url\":\"https:\/\/aea.academy\/\",\"logo\":{\"@type\":\"ImageObject\",\"inLanguage\":\"es\",\"@id\":\"https:\/\/aea.academy\/#\/schema\/logo\/image\/\",\"url\":\"https:\/\/aea.academy\/wp-content\/uploads\/2024\/09\/20220906-Advenio-vector-with-text-2813x946.png\",\"contentUrl\":\"https:\/\/aea.academy\/wp-content\/uploads\/2024\/09\/20220906-Advenio-vector-with-text-2813x946.png\",\"width\":2816,\"height\":947,\"caption\":\"AeA Academy\"},\"image\":{\"@id\":\"https:\/\/aea.academy\/#\/schema\/logo\/image\/\"},\"sameAs\":[\"https:\/\/www.facebook.com\/people\/Advenio-eAcademy\/100064132746001\/\",\"https:\/\/www.instagram.com\/advenio_eacademy\/\",\"https:\/\/www.linkedin.com\/uas\/login?session_redirect=school10402143\",\"https:\/\/www.youtube.com\/@advenioeacademy5728\"]}]}<\/script>\n<!-- \/ Yoast SEO plugin. -->","yoast_head_json":{"title":"Advenio eAcademy and University of Ioannina Collaboration","description":"Explore Advenio eAcademy's collaboration with the University of Ioannina on Erasmus+ projects. Learn about their entrepreneurship degree programs and more.","robots":{"index":"index","follow":"follow","max-snippet":"max-snippet:-1","max-image-preview":"max-image-preview:large","max-video-preview":"max-video-preview:-1"},"canonical":"https:\/\/aea.academy\/es\/greece-university-of-ioannina\/","og_locale":"es_ES","og_type":"article","og_title":"Advenio eAcademy and University of Ioannina Collaboration","og_description":"Explore Advenio eAcademy's collaboration with the University of Ioannina on Erasmus+ projects. Learn about their entrepreneurship degree programs and more.","og_url":"https:\/\/aea.academy\/es\/greece-university-of-ioannina\/","og_site_name":"Advenio eAcademy Malta","article_publisher":"https:\/\/www.facebook.com\/people\/Advenio-eAcademy\/100064132746001\/","article_modified_time":"2025-01-13T17:11:20+00:00","og_image":[{"width":1920,"height":350,"url":"https:\/\/aea.academy\/wp-content\/uploads\/2024\/09\/University-of-Ioannina-1-1915x349.jpg","type":"image\/jpeg"}],"twitter_card":"summary_large_image","twitter_misc":{"Tiempo de lectura":"3 minutos"},"schema":{"@context":"https:\/\/schema.org","@graph":[{"@type":"WebPage","@id":"https:\/\/aea.academy\/greece-university-of-ioannina\/","url":"https:\/\/aea.academy\/greece-university-of-ioannina\/","name":"Advenio eAcademy and University of Ioannina Collaboration","isPartOf":{"@id":"https:\/\/aea.academy\/#website"},"primaryImageOfPage":{"@id":"https:\/\/aea.academy\/greece-university-of-ioannina\/#primaryimage"},"image":{"@id":"https:\/\/aea.academy\/greece-university-of-ioannina\/#primaryimage"},"thumbnailUrl":"https:\/\/aea.academy\/wp-content\/uploads\/2024\/09\/University-of-Ioannina-1-1915x349.jpg","datePublished":"2024-09-24T18:12:31+00:00","dateModified":"2025-01-13T17:11:20+00:00","description":"Explore Advenio eAcademy's collaboration with the University of Ioannina on Erasmus+ projects. Learn about their entrepreneurship degree programs and more.","breadcrumb":{"@id":"https:\/\/aea.academy\/greece-university-of-ioannina\/#breadcrumb"},"inLanguage":"es","potentialAction":[{"@type":"ReadAction","target":["https:\/\/aea.academy\/greece-university-of-ioannina\/"]}]},{"@type":"ImageObject","inLanguage":"es","@id":"https:\/\/aea.academy\/greece-university-of-ioannina\/#primaryimage","url":"https:\/\/aea.academy\/wp-content\/uploads\/2024\/09\/University-of-Ioannina-1-1915x349.jpg","contentUrl":"https:\/\/aea.academy\/wp-content\/uploads\/2024\/09\/University-of-Ioannina-1-1915x349.jpg","width":1920,"height":350,"caption":"University of Ioannina"},{"@type":"BreadcrumbList","@id":"https:\/\/aea.academy\/greece-university-of-ioannina\/#breadcrumb","itemListElement":[{"@type":"ListItem","position":1,"name":"Home","item":"https:\/\/aea.academy\/"},{"@type":"ListItem","position":2,"name":"GREECE, UNIVERSITY OF IOANNINA"}]},{"@type":"WebSite","@id":"https:\/\/aea.academy\/#website","url":"https:\/\/aea.academy\/","name":"Academia AeA","description":"Advenio eAcademy Malta","publisher":{"@id":"https:\/\/aea.academy\/#organization"},"potentialAction":[{"@type":"SearchAction","target":{"@type":"EntryPoint","urlTemplate":"https:\/\/aea.academy\/?s={search_term_string}"},"query-input":{"@type":"PropertyValueSpecification","valueRequired":true,"valueName":"search_term_string"}}],"inLanguage":"es"},{"@type":"Organization","@id":"https:\/\/aea.academy\/#organization","name":"Academia AeA","url":"https:\/\/aea.academy\/","logo":{"@type":"ImageObject","inLanguage":"es","@id":"https:\/\/aea.academy\/#\/schema\/logo\/image\/","url":"https:\/\/aea.academy\/wp-content\/uploads\/2024\/09\/20220906-Advenio-vector-with-text-2813x946.png","contentUrl":"https:\/\/aea.academy\/wp-content\/uploads\/2024\/09\/20220906-Advenio-vector-with-text-2813x946.png","width":2816,"height":947,"caption":"AeA Academy"},"image":{"@id":"https:\/\/aea.academy\/#\/schema\/logo\/image\/"},"sameAs":["https:\/\/www.facebook.com\/people\/Advenio-eAcademy\/100064132746001\/","https:\/\/www.instagram.com\/advenio_eacademy\/","https:\/\/www.linkedin.com\/uas\/login?session_redirect=school10402143","https:\/\/www.youtube.com\/@advenioeacademy5728"]}]}},"_links":{"self":[{"href":"https:\/\/aea.academy\/es\/wp-json\/wp\/v2\/pages\/51300","targetHints":{"allow":["GET"]}}],"collection":[{"href":"https:\/\/aea.academy\/es\/wp-json\/wp\/v2\/pages"}],"about":[{"href":"https:\/\/aea.academy\/es\/wp-json\/wp\/v2\/types\/page"}],"author":[{"embeddable":true,"href":"https:\/\/aea.academy\/es\/wp-json\/wp\/v2\/users\/1"}],"replies":[{"embeddable":true,"href":"https:\/\/aea.academy\/es\/wp-json\/wp\/v2\/comments?post=51300"}],"version-history":[{"count":0,"href":"https:\/\/aea.academy\/es\/wp-json\/wp\/v2\/pages\/51300\/revisions"}],"wp:featuredmedia":[{"embeddable":true,"href":"https:\/\/aea.academy\/es\/wp-json\/wp\/v2\/media\/52363"}],"wp:attachment":[{"href":"https:\/\/aea.academy\/es\/wp-json\/wp\/v2\/media?parent=51300"}],"curies":[{"name":"wp","href":"https:\/\/api.w.org\/{rel}","templated":true}]}}