{"id":51302,"date":"2024-09-24T18:13:04","date_gmt":"2024-09-24T18:13:04","guid":{"rendered":"https:\/\/aea.academy\/?page_id=51302"},"modified":"2024-10-07T20:43:27","modified_gmt":"2024-10-07T20:43:27","slug":"hungary-szent-istvan-university","status":"publish","type":"page","link":"https:\/\/aea.academy\/es\/hungary-szent-istvan-university\/","title":{"rendered":"HUNGR\u00cdA, UNIVERSIDAD DE SZENT ISTVAN"},"content":{"rendered":"<div data-elementor-type=\"wp-page\" data-elementor-id=\"51302\" class=\"elementor elementor-51302\" data-elementor-post-type=\"page\">\n\t\t\t\t\t\t<section class=\"elementor-section elementor-top-section elementor-element elementor-element-00ecc3a elementor-section-content-middle elementor-section-stretched elementor-section-height-min-height elementor-section-full_width elementor-section-items-stretch elementor-section-height-default\" data-id=\"00ecc3a\" data-element_type=\"section\" data-e-type=\"section\" data-settings=\"{&quot;stretch_section&quot;:&quot;section-stretched&quot;,&quot;background_background&quot;:&quot;classic&quot;}\">\n\t\t\t\t\t\t<div class=\"elementor-container elementor-column-gap-default\">\n\t\t\t\t\t<div class=\"elementor-column elementor-col-100 elementor-top-column elementor-element elementor-element-ec24b82 elementor-invisible\" data-id=\"ec24b82\" data-element_type=\"column\" data-e-type=\"column\" data-settings=\"{&quot;animation&quot;:&quot;fadeInUp&quot;}\">\n\t\t\t<div class=\"elementor-widget-wrap elementor-element-populated\">\n\t\t\t\t<div class=\"elementor-element elementor-element-39cad5a e-flex e-con-boxed e-con e-parent\" data-id=\"39cad5a\" data-element_type=\"container\" data-e-type=\"container\">\n\t\t\t\t\t<div class=\"e-con-inner\">\n\t\t\t\t<div class=\"elementor-element elementor-element-10d32b8 elementor-widget elementor-widget-heading\" data-id=\"10d32b8\" data-element_type=\"widget\" data-e-type=\"widget\" data-widget_type=\"heading.default\">\n\t\t\t\t<div class=\"elementor-widget-container\">\n\t\t\t\t\t<h2 class=\"elementor-heading-title elementor-size-default\">HUNGR\u00cdA, UNIVERSIDAD DE SZENT ISTVAN<\/h2>\t\t\t\t<\/div>\n\t\t\t\t<\/div>\n\t\t\t\t\t<\/div>\n\t\t\t\t<\/div>\n\t\t\t\t\t<\/div>\n\t\t<\/div>\n\t\t\t\t\t<\/div>\n\t\t<\/section>\n\t\t<div class=\"elementor-element elementor-element-ebaad6b e-flex e-con-boxed e-con e-parent\" data-id=\"ebaad6b\" data-element_type=\"container\" data-e-type=\"container\">\n\t\t\t\t\t<div class=\"e-con-inner\">\n\t\t\t\t<div class=\"elementor-element elementor-element-975ad80 elementor-widget elementor-widget-text-editor\" data-id=\"975ad80\" data-element_type=\"widget\" data-e-type=\"widget\" data-widget_type=\"text-editor.default\">\n\t\t\t\t<div class=\"elementor-widget-container\">\n\t\t\t\t\t\t\t\t\t<div class=\"et_pb_row et_pb_row_0\">\n<div class=\"et_pb_column et_pb_column_1_2 et_pb_column_0 et_pb_css_mix_blend_mode_passthrough\">\n<div class=\"et_pb_module et_pb_text et_pb_text_0 et_pb_text_align_left et_pb_bg_layout_light\">\n<div class=\"et_pb_text_inner\">\n<p>La Universidad Szent Istv\u00e1n (SZIU), una de las instituciones de ense\u00f1anza superior m\u00e1s destacadas de Hungr\u00eda, consta de siete facultades de estudio e investigaci\u00f3n que acogen a unos 14.000 estudiantes. Los campus universitarios, repartidos por todo el pa\u00eds, albergan algunos de los edificios m\u00e1s bellos de Hungr\u00eda y ofrecen a los estudiantes y al personal un entorno c\u00f3modo y relajante para la adquisici\u00f3n de conocimientos. Con partes de su historia que se remontan a m\u00e1s de dos siglos, la SZIU combina las ricas tradiciones h\u00fangaras con la tecnolog\u00eda punta para satisfacer las necesidades de sus estudiantes en los competitivos mercados laborales actuales.<\/p>\n<p>Dentro de las siete facultades se ofrecen programas de licenciatura en una amplia variedad de materias que van desde las ciencias naturales, la ingenier\u00eda y la veterinaria hasta los negocios, la econom\u00eda, las ciencias sociales, las ciencias de la salud y la pedagog\u00eda. Hay programas para todos los niveles, desde la formaci\u00f3n profesional hasta el doctorado.<\/p>\n<p>La Universidad Szent Istv\u00e1n, una de las mayores instituciones de ense\u00f1anza superior de Hungr\u00eda, se fund\u00f3 en 2000 con la fusi\u00f3n de la Universidad de Veterinaria de Budapest, la Escuela T\u00e9cnica Superior Ybl Mikl\u00f3s, la Escuela Normal de J\u00e1szber\u00e9ny y la Universidad de Agricultura de G\u00f6d\u00f6ll\u0151. M\u00e1s tarde, en 2009, la Escuela Superior Tessedik S\u00e1muel se fusion\u00f3 tambi\u00e9n con el SZIE.<\/p>\n<p>La sede central de la universidad se encuentra en G\u00f6d\u00f6ll\u0151, pero en total 7 facultades diferentes de estudio e investigaci\u00f3n en Budapest, J\u00e1szber\u00e9ny, B\u00e9k\u00e9scsaba, Szarvas y Gyula acogen a m\u00e1s de 14000 estudiantes. Algunas de las facultades de la Universidad Szent Istv\u00e1n tienen m\u00e1s de un siglo de historia.<\/p>\n<p>SZIU entiende la importancia de la internacionalizaci\u00f3n y promueve una variedad de actividades internacionales. Con socios en casi todos los continentes, los estudiantes y el personal de SZIU pueden operar a escala mundial para adquirir y compartir los conocimientos esenciales para el \u00e9xito en el mundo globalizado. SZIU ve esto como una piedra angular para un futuro m\u00e1s seguro y se enorgullece de ser una parte vital del mismo.<\/p>\n<p>Desde el 1 de febrero de 2021, la universidad forma parte de la Universidad H\u00fangara de Agricultura y Ciencias de la Vida.<\/p>\n<\/div>\n<\/div>\n<\/div>\n<\/div>\n\t\t\t\t\t\t\t\t<\/div>\n\t\t\t\t<\/div>\n\t\t\t\t\t<\/div>\n\t\t\t\t<\/div>\n\t\t\t\t<\/div>","protected":false},"excerpt":{"rendered":"<p>HUNGR\u00cdA, UNIVERSIDAD DE SZENT ISTVAN La Universidad Szent Istv\u00e1n (SZIU), es una de las instituciones de ense\u00f1anza superior m\u00e1s destacadas de Hungr\u00eda, y consta de siete facultades diferentes de estudio e investigaci\u00f3n que acogen a unos 14.000 estudiantes. Los campus universitarios, repartidos por todo el pa\u00eds, albergan algunos de los edificios m\u00e1s bellos de Hungr\u00eda, ofreciendo a los estudiantes y al personal [...]<\/p>","protected":false},"author":1,"featured_media":52376,"parent":0,"menu_order":0,"comment_status":"closed","ping_status":"closed","template":"elementor_canvas","meta":{"footnotes":""},"class_list":["post-51302","page","type-page","status-publish","has-post-thumbnail","hentry"],"yoast_head":"<!-- This site is optimized with the Yoast SEO plugin v27.4 - https:\/\/yoast.com\/product\/yoast-seo-wordpress\/ -->\n<title>Szent Istv\u00e1n University: Higher Education in Hungary<\/title>\n<meta name=\"description\" content=\"Discover Szent Istv\u00e1n University, a leading Hungarian institution with 7 faculties offering diverse programs in natural sciences, engineering, business, and more.\" \/>\n<meta name=\"robots\" content=\"index, follow, max-snippet:-1, max-image-preview:large, max-video-preview:-1\" \/>\n<link rel=\"canonical\" href=\"https:\/\/aea.academy\/es\/hungary-szent-istvan-university\/\" \/>\n<meta property=\"og:locale\" content=\"es_ES\" \/>\n<meta property=\"og:type\" content=\"article\" \/>\n<meta property=\"og:title\" content=\"Szent Istv\u00e1n University: Higher Education in Hungary\" \/>\n<meta property=\"og:description\" content=\"Discover Szent Istv\u00e1n University, a leading Hungarian institution with 7 faculties offering diverse programs in natural sciences, engineering, business, and more.\" \/>\n<meta property=\"og:url\" content=\"https:\/\/aea.academy\/es\/hungary-szent-istvan-university\/\" \/>\n<meta property=\"og:site_name\" content=\"Advenio eAcademy Malta\" \/>\n<meta property=\"article:publisher\" content=\"https:\/\/www.facebook.com\/people\/Advenio-eAcademy\/100064132746001\/\" \/>\n<meta property=\"article:modified_time\" content=\"2024-10-07T20:43:27+00:00\" \/>\n<meta property=\"og:image\" content=\"https:\/\/aea.academy\/wp-content\/uploads\/2024\/09\/HUNGARY-UNIVERSITY-OF-SZENT-ISTVAN-1915x349.jpg\" \/>\n\t<meta property=\"og:image:width\" content=\"1920\" \/>\n\t<meta property=\"og:image:height\" content=\"350\" \/>\n\t<meta property=\"og:image:type\" content=\"image\/jpeg\" \/>\n<meta name=\"twitter:card\" content=\"summary_large_image\" \/>\n<meta name=\"twitter:label1\" content=\"Tiempo de lectura\" \/>\n\t<meta name=\"twitter:data1\" content=\"2 minutos\" \/>\n<script type=\"application\/ld+json\" class=\"yoast-schema-graph\">{\"@context\":\"https:\\\/\\\/schema.org\",\"@graph\":[{\"@type\":\"WebPage\",\"@id\":\"https:\\\/\\\/aea.academy\\\/hungary-szent-istvan-university\\\/\",\"url\":\"https:\\\/\\\/aea.academy\\\/hungary-szent-istvan-university\\\/\",\"name\":\"Szent Istv\u00e1n University: Higher Education in Hungary\",\"isPartOf\":{\"@id\":\"https:\\\/\\\/aea.academy\\\/#website\"},\"primaryImageOfPage\":{\"@id\":\"https:\\\/\\\/aea.academy\\\/hungary-szent-istvan-university\\\/#primaryimage\"},\"image\":{\"@id\":\"https:\\\/\\\/aea.academy\\\/hungary-szent-istvan-university\\\/#primaryimage\"},\"thumbnailUrl\":\"https:\\\/\\\/aea.academy\\\/wp-content\\\/uploads\\\/2024\\\/09\\\/HUNGARY-UNIVERSITY-OF-SZENT-ISTVAN-1915x349.jpg\",\"datePublished\":\"2024-09-24T18:13:04+00:00\",\"dateModified\":\"2024-10-07T20:43:27+00:00\",\"description\":\"Discover Szent Istv\u00e1n University, a leading Hungarian institution with 7 faculties offering diverse programs in natural sciences, engineering, business, and more.\",\"breadcrumb\":{\"@id\":\"https:\\\/\\\/aea.academy\\\/hungary-szent-istvan-university\\\/#breadcrumb\"},\"inLanguage\":\"es\",\"potentialAction\":[{\"@type\":\"ReadAction\",\"target\":[\"https:\\\/\\\/aea.academy\\\/hungary-szent-istvan-university\\\/\"]}]},{\"@type\":\"ImageObject\",\"inLanguage\":\"es\",\"@id\":\"https:\\\/\\\/aea.academy\\\/hungary-szent-istvan-university\\\/#primaryimage\",\"url\":\"https:\\\/\\\/aea.academy\\\/wp-content\\\/uploads\\\/2024\\\/09\\\/HUNGARY-UNIVERSITY-OF-SZENT-ISTVAN-1915x349.jpg\",\"contentUrl\":\"https:\\\/\\\/aea.academy\\\/wp-content\\\/uploads\\\/2024\\\/09\\\/HUNGARY-UNIVERSITY-OF-SZENT-ISTVAN-1915x349.jpg\",\"width\":1920,\"height\":350,\"caption\":\"HUNGARY, UNIVERSITY OF SZENT ISTVAN\"},{\"@type\":\"BreadcrumbList\",\"@id\":\"https:\\\/\\\/aea.academy\\\/hungary-szent-istvan-university\\\/#breadcrumb\",\"itemListElement\":[{\"@type\":\"ListItem\",\"position\":1,\"name\":\"Home\",\"item\":\"https:\\\/\\\/aea.academy\\\/\"},{\"@type\":\"ListItem\",\"position\":2,\"name\":\"HUNGARY, SZENT ISTVAN UNIVERSITY\"}]},{\"@type\":\"WebSite\",\"@id\":\"https:\\\/\\\/aea.academy\\\/#website\",\"url\":\"https:\\\/\\\/aea.academy\\\/\",\"name\":\"AeA Academy\",\"description\":\"Advenio eAcademy Malta\",\"publisher\":{\"@id\":\"https:\\\/\\\/aea.academy\\\/#organization\"},\"potentialAction\":[{\"@type\":\"SearchAction\",\"target\":{\"@type\":\"EntryPoint\",\"urlTemplate\":\"https:\\\/\\\/aea.academy\\\/?s={search_term_string}\"},\"query-input\":{\"@type\":\"PropertyValueSpecification\",\"valueRequired\":true,\"valueName\":\"search_term_string\"}}],\"inLanguage\":\"es\"},{\"@type\":\"Organization\",\"@id\":\"https:\\\/\\\/aea.academy\\\/#organization\",\"name\":\"AeA Academy\",\"url\":\"https:\\\/\\\/aea.academy\\\/\",\"logo\":{\"@type\":\"ImageObject\",\"inLanguage\":\"es\",\"@id\":\"https:\\\/\\\/aea.academy\\\/#\\\/schema\\\/logo\\\/image\\\/\",\"url\":\"https:\\\/\\\/aea.academy\\\/wp-content\\\/uploads\\\/2024\\\/09\\\/20220906-Advenio-vector-with-text-2813x946.png\",\"contentUrl\":\"https:\\\/\\\/aea.academy\\\/wp-content\\\/uploads\\\/2024\\\/09\\\/20220906-Advenio-vector-with-text-2813x946.png\",\"width\":2816,\"height\":947,\"caption\":\"AeA Academy\"},\"image\":{\"@id\":\"https:\\\/\\\/aea.academy\\\/#\\\/schema\\\/logo\\\/image\\\/\"},\"sameAs\":[\"https:\\\/\\\/www.facebook.com\\\/people\\\/Advenio-eAcademy\\\/100064132746001\\\/\",\"https:\\\/\\\/www.instagram.com\\\/advenio_eacademy\\\/\",\"https:\\\/\\\/www.linkedin.com\\\/uas\\\/login?session_redirect=school10402143\",\"https:\\\/\\\/www.youtube.com\\\/@advenioeacademy5728\"]}]}<\/script>\n<!-- \/ Yoast SEO plugin. -->","yoast_head_json":{"title":"Szent Istv\u00e1n University: Higher Education in Hungary","description":"Discover Szent Istv\u00e1n University, a leading Hungarian institution with 7 faculties offering diverse programs in natural sciences, engineering, business, and more.","robots":{"index":"index","follow":"follow","max-snippet":"max-snippet:-1","max-image-preview":"max-image-preview:large","max-video-preview":"max-video-preview:-1"},"canonical":"https:\/\/aea.academy\/es\/hungary-szent-istvan-university\/","og_locale":"es_ES","og_type":"article","og_title":"Szent Istv\u00e1n University: Higher Education in Hungary","og_description":"Discover Szent Istv\u00e1n University, a leading Hungarian institution with 7 faculties offering diverse programs in natural sciences, engineering, business, and more.","og_url":"https:\/\/aea.academy\/es\/hungary-szent-istvan-university\/","og_site_name":"Advenio eAcademy Malta","article_publisher":"https:\/\/www.facebook.com\/people\/Advenio-eAcademy\/100064132746001\/","article_modified_time":"2024-10-07T20:43:27+00:00","og_image":[{"width":1920,"height":350,"url":"https:\/\/aea.academy\/wp-content\/uploads\/2024\/09\/HUNGARY-UNIVERSITY-OF-SZENT-ISTVAN-1915x349.jpg","type":"image\/jpeg"}],"twitter_card":"summary_large_image","twitter_misc":{"Tiempo de lectura":"2 minutos"},"schema":{"@context":"https:\/\/schema.org","@graph":[{"@type":"WebPage","@id":"https:\/\/aea.academy\/hungary-szent-istvan-university\/","url":"https:\/\/aea.academy\/hungary-szent-istvan-university\/","name":"Szent Istv\u00e1n University: Higher Education in Hungary","isPartOf":{"@id":"https:\/\/aea.academy\/#website"},"primaryImageOfPage":{"@id":"https:\/\/aea.academy\/hungary-szent-istvan-university\/#primaryimage"},"image":{"@id":"https:\/\/aea.academy\/hungary-szent-istvan-university\/#primaryimage"},"thumbnailUrl":"https:\/\/aea.academy\/wp-content\/uploads\/2024\/09\/HUNGARY-UNIVERSITY-OF-SZENT-ISTVAN-1915x349.jpg","datePublished":"2024-09-24T18:13:04+00:00","dateModified":"2024-10-07T20:43:27+00:00","description":"Discover Szent Istv\u00e1n University, a leading Hungarian institution with 7 faculties offering diverse programs in natural sciences, engineering, business, and more.","breadcrumb":{"@id":"https:\/\/aea.academy\/hungary-szent-istvan-university\/#breadcrumb"},"inLanguage":"es","potentialAction":[{"@type":"ReadAction","target":["https:\/\/aea.academy\/hungary-szent-istvan-university\/"]}]},{"@type":"ImageObject","inLanguage":"es","@id":"https:\/\/aea.academy\/hungary-szent-istvan-university\/#primaryimage","url":"https:\/\/aea.academy\/wp-content\/uploads\/2024\/09\/HUNGARY-UNIVERSITY-OF-SZENT-ISTVAN-1915x349.jpg","contentUrl":"https:\/\/aea.academy\/wp-content\/uploads\/2024\/09\/HUNGARY-UNIVERSITY-OF-SZENT-ISTVAN-1915x349.jpg","width":1920,"height":350,"caption":"HUNGARY, UNIVERSITY OF SZENT ISTVAN"},{"@type":"BreadcrumbList","@id":"https:\/\/aea.academy\/hungary-szent-istvan-university\/#breadcrumb","itemListElement":[{"@type":"ListItem","position":1,"name":"Home","item":"https:\/\/aea.academy\/"},{"@type":"ListItem","position":2,"name":"HUNGARY, SZENT ISTVAN UNIVERSITY"}]},{"@type":"WebSite","@id":"https:\/\/aea.academy\/#website","url":"https:\/\/aea.academy\/","name":"Academia AeA","description":"Advenio eAcademy Malta","publisher":{"@id":"https:\/\/aea.academy\/#organization"},"potentialAction":[{"@type":"SearchAction","target":{"@type":"EntryPoint","urlTemplate":"https:\/\/aea.academy\/?s={search_term_string}"},"query-input":{"@type":"PropertyValueSpecification","valueRequired":true,"valueName":"search_term_string"}}],"inLanguage":"es"},{"@type":"Organization","@id":"https:\/\/aea.academy\/#organization","name":"Academia AeA","url":"https:\/\/aea.academy\/","logo":{"@type":"ImageObject","inLanguage":"es","@id":"https:\/\/aea.academy\/#\/schema\/logo\/image\/","url":"https:\/\/aea.academy\/wp-content\/uploads\/2024\/09\/20220906-Advenio-vector-with-text-2813x946.png","contentUrl":"https:\/\/aea.academy\/wp-content\/uploads\/2024\/09\/20220906-Advenio-vector-with-text-2813x946.png","width":2816,"height":947,"caption":"AeA Academy"},"image":{"@id":"https:\/\/aea.academy\/#\/schema\/logo\/image\/"},"sameAs":["https:\/\/www.facebook.com\/people\/Advenio-eAcademy\/100064132746001\/","https:\/\/www.instagram.com\/advenio_eacademy\/","https:\/\/www.linkedin.com\/uas\/login?session_redirect=school10402143","https:\/\/www.youtube.com\/@advenioeacademy5728"]}]}},"_links":{"self":[{"href":"https:\/\/aea.academy\/es\/wp-json\/wp\/v2\/pages\/51302","targetHints":{"allow":["GET"]}}],"collection":[{"href":"https:\/\/aea.academy\/es\/wp-json\/wp\/v2\/pages"}],"about":[{"href":"https:\/\/aea.academy\/es\/wp-json\/wp\/v2\/types\/page"}],"author":[{"embeddable":true,"href":"https:\/\/aea.academy\/es\/wp-json\/wp\/v2\/users\/1"}],"replies":[{"embeddable":true,"href":"https:\/\/aea.academy\/es\/wp-json\/wp\/v2\/comments?post=51302"}],"version-history":[{"count":0,"href":"https:\/\/aea.academy\/es\/wp-json\/wp\/v2\/pages\/51302\/revisions"}],"wp:featuredmedia":[{"embeddable":true,"href":"https:\/\/aea.academy\/es\/wp-json\/wp\/v2\/media\/52376"}],"wp:attachment":[{"href":"https:\/\/aea.academy\/es\/wp-json\/wp\/v2\/media?parent=51302"}],"curies":[{"name":"wp","href":"https:\/\/api.w.org\/{rel}","templated":true}]}}