{"id":51308,"date":"2024-09-24T18:14:29","date_gmt":"2024-09-24T18:14:29","guid":{"rendered":"https:\/\/aea.academy\/?page_id=51308"},"modified":"2024-10-07T20:48:18","modified_gmt":"2024-10-07T20:48:18","slug":"lithuania-vilnius-university","status":"publish","type":"page","link":"https:\/\/aea.academy\/es\/lithuania-vilnius-university\/","title":{"rendered":"LITUANIA, UNIVERSIDAD DE VILNIUS"},"content":{"rendered":"<div data-elementor-type=\"wp-page\" data-elementor-id=\"51308\" class=\"elementor elementor-51308\" data-elementor-post-type=\"page\">\n\t\t\t\t\t\t<section class=\"elementor-section elementor-top-section elementor-element elementor-element-9deecda elementor-section-content-middle elementor-section-stretched elementor-section-height-min-height elementor-section-full_width elementor-section-items-stretch elementor-section-height-default\" data-id=\"9deecda\" data-element_type=\"section\" data-settings=\"{&quot;stretch_section&quot;:&quot;section-stretched&quot;,&quot;background_background&quot;:&quot;classic&quot;}\">\n\t\t\t\t\t\t<div class=\"elementor-container elementor-column-gap-default\">\n\t\t\t\t\t<div class=\"elementor-column elementor-col-100 elementor-top-column elementor-element elementor-element-c1b511b elementor-invisible\" data-id=\"c1b511b\" data-element_type=\"column\" data-settings=\"{&quot;animation&quot;:&quot;fadeInUp&quot;}\">\n\t\t\t<div class=\"elementor-widget-wrap elementor-element-populated\">\n\t\t\t\t<div class=\"elementor-element elementor-element-a6ce89f e-flex e-con-boxed e-con e-parent\" data-id=\"a6ce89f\" data-element_type=\"container\">\n\t\t\t\t\t<div class=\"e-con-inner\">\n\t\t\t\t<div class=\"elementor-element elementor-element-76ee762 elementor-widget elementor-widget-heading\" data-id=\"76ee762\" data-element_type=\"widget\" data-widget_type=\"heading.default\">\n\t\t\t\t<div class=\"elementor-widget-container\">\n\t\t\t\t\t<h2 class=\"elementor-heading-title elementor-size-default\">LITUANIA, UNIVERSIDAD DE VILNIUS<\/h2>\t\t\t\t<\/div>\n\t\t\t\t<\/div>\n\t\t\t\t\t<\/div>\n\t\t\t\t<\/div>\n\t\t\t\t\t<\/div>\n\t\t<\/div>\n\t\t\t\t\t<\/div>\n\t\t<\/section>\n\t\t<div class=\"elementor-element elementor-element-7b99a36 e-flex e-con-boxed e-con e-parent\" data-id=\"7b99a36\" data-element_type=\"container\">\n\t\t\t\t\t<div class=\"e-con-inner\">\n\t\t\t\t<div class=\"elementor-element elementor-element-49e7018 elementor-widget elementor-widget-text-editor\" data-id=\"49e7018\" data-element_type=\"widget\" data-widget_type=\"text-editor.default\">\n\t\t\t\t<div class=\"elementor-widget-container\">\n\t\t\t\t\t\t\t\t\t<div class=\"et_pb_row et_pb_row_0\">\n<div class=\"et_pb_column et_pb_column_1_2 et_pb_column_0 et_pb_css_mix_blend_mode_passthrough\">\n<div class=\"et_pb_module et_pb_text et_pb_text_0 et_pb_text_align_left et_pb_bg_layout_light\">\n<div class=\"et_pb_text_inner\">\n<p>Universidad de Vilna: la mayor y m\u00e1s antigua instituci\u00f3n de ense\u00f1anza superior de Lituania.<\/p>\n<p>Desde su creaci\u00f3n en el siglo XVI, la Universidad de Vilna, como parte integrante de la ciencia y la cultura europeas, ha encarnado el concepto de universidad cl\u00e1sica y la unidad de estudios e investigaci\u00f3n.<\/p>\n<p>La Universidad de Vilna participa activamente en actividades cient\u00edficas y acad\u00e9micas internacionales y cuenta con numerosos cient\u00edficos, profesores y licenciados destacados. El desarrollo cient\u00edfico y la ampliaci\u00f3n de las relaciones con centros de investigaci\u00f3n mundiales han contribuido a la variedad de la investigaci\u00f3n y los estudios en la Universidad de Vilna.<\/p>\n<p>Con el apoyo de los interlocutores sociales, la universidad educa a especialistas con mentalidad global que se integran con \u00e9xito en la moderna comunidad europea.<\/p>\n<p><strong>Por qu\u00e9 elegir la Universidad de Vilnius<\/strong><\/p>\n<p>La Universidad de Vilna es una universidad cl\u00e1sica con m\u00e1s de 430 a\u00f1os de tradici\u00f3n acad\u00e9mica y la mayor oferta de programas de estudio de Lituania.<\/p>\n<p>La universidad ofrece un entorno acad\u00e9mico centrado en la excelencia de la investigaci\u00f3n y la ense\u00f1anza.<\/p>\n<p>La Universidad de Vilna es la primera de Lituania seg\u00fan la clasificaci\u00f3n nacional. Es el centro de ense\u00f1anza superior m\u00e1s popular y reconocido entre los graduados de secundaria lituanos.<\/p>\n<p>La Universidad de Vilna es la principal instituci\u00f3n acad\u00e9mica de Lituania, clasificada entre las 400 mejores universidades del mundo (QS).<\/p>\n<p><strong>Misi\u00f3n<\/strong><\/p>\n<p>La misi\u00f3n de la Universidad de Vilna es crear, acumular y difundir conocimientos garantizando la continuidad de una aut\u00e9ntica cultura universitaria que se distingue por una atm\u00f3sfera en la que las viejas tradiciones y las nuevas ideas se enriquecen mutuamente.<\/p>\n<p>La libertad de pensamiento y la diversidad de opiniones son los principales valores de la comunidad universitaria. La unidad de la investigaci\u00f3n y los estudios es el principio b\u00e1sico de la actividad general de la Universidad.<\/p>\n<p>La Universidad debe distinguirse por un amplio espectro de investigaci\u00f3n fundamental y aplicada. Debe tratar de asumir la posici\u00f3n de liderazgo entre otras instituciones lituanas en todas las \u00e1reas de investigaci\u00f3n que son esenciales para la propia naturaleza de una Universidad integral y fijarse el objetivo de la excelencia internacional en la investigaci\u00f3n interdisciplinaria. La Universidad debe comprometerse con la misi\u00f3n de abrir las puertas y proporcionar educaci\u00f3n universal a los j\u00f3venes con m\u00e1s talento de todos los distritos de Lituania y educar a especialistas activos y responsables, que demuestren la necesidad de ampliar sus conocimientos y mejorar profesionalmente y que sean capaces de aprender durante toda su vida. La Universidad debe procurar que la calidad de todas las formas de estudios se ajuste a la cultura y las tecnolog\u00edas modernas y responda a las necesidades del Estado y la sociedad.<\/p>\n<p><strong>Visi\u00f3n<\/strong><\/p>\n<ul>\n<li>Posicionarse y distinguirse en el \u00e1mbito europeo de la investigaci\u00f3n y la educaci\u00f3n mediante una investigaci\u00f3n de alto nivel, que debe ser sostenida por equipos de investigaci\u00f3n de la Universidad de renombre internacional y nuevos equipos, as\u00ed como garantizar una participaci\u00f3n cada vez mayor en los programas europeos de investigaci\u00f3n y educaci\u00f3n;<\/li>\n<li>Garantizar que el desarrollo equilibrado y la interacci\u00f3n de la investigaci\u00f3n en humanidades, ciencias sociales, f\u00edsicas, biom\u00e9dicas y tecnol\u00f3gicas siga siendo la caracter\u00edstica m\u00e1s destacada de la Universidad, que la diferencia esencialmente de otros centros lituanos de ense\u00f1anza superior e investigaci\u00f3n;<\/li>\n<li>Iniciar y ejecutar activamente los proyectos de valor para el desarrollo econ\u00f3mico del pa\u00eds, que fomenten la cooperaci\u00f3n efectiva de las instituciones cient\u00edficas y educativas con las empresas de alta tecnolog\u00eda y creen condiciones y un entorno favorables para las innovaciones y el esp\u00edritu empresarial;<\/li>\n<li>Crear un sistema de garant\u00eda de calidad que funcione correctamente, que garantice un seguimiento eficaz de los programas de estudio existentes y el desarrollo de nuevos programas, y que fomente la aplicaci\u00f3n de m\u00e9todos y herramientas de ense\u00f1anza avanzados. El sistema deber\u00eda garantizar que las competencias y aptitudes gen\u00e9ricas y espec\u00edficas de los titulados universitarios est\u00e9n en consonancia con las necesidades y tendencias de la econom\u00eda, la cultura y el mercado laboral del pa\u00eds;<\/li>\n<li>Ampliar significativamente las formas y m\u00e9todos de estudio no consecutivos, a distancia y otros flexibles y convertirse en el centro de la mejora profesional continua y el aprendizaje permanente, que desempe\u00f1a un papel importante en la transici\u00f3n del pa\u00eds hacia la sociedad basada en el conocimiento.<\/li>\n<\/ul>\n<div><\/div>\n<p style=\"margin-top:30px\"><a href=\"https:\/\/www.vu.lt\/en\/\" target=\"_blank\" rel=\"noopener noreferrer\">Pulse aqu\u00ed\u00a0<\/a>para acceder a la plataforma de la Universidad de Vilnius.<\/p>\n<\/div>\n<\/div>\n<\/div>\n<\/div>\n\t\t\t\t\t\t\t\t<\/div>\n\t\t\t\t<\/div>\n\t\t\t\t\t<\/div>\n\t\t\t\t<\/div>\n\t\t\t\t<\/div>","protected":false},"excerpt":{"rendered":"<p>LITUANIA, UNIVERSIDAD DE VILNIO La Universidad de Vilna es la mayor y m\u00e1s antigua instituci\u00f3n de ense\u00f1anza superior de Lituania. Desde su creaci\u00f3n en el siglo XVI, la Universidad de Vilnius, como parte integrante de la ciencia y la cultura europeas, ha encarnado el concepto de universidad cl\u00e1sica y la unidad de estudios e investigaci\u00f3n. La Universidad de Vilnius participa activamente en actividades cient\u00edficas y [...]<\/p>","protected":false},"author":1,"featured_media":52394,"parent":0,"menu_order":0,"comment_status":"closed","ping_status":"closed","template":"elementor_canvas","meta":{"footnotes":""},"class_list":["post-51308","page","type-page","status-publish","has-post-thumbnail","hentry"],"yoast_head":"<!-- This site is optimized with the Yoast SEO plugin v26.0 - https:\/\/yoast.com\/wordpress\/plugins\/seo\/ -->\n<title>Vilnius University: The Oldest and Largest in Lithuania<\/title>\n<meta name=\"description\" content=\"Explore Vilnius University, Lithuania&#039;s leading academic institution with over 430 years of tradition, offering excellent study programs and research opportunities.\" \/>\n<meta name=\"robots\" content=\"index, follow, max-snippet:-1, max-image-preview:large, max-video-preview:-1\" \/>\n<link rel=\"canonical\" href=\"https:\/\/aea.academy\/es\/lithuania-vilnius-university\/\" \/>\n<meta property=\"og:locale\" content=\"es_ES\" \/>\n<meta property=\"og:type\" content=\"article\" \/>\n<meta property=\"og:title\" content=\"Vilnius University: The Oldest and Largest in Lithuania\" \/>\n<meta property=\"og:description\" content=\"Explore Vilnius University, Lithuania&#039;s leading academic institution with over 430 years of tradition, offering excellent study programs and research opportunities.\" \/>\n<meta property=\"og:url\" content=\"https:\/\/aea.academy\/es\/lithuania-vilnius-university\/\" \/>\n<meta property=\"og:site_name\" content=\"Advenio eAcademy Malta\" \/>\n<meta property=\"article:publisher\" content=\"https:\/\/www.facebook.com\/people\/Advenio-eAcademy\/100064132746001\/\" \/>\n<meta property=\"article:modified_time\" content=\"2024-10-07T20:48:18+00:00\" \/>\n<meta property=\"og:image\" content=\"https:\/\/aea.academy\/wp-content\/uploads\/2024\/09\/LITHUANIA-VILNIUS-UNIVERSITY-1915x349.jpg\" \/>\n\t<meta property=\"og:image:width\" content=\"1920\" \/>\n\t<meta property=\"og:image:height\" content=\"350\" \/>\n\t<meta property=\"og:image:type\" content=\"image\/jpeg\" \/>\n<meta name=\"twitter:card\" content=\"summary_large_image\" \/>\n<meta name=\"twitter:label1\" content=\"Tiempo de lectura\" \/>\n\t<meta name=\"twitter:data1\" content=\"3 minutos\" \/>\n<script type=\"application\/ld+json\" class=\"yoast-schema-graph\">{\"@context\":\"https:\/\/schema.org\",\"@graph\":[{\"@type\":\"WebPage\",\"@id\":\"https:\/\/aea.academy\/lithuania-vilnius-university\/\",\"url\":\"https:\/\/aea.academy\/lithuania-vilnius-university\/\",\"name\":\"Vilnius University: The Oldest and Largest in Lithuania\",\"isPartOf\":{\"@id\":\"https:\/\/aea.academy\/#website\"},\"primaryImageOfPage\":{\"@id\":\"https:\/\/aea.academy\/lithuania-vilnius-university\/#primaryimage\"},\"image\":{\"@id\":\"https:\/\/aea.academy\/lithuania-vilnius-university\/#primaryimage\"},\"thumbnailUrl\":\"https:\/\/aea.academy\/wp-content\/uploads\/2024\/09\/LITHUANIA-VILNIUS-UNIVERSITY-1915x349.jpg\",\"datePublished\":\"2024-09-24T18:14:29+00:00\",\"dateModified\":\"2024-10-07T20:48:18+00:00\",\"description\":\"Explore Vilnius University, Lithuania's leading academic institution with over 430 years of tradition, offering excellent study programs and research opportunities.\",\"breadcrumb\":{\"@id\":\"https:\/\/aea.academy\/lithuania-vilnius-university\/#breadcrumb\"},\"inLanguage\":\"es\",\"potentialAction\":[{\"@type\":\"ReadAction\",\"target\":[\"https:\/\/aea.academy\/lithuania-vilnius-university\/\"]}]},{\"@type\":\"ImageObject\",\"inLanguage\":\"es\",\"@id\":\"https:\/\/aea.academy\/lithuania-vilnius-university\/#primaryimage\",\"url\":\"https:\/\/aea.academy\/wp-content\/uploads\/2024\/09\/LITHUANIA-VILNIUS-UNIVERSITY-1915x349.jpg\",\"contentUrl\":\"https:\/\/aea.academy\/wp-content\/uploads\/2024\/09\/LITHUANIA-VILNIUS-UNIVERSITY-1915x349.jpg\",\"width\":1920,\"height\":350,\"caption\":\"LITHUANIA, VILNIUS UNIVERSITY\"},{\"@type\":\"BreadcrumbList\",\"@id\":\"https:\/\/aea.academy\/lithuania-vilnius-university\/#breadcrumb\",\"itemListElement\":[{\"@type\":\"ListItem\",\"position\":1,\"name\":\"Home\",\"item\":\"https:\/\/aea.academy\/\"},{\"@type\":\"ListItem\",\"position\":2,\"name\":\"LITHUANIA, VILNIUS UNIVERSITY\"}]},{\"@type\":\"WebSite\",\"@id\":\"https:\/\/aea.academy\/#website\",\"url\":\"https:\/\/aea.academy\/\",\"name\":\"AeA Academy\",\"description\":\"Advenio eAcademy Malta\",\"publisher\":{\"@id\":\"https:\/\/aea.academy\/#organization\"},\"potentialAction\":[{\"@type\":\"SearchAction\",\"target\":{\"@type\":\"EntryPoint\",\"urlTemplate\":\"https:\/\/aea.academy\/?s={search_term_string}\"},\"query-input\":{\"@type\":\"PropertyValueSpecification\",\"valueRequired\":true,\"valueName\":\"search_term_string\"}}],\"inLanguage\":\"es\"},{\"@type\":\"Organization\",\"@id\":\"https:\/\/aea.academy\/#organization\",\"name\":\"AeA Academy\",\"url\":\"https:\/\/aea.academy\/\",\"logo\":{\"@type\":\"ImageObject\",\"inLanguage\":\"es\",\"@id\":\"https:\/\/aea.academy\/#\/schema\/logo\/image\/\",\"url\":\"https:\/\/aea.academy\/wp-content\/uploads\/2024\/09\/20220906-Advenio-vector-with-text-2813x946.png\",\"contentUrl\":\"https:\/\/aea.academy\/wp-content\/uploads\/2024\/09\/20220906-Advenio-vector-with-text-2813x946.png\",\"width\":2816,\"height\":947,\"caption\":\"AeA Academy\"},\"image\":{\"@id\":\"https:\/\/aea.academy\/#\/schema\/logo\/image\/\"},\"sameAs\":[\"https:\/\/www.facebook.com\/people\/Advenio-eAcademy\/100064132746001\/\",\"https:\/\/www.instagram.com\/advenio_eacademy\/\",\"https:\/\/www.linkedin.com\/uas\/login?session_redirect=school10402143\",\"https:\/\/www.youtube.com\/@advenioeacademy5728\"]}]}<\/script>\n<!-- \/ Yoast SEO plugin. -->","yoast_head_json":{"title":"Universidad de Vilna: La m\u00e1s antigua y grande de Lituania","description":"Explore la Universidad de Vilna, la principal instituci\u00f3n acad\u00e9mica de Lituania con m\u00e1s de 430 a\u00f1os de tradici\u00f3n, que ofrece excelentes programas de estudio y oportunidades de investigaci\u00f3n.","robots":{"index":"index","follow":"follow","max-snippet":"max-snippet:-1","max-image-preview":"max-image-preview:large","max-video-preview":"max-video-preview:-1"},"canonical":"https:\/\/aea.academy\/es\/lithuania-vilnius-university\/","og_locale":"es_ES","og_type":"article","og_title":"Vilnius University: The Oldest and Largest in Lithuania","og_description":"Explore Vilnius University, Lithuania's leading academic institution with over 430 years of tradition, offering excellent study programs and research opportunities.","og_url":"https:\/\/aea.academy\/es\/lithuania-vilnius-university\/","og_site_name":"Advenio eAcademy Malta","article_publisher":"https:\/\/www.facebook.com\/people\/Advenio-eAcademy\/100064132746001\/","article_modified_time":"2024-10-07T20:48:18+00:00","og_image":[{"width":1920,"height":350,"url":"https:\/\/aea.academy\/wp-content\/uploads\/2024\/09\/LITHUANIA-VILNIUS-UNIVERSITY-1915x349.jpg","type":"image\/jpeg"}],"twitter_card":"summary_large_image","twitter_misc":{"Tiempo de lectura":"3 minutos"},"schema":{"@context":"https:\/\/schema.org","@graph":[{"@type":"WebPage","@id":"https:\/\/aea.academy\/lithuania-vilnius-university\/","url":"https:\/\/aea.academy\/lithuania-vilnius-university\/","name":"Universidad de Vilna: La m\u00e1s antigua y grande de Lituania","isPartOf":{"@id":"https:\/\/aea.academy\/#website"},"primaryImageOfPage":{"@id":"https:\/\/aea.academy\/lithuania-vilnius-university\/#primaryimage"},"image":{"@id":"https:\/\/aea.academy\/lithuania-vilnius-university\/#primaryimage"},"thumbnailUrl":"https:\/\/aea.academy\/wp-content\/uploads\/2024\/09\/LITHUANIA-VILNIUS-UNIVERSITY-1915x349.jpg","datePublished":"2024-09-24T18:14:29+00:00","dateModified":"2024-10-07T20:48:18+00:00","description":"Explore la Universidad de Vilna, la principal instituci\u00f3n acad\u00e9mica de Lituania con m\u00e1s de 430 a\u00f1os de tradici\u00f3n, que ofrece excelentes programas de estudio y oportunidades de investigaci\u00f3n.","breadcrumb":{"@id":"https:\/\/aea.academy\/lithuania-vilnius-university\/#breadcrumb"},"inLanguage":"es","potentialAction":[{"@type":"ReadAction","target":["https:\/\/aea.academy\/lithuania-vilnius-university\/"]}]},{"@type":"ImageObject","inLanguage":"es","@id":"https:\/\/aea.academy\/lithuania-vilnius-university\/#primaryimage","url":"https:\/\/aea.academy\/wp-content\/uploads\/2024\/09\/LITHUANIA-VILNIUS-UNIVERSITY-1915x349.jpg","contentUrl":"https:\/\/aea.academy\/wp-content\/uploads\/2024\/09\/LITHUANIA-VILNIUS-UNIVERSITY-1915x349.jpg","width":1920,"height":350,"caption":"LITHUANIA, VILNIUS UNIVERSITY"},{"@type":"BreadcrumbList","@id":"https:\/\/aea.academy\/lithuania-vilnius-university\/#breadcrumb","itemListElement":[{"@type":"ListItem","position":1,"name":"Home","item":"https:\/\/aea.academy\/"},{"@type":"ListItem","position":2,"name":"LITHUANIA, VILNIUS UNIVERSITY"}]},{"@type":"WebSite","@id":"https:\/\/aea.academy\/#website","url":"https:\/\/aea.academy\/","name":"Academia AeA","description":"Advenio eAcademy Malta","publisher":{"@id":"https:\/\/aea.academy\/#organization"},"potentialAction":[{"@type":"SearchAction","target":{"@type":"EntryPoint","urlTemplate":"https:\/\/aea.academy\/?s={search_term_string}"},"query-input":{"@type":"PropertyValueSpecification","valueRequired":true,"valueName":"search_term_string"}}],"inLanguage":"es"},{"@type":"Organization","@id":"https:\/\/aea.academy\/#organization","name":"Academia AeA","url":"https:\/\/aea.academy\/","logo":{"@type":"ImageObject","inLanguage":"es","@id":"https:\/\/aea.academy\/#\/schema\/logo\/image\/","url":"https:\/\/aea.academy\/wp-content\/uploads\/2024\/09\/20220906-Advenio-vector-with-text-2813x946.png","contentUrl":"https:\/\/aea.academy\/wp-content\/uploads\/2024\/09\/20220906-Advenio-vector-with-text-2813x946.png","width":2816,"height":947,"caption":"AeA Academy"},"image":{"@id":"https:\/\/aea.academy\/#\/schema\/logo\/image\/"},"sameAs":["https:\/\/www.facebook.com\/people\/Advenio-eAcademy\/100064132746001\/","https:\/\/www.instagram.com\/advenio_eacademy\/","https:\/\/www.linkedin.com\/uas\/login?session_redirect=school10402143","https:\/\/www.youtube.com\/@advenioeacademy5728"]}]}},"_links":{"self":[{"href":"https:\/\/aea.academy\/es\/wp-json\/wp\/v2\/pages\/51308","targetHints":{"allow":["GET"]}}],"collection":[{"href":"https:\/\/aea.academy\/es\/wp-json\/wp\/v2\/pages"}],"about":[{"href":"https:\/\/aea.academy\/es\/wp-json\/wp\/v2\/types\/page"}],"author":[{"embeddable":true,"href":"https:\/\/aea.academy\/es\/wp-json\/wp\/v2\/users\/1"}],"replies":[{"embeddable":true,"href":"https:\/\/aea.academy\/es\/wp-json\/wp\/v2\/comments?post=51308"}],"version-history":[{"count":0,"href":"https:\/\/aea.academy\/es\/wp-json\/wp\/v2\/pages\/51308\/revisions"}],"wp:featuredmedia":[{"embeddable":true,"href":"https:\/\/aea.academy\/es\/wp-json\/wp\/v2\/media\/52394"}],"wp:attachment":[{"href":"https:\/\/aea.academy\/es\/wp-json\/wp\/v2\/media?parent=51308"}],"curies":[{"name":"wp","href":"https:\/\/api.w.org\/{rel}","templated":true}]}}