{"id":51310,"date":"2024-09-24T18:15:13","date_gmt":"2024-09-24T18:15:13","guid":{"rendered":"https:\/\/aea.academy\/?page_id=51310"},"modified":"2024-10-07T20:50:35","modified_gmt":"2024-10-07T20:50:35","slug":"slovakia-university-of-zilina","status":"publish","type":"page","link":"https:\/\/aea.academy\/es\/slovakia-university-of-zilina\/","title":{"rendered":"ESLOVAQUIA, UNIVERSIDAD DE ZILINA"},"content":{"rendered":"<div data-elementor-type=\"wp-page\" data-elementor-id=\"51310\" class=\"elementor elementor-51310\" data-elementor-post-type=\"page\">\n\t\t\t\t\t\t<section class=\"elementor-section elementor-top-section elementor-element elementor-element-9f03f55 elementor-section-content-middle elementor-section-stretched elementor-section-height-min-height elementor-section-full_width elementor-section-items-stretch elementor-section-height-default\" data-id=\"9f03f55\" data-element_type=\"section\" data-settings=\"{&quot;stretch_section&quot;:&quot;section-stretched&quot;,&quot;background_background&quot;:&quot;classic&quot;}\">\n\t\t\t\t\t\t<div class=\"elementor-container elementor-column-gap-default\">\n\t\t\t\t\t<div class=\"elementor-column elementor-col-100 elementor-top-column elementor-element elementor-element-029294f elementor-invisible\" data-id=\"029294f\" data-element_type=\"column\" data-settings=\"{&quot;animation&quot;:&quot;fadeInUp&quot;}\">\n\t\t\t<div class=\"elementor-widget-wrap elementor-element-populated\">\n\t\t\t\t<div class=\"elementor-element elementor-element-2ce0276 e-flex e-con-boxed e-con e-parent\" data-id=\"2ce0276\" data-element_type=\"container\">\n\t\t\t\t\t<div class=\"e-con-inner\">\n\t\t\t\t<div class=\"elementor-element elementor-element-b2abcf3 elementor-widget elementor-widget-heading\" data-id=\"b2abcf3\" data-element_type=\"widget\" data-widget_type=\"heading.default\">\n\t\t\t\t<div class=\"elementor-widget-container\">\n\t\t\t\t\t<h2 class=\"elementor-heading-title elementor-size-default\">ESLOVAQUIA, UNIVERSIDAD DE ZILINA<\/h2>\t\t\t\t<\/div>\n\t\t\t\t<\/div>\n\t\t\t\t\t<\/div>\n\t\t\t\t<\/div>\n\t\t\t\t\t<\/div>\n\t\t<\/div>\n\t\t\t\t\t<\/div>\n\t\t<\/section>\n\t\t<div class=\"elementor-element elementor-element-790a1f8 e-flex e-con-boxed e-con e-parent\" data-id=\"790a1f8\" data-element_type=\"container\">\n\t\t\t\t\t<div class=\"e-con-inner\">\n\t\t\t\t<div class=\"elementor-element elementor-element-f499756 elementor-widget elementor-widget-text-editor\" data-id=\"f499756\" data-element_type=\"widget\" data-widget_type=\"text-editor.default\">\n\t\t\t\t<div class=\"elementor-widget-container\">\n\t\t\t\t\t\t\t\t\t<div class=\"et_pb_row et_pb_row_0\">\n<div class=\"et_pb_column et_pb_column_1_2 et_pb_column_0 et_pb_css_mix_blend_mode_passthrough\">\n<div class=\"et_pb_module et_pb_text et_pb_text_0 et_pb_text_align_left et_pb_bg_layout_light\">\n<div class=\"et_pb_text_inner\">\n<p>En los \u00faltimos a\u00f1os, Advenio eAcademy ha colaborado con la Universidad de Zilina en una serie de proyectos financiados por Erasmus+, entre los que se incluyen los siguientes<\/p>\n<ul>\n<li>2017 - 2020 MHEI - M\u00e1ster en Iniciativa Empresarial<\/li>\n<li>2020 - 2023 ARPEL4Entrep Licenciatura en Iniciativa Empresarial<\/li>\n<\/ul>\n<p style=\"margin-top:30px\">La historia de la Universidad de \u017dilina (UNIZA) comenz\u00f3 el 1 de septiembre de 1953, cuando se fund\u00f3 la Universidad del Transporte Ferroviario al separarse de la Universidad T\u00e9cnica Checa de Praga. Poco a poco se convirti\u00f3 en un importante pilar de la educaci\u00f3n en el \u00e1mbito del transporte, lo que dio lugar al cambio de nombre por el de Universidad del Transporte. En 1960 se traslad\u00f3 a \u017dilina, donde experiment\u00f3 numerosas transformaciones, y en 1980 volvi\u00f3 a cambiar su nombre por el de Universidad de Transportes y Comunicaciones. En 1996, tras ampliar sus campos de inter\u00e9s y otros cambios organizativos, pas\u00f3 a llamarse Universidad de \u017dilina.<\/p>\n<p>En la actualidad hay unos 10.000 estudiantes que se forman en siete facultades en 225 campos de estudio acreditados en todas las modalidades y grados de estudios universitarios de la Universidad. En sus m\u00e1s de 60 a\u00f1os de exitosa existencia se ha convertido en el alma mater de m\u00e1s de 70.000 licenciados, profesionales altamente cualificados especializados sobre todo en los \u00e1mbitos del transporte y la t\u00e9cnica, as\u00ed como en gesti\u00f3n, marketing o humanidades. La calidad y preparaci\u00f3n de nuestros titulados para las necesidades de la pr\u00e1ctica queda demostrada por el gran inter\u00e9s a largo plazo en contratarlos por parte de los empresarios que cooperan con la Universidad en el proceso de selecci\u00f3n.<\/p>\n<p>En el \u00e1mbito de la ciencia y la investigaci\u00f3n, nuestra Universidad participa en 200 proyectos cient\u00edficos nacionales y 41 internacionales y organiza anualmente unos 60 eventos cient\u00edficos y profesionales. En 2013 se crearon dos nuevos e importantes centros de trabajo dentro del Programa Operativo de Investigaci\u00f3n y Desarrollo: el Parque Cient\u00edfico Universitario y el Centro de Investigaci\u00f3n.<\/p>\n<p>Los resultados de las actividades cient\u00edficas y de investigaci\u00f3n de la Universidad tienen una influencia importante no s\u00f3lo en las actividades educativas, sino tambi\u00e9n en el desarrollo de la cooperaci\u00f3n internacional o la interconexi\u00f3n con la pr\u00e1ctica. Una de las pruebas del \u00e9xito de la transferencia de los resultados de la ciencia y la investigaci\u00f3n a la pr\u00e1ctica es el Premio a la Transferencia de Tecnolog\u00eda concedido al equipo de autores de la Facultad de Ingenier\u00eda Mec\u00e1nica de la Universidad de \u017dilina.<\/p>\n<p>La cooperaci\u00f3n con universidades e instituciones extranjeras es crucial para nuestra Universidad. La Universidad ha firmado acuerdos bilaterales de cooperaci\u00f3n con m\u00e1s de 150 socios extranjeros y es una de las universidades con m\u00e1s \u00e9xito en el Programa Erasmus, tanto en n\u00famero de personal como de estudiantes. En 2014 particip\u00f3 con \u00e9xito en los programas de movilidad de estudiantes con Brasil y Corea.<\/p>\n<p>Los estudiantes de la Universidad de \u017dilina estudian en aulas y laboratorios modernos y bien equipados situados en el complejo y moderno campus universitario de Ve\u013ek\u00fd Diel, situado en un entorno tranquilo cerca de un parque forestal, pero a una distancia razonable a pie de las instalaciones de alojamiento, as\u00ed como del centro hist\u00f3rico de \u017dilina.<\/p>\n<p>La Universidad de \u017dilina tiene la ambici\u00f3n ardiente de continuar en un crecimiento din\u00e1mico, de proporcionar una educaci\u00f3n de alta calidad, de educar graduados bien preparados y demandados, de desarrollar la cooperaci\u00f3n internacional tanto en ciencia como en educaci\u00f3n; sin embargo, su principal objetivo es principalmente proporcionar espacio y oportunidades para que la generaci\u00f3n joven descubra lo nuevo, ampl\u00ede horizontes, aprenda a cooperar, a comunicarse y a respetarse mutuamente.<\/p>\n<p><a href=\"https:\/\/www.uniza.sk\/index.php\/en\/\" target=\"_blank\" rel=\"noopener noreferrer\">Pulse aqu\u00ed\u00a0<\/a>para acceder a la plataforma de la Universidad de \u017dilina.<\/p>\n<\/div>\n<\/div>\n<\/div>\n<\/div>\n\t\t\t\t\t\t\t\t<\/div>\n\t\t\t\t<\/div>\n\t\t\t\t\t<\/div>\n\t\t\t\t<\/div>\n\t\t\t\t<\/div>","protected":false},"excerpt":{"rendered":"<p>ESLOVAQUIA, UNIVERSIDAD DE ZILINA En los \u00faltimos a\u00f1os, Advenio eAcademy ha colaborado con la Universidad de Zilina en varios proyectos financiados por Erasmus+, entre los que se incluyen:- 2017 - 2020 MHEI - M\u00e1ster en Emprendimiento 2020 - 2023 ARPEL4Entrep Grado en Emprendimiento La historia de la Universidad de \u017dilina (UNIZA) comenz\u00f3 el 1 de septiembre de 1953 [...].<\/p>","protected":false},"author":1,"featured_media":52399,"parent":0,"menu_order":0,"comment_status":"closed","ping_status":"closed","template":"elementor_canvas","meta":{"footnotes":""},"class_list":["post-51310","page","type-page","status-publish","has-post-thumbnail","hentry"],"yoast_head":"<!-- This site is optimized with the Yoast SEO plugin v26.0 - https:\/\/yoast.com\/wordpress\/plugins\/seo\/ -->\n<title>University of Zilina: Quality Education in Transport<\/title>\n<meta name=\"description\" content=\"Discover the University of Zilina, with over 10,000 students and 225 accredited programs, excelling in transport, engineering, and international cooperation.\" \/>\n<meta name=\"robots\" content=\"index, follow, max-snippet:-1, max-image-preview:large, max-video-preview:-1\" \/>\n<link rel=\"canonical\" href=\"https:\/\/aea.academy\/es\/slovakia-university-of-zilina\/\" \/>\n<meta property=\"og:locale\" content=\"es_ES\" \/>\n<meta property=\"og:type\" content=\"article\" \/>\n<meta property=\"og:title\" content=\"University of Zilina: Quality Education in Transport\" \/>\n<meta property=\"og:description\" content=\"Discover the University of Zilina, with over 10,000 students and 225 accredited programs, excelling in transport, engineering, and international cooperation.\" \/>\n<meta property=\"og:url\" content=\"https:\/\/aea.academy\/es\/slovakia-university-of-zilina\/\" \/>\n<meta property=\"og:site_name\" content=\"Advenio eAcademy Malta\" \/>\n<meta property=\"article:publisher\" content=\"https:\/\/www.facebook.com\/people\/Advenio-eAcademy\/100064132746001\/\" \/>\n<meta property=\"article:modified_time\" content=\"2024-10-07T20:50:35+00:00\" \/>\n<meta property=\"og:image\" content=\"https:\/\/aea.academy\/wp-content\/uploads\/2024\/09\/SLOVAKIA-UNIVERSITY-OF-ZILINA-1915x349.jpg\" \/>\n\t<meta property=\"og:image:width\" content=\"1920\" \/>\n\t<meta property=\"og:image:height\" content=\"350\" \/>\n\t<meta property=\"og:image:type\" content=\"image\/jpeg\" \/>\n<meta name=\"twitter:card\" content=\"summary_large_image\" \/>\n<meta name=\"twitter:label1\" content=\"Tiempo de lectura\" \/>\n\t<meta name=\"twitter:data1\" content=\"3 minutos\" \/>\n<script type=\"application\/ld+json\" class=\"yoast-schema-graph\">{\"@context\":\"https:\/\/schema.org\",\"@graph\":[{\"@type\":\"WebPage\",\"@id\":\"https:\/\/aea.academy\/slovakia-university-of-zilina\/\",\"url\":\"https:\/\/aea.academy\/slovakia-university-of-zilina\/\",\"name\":\"University of Zilina: Quality Education in Transport\",\"isPartOf\":{\"@id\":\"https:\/\/aea.academy\/#website\"},\"primaryImageOfPage\":{\"@id\":\"https:\/\/aea.academy\/slovakia-university-of-zilina\/#primaryimage\"},\"image\":{\"@id\":\"https:\/\/aea.academy\/slovakia-university-of-zilina\/#primaryimage\"},\"thumbnailUrl\":\"https:\/\/aea.academy\/wp-content\/uploads\/2024\/09\/SLOVAKIA-UNIVERSITY-OF-ZILINA-1915x349.jpg\",\"datePublished\":\"2024-09-24T18:15:13+00:00\",\"dateModified\":\"2024-10-07T20:50:35+00:00\",\"description\":\"Discover the University of Zilina, with over 10,000 students and 225 accredited programs, excelling in transport, engineering, and international cooperation.\",\"breadcrumb\":{\"@id\":\"https:\/\/aea.academy\/slovakia-university-of-zilina\/#breadcrumb\"},\"inLanguage\":\"es\",\"potentialAction\":[{\"@type\":\"ReadAction\",\"target\":[\"https:\/\/aea.academy\/slovakia-university-of-zilina\/\"]}]},{\"@type\":\"ImageObject\",\"inLanguage\":\"es\",\"@id\":\"https:\/\/aea.academy\/slovakia-university-of-zilina\/#primaryimage\",\"url\":\"https:\/\/aea.academy\/wp-content\/uploads\/2024\/09\/SLOVAKIA-UNIVERSITY-OF-ZILINA-1915x349.jpg\",\"contentUrl\":\"https:\/\/aea.academy\/wp-content\/uploads\/2024\/09\/SLOVAKIA-UNIVERSITY-OF-ZILINA-1915x349.jpg\",\"width\":1920,\"height\":350,\"caption\":\"SLOVAKIA, UNIVERSITY OF ZILINA\"},{\"@type\":\"BreadcrumbList\",\"@id\":\"https:\/\/aea.academy\/slovakia-university-of-zilina\/#breadcrumb\",\"itemListElement\":[{\"@type\":\"ListItem\",\"position\":1,\"name\":\"Home\",\"item\":\"https:\/\/aea.academy\/\"},{\"@type\":\"ListItem\",\"position\":2,\"name\":\"SLOVAKIA, UNIVERSITY OF ZILINA\"}]},{\"@type\":\"WebSite\",\"@id\":\"https:\/\/aea.academy\/#website\",\"url\":\"https:\/\/aea.academy\/\",\"name\":\"AeA Academy\",\"description\":\"Advenio eAcademy Malta\",\"publisher\":{\"@id\":\"https:\/\/aea.academy\/#organization\"},\"potentialAction\":[{\"@type\":\"SearchAction\",\"target\":{\"@type\":\"EntryPoint\",\"urlTemplate\":\"https:\/\/aea.academy\/?s={search_term_string}\"},\"query-input\":{\"@type\":\"PropertyValueSpecification\",\"valueRequired\":true,\"valueName\":\"search_term_string\"}}],\"inLanguage\":\"es\"},{\"@type\":\"Organization\",\"@id\":\"https:\/\/aea.academy\/#organization\",\"name\":\"AeA Academy\",\"url\":\"https:\/\/aea.academy\/\",\"logo\":{\"@type\":\"ImageObject\",\"inLanguage\":\"es\",\"@id\":\"https:\/\/aea.academy\/#\/schema\/logo\/image\/\",\"url\":\"https:\/\/aea.academy\/wp-content\/uploads\/2024\/09\/20220906-Advenio-vector-with-text-2813x946.png\",\"contentUrl\":\"https:\/\/aea.academy\/wp-content\/uploads\/2024\/09\/20220906-Advenio-vector-with-text-2813x946.png\",\"width\":2816,\"height\":947,\"caption\":\"AeA Academy\"},\"image\":{\"@id\":\"https:\/\/aea.academy\/#\/schema\/logo\/image\/\"},\"sameAs\":[\"https:\/\/www.facebook.com\/people\/Advenio-eAcademy\/100064132746001\/\",\"https:\/\/www.instagram.com\/advenio_eacademy\/\",\"https:\/\/www.linkedin.com\/uas\/login?session_redirect=school10402143\",\"https:\/\/www.youtube.com\/@advenioeacademy5728\"]}]}<\/script>\n<!-- \/ Yoast SEO plugin. -->","yoast_head_json":{"title":"University of Zilina: Quality Education in Transport","description":"Discover the University of Zilina, with over 10,000 students and 225 accredited programs, excelling in transport, engineering, and international cooperation.","robots":{"index":"index","follow":"follow","max-snippet":"max-snippet:-1","max-image-preview":"max-image-preview:large","max-video-preview":"max-video-preview:-1"},"canonical":"https:\/\/aea.academy\/es\/slovakia-university-of-zilina\/","og_locale":"es_ES","og_type":"article","og_title":"University of Zilina: Quality Education in Transport","og_description":"Discover the University of Zilina, with over 10,000 students and 225 accredited programs, excelling in transport, engineering, and international cooperation.","og_url":"https:\/\/aea.academy\/es\/slovakia-university-of-zilina\/","og_site_name":"Advenio eAcademy Malta","article_publisher":"https:\/\/www.facebook.com\/people\/Advenio-eAcademy\/100064132746001\/","article_modified_time":"2024-10-07T20:50:35+00:00","og_image":[{"width":1920,"height":350,"url":"https:\/\/aea.academy\/wp-content\/uploads\/2024\/09\/SLOVAKIA-UNIVERSITY-OF-ZILINA-1915x349.jpg","type":"image\/jpeg"}],"twitter_card":"summary_large_image","twitter_misc":{"Tiempo de lectura":"3 minutos"},"schema":{"@context":"https:\/\/schema.org","@graph":[{"@type":"WebPage","@id":"https:\/\/aea.academy\/slovakia-university-of-zilina\/","url":"https:\/\/aea.academy\/slovakia-university-of-zilina\/","name":"University of Zilina: Quality Education in Transport","isPartOf":{"@id":"https:\/\/aea.academy\/#website"},"primaryImageOfPage":{"@id":"https:\/\/aea.academy\/slovakia-university-of-zilina\/#primaryimage"},"image":{"@id":"https:\/\/aea.academy\/slovakia-university-of-zilina\/#primaryimage"},"thumbnailUrl":"https:\/\/aea.academy\/wp-content\/uploads\/2024\/09\/SLOVAKIA-UNIVERSITY-OF-ZILINA-1915x349.jpg","datePublished":"2024-09-24T18:15:13+00:00","dateModified":"2024-10-07T20:50:35+00:00","description":"Discover the University of Zilina, with over 10,000 students and 225 accredited programs, excelling in transport, engineering, and international cooperation.","breadcrumb":{"@id":"https:\/\/aea.academy\/slovakia-university-of-zilina\/#breadcrumb"},"inLanguage":"es","potentialAction":[{"@type":"ReadAction","target":["https:\/\/aea.academy\/slovakia-university-of-zilina\/"]}]},{"@type":"ImageObject","inLanguage":"es","@id":"https:\/\/aea.academy\/slovakia-university-of-zilina\/#primaryimage","url":"https:\/\/aea.academy\/wp-content\/uploads\/2024\/09\/SLOVAKIA-UNIVERSITY-OF-ZILINA-1915x349.jpg","contentUrl":"https:\/\/aea.academy\/wp-content\/uploads\/2024\/09\/SLOVAKIA-UNIVERSITY-OF-ZILINA-1915x349.jpg","width":1920,"height":350,"caption":"SLOVAKIA, UNIVERSITY OF ZILINA"},{"@type":"BreadcrumbList","@id":"https:\/\/aea.academy\/slovakia-university-of-zilina\/#breadcrumb","itemListElement":[{"@type":"ListItem","position":1,"name":"Home","item":"https:\/\/aea.academy\/"},{"@type":"ListItem","position":2,"name":"SLOVAKIA, UNIVERSITY OF ZILINA"}]},{"@type":"WebSite","@id":"https:\/\/aea.academy\/#website","url":"https:\/\/aea.academy\/","name":"Academia AeA","description":"Advenio eAcademy Malta","publisher":{"@id":"https:\/\/aea.academy\/#organization"},"potentialAction":[{"@type":"SearchAction","target":{"@type":"EntryPoint","urlTemplate":"https:\/\/aea.academy\/?s={search_term_string}"},"query-input":{"@type":"PropertyValueSpecification","valueRequired":true,"valueName":"search_term_string"}}],"inLanguage":"es"},{"@type":"Organization","@id":"https:\/\/aea.academy\/#organization","name":"Academia AeA","url":"https:\/\/aea.academy\/","logo":{"@type":"ImageObject","inLanguage":"es","@id":"https:\/\/aea.academy\/#\/schema\/logo\/image\/","url":"https:\/\/aea.academy\/wp-content\/uploads\/2024\/09\/20220906-Advenio-vector-with-text-2813x946.png","contentUrl":"https:\/\/aea.academy\/wp-content\/uploads\/2024\/09\/20220906-Advenio-vector-with-text-2813x946.png","width":2816,"height":947,"caption":"AeA Academy"},"image":{"@id":"https:\/\/aea.academy\/#\/schema\/logo\/image\/"},"sameAs":["https:\/\/www.facebook.com\/people\/Advenio-eAcademy\/100064132746001\/","https:\/\/www.instagram.com\/advenio_eacademy\/","https:\/\/www.linkedin.com\/uas\/login?session_redirect=school10402143","https:\/\/www.youtube.com\/@advenioeacademy5728"]}]}},"_links":{"self":[{"href":"https:\/\/aea.academy\/es\/wp-json\/wp\/v2\/pages\/51310","targetHints":{"allow":["GET"]}}],"collection":[{"href":"https:\/\/aea.academy\/es\/wp-json\/wp\/v2\/pages"}],"about":[{"href":"https:\/\/aea.academy\/es\/wp-json\/wp\/v2\/types\/page"}],"author":[{"embeddable":true,"href":"https:\/\/aea.academy\/es\/wp-json\/wp\/v2\/users\/1"}],"replies":[{"embeddable":true,"href":"https:\/\/aea.academy\/es\/wp-json\/wp\/v2\/comments?post=51310"}],"version-history":[{"count":0,"href":"https:\/\/aea.academy\/es\/wp-json\/wp\/v2\/pages\/51310\/revisions"}],"wp:featuredmedia":[{"embeddable":true,"href":"https:\/\/aea.academy\/es\/wp-json\/wp\/v2\/media\/52399"}],"wp:attachment":[{"href":"https:\/\/aea.academy\/es\/wp-json\/wp\/v2\/media?parent=51310"}],"curies":[{"name":"wp","href":"https:\/\/api.w.org\/{rel}","templated":true}]}}