{"id":51312,"date":"2024-09-24T18:15:40","date_gmt":"2024-09-24T18:15:40","guid":{"rendered":"https:\/\/aea.academy\/?page_id=51312"},"modified":"2024-10-07T20:52:25","modified_gmt":"2024-10-07T20:52:25","slug":"turkey-bogazici-university","status":"publish","type":"page","link":"https:\/\/aea.academy\/es\/turkey-bogazici-university\/","title":{"rendered":"TURQU\u00cdA, UNIVERSIDAD DE BO\u011eAZI\u00c7I"},"content":{"rendered":"<div data-elementor-type=\"wp-page\" data-elementor-id=\"51312\" class=\"elementor elementor-51312\" data-elementor-post-type=\"page\">\n\t\t\t\t\t\t<section class=\"elementor-section elementor-top-section elementor-element elementor-element-fa1fcb2 elementor-section-content-middle elementor-section-stretched elementor-section-height-min-height elementor-section-full_width elementor-section-items-stretch elementor-section-height-default\" data-id=\"fa1fcb2\" data-element_type=\"section\" data-settings=\"{&quot;stretch_section&quot;:&quot;section-stretched&quot;,&quot;background_background&quot;:&quot;classic&quot;}\">\n\t\t\t\t\t\t<div class=\"elementor-container elementor-column-gap-default\">\n\t\t\t\t\t<div class=\"elementor-column elementor-col-100 elementor-top-column elementor-element elementor-element-7f17673 elementor-invisible\" data-id=\"7f17673\" data-element_type=\"column\" data-settings=\"{&quot;animation&quot;:&quot;fadeInUp&quot;}\">\n\t\t\t<div class=\"elementor-widget-wrap elementor-element-populated\">\n\t\t\t\t<div class=\"elementor-element elementor-element-379b236 e-flex e-con-boxed e-con e-parent\" data-id=\"379b236\" data-element_type=\"container\">\n\t\t\t\t\t<div class=\"e-con-inner\">\n\t\t\t\t<div class=\"elementor-element elementor-element-3175d2f elementor-widget elementor-widget-heading\" data-id=\"3175d2f\" data-element_type=\"widget\" data-widget_type=\"heading.default\">\n\t\t\t\t<div class=\"elementor-widget-container\">\n\t\t\t\t\t<h2 class=\"elementor-heading-title elementor-size-default\">TURQU\u00cdA, UNIVERSIDAD DE BO\u011eAZI\u00c7I<\/h2>\t\t\t\t<\/div>\n\t\t\t\t<\/div>\n\t\t\t\t\t<\/div>\n\t\t\t\t<\/div>\n\t\t\t\t\t<\/div>\n\t\t<\/div>\n\t\t\t\t\t<\/div>\n\t\t<\/section>\n\t\t<div class=\"elementor-element elementor-element-fbba3a5 e-flex e-con-boxed e-con e-parent\" data-id=\"fbba3a5\" data-element_type=\"container\">\n\t\t\t\t\t<div class=\"e-con-inner\">\n\t\t\t\t<div class=\"elementor-element elementor-element-486d4ac elementor-widget elementor-widget-text-editor\" data-id=\"486d4ac\" data-element_type=\"widget\" data-widget_type=\"text-editor.default\">\n\t\t\t\t<div class=\"elementor-widget-container\">\n\t\t\t\t\t\t\t\t\t<div class=\"et_pb_row et_pb_row_0\">\n<div class=\"et_pb_column et_pb_column_1_2 et_pb_column_0 et_pb_css_mix_blend_mode_passthrough\">\n<div class=\"et_pb_module et_pb_text et_pb_text_0 et_pb_text_align_left et_pb_bg_layout_light\">\n<div class=\"et_pb_text_inner\">\n<p>La Universidad Bo\u011fazi\u00e7i, tambi\u00e9n conocida como Universidad del B\u00f3sforo, es una universidad de investigaci\u00f3n situada en Estambul. Sus or\u00edgenes se remontan a 1863, cuando se fund\u00f3 como Robert College, la primera instituci\u00f3n de ense\u00f1anza superior estadounidense fundada fuera de Estados Unidos. En la actualidad, el centro est\u00e1 totalmente bajo administraci\u00f3n turca, pero sigue manteniendo fuertes lazos con el sistema educativo estadounidense. La renombrada universidad cuenta con cuatro facultades y 2 escuelas, as\u00ed como 6 institutos en los que se imparten 33 programas de licenciatura, 65 de posgrado y 33 de doctorado. Actualmente, el cuerpo docente est\u00e1 compuesto por 437 profesores a tiempo completo, 81 instructores, 92 conferenciantes internacionales, 260 ayudantes de investigaci\u00f3n y 917 empleados administrativos. Todo el personal est\u00e1 formado por profesionales altamente cualificados, con experiencia en la ense\u00f1anza y deseosos de transmitir sus conocimientos. 12.082 estudiantes est\u00e1n matriculados en programas de licenciatura, mientras que 5.042 participan en programas de posgrado, sumando un total de 17.124 estudiantes y 2.499 licenciados. Entre ellos hay muchos estudiantes internacionales que aprecian la perfecta ubicaci\u00f3n de la universidad y el entorno multicultural de aprendizaje que conlleva.<\/p>\n<p>Unos 232 estudiantes extranjeros de 40 pa\u00edses est\u00e1n representados en el centro. La escuela tiene 6 campus principales (Sur, Norte, Hisar, U\u00e7aksavar, Kilyos-Saritepe y Kandilli). Con el fin de proporcionar a los estudiantes una experiencia universitaria perfecta, la universidad ofrece organizaciones estudiantiles: actualmente funcionan en el campus 44 clubes de estudiantes. El campus tambi\u00e9n alberga una gran biblioteca que cuenta con unos 481.616 libros, 79.921 revistas y peri\u00f3dicos electr\u00f3nicos, 3.256.021 libros electr\u00f3nicos, 620 revistas impresas y 174 bases de datos interactivas, 2.283 libros escritos en alfabeto braille y libros de voz, y es visitada diariamente por unos 5.500 investigadores y estudiantes. La universidad tambi\u00e9n cuenta con instalaciones de vanguardia, como 141 laboratorios de investigaci\u00f3n y 31 centros de investigaci\u00f3n. Los estudiantes que deseen tener \u00e9xito en una carrera global pueden solicitar plaza en la Universidad de Bo\u011fazi\u00e7i, ya que los programas de grado se imparten \u00edntegramente en ingl\u00e9s.<\/p>\n<h5>Visi\u00f3n<\/h5>\n<p>La visi\u00f3n de la Universidad Bo\u011fazi\u00e7i es ser una instituci\u00f3n l\u00edder en educaci\u00f3n superior, que da forma al futuro siendo pionera en educaci\u00f3n, ense\u00f1anza e investigaci\u00f3n. Los principios fundamentales de nuestra visi\u00f3n son<\/p>\n<ul>\n<li>Enriquecer las experiencias educativas y docentes con planteamientos innovadores y creativos;<\/li>\n<li>Reforzar la cultura de la ciencia, la investigaci\u00f3n, la creatividad y la innovaci\u00f3n para convertirnos en una de las principales universidades de investigaci\u00f3n del mundo.<\/li>\n<li>Contribuir a forjar un futuro mejor a trav\u00e9s de nuestras actividades acad\u00e9micas, cient\u00edficas y culturales.<\/li>\n<\/ul>\n<h5 style=\"margin-top:30px\">Misi\u00f3n<\/h5>\n<p>La misi\u00f3n de la Universidad Bo\u011fazi\u00e7i es educar a individuos que abracen sus valores institucionales, que sean capaces de pensar de forma creativa y cr\u00edtica, que sean independientes e igualitarios, que aprecien los valores \u00e9ticos, que respeten la naturaleza y sean conscientes de las cuestiones medioambientales, que est\u00e9n arraigados en el entorno local.\u00a0<em>y<\/em>\u00a0abiertos a lo global, y que puedan, con su confianza en s\u00ed mismos y sus fundamentos acad\u00e9micos, sociales y culturales, asumir con \u00e9xito puestos de liderazgo en cualquier parte del mundo.<\/p>\n<p>La misi\u00f3n de la Universidad Bo\u011fazi\u00e7i tambi\u00e9n incluye producir pensamiento, ciencia y tecnolog\u00eda universales al servicio de la humanidad, y desempe\u00f1ar un papel pionero en el fomento de la difusi\u00f3n de la ciencia, la cultura y las artes en toda la sociedad.<\/p>\n<p><a href=\"https:\/\/www.boun.edu.tr\/en_US\" target=\"_blank\" rel=\"noopener noreferrer\">Pulse aqu\u00ed\u00a0<\/a>para visitar el sitio web de la Universidad.<\/p>\n<\/div>\n<\/div>\n<\/div>\n<\/div>\n\t\t\t\t\t\t\t\t<\/div>\n\t\t\t\t<\/div>\n\t\t\t\t\t<\/div>\n\t\t\t\t<\/div>\n\t\t\t\t<\/div>","protected":false},"excerpt":{"rendered":"<p>TURQU\u00cdA, UNIVERSIDAD DE BO\u011eAZI\u00c7I La Universidad de Bo\u011fazi\u00e7i, tambi\u00e9n conocida como Universidad del B\u00f3sforo, es una universidad de investigaci\u00f3n situada en Estambul. Sus or\u00edgenes se remontan a 1863, cuando se fund\u00f3 como el Robert College, la primera instituci\u00f3n de educaci\u00f3n superior estadounidense que se fund\u00f3 fuera de Estados Unidos. El centro est\u00e1 totalmente bajo administraci\u00f3n turca [...]<\/p>","protected":false},"author":1,"featured_media":52404,"parent":0,"menu_order":0,"comment_status":"closed","ping_status":"closed","template":"elementor_canvas","meta":{"footnotes":""},"class_list":["post-51312","page","type-page","status-publish","has-post-thumbnail","hentry"],"yoast_head":"<!-- This site is optimized with the Yoast SEO plugin v26.0 - https:\/\/yoast.com\/wordpress\/plugins\/seo\/ -->\n<title>Bo\u011fazi\u00e7i University: Innovation in Education and Research<\/title>\n<meta name=\"description\" content=\"Explore Bo\u011fazi\u00e7i University in Istanbul, a center of excellence in education and research, offering English-taught programs and a multicultural environment.\" \/>\n<meta name=\"robots\" content=\"index, follow, max-snippet:-1, max-image-preview:large, max-video-preview:-1\" \/>\n<link rel=\"canonical\" href=\"https:\/\/aea.academy\/es\/turkey-bogazici-university\/\" \/>\n<meta property=\"og:locale\" content=\"es_ES\" \/>\n<meta property=\"og:type\" content=\"article\" \/>\n<meta property=\"og:title\" content=\"Bo\u011fazi\u00e7i University: Innovation in Education and Research\" \/>\n<meta property=\"og:description\" content=\"Explore Bo\u011fazi\u00e7i University in Istanbul, a center of excellence in education and research, offering English-taught programs and a multicultural environment.\" \/>\n<meta property=\"og:url\" content=\"https:\/\/aea.academy\/es\/turkey-bogazici-university\/\" \/>\n<meta property=\"og:site_name\" content=\"Advenio eAcademy Malta\" \/>\n<meta property=\"article:publisher\" content=\"https:\/\/www.facebook.com\/people\/Advenio-eAcademy\/100064132746001\/\" \/>\n<meta property=\"article:modified_time\" content=\"2024-10-07T20:52:25+00:00\" \/>\n<meta property=\"og:image\" content=\"https:\/\/aea.academy\/wp-content\/uploads\/2024\/09\/TURKEY-BOGAZICI-UNIVERSITY-1915x349.jpg\" \/>\n\t<meta property=\"og:image:width\" content=\"1920\" \/>\n\t<meta property=\"og:image:height\" content=\"350\" \/>\n\t<meta property=\"og:image:type\" content=\"image\/jpeg\" \/>\n<meta name=\"twitter:card\" content=\"summary_large_image\" \/>\n<meta name=\"twitter:label1\" content=\"Tiempo de lectura\" \/>\n\t<meta name=\"twitter:data1\" content=\"3 minutos\" \/>\n<script type=\"application\/ld+json\" class=\"yoast-schema-graph\">{\"@context\":\"https:\/\/schema.org\",\"@graph\":[{\"@type\":\"WebPage\",\"@id\":\"https:\/\/aea.academy\/turkey-bogazici-university\/\",\"url\":\"https:\/\/aea.academy\/turkey-bogazici-university\/\",\"name\":\"Bo\u011fazi\u00e7i University: Innovation in Education and Research\",\"isPartOf\":{\"@id\":\"https:\/\/aea.academy\/#website\"},\"primaryImageOfPage\":{\"@id\":\"https:\/\/aea.academy\/turkey-bogazici-university\/#primaryimage\"},\"image\":{\"@id\":\"https:\/\/aea.academy\/turkey-bogazici-university\/#primaryimage\"},\"thumbnailUrl\":\"https:\/\/aea.academy\/wp-content\/uploads\/2024\/09\/TURKEY-BOGAZICI-UNIVERSITY-1915x349.jpg\",\"datePublished\":\"2024-09-24T18:15:40+00:00\",\"dateModified\":\"2024-10-07T20:52:25+00:00\",\"description\":\"Explore Bo\u011fazi\u00e7i University in Istanbul, a center of excellence in education and research, offering English-taught programs and a multicultural environment.\",\"breadcrumb\":{\"@id\":\"https:\/\/aea.academy\/turkey-bogazici-university\/#breadcrumb\"},\"inLanguage\":\"es\",\"potentialAction\":[{\"@type\":\"ReadAction\",\"target\":[\"https:\/\/aea.academy\/turkey-bogazici-university\/\"]}]},{\"@type\":\"ImageObject\",\"inLanguage\":\"es\",\"@id\":\"https:\/\/aea.academy\/turkey-bogazici-university\/#primaryimage\",\"url\":\"https:\/\/aea.academy\/wp-content\/uploads\/2024\/09\/TURKEY-BOGAZICI-UNIVERSITY-1915x349.jpg\",\"contentUrl\":\"https:\/\/aea.academy\/wp-content\/uploads\/2024\/09\/TURKEY-BOGAZICI-UNIVERSITY-1915x349.jpg\",\"width\":1920,\"height\":350,\"caption\":\"TURKEY, BO\u011eAZI\u00c7I UNIVERSITY\"},{\"@type\":\"BreadcrumbList\",\"@id\":\"https:\/\/aea.academy\/turkey-bogazici-university\/#breadcrumb\",\"itemListElement\":[{\"@type\":\"ListItem\",\"position\":1,\"name\":\"Home\",\"item\":\"https:\/\/aea.academy\/\"},{\"@type\":\"ListItem\",\"position\":2,\"name\":\"TURKEY, BO\u011eAZI\u00c7I UNIVERSITY\"}]},{\"@type\":\"WebSite\",\"@id\":\"https:\/\/aea.academy\/#website\",\"url\":\"https:\/\/aea.academy\/\",\"name\":\"AeA Academy\",\"description\":\"Advenio eAcademy Malta\",\"publisher\":{\"@id\":\"https:\/\/aea.academy\/#organization\"},\"potentialAction\":[{\"@type\":\"SearchAction\",\"target\":{\"@type\":\"EntryPoint\",\"urlTemplate\":\"https:\/\/aea.academy\/?s={search_term_string}\"},\"query-input\":{\"@type\":\"PropertyValueSpecification\",\"valueRequired\":true,\"valueName\":\"search_term_string\"}}],\"inLanguage\":\"es\"},{\"@type\":\"Organization\",\"@id\":\"https:\/\/aea.academy\/#organization\",\"name\":\"AeA Academy\",\"url\":\"https:\/\/aea.academy\/\",\"logo\":{\"@type\":\"ImageObject\",\"inLanguage\":\"es\",\"@id\":\"https:\/\/aea.academy\/#\/schema\/logo\/image\/\",\"url\":\"https:\/\/aea.academy\/wp-content\/uploads\/2024\/09\/20220906-Advenio-vector-with-text-2813x946.png\",\"contentUrl\":\"https:\/\/aea.academy\/wp-content\/uploads\/2024\/09\/20220906-Advenio-vector-with-text-2813x946.png\",\"width\":2816,\"height\":947,\"caption\":\"AeA Academy\"},\"image\":{\"@id\":\"https:\/\/aea.academy\/#\/schema\/logo\/image\/\"},\"sameAs\":[\"https:\/\/www.facebook.com\/people\/Advenio-eAcademy\/100064132746001\/\",\"https:\/\/www.instagram.com\/advenio_eacademy\/\",\"https:\/\/www.linkedin.com\/uas\/login?session_redirect=school10402143\",\"https:\/\/www.youtube.com\/@advenioeacademy5728\"]}]}<\/script>\n<!-- \/ Yoast SEO plugin. -->","yoast_head_json":{"title":"Universidad de Bo\u011fazi\u00e7i: Innovaci\u00f3n en educaci\u00f3n e investigaci\u00f3n","description":"Explore la Universidad Bo\u011fazi\u00e7i de Estambul, un centro de excelencia en educaci\u00f3n e investigaci\u00f3n, que ofrece programas impartidos en ingl\u00e9s y un entorno multicultural.","robots":{"index":"index","follow":"follow","max-snippet":"max-snippet:-1","max-image-preview":"max-image-preview:large","max-video-preview":"max-video-preview:-1"},"canonical":"https:\/\/aea.academy\/es\/turkey-bogazici-university\/","og_locale":"es_ES","og_type":"article","og_title":"Bo\u011fazi\u00e7i University: Innovation in Education and Research","og_description":"Explore Bo\u011fazi\u00e7i University in Istanbul, a center of excellence in education and research, offering English-taught programs and a multicultural environment.","og_url":"https:\/\/aea.academy\/es\/turkey-bogazici-university\/","og_site_name":"Advenio eAcademy Malta","article_publisher":"https:\/\/www.facebook.com\/people\/Advenio-eAcademy\/100064132746001\/","article_modified_time":"2024-10-07T20:52:25+00:00","og_image":[{"width":1920,"height":350,"url":"https:\/\/aea.academy\/wp-content\/uploads\/2024\/09\/TURKEY-BOGAZICI-UNIVERSITY-1915x349.jpg","type":"image\/jpeg"}],"twitter_card":"summary_large_image","twitter_misc":{"Tiempo de lectura":"3 minutos"},"schema":{"@context":"https:\/\/schema.org","@graph":[{"@type":"WebPage","@id":"https:\/\/aea.academy\/turkey-bogazici-university\/","url":"https:\/\/aea.academy\/turkey-bogazici-university\/","name":"Universidad de Bo\u011fazi\u00e7i: Innovaci\u00f3n en educaci\u00f3n e investigaci\u00f3n","isPartOf":{"@id":"https:\/\/aea.academy\/#website"},"primaryImageOfPage":{"@id":"https:\/\/aea.academy\/turkey-bogazici-university\/#primaryimage"},"image":{"@id":"https:\/\/aea.academy\/turkey-bogazici-university\/#primaryimage"},"thumbnailUrl":"https:\/\/aea.academy\/wp-content\/uploads\/2024\/09\/TURKEY-BOGAZICI-UNIVERSITY-1915x349.jpg","datePublished":"2024-09-24T18:15:40+00:00","dateModified":"2024-10-07T20:52:25+00:00","description":"Explore la Universidad Bo\u011fazi\u00e7i de Estambul, un centro de excelencia en educaci\u00f3n e investigaci\u00f3n, que ofrece programas impartidos en ingl\u00e9s y un entorno multicultural.","breadcrumb":{"@id":"https:\/\/aea.academy\/turkey-bogazici-university\/#breadcrumb"},"inLanguage":"es","potentialAction":[{"@type":"ReadAction","target":["https:\/\/aea.academy\/turkey-bogazici-university\/"]}]},{"@type":"ImageObject","inLanguage":"es","@id":"https:\/\/aea.academy\/turkey-bogazici-university\/#primaryimage","url":"https:\/\/aea.academy\/wp-content\/uploads\/2024\/09\/TURKEY-BOGAZICI-UNIVERSITY-1915x349.jpg","contentUrl":"https:\/\/aea.academy\/wp-content\/uploads\/2024\/09\/TURKEY-BOGAZICI-UNIVERSITY-1915x349.jpg","width":1920,"height":350,"caption":"TURKEY, BO\u011eAZI\u00c7I UNIVERSITY"},{"@type":"BreadcrumbList","@id":"https:\/\/aea.academy\/turkey-bogazici-university\/#breadcrumb","itemListElement":[{"@type":"ListItem","position":1,"name":"Home","item":"https:\/\/aea.academy\/"},{"@type":"ListItem","position":2,"name":"TURKEY, BO\u011eAZI\u00c7I UNIVERSITY"}]},{"@type":"WebSite","@id":"https:\/\/aea.academy\/#website","url":"https:\/\/aea.academy\/","name":"Academia AeA","description":"Advenio eAcademy Malta","publisher":{"@id":"https:\/\/aea.academy\/#organization"},"potentialAction":[{"@type":"SearchAction","target":{"@type":"EntryPoint","urlTemplate":"https:\/\/aea.academy\/?s={search_term_string}"},"query-input":{"@type":"PropertyValueSpecification","valueRequired":true,"valueName":"search_term_string"}}],"inLanguage":"es"},{"@type":"Organization","@id":"https:\/\/aea.academy\/#organization","name":"Academia AeA","url":"https:\/\/aea.academy\/","logo":{"@type":"ImageObject","inLanguage":"es","@id":"https:\/\/aea.academy\/#\/schema\/logo\/image\/","url":"https:\/\/aea.academy\/wp-content\/uploads\/2024\/09\/20220906-Advenio-vector-with-text-2813x946.png","contentUrl":"https:\/\/aea.academy\/wp-content\/uploads\/2024\/09\/20220906-Advenio-vector-with-text-2813x946.png","width":2816,"height":947,"caption":"AeA Academy"},"image":{"@id":"https:\/\/aea.academy\/#\/schema\/logo\/image\/"},"sameAs":["https:\/\/www.facebook.com\/people\/Advenio-eAcademy\/100064132746001\/","https:\/\/www.instagram.com\/advenio_eacademy\/","https:\/\/www.linkedin.com\/uas\/login?session_redirect=school10402143","https:\/\/www.youtube.com\/@advenioeacademy5728"]}]}},"_links":{"self":[{"href":"https:\/\/aea.academy\/es\/wp-json\/wp\/v2\/pages\/51312","targetHints":{"allow":["GET"]}}],"collection":[{"href":"https:\/\/aea.academy\/es\/wp-json\/wp\/v2\/pages"}],"about":[{"href":"https:\/\/aea.academy\/es\/wp-json\/wp\/v2\/types\/page"}],"author":[{"embeddable":true,"href":"https:\/\/aea.academy\/es\/wp-json\/wp\/v2\/users\/1"}],"replies":[{"embeddable":true,"href":"https:\/\/aea.academy\/es\/wp-json\/wp\/v2\/comments?post=51312"}],"version-history":[{"count":0,"href":"https:\/\/aea.academy\/es\/wp-json\/wp\/v2\/pages\/51312\/revisions"}],"wp:featuredmedia":[{"embeddable":true,"href":"https:\/\/aea.academy\/es\/wp-json\/wp\/v2\/media\/52404"}],"wp:attachment":[{"href":"https:\/\/aea.academy\/es\/wp-json\/wp\/v2\/media?parent=51312"}],"curies":[{"name":"wp","href":"https:\/\/api.w.org\/{rel}","templated":true}]}}