{"id":51316,"date":"2024-09-24T18:16:35","date_gmt":"2024-09-24T18:16:35","guid":{"rendered":"https:\/\/aea.academy\/?page_id=51316"},"modified":"2024-10-07T20:56:01","modified_gmt":"2024-10-07T20:56:01","slug":"ukraine-ivan-franko-national-university-of-lviv","status":"publish","type":"page","link":"https:\/\/aea.academy\/es\/ukraine-ivan-franko-national-university-of-lviv\/","title":{"rendered":"UCRANIA, UNIVERSIDAD NACIONAL IVAN FRANKO DE LVIV"},"content":{"rendered":"<div data-elementor-type=\"wp-page\" data-elementor-id=\"51316\" class=\"elementor elementor-51316\" data-elementor-post-type=\"page\">\n\t\t\t\t\t\t<section class=\"elementor-section elementor-top-section elementor-element elementor-element-10e83ee elementor-section-content-middle elementor-section-stretched elementor-section-height-min-height elementor-section-full_width elementor-section-items-stretch elementor-section-height-default\" data-id=\"10e83ee\" data-element_type=\"section\" data-settings=\"{&quot;stretch_section&quot;:&quot;section-stretched&quot;,&quot;background_background&quot;:&quot;classic&quot;}\">\n\t\t\t\t\t\t<div class=\"elementor-container elementor-column-gap-default\">\n\t\t\t\t\t<div class=\"elementor-column elementor-col-100 elementor-top-column elementor-element elementor-element-6fde899 elementor-invisible\" data-id=\"6fde899\" data-element_type=\"column\" data-settings=\"{&quot;animation&quot;:&quot;fadeInUp&quot;}\">\n\t\t\t<div class=\"elementor-widget-wrap elementor-element-populated\">\n\t\t\t\t<div class=\"elementor-element elementor-element-0a1524e e-flex e-con-boxed e-con e-parent\" data-id=\"0a1524e\" data-element_type=\"container\">\n\t\t\t\t\t<div class=\"e-con-inner\">\n\t\t\t\t<div class=\"elementor-element elementor-element-b21661a elementor-widget elementor-widget-heading\" data-id=\"b21661a\" data-element_type=\"widget\" data-widget_type=\"heading.default\">\n\t\t\t\t<div class=\"elementor-widget-container\">\n\t\t\t\t\t<h2 class=\"elementor-heading-title elementor-size-default\">UCRANIA, UNIVERSIDAD NACIONAL IVAN FRANKO DE LVIV<\/h2>\t\t\t\t<\/div>\n\t\t\t\t<\/div>\n\t\t\t\t\t<\/div>\n\t\t\t\t<\/div>\n\t\t\t\t\t<\/div>\n\t\t<\/div>\n\t\t\t\t\t<\/div>\n\t\t<\/section>\n\t\t<div class=\"elementor-element elementor-element-9412bc2 e-flex e-con-boxed e-con e-parent\" data-id=\"9412bc2\" data-element_type=\"container\">\n\t\t\t\t\t<div class=\"e-con-inner\">\n\t\t\t\t<div class=\"elementor-element elementor-element-dcadac2 elementor-widget elementor-widget-text-editor\" data-id=\"dcadac2\" data-element_type=\"widget\" data-widget_type=\"text-editor.default\">\n\t\t\t\t<div class=\"elementor-widget-container\">\n\t\t\t\t\t\t\t\t\t<div class=\"et_pb_row et_pb_row_0\">\n<div class=\"et_pb_column et_pb_column_1_2 et_pb_column_0 et_pb_css_mix_blend_mode_passthrough\">\n<div class=\"et_pb_module et_pb_text et_pb_text_0 et_pb_text_align_left et_pb_bg_layout_light\">\n<div class=\"et_pb_text_inner\">\n<p>En 2024 se establecieron acuerdos de colaboraci\u00f3n entre Advenio eAcademy y la Universidad nacional de Lviv mediante la participaci\u00f3n de ambas organizaciones en el proyecto \"Mediterranean Optimization for Sustainable Apparel (MODA)\", dirigido por la Universidad de Macedonia.<\/p>\n<p>La Universidad Nacional Ivan Franko de Lviv es un centro cl\u00e1sico de ense\u00f1anza superior con potentes escuelas cient\u00edficas, antiguas tradiciones y modernos enfoques innovadores. Su principal objetivo es proporcionar un alto nivel educativo y cient\u00edfico, cultural, las necesidades sociales de una persona, la sociedad y el Estado en el proceso de formaci\u00f3n de especialistas altamente cualificados. La actividad de la Universidad se basa en la preservaci\u00f3n de la cultura y las tradiciones ucranianas, el desarrollo de la conciencia y la identidad nacionales.<\/p>\n<p>La Universidad posee el 4\u00ba nivel de acreditaci\u00f3n del Ministerio de Educaci\u00f3n y Ciencia de Ucrania y forma especialistas en programas licenciados: 9 especialidades de nivel de competencia educativa \"especialista junior\", 49 programas de licenciatura, 82 especialidades \"especialista\" y 87 especialidades \"m\u00e1ster\" en 17 ramas de conocimiento.<\/p>\n<p>En la Universidad, donde la principal estructura de impresi\u00f3n es la Editorial durante el a\u00f1o 2017 se publicaron 28 libros de texto, 116 libros de texto, 101 monograf\u00edas y 58 n\u00fameros de peri\u00f3dicos universitarios. Desde principios de 2018, la Editorial ha publicado 81 ediciones, en concreto: 6 libros de texto, 12 libros de texto, 12 monograf\u00edas, 41 Visnyk, 1 colecci\u00f3n de obras cient\u00edficas.<\/p>\n<p>La Universidad es fundadora y editora de 44 publicaciones cient\u00edficas seriadas.\u00a0<em>Visnyk Universytetu (Bolet\u00edn universitario)<\/em>:\u00a0<em>Serie Biolog\u00eda<\/em>\u00a0pertenece a la lista de ediciones profesionales internacionales Web of Science.\u00a0<em>Revista de Estudios F\u00edsicos<\/em>\u00a0es una de las 42 revistas de Ucrania que pertenece a la base de datos bibliogr\u00e1fica Scopus.<\/p>\n<p>En la actualidad, la Universidad de Lviv est\u00e1 considerada una de las instituciones m\u00e1s prestigiosas de nuestro pa\u00eds. Ha adquirido un gran prestigio internacional y se ha convertido en un poderoso centro cient\u00edfico.<\/p>\n<p>En el front\u00f3n del edificio principal de la Universidad de Lviv hay un lema: \"Patriae decori civibus educandis\" (Ciudadanos educados, gloria de la Patria). La comunidad universitaria trabaja duro para hacer realidad esta idea. La transformaci\u00f3n de la Universidad en una instituci\u00f3n europea moderna con la preservaci\u00f3n de las mejores tradiciones acad\u00e9micas nacionales es el principal objetivo de la comunidad universitaria.<\/p>\n<p><a href=\"https:\/\/lnu.edu.ua\/en\/\" target=\"_blank\" rel=\"noopener noreferrer\">Pulse aqu\u00ed\u00a0<\/a>para acceder a la plataforma de la Universidad de Lviv.<\/p>\n<\/div>\n<\/div>\n<\/div>\n<\/div>\n\t\t\t\t\t\t\t\t<\/div>\n\t\t\t\t<\/div>\n\t\t\t\t\t<\/div>\n\t\t\t\t<\/div>\n\t\t\t\t<\/div>","protected":false},"excerpt":{"rendered":"<p>UCRANIA, UNIVERSIDAD NACIONAL IVAN FRANKO DE LVIV En 2024 se establecieron acuerdos de colaboraci\u00f3n entre Advenio eAcademy y la Universidad nacional de Lviv a trav\u00e9s de la participaci\u00f3n de ambas organizaciones en el proyecto dirigido por la Universidad de Macedonia \"Mediterranean Optimization for Sustainable Apparel (MODA)\". La Universidad Nacional Ivan Franko de Lviv es un centro de ense\u00f1anza superior cl\u00e1sico con [...]<\/p>","protected":false},"author":1,"featured_media":52415,"parent":0,"menu_order":0,"comment_status":"closed","ping_status":"closed","template":"elementor_canvas","meta":{"footnotes":""},"class_list":["post-51316","page","type-page","status-publish","has-post-thumbnail","hentry"],"yoast_head":"<!-- This site is optimized with the Yoast SEO plugin v26.0 - https:\/\/yoast.com\/wordpress\/plugins\/seo\/ -->\n<title>Ivan Franko National University: Academic and Cultural Excellence<\/title>\n<meta name=\"description\" content=\"Explore Ivan Franko National University of Lviv, a classical institution blending tradition and innovation with diverse academic programs.\" \/>\n<meta name=\"robots\" content=\"index, follow, max-snippet:-1, max-image-preview:large, max-video-preview:-1\" \/>\n<link rel=\"canonical\" href=\"https:\/\/aea.academy\/es\/ukraine-ivan-franko-national-university-of-lviv\/\" \/>\n<meta property=\"og:locale\" content=\"es_ES\" \/>\n<meta property=\"og:type\" content=\"article\" \/>\n<meta property=\"og:title\" content=\"Ivan Franko National University: Academic and Cultural Excellence\" \/>\n<meta property=\"og:description\" content=\"Explore Ivan Franko National University of Lviv, a classical institution blending tradition and innovation with diverse academic programs.\" \/>\n<meta property=\"og:url\" content=\"https:\/\/aea.academy\/es\/ukraine-ivan-franko-national-university-of-lviv\/\" \/>\n<meta property=\"og:site_name\" content=\"Advenio eAcademy Malta\" \/>\n<meta property=\"article:publisher\" content=\"https:\/\/www.facebook.com\/people\/Advenio-eAcademy\/100064132746001\/\" \/>\n<meta property=\"article:modified_time\" content=\"2024-10-07T20:56:01+00:00\" \/>\n<meta property=\"og:image\" content=\"https:\/\/aea.academy\/wp-content\/uploads\/2024\/09\/UKRAINE-IVAN-FRANKO-NATIONAL-UNIVERSITY-OF-LVIV-1915x349.jpg\" \/>\n\t<meta property=\"og:image:width\" content=\"1920\" \/>\n\t<meta property=\"og:image:height\" content=\"350\" \/>\n\t<meta property=\"og:image:type\" content=\"image\/jpeg\" \/>\n<meta name=\"twitter:card\" content=\"summary_large_image\" \/>\n<meta name=\"twitter:label1\" content=\"Tiempo de lectura\" \/>\n\t<meta name=\"twitter:data1\" content=\"2 minutos\" \/>\n<script type=\"application\/ld+json\" class=\"yoast-schema-graph\">{\"@context\":\"https:\/\/schema.org\",\"@graph\":[{\"@type\":\"WebPage\",\"@id\":\"https:\/\/aea.academy\/ukraine-ivan-franko-national-university-of-lviv\/\",\"url\":\"https:\/\/aea.academy\/ukraine-ivan-franko-national-university-of-lviv\/\",\"name\":\"Ivan Franko National University: Academic and Cultural Excellence\",\"isPartOf\":{\"@id\":\"https:\/\/aea.academy\/#website\"},\"primaryImageOfPage\":{\"@id\":\"https:\/\/aea.academy\/ukraine-ivan-franko-national-university-of-lviv\/#primaryimage\"},\"image\":{\"@id\":\"https:\/\/aea.academy\/ukraine-ivan-franko-national-university-of-lviv\/#primaryimage\"},\"thumbnailUrl\":\"https:\/\/aea.academy\/wp-content\/uploads\/2024\/09\/UKRAINE-IVAN-FRANKO-NATIONAL-UNIVERSITY-OF-LVIV-1915x349.jpg\",\"datePublished\":\"2024-09-24T18:16:35+00:00\",\"dateModified\":\"2024-10-07T20:56:01+00:00\",\"description\":\"Explore Ivan Franko National University of Lviv, a classical institution blending tradition and innovation with diverse academic programs.\",\"breadcrumb\":{\"@id\":\"https:\/\/aea.academy\/ukraine-ivan-franko-national-university-of-lviv\/#breadcrumb\"},\"inLanguage\":\"es\",\"potentialAction\":[{\"@type\":\"ReadAction\",\"target\":[\"https:\/\/aea.academy\/ukraine-ivan-franko-national-university-of-lviv\/\"]}]},{\"@type\":\"ImageObject\",\"inLanguage\":\"es\",\"@id\":\"https:\/\/aea.academy\/ukraine-ivan-franko-national-university-of-lviv\/#primaryimage\",\"url\":\"https:\/\/aea.academy\/wp-content\/uploads\/2024\/09\/UKRAINE-IVAN-FRANKO-NATIONAL-UNIVERSITY-OF-LVIV-1915x349.jpg\",\"contentUrl\":\"https:\/\/aea.academy\/wp-content\/uploads\/2024\/09\/UKRAINE-IVAN-FRANKO-NATIONAL-UNIVERSITY-OF-LVIV-1915x349.jpg\",\"width\":1920,\"height\":350,\"caption\":\"UKRAINE, IVAN FRANKO NATIONAL UNIVERSITY OF LVIV\"},{\"@type\":\"BreadcrumbList\",\"@id\":\"https:\/\/aea.academy\/ukraine-ivan-franko-national-university-of-lviv\/#breadcrumb\",\"itemListElement\":[{\"@type\":\"ListItem\",\"position\":1,\"name\":\"Home\",\"item\":\"https:\/\/aea.academy\/\"},{\"@type\":\"ListItem\",\"position\":2,\"name\":\"UKRAINE, IVAN FRANKO NATIONAL UNIVERSITY OF LVIV\"}]},{\"@type\":\"WebSite\",\"@id\":\"https:\/\/aea.academy\/#website\",\"url\":\"https:\/\/aea.academy\/\",\"name\":\"AeA Academy\",\"description\":\"Advenio eAcademy Malta\",\"publisher\":{\"@id\":\"https:\/\/aea.academy\/#organization\"},\"potentialAction\":[{\"@type\":\"SearchAction\",\"target\":{\"@type\":\"EntryPoint\",\"urlTemplate\":\"https:\/\/aea.academy\/?s={search_term_string}\"},\"query-input\":{\"@type\":\"PropertyValueSpecification\",\"valueRequired\":true,\"valueName\":\"search_term_string\"}}],\"inLanguage\":\"es\"},{\"@type\":\"Organization\",\"@id\":\"https:\/\/aea.academy\/#organization\",\"name\":\"AeA Academy\",\"url\":\"https:\/\/aea.academy\/\",\"logo\":{\"@type\":\"ImageObject\",\"inLanguage\":\"es\",\"@id\":\"https:\/\/aea.academy\/#\/schema\/logo\/image\/\",\"url\":\"https:\/\/aea.academy\/wp-content\/uploads\/2024\/09\/20220906-Advenio-vector-with-text-2813x946.png\",\"contentUrl\":\"https:\/\/aea.academy\/wp-content\/uploads\/2024\/09\/20220906-Advenio-vector-with-text-2813x946.png\",\"width\":2816,\"height\":947,\"caption\":\"AeA Academy\"},\"image\":{\"@id\":\"https:\/\/aea.academy\/#\/schema\/logo\/image\/\"},\"sameAs\":[\"https:\/\/www.facebook.com\/people\/Advenio-eAcademy\/100064132746001\/\",\"https:\/\/www.instagram.com\/advenio_eacademy\/\",\"https:\/\/www.linkedin.com\/uas\/login?session_redirect=school10402143\",\"https:\/\/www.youtube.com\/@advenioeacademy5728\"]}]}<\/script>\n<!-- \/ Yoast SEO plugin. -->","yoast_head_json":{"title":"Ivan Franko National University: Academic and Cultural Excellence","description":"Explore Ivan Franko National University of Lviv, a classical institution blending tradition and innovation with diverse academic programs.","robots":{"index":"index","follow":"follow","max-snippet":"max-snippet:-1","max-image-preview":"max-image-preview:large","max-video-preview":"max-video-preview:-1"},"canonical":"https:\/\/aea.academy\/es\/ukraine-ivan-franko-national-university-of-lviv\/","og_locale":"es_ES","og_type":"article","og_title":"Ivan Franko National University: Academic and Cultural Excellence","og_description":"Explore Ivan Franko National University of Lviv, a classical institution blending tradition and innovation with diverse academic programs.","og_url":"https:\/\/aea.academy\/es\/ukraine-ivan-franko-national-university-of-lviv\/","og_site_name":"Advenio eAcademy Malta","article_publisher":"https:\/\/www.facebook.com\/people\/Advenio-eAcademy\/100064132746001\/","article_modified_time":"2024-10-07T20:56:01+00:00","og_image":[{"width":1920,"height":350,"url":"https:\/\/aea.academy\/wp-content\/uploads\/2024\/09\/UKRAINE-IVAN-FRANKO-NATIONAL-UNIVERSITY-OF-LVIV-1915x349.jpg","type":"image\/jpeg"}],"twitter_card":"summary_large_image","twitter_misc":{"Tiempo de lectura":"2 minutos"},"schema":{"@context":"https:\/\/schema.org","@graph":[{"@type":"WebPage","@id":"https:\/\/aea.academy\/ukraine-ivan-franko-national-university-of-lviv\/","url":"https:\/\/aea.academy\/ukraine-ivan-franko-national-university-of-lviv\/","name":"Ivan Franko National University: Academic and Cultural Excellence","isPartOf":{"@id":"https:\/\/aea.academy\/#website"},"primaryImageOfPage":{"@id":"https:\/\/aea.academy\/ukraine-ivan-franko-national-university-of-lviv\/#primaryimage"},"image":{"@id":"https:\/\/aea.academy\/ukraine-ivan-franko-national-university-of-lviv\/#primaryimage"},"thumbnailUrl":"https:\/\/aea.academy\/wp-content\/uploads\/2024\/09\/UKRAINE-IVAN-FRANKO-NATIONAL-UNIVERSITY-OF-LVIV-1915x349.jpg","datePublished":"2024-09-24T18:16:35+00:00","dateModified":"2024-10-07T20:56:01+00:00","description":"Explore Ivan Franko National University of Lviv, a classical institution blending tradition and innovation with diverse academic programs.","breadcrumb":{"@id":"https:\/\/aea.academy\/ukraine-ivan-franko-national-university-of-lviv\/#breadcrumb"},"inLanguage":"es","potentialAction":[{"@type":"ReadAction","target":["https:\/\/aea.academy\/ukraine-ivan-franko-national-university-of-lviv\/"]}]},{"@type":"ImageObject","inLanguage":"es","@id":"https:\/\/aea.academy\/ukraine-ivan-franko-national-university-of-lviv\/#primaryimage","url":"https:\/\/aea.academy\/wp-content\/uploads\/2024\/09\/UKRAINE-IVAN-FRANKO-NATIONAL-UNIVERSITY-OF-LVIV-1915x349.jpg","contentUrl":"https:\/\/aea.academy\/wp-content\/uploads\/2024\/09\/UKRAINE-IVAN-FRANKO-NATIONAL-UNIVERSITY-OF-LVIV-1915x349.jpg","width":1920,"height":350,"caption":"UKRAINE, IVAN FRANKO NATIONAL UNIVERSITY OF LVIV"},{"@type":"BreadcrumbList","@id":"https:\/\/aea.academy\/ukraine-ivan-franko-national-university-of-lviv\/#breadcrumb","itemListElement":[{"@type":"ListItem","position":1,"name":"Home","item":"https:\/\/aea.academy\/"},{"@type":"ListItem","position":2,"name":"UKRAINE, IVAN FRANKO NATIONAL UNIVERSITY OF LVIV"}]},{"@type":"WebSite","@id":"https:\/\/aea.academy\/#website","url":"https:\/\/aea.academy\/","name":"Academia AeA","description":"Advenio eAcademy Malta","publisher":{"@id":"https:\/\/aea.academy\/#organization"},"potentialAction":[{"@type":"SearchAction","target":{"@type":"EntryPoint","urlTemplate":"https:\/\/aea.academy\/?s={search_term_string}"},"query-input":{"@type":"PropertyValueSpecification","valueRequired":true,"valueName":"search_term_string"}}],"inLanguage":"es"},{"@type":"Organization","@id":"https:\/\/aea.academy\/#organization","name":"Academia AeA","url":"https:\/\/aea.academy\/","logo":{"@type":"ImageObject","inLanguage":"es","@id":"https:\/\/aea.academy\/#\/schema\/logo\/image\/","url":"https:\/\/aea.academy\/wp-content\/uploads\/2024\/09\/20220906-Advenio-vector-with-text-2813x946.png","contentUrl":"https:\/\/aea.academy\/wp-content\/uploads\/2024\/09\/20220906-Advenio-vector-with-text-2813x946.png","width":2816,"height":947,"caption":"AeA Academy"},"image":{"@id":"https:\/\/aea.academy\/#\/schema\/logo\/image\/"},"sameAs":["https:\/\/www.facebook.com\/people\/Advenio-eAcademy\/100064132746001\/","https:\/\/www.instagram.com\/advenio_eacademy\/","https:\/\/www.linkedin.com\/uas\/login?session_redirect=school10402143","https:\/\/www.youtube.com\/@advenioeacademy5728"]}]}},"_links":{"self":[{"href":"https:\/\/aea.academy\/es\/wp-json\/wp\/v2\/pages\/51316","targetHints":{"allow":["GET"]}}],"collection":[{"href":"https:\/\/aea.academy\/es\/wp-json\/wp\/v2\/pages"}],"about":[{"href":"https:\/\/aea.academy\/es\/wp-json\/wp\/v2\/types\/page"}],"author":[{"embeddable":true,"href":"https:\/\/aea.academy\/es\/wp-json\/wp\/v2\/users\/1"}],"replies":[{"embeddable":true,"href":"https:\/\/aea.academy\/es\/wp-json\/wp\/v2\/comments?post=51316"}],"version-history":[{"count":0,"href":"https:\/\/aea.academy\/es\/wp-json\/wp\/v2\/pages\/51316\/revisions"}],"wp:featuredmedia":[{"embeddable":true,"href":"https:\/\/aea.academy\/es\/wp-json\/wp\/v2\/media\/52415"}],"wp:attachment":[{"href":"https:\/\/aea.academy\/es\/wp-json\/wp\/v2\/media?parent=51316"}],"curies":[{"name":"wp","href":"https:\/\/api.w.org\/{rel}","templated":true}]}}