{"id":51318,"date":"2024-09-24T18:17:02","date_gmt":"2024-09-24T18:17:02","guid":{"rendered":"https:\/\/aea.academy\/?page_id=51318"},"modified":"2025-01-13T17:34:51","modified_gmt":"2025-01-13T17:34:51","slug":"greece-university-of-macedonia","status":"publish","type":"page","link":"https:\/\/aea.academy\/es\/greece-university-of-macedonia\/","title":{"rendered":"GRECIA, UNIVERSIDAD DE MACEDONIA"},"content":{"rendered":"<div data-elementor-type=\"wp-page\" data-elementor-id=\"51318\" class=\"elementor elementor-51318\" data-elementor-post-type=\"page\">\n\t\t\t\t\t\t<section class=\"elementor-section elementor-top-section elementor-element elementor-element-85a038a elementor-section-content-middle elementor-section-stretched elementor-section-height-min-height elementor-section-full_width elementor-section-items-stretch elementor-section-height-default\" data-id=\"85a038a\" data-element_type=\"section\" data-settings=\"{&quot;stretch_section&quot;:&quot;section-stretched&quot;,&quot;background_background&quot;:&quot;classic&quot;}\">\n\t\t\t\t\t\t<div class=\"elementor-container elementor-column-gap-default\">\n\t\t\t\t\t<div class=\"elementor-column elementor-col-100 elementor-top-column elementor-element elementor-element-de4af32 elementor-invisible\" data-id=\"de4af32\" data-element_type=\"column\" data-settings=\"{&quot;animation&quot;:&quot;fadeInUp&quot;}\">\n\t\t\t<div class=\"elementor-widget-wrap elementor-element-populated\">\n\t\t\t\t<div class=\"elementor-element elementor-element-09e40ca e-flex e-con-boxed e-con e-parent\" data-id=\"09e40ca\" data-element_type=\"container\">\n\t\t\t\t\t<div class=\"e-con-inner\">\n\t\t\t\t<div class=\"elementor-element elementor-element-9053f48 elementor-widget elementor-widget-heading\" data-id=\"9053f48\" data-element_type=\"widget\" data-widget_type=\"heading.default\">\n\t\t\t\t<div class=\"elementor-widget-container\">\n\t\t\t\t\t<h2 class=\"elementor-heading-title elementor-size-default\">GRECIA, UNIVERSIDAD DE MACEDONIA<\/h2>\t\t\t\t<\/div>\n\t\t\t\t<\/div>\n\t\t\t\t\t<\/div>\n\t\t\t\t<\/div>\n\t\t\t\t\t<\/div>\n\t\t<\/div>\n\t\t\t\t\t<\/div>\n\t\t<\/section>\n\t\t<div class=\"elementor-element elementor-element-d0ab30b e-flex e-con-boxed e-con e-parent\" data-id=\"d0ab30b\" data-element_type=\"container\">\n\t\t\t\t\t<div class=\"e-con-inner\">\n\t\t\t\t<div class=\"elementor-element elementor-element-5cd5cdf elementor-widget elementor-widget-text-editor\" data-id=\"5cd5cdf\" data-element_type=\"widget\" data-widget_type=\"text-editor.default\">\n\t\t\t\t<div class=\"elementor-widget-container\">\n\t\t\t\t\t\t\t\t\t<div class=\"et_pb_row et_pb_row_0\">\n<div class=\"et_pb_column et_pb_column_1_2 et_pb_column_0 et_pb_css_mix_blend_mode_passthrough\">\n<div class=\"et_pb_module et_pb_text et_pb_text_0 et_pb_text_align_left et_pb_bg_layout_light\">\n<div class=\"et_pb_text_inner\">\n<p>La Universidad de Macedonia es la segunda y m\u00e1s \"joven\" universidad de la ciudad de Sal\u00f3nica y est\u00e1 especializada en ciencias econ\u00f3micas y sociales. Fue fundada por el Estado griego en virtud del Decreto Presidencial 147\/10-4-1990. En el pasado era ampliamente conocida como Escuela de Graduados de Estudios Industriales de Sal\u00f3nica, que fue fundada en 1948 y comenz\u00f3 su primera actividad durante el a\u00f1o acad\u00e9mico 1957-1958.\u00a0<\/p>\n<p>En 2013, con el plan de reforma \"Athena\", se elimina la denominaci\u00f3n \"Estudios Econ\u00f3micos y Sociales\" del t\u00edtulo oficial de la Universidad, los departamentos descentralizados (en Naousa y Edesa) se fusionan con los departamentos con sede en Sal\u00f3nica y, por primera vez, se fundan Escuelas. Hoy en d\u00eda, la Universidad de Macedonia cuenta con cuatro Escuelas que constan de un total de ocho Departamentos con sede en Sal\u00f3nica (Escuela de Estudios Econ\u00f3micos y Regionales, Escuela de Administraci\u00f3n de Empresas, Escuela de Ciencias de la Informaci\u00f3n y Escuela de Ciencias Sociales, Humanidades y Artes). En el curso 2016-2017 la Universidad de Macedonia cumpli\u00f3 60 a\u00f1os de funcionamiento como Instituci\u00f3n de Educaci\u00f3n Superior en Grecia.<\/p>\n<p>En la actualidad, m\u00e1s de 12.000 alumnos estudian en la Universidad de Macedonia en campos relacionados con la econom\u00eda, la administraci\u00f3n, la sociedad y la pol\u00edtica. Nuestra principal consideraci\u00f3n es el mantenimiento de un alto nivel en cuanto al funcionamiento de la Universidad. El alto nivel de los licenciados y profesores y su participaci\u00f3n en la formaci\u00f3n de nuevos conocimientos con publicaciones de nivel internacional, los m\u00e9todos de ense\u00f1anza innovadores, el equipamiento moderno y el personal administrativo cualificado constituyen los factores que definen la calidad de la universidad. Mediante el desarrollo de nuevos programas de estudios universitarios y la actualizaci\u00f3n de los ya existentes, la organizaci\u00f3n de programas de postgrado de alto nivel y el \u00e9nfasis en la investigaci\u00f3n cient\u00edfica, la Universidad de Macedonia aspira a convertirse en una de las instituciones de ense\u00f1anza superior l\u00edderes en sus campos de especializaci\u00f3n en la pen\u00ednsula balc\u00e1nica y en Europa.  La Universidad tambi\u00e9n aspira a responder a las necesidades de la sociedad, trabajando conjuntamente con organizaciones p\u00fablicas y empresas privadas, configurando asociaciones con otras Universidades y Centros de Investigaci\u00f3n de forma que complementen y mejoren sus actividades. A trav\u00e9s de sus diversas iniciativas y eventos, la Universidad tambi\u00e9n contribuye a los asuntos culturales de Sal\u00f3nica y Macedonia, manteniendo una interacci\u00f3n continua con los ciudadanos.<\/p>\n<p>La Universidad de Macedonia est\u00e1 situada en el centro de Sal\u00f3nica, en la calle Egnatia 156. El campus est\u00e1 adyacente al de la Universidad Arist\u00f3teles.<a class=\"mw-redirect\" title=\"Universidad Arist\u00f3teles\" href=\"https:\/\/en.wikipedia.org\/wiki\/Aristotle_University\">y<\/a>\u00a0y al complejo de la Feria Internacional de Tesal\u00f3nica. Est\u00e1 formado por un conjunto de edificios con una superficie total aproximada de 40.000 m, compuesto por anfiteatros, aulas de ense\u00f1anza y seminarios, oficinas y las zonas de las secciones de administraci\u00f3n, un restaurante (que funciona durante todo el curso acad\u00e9mico), una biblioteca, una cancha de baloncesto, un gimnasio y una librer\u00eda; tambi\u00e9n funcionar\u00e1 en breve una guarder\u00eda infantil.<\/p>\n<p><a href=\"https:\/\/www.uom.gr\/en\" target=\"_blank\" rel=\"noopener noreferrer\">Pulse aqu\u00ed\u00a0<\/a>para acceder a la plataforma de la Universidad de Macedonia.<\/p>\n<\/div>\n<\/div>\n<\/div>\n<\/div>\n\t\t\t\t\t\t\t\t<\/div>\n\t\t\t\t<\/div>\n\t\t\t\t\t<\/div>\n\t\t\t\t<\/div>\n\t\t\t\t<\/div>","protected":false},"excerpt":{"rendered":"<p>GRECIA, UNIVERSIDAD DE MACEDONIA La Universidad de Macedonia es la segunda y m\u00e1s \"joven\" Universidad de la ciudad de Sal\u00f3nica y est\u00e1 especializada en ciencias econ\u00f3micas y sociales. Fue fundada por el Estado griego en virtud del Decreto Presidencial 147\/10-4-1990. En el pasado era ampliamente conocida como Escuela Superior de Estudios Industriales de Sal\u00f3nica que [...]<\/p>","protected":false},"author":1,"featured_media":52371,"parent":0,"menu_order":0,"comment_status":"closed","ping_status":"closed","template":"elementor_canvas","meta":{"footnotes":""},"class_list":["post-51318","page","type-page","status-publish","has-post-thumbnail","hentry"],"yoast_head":"<!-- This site is optimized with the Yoast SEO plugin v26.0 - https:\/\/yoast.com\/wordpress\/plugins\/seo\/ -->\n<title>University of Macedonia: Higher Education in Greece<\/title>\n<meta name=\"description\" content=\"Explore the University of Macedonia in Thessaloniki, specializing in economic and social sciences. Discover its programs and contributions to society.\" \/>\n<meta name=\"robots\" content=\"index, follow, max-snippet:-1, max-image-preview:large, max-video-preview:-1\" \/>\n<link rel=\"canonical\" href=\"https:\/\/aea.academy\/es\/greece-university-of-macedonia\/\" \/>\n<meta property=\"og:locale\" content=\"es_ES\" \/>\n<meta property=\"og:type\" content=\"article\" \/>\n<meta property=\"og:title\" content=\"University of Macedonia: Higher Education in Greece\" \/>\n<meta property=\"og:description\" content=\"Explore the University of Macedonia in Thessaloniki, specializing in economic and social sciences. Discover its programs and contributions to society.\" \/>\n<meta property=\"og:url\" content=\"https:\/\/aea.academy\/es\/greece-university-of-macedonia\/\" \/>\n<meta property=\"og:site_name\" content=\"Advenio eAcademy Malta\" \/>\n<meta property=\"article:publisher\" content=\"https:\/\/www.facebook.com\/people\/Advenio-eAcademy\/100064132746001\/\" \/>\n<meta property=\"article:modified_time\" content=\"2025-01-13T17:34:51+00:00\" \/>\n<meta property=\"og:image\" content=\"https:\/\/aea.academy\/wp-content\/uploads\/2024\/09\/GREECE-UNIVERSITY-OF-MACEDONIA-1915x349.jpg\" \/>\n\t<meta property=\"og:image:width\" content=\"1920\" \/>\n\t<meta property=\"og:image:height\" content=\"350\" \/>\n\t<meta property=\"og:image:type\" content=\"image\/jpeg\" \/>\n<meta name=\"twitter:card\" content=\"summary_large_image\" \/>\n<meta name=\"twitter:label1\" content=\"Tiempo de lectura\" \/>\n\t<meta name=\"twitter:data1\" content=\"2 minutos\" \/>\n<script type=\"application\/ld+json\" class=\"yoast-schema-graph\">{\"@context\":\"https:\/\/schema.org\",\"@graph\":[{\"@type\":\"WebPage\",\"@id\":\"https:\/\/aea.academy\/greece-university-of-macedonia\/\",\"url\":\"https:\/\/aea.academy\/greece-university-of-macedonia\/\",\"name\":\"University of Macedonia: Higher Education in Greece\",\"isPartOf\":{\"@id\":\"https:\/\/aea.academy\/#website\"},\"primaryImageOfPage\":{\"@id\":\"https:\/\/aea.academy\/greece-university-of-macedonia\/#primaryimage\"},\"image\":{\"@id\":\"https:\/\/aea.academy\/greece-university-of-macedonia\/#primaryimage\"},\"thumbnailUrl\":\"https:\/\/aea.academy\/wp-content\/uploads\/2024\/09\/GREECE-UNIVERSITY-OF-MACEDONIA-1915x349.jpg\",\"datePublished\":\"2024-09-24T18:17:02+00:00\",\"dateModified\":\"2025-01-13T17:34:51+00:00\",\"description\":\"Explore the University of Macedonia in Thessaloniki, specializing in economic and social sciences. Discover its programs and contributions to society.\",\"breadcrumb\":{\"@id\":\"https:\/\/aea.academy\/greece-university-of-macedonia\/#breadcrumb\"},\"inLanguage\":\"es\",\"potentialAction\":[{\"@type\":\"ReadAction\",\"target\":[\"https:\/\/aea.academy\/greece-university-of-macedonia\/\"]}]},{\"@type\":\"ImageObject\",\"inLanguage\":\"es\",\"@id\":\"https:\/\/aea.academy\/greece-university-of-macedonia\/#primaryimage\",\"url\":\"https:\/\/aea.academy\/wp-content\/uploads\/2024\/09\/GREECE-UNIVERSITY-OF-MACEDONIA-1915x349.jpg\",\"contentUrl\":\"https:\/\/aea.academy\/wp-content\/uploads\/2024\/09\/GREECE-UNIVERSITY-OF-MACEDONIA-1915x349.jpg\",\"width\":1920,\"height\":350,\"caption\":\"GREECE, UNIVERSITY OF MACEDONIA\"},{\"@type\":\"BreadcrumbList\",\"@id\":\"https:\/\/aea.academy\/greece-university-of-macedonia\/#breadcrumb\",\"itemListElement\":[{\"@type\":\"ListItem\",\"position\":1,\"name\":\"Home\",\"item\":\"https:\/\/aea.academy\/\"},{\"@type\":\"ListItem\",\"position\":2,\"name\":\"GREECE, UNIVERSITY OF MACEDONIA\"}]},{\"@type\":\"WebSite\",\"@id\":\"https:\/\/aea.academy\/#website\",\"url\":\"https:\/\/aea.academy\/\",\"name\":\"AeA Academy\",\"description\":\"Advenio eAcademy Malta\",\"publisher\":{\"@id\":\"https:\/\/aea.academy\/#organization\"},\"potentialAction\":[{\"@type\":\"SearchAction\",\"target\":{\"@type\":\"EntryPoint\",\"urlTemplate\":\"https:\/\/aea.academy\/?s={search_term_string}\"},\"query-input\":{\"@type\":\"PropertyValueSpecification\",\"valueRequired\":true,\"valueName\":\"search_term_string\"}}],\"inLanguage\":\"es\"},{\"@type\":\"Organization\",\"@id\":\"https:\/\/aea.academy\/#organization\",\"name\":\"AeA Academy\",\"url\":\"https:\/\/aea.academy\/\",\"logo\":{\"@type\":\"ImageObject\",\"inLanguage\":\"es\",\"@id\":\"https:\/\/aea.academy\/#\/schema\/logo\/image\/\",\"url\":\"https:\/\/aea.academy\/wp-content\/uploads\/2024\/09\/20220906-Advenio-vector-with-text-2813x946.png\",\"contentUrl\":\"https:\/\/aea.academy\/wp-content\/uploads\/2024\/09\/20220906-Advenio-vector-with-text-2813x946.png\",\"width\":2816,\"height\":947,\"caption\":\"AeA Academy\"},\"image\":{\"@id\":\"https:\/\/aea.academy\/#\/schema\/logo\/image\/\"},\"sameAs\":[\"https:\/\/www.facebook.com\/people\/Advenio-eAcademy\/100064132746001\/\",\"https:\/\/www.instagram.com\/advenio_eacademy\/\",\"https:\/\/www.linkedin.com\/uas\/login?session_redirect=school10402143\",\"https:\/\/www.youtube.com\/@advenioeacademy5728\"]}]}<\/script>\n<!-- \/ Yoast SEO plugin. -->","yoast_head_json":{"title":"University of Macedonia: Higher Education in Greece","description":"Explore the University of Macedonia in Thessaloniki, specializing in economic and social sciences. Discover its programs and contributions to society.","robots":{"index":"index","follow":"follow","max-snippet":"max-snippet:-1","max-image-preview":"max-image-preview:large","max-video-preview":"max-video-preview:-1"},"canonical":"https:\/\/aea.academy\/es\/greece-university-of-macedonia\/","og_locale":"es_ES","og_type":"article","og_title":"University of Macedonia: Higher Education in Greece","og_description":"Explore the University of Macedonia in Thessaloniki, specializing in economic and social sciences. Discover its programs and contributions to society.","og_url":"https:\/\/aea.academy\/es\/greece-university-of-macedonia\/","og_site_name":"Advenio eAcademy Malta","article_publisher":"https:\/\/www.facebook.com\/people\/Advenio-eAcademy\/100064132746001\/","article_modified_time":"2025-01-13T17:34:51+00:00","og_image":[{"width":1920,"height":350,"url":"https:\/\/aea.academy\/wp-content\/uploads\/2024\/09\/GREECE-UNIVERSITY-OF-MACEDONIA-1915x349.jpg","type":"image\/jpeg"}],"twitter_card":"summary_large_image","twitter_misc":{"Tiempo de lectura":"2 minutos"},"schema":{"@context":"https:\/\/schema.org","@graph":[{"@type":"WebPage","@id":"https:\/\/aea.academy\/greece-university-of-macedonia\/","url":"https:\/\/aea.academy\/greece-university-of-macedonia\/","name":"University of Macedonia: Higher Education in Greece","isPartOf":{"@id":"https:\/\/aea.academy\/#website"},"primaryImageOfPage":{"@id":"https:\/\/aea.academy\/greece-university-of-macedonia\/#primaryimage"},"image":{"@id":"https:\/\/aea.academy\/greece-university-of-macedonia\/#primaryimage"},"thumbnailUrl":"https:\/\/aea.academy\/wp-content\/uploads\/2024\/09\/GREECE-UNIVERSITY-OF-MACEDONIA-1915x349.jpg","datePublished":"2024-09-24T18:17:02+00:00","dateModified":"2025-01-13T17:34:51+00:00","description":"Explore the University of Macedonia in Thessaloniki, specializing in economic and social sciences. Discover its programs and contributions to society.","breadcrumb":{"@id":"https:\/\/aea.academy\/greece-university-of-macedonia\/#breadcrumb"},"inLanguage":"es","potentialAction":[{"@type":"ReadAction","target":["https:\/\/aea.academy\/greece-university-of-macedonia\/"]}]},{"@type":"ImageObject","inLanguage":"es","@id":"https:\/\/aea.academy\/greece-university-of-macedonia\/#primaryimage","url":"https:\/\/aea.academy\/wp-content\/uploads\/2024\/09\/GREECE-UNIVERSITY-OF-MACEDONIA-1915x349.jpg","contentUrl":"https:\/\/aea.academy\/wp-content\/uploads\/2024\/09\/GREECE-UNIVERSITY-OF-MACEDONIA-1915x349.jpg","width":1920,"height":350,"caption":"GREECE, UNIVERSITY OF MACEDONIA"},{"@type":"BreadcrumbList","@id":"https:\/\/aea.academy\/greece-university-of-macedonia\/#breadcrumb","itemListElement":[{"@type":"ListItem","position":1,"name":"Home","item":"https:\/\/aea.academy\/"},{"@type":"ListItem","position":2,"name":"GREECE, UNIVERSITY OF MACEDONIA"}]},{"@type":"WebSite","@id":"https:\/\/aea.academy\/#website","url":"https:\/\/aea.academy\/","name":"Academia AeA","description":"Advenio eAcademy Malta","publisher":{"@id":"https:\/\/aea.academy\/#organization"},"potentialAction":[{"@type":"SearchAction","target":{"@type":"EntryPoint","urlTemplate":"https:\/\/aea.academy\/?s={search_term_string}"},"query-input":{"@type":"PropertyValueSpecification","valueRequired":true,"valueName":"search_term_string"}}],"inLanguage":"es"},{"@type":"Organization","@id":"https:\/\/aea.academy\/#organization","name":"Academia AeA","url":"https:\/\/aea.academy\/","logo":{"@type":"ImageObject","inLanguage":"es","@id":"https:\/\/aea.academy\/#\/schema\/logo\/image\/","url":"https:\/\/aea.academy\/wp-content\/uploads\/2024\/09\/20220906-Advenio-vector-with-text-2813x946.png","contentUrl":"https:\/\/aea.academy\/wp-content\/uploads\/2024\/09\/20220906-Advenio-vector-with-text-2813x946.png","width":2816,"height":947,"caption":"AeA Academy"},"image":{"@id":"https:\/\/aea.academy\/#\/schema\/logo\/image\/"},"sameAs":["https:\/\/www.facebook.com\/people\/Advenio-eAcademy\/100064132746001\/","https:\/\/www.instagram.com\/advenio_eacademy\/","https:\/\/www.linkedin.com\/uas\/login?session_redirect=school10402143","https:\/\/www.youtube.com\/@advenioeacademy5728"]}]}},"_links":{"self":[{"href":"https:\/\/aea.academy\/es\/wp-json\/wp\/v2\/pages\/51318","targetHints":{"allow":["GET"]}}],"collection":[{"href":"https:\/\/aea.academy\/es\/wp-json\/wp\/v2\/pages"}],"about":[{"href":"https:\/\/aea.academy\/es\/wp-json\/wp\/v2\/types\/page"}],"author":[{"embeddable":true,"href":"https:\/\/aea.academy\/es\/wp-json\/wp\/v2\/users\/1"}],"replies":[{"embeddable":true,"href":"https:\/\/aea.academy\/es\/wp-json\/wp\/v2\/comments?post=51318"}],"version-history":[{"count":0,"href":"https:\/\/aea.academy\/es\/wp-json\/wp\/v2\/pages\/51318\/revisions"}],"wp:featuredmedia":[{"embeddable":true,"href":"https:\/\/aea.academy\/es\/wp-json\/wp\/v2\/media\/52371"}],"wp:attachment":[{"href":"https:\/\/aea.academy\/es\/wp-json\/wp\/v2\/media?parent=51318"}],"curies":[{"name":"wp","href":"https:\/\/api.w.org\/{rel}","templated":true}]}}