{"id":54281,"date":"2024-10-08T19:42:26","date_gmt":"2024-10-08T19:42:26","guid":{"rendered":"https:\/\/aea.academy\/?page_id=54281"},"modified":"2024-10-15T12:34:52","modified_gmt":"2024-10-15T12:34:52","slug":"erasmus-projects","status":"publish","type":"page","link":"https:\/\/aea.academy\/es\/erasmus-projects\/","title":{"rendered":"Proyectos Erasmus"},"content":{"rendered":"<div data-elementor-type=\"wp-page\" data-elementor-id=\"54281\" class=\"elementor elementor-54281\" data-elementor-post-type=\"page\">\n\t\t\t\t<div class=\"elementor-element elementor-element-7b2a074 e-flex e-con-boxed e-con e-parent\" data-id=\"7b2a074\" data-element_type=\"container\">\n\t\t\t\t\t<div class=\"e-con-inner\">\n\t\t\t\t<div class=\"elementor-element elementor-element-c4f2907 elementor-widget elementor-widget-text-editor\" data-id=\"c4f2907\" data-element_type=\"widget\" data-widget_type=\"text-editor.default\">\n\t\t\t\t<div class=\"elementor-widget-container\">\n\t\t\t\t\t\t\t\t\t<div class=\"et_pb_row et_pb_row_0\">\n<div class=\"et_pb_column et_pb_column_1_2 et_pb_column_0 et_pb_css_mix_blend_mode_passthrough\">\n<div class=\"et_pb_module et_pb_text et_pb_text_0 et_pb_text_align_left et_pb_bg_layout_light\">\n<div class=\"et_pb_text_inner\">\n<p>Advenio eAcademy ha sido el coordinador del proyecto en una serie de proyectos Erasmus + desde 2017, y estos incluyeron proyectos relacionados con la investigaci\u00f3n, el desarrollo y el despliegue de programas en l\u00ednea en el nivel 7 de m\u00e1ster, en el nivel 6 de licenciatura y en el nivel 5 de diploma superior de pregrado.\u00a0<\/p>\n<p><strong>Proyectos Erasmus+ con Advenio eAcademy como coordinador:<\/strong><\/p>\n<p>1. MHEI-ME: Multiple Higher Educational Institutions Master's in Entrepreneurship.<\/p>\n<p>Reference: 2017-1-MTO-KA203-026960. Duraci\u00f3n del proyecto: 2017 - 2019<\/p>\n<p>En este proyecto participaron HEI de Grecia, Hungr\u00eda, Italia, Malta, Eslovaquia y Ucrania que colaboraron en el dise\u00f1o, desarrollo, producci\u00f3n, acreditaci\u00f3n e implementaci\u00f3n de un M\u00e1ster en Emprendimiento de Nivel 7 de 90 cr\u00e9ditos ECTS del MEC alojado en la plataforma de aprendizaje electr\u00f3nico Advenio eAcademy. El proyecto finaliz\u00f3 con \u00e9xito en 2019. Advenio eAcademy recibi\u00f3 un premio de la Agencia Nacional en reconocimiento del \u00e9xito del proyecto y las mejores pr\u00e1cticas implementadas.<\/p>\n<p>2. ARPEL4Entrep: Acreditaci\u00f3n y Reconocimiento de Experiencias y Aprendizajes Previos para Emprendedores<\/p>\n<p>Reference: 2021-1-MT01-KA220-HED-000023290. Duraci\u00f3n del proyecto: 2020 - 2023<\/p>\n<p>En este proyecto participaron instituciones de educaci\u00f3n superior de Grecia, Italia, Lituania, Malta y Eslovaquia que colaboraron en el dise\u00f1o, desarrollo, producci\u00f3n, acreditaci\u00f3n y puesta en marcha de un t\u00edtulo de grado en iniciativa empresarial de nivel 6 y 180 cr\u00e9ditos ECTS del Marco Europeo de Cualificaciones alojado en la plataforma de aprendizaje electr\u00f3nico Advenio eAcademy. Una de las principales novedades del proyecto fue el desarrollo de un portal en l\u00ednea para la tramitaci\u00f3n del reconocimiento de actividades de aprendizaje previo a trav\u00e9s del cual los estudiantes pod\u00edan obtener hasta 90 cr\u00e9ditos ECTS. El proyecto concluy\u00f3 con \u00e9xito en 2023.<\/p>\n<p>3. SocEntrep4NGOs: Emprendimiento social para ONG<\/p>\n<p>Reference: 2021-1-MT01-KA220-HED-000023290. Duraci\u00f3n del proyecto: 2021 - 2024<\/p>\n<p>En este proyecto participaron HEI de Grecia, Italia, Malta y Turqu\u00eda que colaboraron en el dise\u00f1o, desarrollo, producci\u00f3n, acreditaci\u00f3n e implementaci\u00f3n de un Diploma Superior de Pregrado de Nivel 5 en Emprendimiento Social de 90 cr\u00e9ditos ECTS del MEC alojado en la plataforma de aprendizaje electr\u00f3nico Advenio eAcademy. El proyecto finaliz\u00f3 con \u00e9xito en 2024.<\/p>\n<p>4. EffNGO4Entrep: Gesti\u00f3n eficaz de las ONG<\/p>\n<p>Reference: 2021-1-MT01-KA210-ADU-000034017. Duraci\u00f3n del proyecto: 2021 - 2022<\/p>\n<p>Advenio eAcademy fue la HEI responsable del desarrollo, la producci\u00f3n, la acreditaci\u00f3n y la implementaci\u00f3n de un Diploma de Nivel 5 de 10 cr\u00e9ditos ECTS del MEC en gesti\u00f3n de ONG alojado en la plataforma de aprendizaje electr\u00f3nico Advenio eAcademy. El programa se desarroll\u00f3 en colaboraci\u00f3n con dos ONG, Solidarity Overseas Services Malta y CARDET - Chipre. Se bas\u00f3 en la actualizaci\u00f3n de un curso de autoaprendizaje no acreditado desarrollado por Advenio eAcademy y Solidatiry Overseas Malta en 2018-2020 a trav\u00e9s de Active Citizen Funding. Las ONG participaron activamente en el desarrollo de estudios de casos sectoriales y, en particular, en el reclutamiento de estudiantes para el programa. El proyecto finaliz\u00f3 con \u00e9xito en 2022.<\/p>\n<p>5. Gesti\u00f3n de ONG+: Continuaci\u00f3n del desarrollo y aplicaci\u00f3n del Premio de Gesti\u00f3n de ONG<\/p>\n<p>Reference: 2022-2-MT01-KA210-ADU-000093880. Duraci\u00f3n del proyecto: Enero 2023 - Diciembre 2023<\/p>\n<p>Advenio eAcademy fue la HEI responsable de continuar el desarrollo y la producci\u00f3n de la acreditaci\u00f3n EQF de 10 cr\u00e9ditos ECTS de nivel 5 en gesti\u00f3n de ONG, previamente desarrollada e implementada en 2021-1-MT01-KA210-ADU-00034017. Sobre la base de la informaci\u00f3n recibida del proyecto anterior, este proyecto se centr\u00f3 en el desarrollo de los estudios de casos subyacentes y la actualizaci\u00f3n de los contenidos pertinentes para permitir la inclusi\u00f3n de Albania como pa\u00eds participante en el proyecto.  Los dos cursos se impartieron en la plataforma de aprendizaje electr\u00f3nico Advenio eAcademy. El programa se desarroll\u00f3 de nuevo en colaboraci\u00f3n con dos ONG, Solidarity Overseas Services Malta y CARDET - Chipre. Adem\u00e1s, SOS Malta subcontrat\u00f3 a Friends of Korce, una ONG albanesa, para realizar labores de apoyo en Albania. El proyecto concluy\u00f3 con \u00e9xito en diciembre de 2023.<\/p>\n<\/div>\n<\/div>\n<\/div>\n<\/div>\n\t\t\t\t\t\t\t\t<\/div>\n\t\t\t\t<\/div>\n\t\t\t\t\t<\/div>\n\t\t\t\t<\/div>\n\t\t\t\t<\/div>","protected":false},"excerpt":{"rendered":"<p>Advenio eAcademy ha sido el coordinador del proyecto en varios proyectos Erasmus+ desde 2017, y estos incluyeron proyectos relacionados con la investigaci\u00f3n, el desarrollo y el despliegue de programas en l\u00ednea en el nivel 7 de m\u00e1ster, en el nivel 6 de licenciatura y en el nivel 5 de diploma superior de pregrado. Proyectos Erasmus+ con Advenio eAcademy como coordinador: 1. MHEI-ME: [...]<\/p>","protected":false},"author":1,"featured_media":50566,"parent":0,"menu_order":0,"comment_status":"closed","ping_status":"closed","template":"","meta":{"footnotes":""},"class_list":["post-54281","page","type-page","status-publish","has-post-thumbnail","hentry"],"yoast_head":"<!-- This site is optimized with the Yoast SEO plugin v26.0 - https:\/\/yoast.com\/wordpress\/plugins\/seo\/ -->\n<title>Erasmus+ Projects Coordinated by Advenio eAcademy<\/title>\n<meta name=\"description\" content=\"Since 2017, Advenio eAcademy has coordinated Erasmus+ projects, developing online programmes in entrepreneurship and NGO management at a European level.\" \/>\n<meta name=\"robots\" content=\"index, follow, max-snippet:-1, max-image-preview:large, max-video-preview:-1\" \/>\n<link rel=\"canonical\" href=\"https:\/\/aea.academy\/es\/erasmus-projects\/\" \/>\n<meta property=\"og:locale\" content=\"es_ES\" \/>\n<meta property=\"og:type\" content=\"article\" \/>\n<meta property=\"og:title\" content=\"Erasmus+ Projects Coordinated by Advenio eAcademy\" \/>\n<meta property=\"og:description\" content=\"Since 2017, Advenio eAcademy has coordinated Erasmus+ projects, developing online programmes in entrepreneurship and NGO management at a European level.\" \/>\n<meta property=\"og:url\" content=\"https:\/\/aea.academy\/es\/erasmus-projects\/\" \/>\n<meta property=\"og:site_name\" content=\"Advenio eAcademy Malta\" \/>\n<meta property=\"article:publisher\" content=\"https:\/\/www.facebook.com\/people\/Advenio-eAcademy\/100064132746001\/\" \/>\n<meta property=\"article:modified_time\" content=\"2024-10-15T12:34:52+00:00\" \/>\n<meta property=\"og:image\" content=\"https:\/\/aea.academy\/wp-content\/uploads\/2024\/09\/erasmus-1020x291.jpg\" \/>\n\t<meta property=\"og:image:width\" content=\"250\" \/>\n\t<meta property=\"og:image:height\" content=\"71\" \/>\n\t<meta property=\"og:image:type\" content=\"image\/jpeg\" \/>\n<meta name=\"twitter:card\" content=\"summary_large_image\" \/>\n<meta name=\"twitter:label1\" content=\"Tiempo de lectura\" \/>\n\t<meta name=\"twitter:data1\" content=\"3 minutos\" \/>\n<script type=\"application\/ld+json\" class=\"yoast-schema-graph\">{\"@context\":\"https:\/\/schema.org\",\"@graph\":[{\"@type\":\"WebPage\",\"@id\":\"https:\/\/aea.academy\/erasmus-projects\/\",\"url\":\"https:\/\/aea.academy\/erasmus-projects\/\",\"name\":\"Erasmus+ Projects Coordinated by Advenio eAcademy\",\"isPartOf\":{\"@id\":\"https:\/\/aea.academy\/#website\"},\"primaryImageOfPage\":{\"@id\":\"https:\/\/aea.academy\/erasmus-projects\/#primaryimage\"},\"image\":{\"@id\":\"https:\/\/aea.academy\/erasmus-projects\/#primaryimage\"},\"thumbnailUrl\":\"https:\/\/aea.academy\/wp-content\/uploads\/2024\/09\/erasmus-1020x291.jpg\",\"datePublished\":\"2024-10-08T19:42:26+00:00\",\"dateModified\":\"2024-10-15T12:34:52+00:00\",\"description\":\"Since 2017, Advenio eAcademy has coordinated Erasmus+ projects, developing online programmes in entrepreneurship and NGO management at a European level.\",\"breadcrumb\":{\"@id\":\"https:\/\/aea.academy\/erasmus-projects\/#breadcrumb\"},\"inLanguage\":\"es\",\"potentialAction\":[{\"@type\":\"ReadAction\",\"target\":[\"https:\/\/aea.academy\/erasmus-projects\/\"]}]},{\"@type\":\"ImageObject\",\"inLanguage\":\"es\",\"@id\":\"https:\/\/aea.academy\/erasmus-projects\/#primaryimage\",\"url\":\"https:\/\/aea.academy\/wp-content\/uploads\/2024\/09\/erasmus-1020x291.jpg\",\"contentUrl\":\"https:\/\/aea.academy\/wp-content\/uploads\/2024\/09\/erasmus-1020x291.jpg\",\"width\":250,\"height\":71,\"caption\":\"erasmus\"},{\"@type\":\"BreadcrumbList\",\"@id\":\"https:\/\/aea.academy\/erasmus-projects\/#breadcrumb\",\"itemListElement\":[{\"@type\":\"ListItem\",\"position\":1,\"name\":\"Home\",\"item\":\"https:\/\/aea.academy\/\"},{\"@type\":\"ListItem\",\"position\":2,\"name\":\"Erasmus Projects\"}]},{\"@type\":\"WebSite\",\"@id\":\"https:\/\/aea.academy\/#website\",\"url\":\"https:\/\/aea.academy\/\",\"name\":\"AeA Academy\",\"description\":\"Advenio eAcademy Malta\",\"publisher\":{\"@id\":\"https:\/\/aea.academy\/#organization\"},\"potentialAction\":[{\"@type\":\"SearchAction\",\"target\":{\"@type\":\"EntryPoint\",\"urlTemplate\":\"https:\/\/aea.academy\/?s={search_term_string}\"},\"query-input\":{\"@type\":\"PropertyValueSpecification\",\"valueRequired\":true,\"valueName\":\"search_term_string\"}}],\"inLanguage\":\"es\"},{\"@type\":\"Organization\",\"@id\":\"https:\/\/aea.academy\/#organization\",\"name\":\"AeA Academy\",\"url\":\"https:\/\/aea.academy\/\",\"logo\":{\"@type\":\"ImageObject\",\"inLanguage\":\"es\",\"@id\":\"https:\/\/aea.academy\/#\/schema\/logo\/image\/\",\"url\":\"https:\/\/aea.academy\/wp-content\/uploads\/2024\/09\/20220906-Advenio-vector-with-text-2813x946.png\",\"contentUrl\":\"https:\/\/aea.academy\/wp-content\/uploads\/2024\/09\/20220906-Advenio-vector-with-text-2813x946.png\",\"width\":2816,\"height\":947,\"caption\":\"AeA Academy\"},\"image\":{\"@id\":\"https:\/\/aea.academy\/#\/schema\/logo\/image\/\"},\"sameAs\":[\"https:\/\/www.facebook.com\/people\/Advenio-eAcademy\/100064132746001\/\",\"https:\/\/www.instagram.com\/advenio_eacademy\/\",\"https:\/\/www.linkedin.com\/uas\/login?session_redirect=school10402143\",\"https:\/\/www.youtube.com\/@advenioeacademy5728\"]}]}<\/script>\n<!-- \/ Yoast SEO plugin. -->","yoast_head_json":{"title":"Erasmus+ Projects Coordinated by Advenio eAcademy","description":"Since 2017, Advenio eAcademy has coordinated Erasmus+ projects, developing online programmes in entrepreneurship and NGO management at a European level.","robots":{"index":"index","follow":"follow","max-snippet":"max-snippet:-1","max-image-preview":"max-image-preview:large","max-video-preview":"max-video-preview:-1"},"canonical":"https:\/\/aea.academy\/es\/erasmus-projects\/","og_locale":"es_ES","og_type":"article","og_title":"Erasmus+ Projects Coordinated by Advenio eAcademy","og_description":"Since 2017, Advenio eAcademy has coordinated Erasmus+ projects, developing online programmes in entrepreneurship and NGO management at a European level.","og_url":"https:\/\/aea.academy\/es\/erasmus-projects\/","og_site_name":"Advenio eAcademy Malta","article_publisher":"https:\/\/www.facebook.com\/people\/Advenio-eAcademy\/100064132746001\/","article_modified_time":"2024-10-15T12:34:52+00:00","og_image":[{"width":250,"height":71,"url":"https:\/\/aea.academy\/wp-content\/uploads\/2024\/09\/erasmus-1020x291.jpg","type":"image\/jpeg"}],"twitter_card":"summary_large_image","twitter_misc":{"Tiempo de lectura":"3 minutos"},"schema":{"@context":"https:\/\/schema.org","@graph":[{"@type":"WebPage","@id":"https:\/\/aea.academy\/erasmus-projects\/","url":"https:\/\/aea.academy\/erasmus-projects\/","name":"Erasmus+ Projects Coordinated by Advenio eAcademy","isPartOf":{"@id":"https:\/\/aea.academy\/#website"},"primaryImageOfPage":{"@id":"https:\/\/aea.academy\/erasmus-projects\/#primaryimage"},"image":{"@id":"https:\/\/aea.academy\/erasmus-projects\/#primaryimage"},"thumbnailUrl":"https:\/\/aea.academy\/wp-content\/uploads\/2024\/09\/erasmus-1020x291.jpg","datePublished":"2024-10-08T19:42:26+00:00","dateModified":"2024-10-15T12:34:52+00:00","description":"Since 2017, Advenio eAcademy has coordinated Erasmus+ projects, developing online programmes in entrepreneurship and NGO management at a European level.","breadcrumb":{"@id":"https:\/\/aea.academy\/erasmus-projects\/#breadcrumb"},"inLanguage":"es","potentialAction":[{"@type":"ReadAction","target":["https:\/\/aea.academy\/erasmus-projects\/"]}]},{"@type":"ImageObject","inLanguage":"es","@id":"https:\/\/aea.academy\/erasmus-projects\/#primaryimage","url":"https:\/\/aea.academy\/wp-content\/uploads\/2024\/09\/erasmus-1020x291.jpg","contentUrl":"https:\/\/aea.academy\/wp-content\/uploads\/2024\/09\/erasmus-1020x291.jpg","width":250,"height":71,"caption":"erasmus"},{"@type":"BreadcrumbList","@id":"https:\/\/aea.academy\/erasmus-projects\/#breadcrumb","itemListElement":[{"@type":"ListItem","position":1,"name":"Home","item":"https:\/\/aea.academy\/"},{"@type":"ListItem","position":2,"name":"Erasmus Projects"}]},{"@type":"WebSite","@id":"https:\/\/aea.academy\/#website","url":"https:\/\/aea.academy\/","name":"Academia AeA","description":"Advenio eAcademy Malta","publisher":{"@id":"https:\/\/aea.academy\/#organization"},"potentialAction":[{"@type":"SearchAction","target":{"@type":"EntryPoint","urlTemplate":"https:\/\/aea.academy\/?s={search_term_string}"},"query-input":{"@type":"PropertyValueSpecification","valueRequired":true,"valueName":"search_term_string"}}],"inLanguage":"es"},{"@type":"Organization","@id":"https:\/\/aea.academy\/#organization","name":"Academia AeA","url":"https:\/\/aea.academy\/","logo":{"@type":"ImageObject","inLanguage":"es","@id":"https:\/\/aea.academy\/#\/schema\/logo\/image\/","url":"https:\/\/aea.academy\/wp-content\/uploads\/2024\/09\/20220906-Advenio-vector-with-text-2813x946.png","contentUrl":"https:\/\/aea.academy\/wp-content\/uploads\/2024\/09\/20220906-Advenio-vector-with-text-2813x946.png","width":2816,"height":947,"caption":"AeA Academy"},"image":{"@id":"https:\/\/aea.academy\/#\/schema\/logo\/image\/"},"sameAs":["https:\/\/www.facebook.com\/people\/Advenio-eAcademy\/100064132746001\/","https:\/\/www.instagram.com\/advenio_eacademy\/","https:\/\/www.linkedin.com\/uas\/login?session_redirect=school10402143","https:\/\/www.youtube.com\/@advenioeacademy5728"]}]}},"_links":{"self":[{"href":"https:\/\/aea.academy\/es\/wp-json\/wp\/v2\/pages\/54281","targetHints":{"allow":["GET"]}}],"collection":[{"href":"https:\/\/aea.academy\/es\/wp-json\/wp\/v2\/pages"}],"about":[{"href":"https:\/\/aea.academy\/es\/wp-json\/wp\/v2\/types\/page"}],"author":[{"embeddable":true,"href":"https:\/\/aea.academy\/es\/wp-json\/wp\/v2\/users\/1"}],"replies":[{"embeddable":true,"href":"https:\/\/aea.academy\/es\/wp-json\/wp\/v2\/comments?post=54281"}],"version-history":[{"count":0,"href":"https:\/\/aea.academy\/es\/wp-json\/wp\/v2\/pages\/54281\/revisions"}],"wp:featuredmedia":[{"embeddable":true,"href":"https:\/\/aea.academy\/es\/wp-json\/wp\/v2\/media\/50566"}],"wp:attachment":[{"href":"https:\/\/aea.academy\/es\/wp-json\/wp\/v2\/media?parent=54281"}],"curies":[{"name":"wp","href":"https:\/\/api.w.org\/{rel}","templated":true}]}}