{"id":56094,"date":"2025-02-12T10:52:11","date_gmt":"2025-02-12T10:52:11","guid":{"rendered":"https:\/\/aea.academy\/?page_id=56094"},"modified":"2025-06-23T10:42:17","modified_gmt":"2025-06-23T10:42:17","slug":"elearning-platform-selection","status":"publish","type":"page","link":"https:\/\/aea.academy\/es\/elearning-platform-selection\/","title":{"rendered":"Selecci\u00f3n de plataformas eLearning"},"content":{"rendered":"<div data-elementor-type=\"wp-page\" data-elementor-id=\"56094\" class=\"elementor elementor-56094\" data-elementor-post-type=\"page\">\n\t\t\t\t\t\t<section class=\"elementor-section elementor-top-section elementor-element elementor-element-250741e elementor-section-stretched elementor-section-boxed elementor-section-height-default elementor-section-height-default\" data-id=\"250741e\" data-element_type=\"section\" data-e-type=\"section\" data-settings=\"{&quot;background_background&quot;:&quot;classic&quot;,&quot;stretch_section&quot;:&quot;section-stretched&quot;}\">\n\t\t\t\t\t\t<div class=\"elementor-container elementor-column-gap-default\">\n\t\t\t<a class=\"eael-wrapper-link-250a080 --eael-wrapper-link-tag\" href=\"https:\/\/elearn.aea.academy\/\" target=\"_blank\"><\/a>\t\t<div data-eael-wrapper-link=\"eael-wrapper-link-250a080\" class=\"elementor-column elementor-col-50 elementor-top-column elementor-element elementor-element-250a080\" data-id=\"250a080\" data-element_type=\"column\" data-e-type=\"column\">\n\t\t\t<div class=\"elementor-widget-wrap elementor-element-populated\">\n\t\t\t\t\t\t<div class=\"elementor-element elementor-element-250a84a elementor-widget elementor-widget-vc_custom_heading\" data-id=\"250a84a\" data-element_type=\"widget\" data-e-type=\"widget\" data-widget_type=\"vc_custom_heading.default\">\n\t\t\t\t<div class=\"elementor-widget-container\">\n\t\t\t\t\t<div class=\"vc_custom_heading  masterstudy_heading_font  text_align_left\" ><h3 style=\"text-align: left;font-weight:600\" class=\"masterstudy-custom-title\">Plataforma eLearning:\n<\/h3><\/div>\t\t\t\t<\/div>\n\t\t\t\t<\/div>\n\t\t<a class=\"eael-wrapper-link-453310f --eael-wrapper-link-tag\" href=\"https:\/\/elearn.aea.academy\/\" target=\"_blank\"><\/a>\t\t<div data-eael-wrapper-link=\"eael-wrapper-link-453310f\" class=\"elementor-element elementor-element-453310f elementor-widget elementor-widget-image\" data-id=\"453310f\" data-element_type=\"widget\" data-e-type=\"widget\" data-widget_type=\"image.default\">\n\t\t\t\t<div class=\"elementor-widget-container\">\n\t\t\t\t\t\t\t\t\t\t\t\t\t\t\t<img fetchpriority=\"high\" decoding=\"async\" width=\"913\" height=\"611\" src=\"https:\/\/aea.academy\/wp-content\/uploads\/2025\/02\/aea-eblearn-login-sh.png\" class=\"elementor-animation-float attachment-large size-large wp-image-56096\" alt=\"\" srcset=\"https:\/\/aea.academy\/wp-content\/uploads\/2025\/02\/aea-eblearn-login-sh.png 913w, https:\/\/aea.academy\/wp-content\/uploads\/2025\/02\/aea-eblearn-login-sh-300x201.png 300w, https:\/\/aea.academy\/wp-content\/uploads\/2025\/02\/aea-eblearn-login-sh-768x514.png 768w, https:\/\/aea.academy\/wp-content\/uploads\/2025\/02\/aea-eblearn-login-sh-18x12.png 18w, https:\/\/aea.academy\/wp-content\/uploads\/2025\/02\/aea-eblearn-login-sh-270x180.png 270w, https:\/\/aea.academy\/wp-content\/uploads\/2025\/02\/aea-eblearn-login-sh-600x402.png 600w\" sizes=\"(max-width: 913px) 100vw, 913px\" \/>\t\t\t\t\t\t\t\t\t\t\t\t\t\t\t<\/div>\n\t\t\t\t<\/div>\n\t\t\t\t<div class=\"elementor-element elementor-element-bcc06bc elementor-widget elementor-widget-text-editor\" data-id=\"bcc06bc\" data-element_type=\"widget\" data-e-type=\"widget\" data-widget_type=\"text-editor.default\">\n\t\t\t\t<div class=\"elementor-widget-container\">\n\t\t\t\t\t\t\t\t\t<p>Haga clic en el enlace anterior para acceder a los siguientes programas:<\/p>\n<p><strong>1. Nivel 5: Diploma Superior de Pregrado en Gesti\u00f3n de PYME<\/strong><\/p>\n<p><strong>2. Nivel 5: Grado Superior de Gesti\u00f3n en Emprendimiento Social<\/strong><\/p>\n<p><strong>3. Nivel 6: Licenciatura en Iniciativa Empresarial<\/strong><\/p>\n<p><strong>4. Nivel 6: Diplomatura en Enfermer\u00eda (Top-Up)<\/strong><\/p>\n<p><strong>5. Nivel 7: M\u00e1ster en Iniciativa Empresarial<\/strong><\/p>\n\t\t\t\t\t\t\t\t<\/div>\n\t\t\t\t<\/div>\n\t\t\t\t\t<\/div>\n\t\t<\/div>\n\t\t<a class=\"eael-wrapper-link-25079f0 --eael-wrapper-link-tag\" href=\"https:\/\/www.openlearning.com\/advenio-eacademy\/\" target=\"_blank\"><\/a>\t\t<div data-eael-wrapper-link=\"eael-wrapper-link-25079f0\" class=\"elementor-column elementor-col-50 elementor-top-column elementor-element elementor-element-25079f0 stm_icon_box_responsive\" data-id=\"25079f0\" data-element_type=\"column\" data-e-type=\"column\">\n\t\t\t<div class=\"elementor-widget-wrap elementor-element-populated\">\n\t\t\t\t\t\t<div class=\"elementor-element elementor-element-2507e35 elementor-widget elementor-widget-vc_custom_heading\" data-id=\"2507e35\" data-element_type=\"widget\" data-e-type=\"widget\" data-widget_type=\"vc_custom_heading.default\">\n\t\t\t\t<div class=\"elementor-widget-container\">\n\t\t\t\t\t<div class=\"vc_custom_heading  masterstudy_heading_font  text_align_left\" ><h3 style=\"text-align: left;font-weight:600\" class=\"masterstudy-custom-title\">Plataforma eLearning:\n<\/h3><\/div>\t\t\t\t<\/div>\n\t\t\t\t<\/div>\n\t\t<a class=\"eael-wrapper-link-79c4c0d --eael-wrapper-link-tag\" href=\"https:\/\/www.openlearning.com\/advenio-eacademy\/\"><\/a>\t\t<div data-eael-wrapper-link=\"eael-wrapper-link-79c4c0d\" class=\"elementor-element elementor-element-79c4c0d elementor-widget elementor-widget-image\" data-id=\"79c4c0d\" data-element_type=\"widget\" data-e-type=\"widget\" data-widget_type=\"image.default\">\n\t\t\t\t<div class=\"elementor-widget-container\">\n\t\t\t\t\t\t\t\t\t\t\t\t\t\t\t<img decoding=\"async\" width=\"424\" height=\"431\" src=\"https:\/\/aea.academy\/wp-content\/uploads\/2025\/02\/aea-OpenLearning-login-sh-updated-2.jpg\" class=\"elementor-animation-float attachment-large size-large wp-image-56119\" alt=\"\" srcset=\"https:\/\/aea.academy\/wp-content\/uploads\/2025\/02\/aea-OpenLearning-login-sh-updated-2.jpg 424w, https:\/\/aea.academy\/wp-content\/uploads\/2025\/02\/aea-OpenLearning-login-sh-updated-2-295x300.jpg 295w, https:\/\/aea.academy\/wp-content\/uploads\/2025\/02\/aea-OpenLearning-login-sh-updated-2-12x12.jpg 12w, https:\/\/aea.academy\/wp-content\/uploads\/2025\/02\/aea-OpenLearning-login-sh-updated-2-75x75.jpg 75w, https:\/\/aea.academy\/wp-content\/uploads\/2025\/02\/aea-OpenLearning-login-sh-updated-2-69x69.jpg 69w\" sizes=\"(max-width: 424px) 100vw, 424px\" \/>\t\t\t\t\t\t\t\t\t\t\t\t\t\t\t<\/div>\n\t\t\t\t<\/div>\n\t\t\t\t<div class=\"elementor-element elementor-element-a4eaab2 elementor-widget elementor-widget-text-editor\" data-id=\"a4eaab2\" data-element_type=\"widget\" data-e-type=\"widget\" data-widget_type=\"text-editor.default\">\n\t\t\t\t<div class=\"elementor-widget-container\">\n\t\t\t\t\t\t\t\t\t<p>Haga clic en el enlace anterior para acceder al siguiente programa:<\/p>\n<p><strong>1. Curso en l\u00ednea AMIF Language Buddy<\/strong><\/p>\n<p><strong>2. Nivel 5: Diploma en actividades de tutor\u00eda de compa\u00f1eros de lengua<\/strong><\/p>\n\t\t\t\t\t\t\t\t<\/div>\n\t\t\t\t<\/div>\n\t\t\t\t\t<\/div>\n\t\t<\/div>\n\t\t\t\t\t<\/div>\n\t\t<\/section>\n\t\t\t\t<section class=\"elementor-section elementor-top-section elementor-element elementor-element-250ad88 elementor-section-boxed elementor-section-height-default elementor-section-height-default\" data-id=\"250ad88\" data-element_type=\"section\" data-e-type=\"section\">\n\t\t\t\t\t\t<div class=\"elementor-container elementor-column-gap-default\">\n\t\t\t\t\t<div class=\"elementor-column elementor-col-100 elementor-top-column elementor-element elementor-element-250b171\" data-id=\"250b171\" data-element_type=\"column\" data-e-type=\"column\">\n\t\t\t<div class=\"elementor-widget-wrap elementor-element-populated\">\n\t\t\t\t\t\t<div class=\"elementor-element elementor-element-4534131 elementor-widget-divider--view-line elementor-widget elementor-widget-divider\" data-id=\"4534131\" data-element_type=\"widget\" data-e-type=\"widget\" data-widget_type=\"divider.default\">\n\t\t\t\t<div class=\"elementor-widget-container\">\n\t\t\t\t\t\t\t<div class=\"elementor-divider\">\n\t\t\t<span class=\"elementor-divider-separator\">\n\t\t\t\t\t\t<\/span>\n\t\t<\/div>\n\t\t\t\t\t\t<\/div>\n\t\t\t\t<\/div>\n\t\t\t\t\t<\/div>\n\t\t<\/div>\n\t\t\t\t\t<\/div>\n\t\t<\/section>\n\t\t\t\t<\/div>","protected":false},"excerpt":{"rendered":"<p>Plataforma eLearning: Haz clic en el enlace anterior para acceder a los siguientes programas: 1. Nivel 5: Diploma Superior de Pregrado en Gesti\u00f3n de PYMEs 2. Nivel 5: Diploma Superior de Pregrado en Emprendimiento Social Nivel 5: Diplomatura Superior en Emprendimiento Social 3. Nivel 6: Diplomatura Superior en Iniciativa Empresarial 4. Diplomatura Superior en Empresa Social Nivel 6: Grado Superior en Enfermer\u00eda (Top-Up) 5. Nivel 7: M\u00e1ster en Direcci\u00f3n de Empresas (Top-Up) Nivel 7: M\u00e1ster en Iniciativa Emprendedora Plataforma eLearning: Haz clic en [...]<\/p>","protected":false},"author":1,"featured_media":0,"parent":0,"menu_order":0,"comment_status":"closed","ping_status":"closed","template":"","meta":{"footnotes":""},"class_list":["post-56094","page","type-page","status-publish","hentry"],"yoast_head":"<!-- This site is optimized with the Yoast SEO plugin v27.4 - https:\/\/yoast.com\/product\/yoast-seo-wordpress\/ -->\n<title>eLearning platform selection | Advenio eAcademy<\/title>\n<meta name=\"description\" content=\"Select the eLearning platform depending on the programme you are currently following.\" \/>\n<meta name=\"robots\" content=\"index, follow, max-snippet:-1, max-image-preview:large, max-video-preview:-1\" \/>\n<link rel=\"canonical\" href=\"https:\/\/aea.academy\/es\/elearning-platform-selection\/\" \/>\n<meta property=\"og:locale\" content=\"es_ES\" \/>\n<meta property=\"og:type\" content=\"article\" \/>\n<meta property=\"og:title\" content=\"eLearning platform selection | Advenio eAcademy\" \/>\n<meta property=\"og:description\" content=\"Select the eLearning platform depending on the programme you are currently following.\" \/>\n<meta property=\"og:url\" content=\"https:\/\/aea.academy\/es\/elearning-platform-selection\/\" \/>\n<meta property=\"og:site_name\" content=\"Advenio eAcademy Malta\" \/>\n<meta property=\"article:publisher\" content=\"https:\/\/www.facebook.com\/people\/Advenio-eAcademy\/100064132746001\/\" \/>\n<meta property=\"article:modified_time\" content=\"2025-06-23T10:42:17+00:00\" \/>\n<meta property=\"og:image\" content=\"https:\/\/aea.academy\/wp-content\/uploads\/2025\/02\/aea-eblearn-login-sh.png\" \/>\n\t<meta property=\"og:image:width\" content=\"913\" \/>\n\t<meta property=\"og:image:height\" content=\"611\" \/>\n\t<meta property=\"og:image:type\" content=\"image\/png\" \/>\n<meta name=\"twitter:card\" content=\"summary_large_image\" \/>\n<meta name=\"twitter:label1\" content=\"Tiempo de lectura\" \/>\n\t<meta name=\"twitter:data1\" content=\"1 minuto\" \/>\n<script type=\"application\/ld+json\" class=\"yoast-schema-graph\">{\"@context\":\"https:\\\/\\\/schema.org\",\"@graph\":[{\"@type\":\"WebPage\",\"@id\":\"https:\\\/\\\/aea.academy\\\/elearning-platform-selection\\\/\",\"url\":\"https:\\\/\\\/aea.academy\\\/elearning-platform-selection\\\/\",\"name\":\"eLearning platform selection | Advenio eAcademy\",\"isPartOf\":{\"@id\":\"https:\\\/\\\/aea.academy\\\/#website\"},\"primaryImageOfPage\":{\"@id\":\"https:\\\/\\\/aea.academy\\\/elearning-platform-selection\\\/#primaryimage\"},\"image\":{\"@id\":\"https:\\\/\\\/aea.academy\\\/elearning-platform-selection\\\/#primaryimage\"},\"thumbnailUrl\":\"https:\\\/\\\/aea.academy\\\/wp-content\\\/uploads\\\/2025\\\/02\\\/aea-eblearn-login-sh.png\",\"datePublished\":\"2025-02-12T10:52:11+00:00\",\"dateModified\":\"2025-06-23T10:42:17+00:00\",\"description\":\"Select the eLearning platform depending on the programme you are currently following.\",\"breadcrumb\":{\"@id\":\"https:\\\/\\\/aea.academy\\\/elearning-platform-selection\\\/#breadcrumb\"},\"inLanguage\":\"es\",\"potentialAction\":[{\"@type\":\"ReadAction\",\"target\":[\"https:\\\/\\\/aea.academy\\\/elearning-platform-selection\\\/\"]}]},{\"@type\":\"ImageObject\",\"inLanguage\":\"es\",\"@id\":\"https:\\\/\\\/aea.academy\\\/elearning-platform-selection\\\/#primaryimage\",\"url\":\"https:\\\/\\\/aea.academy\\\/wp-content\\\/uploads\\\/2025\\\/02\\\/aea-eblearn-login-sh.png\",\"contentUrl\":\"https:\\\/\\\/aea.academy\\\/wp-content\\\/uploads\\\/2025\\\/02\\\/aea-eblearn-login-sh.png\"},{\"@type\":\"BreadcrumbList\",\"@id\":\"https:\\\/\\\/aea.academy\\\/elearning-platform-selection\\\/#breadcrumb\",\"itemListElement\":[{\"@type\":\"ListItem\",\"position\":1,\"name\":\"Home\",\"item\":\"https:\\\/\\\/aea.academy\\\/\"},{\"@type\":\"ListItem\",\"position\":2,\"name\":\"eLearning Platform Selection\"}]},{\"@type\":\"WebSite\",\"@id\":\"https:\\\/\\\/aea.academy\\\/#website\",\"url\":\"https:\\\/\\\/aea.academy\\\/\",\"name\":\"AeA Academy\",\"description\":\"Advenio eAcademy Malta\",\"publisher\":{\"@id\":\"https:\\\/\\\/aea.academy\\\/#organization\"},\"potentialAction\":[{\"@type\":\"SearchAction\",\"target\":{\"@type\":\"EntryPoint\",\"urlTemplate\":\"https:\\\/\\\/aea.academy\\\/?s={search_term_string}\"},\"query-input\":{\"@type\":\"PropertyValueSpecification\",\"valueRequired\":true,\"valueName\":\"search_term_string\"}}],\"inLanguage\":\"es\"},{\"@type\":\"Organization\",\"@id\":\"https:\\\/\\\/aea.academy\\\/#organization\",\"name\":\"AeA Academy\",\"url\":\"https:\\\/\\\/aea.academy\\\/\",\"logo\":{\"@type\":\"ImageObject\",\"inLanguage\":\"es\",\"@id\":\"https:\\\/\\\/aea.academy\\\/#\\\/schema\\\/logo\\\/image\\\/\",\"url\":\"https:\\\/\\\/aea.academy\\\/wp-content\\\/uploads\\\/2024\\\/09\\\/20220906-Advenio-vector-with-text-2813x946.png\",\"contentUrl\":\"https:\\\/\\\/aea.academy\\\/wp-content\\\/uploads\\\/2024\\\/09\\\/20220906-Advenio-vector-with-text-2813x946.png\",\"width\":2816,\"height\":947,\"caption\":\"AeA Academy\"},\"image\":{\"@id\":\"https:\\\/\\\/aea.academy\\\/#\\\/schema\\\/logo\\\/image\\\/\"},\"sameAs\":[\"https:\\\/\\\/www.facebook.com\\\/people\\\/Advenio-eAcademy\\\/100064132746001\\\/\",\"https:\\\/\\\/www.instagram.com\\\/advenio_eacademy\\\/\",\"https:\\\/\\\/www.linkedin.com\\\/uas\\\/login?session_redirect=school10402143\",\"https:\\\/\\\/www.youtube.com\\\/@advenioeacademy5728\"]}]}<\/script>\n<!-- \/ Yoast SEO plugin. -->","yoast_head_json":{"title":"eLearning platform selection | Advenio eAcademy","description":"Select the eLearning platform depending on the programme you are currently following.","robots":{"index":"index","follow":"follow","max-snippet":"max-snippet:-1","max-image-preview":"max-image-preview:large","max-video-preview":"max-video-preview:-1"},"canonical":"https:\/\/aea.academy\/es\/elearning-platform-selection\/","og_locale":"es_ES","og_type":"article","og_title":"eLearning platform selection | Advenio eAcademy","og_description":"Select the eLearning platform depending on the programme you are currently following.","og_url":"https:\/\/aea.academy\/es\/elearning-platform-selection\/","og_site_name":"Advenio eAcademy Malta","article_publisher":"https:\/\/www.facebook.com\/people\/Advenio-eAcademy\/100064132746001\/","article_modified_time":"2025-06-23T10:42:17+00:00","og_image":[{"width":913,"height":611,"url":"https:\/\/aea.academy\/wp-content\/uploads\/2025\/02\/aea-eblearn-login-sh.png","type":"image\/png"}],"twitter_card":"summary_large_image","twitter_misc":{"Tiempo de lectura":"1 minuto"},"schema":{"@context":"https:\/\/schema.org","@graph":[{"@type":"WebPage","@id":"https:\/\/aea.academy\/elearning-platform-selection\/","url":"https:\/\/aea.academy\/elearning-platform-selection\/","name":"eLearning platform selection | Advenio eAcademy","isPartOf":{"@id":"https:\/\/aea.academy\/#website"},"primaryImageOfPage":{"@id":"https:\/\/aea.academy\/elearning-platform-selection\/#primaryimage"},"image":{"@id":"https:\/\/aea.academy\/elearning-platform-selection\/#primaryimage"},"thumbnailUrl":"https:\/\/aea.academy\/wp-content\/uploads\/2025\/02\/aea-eblearn-login-sh.png","datePublished":"2025-02-12T10:52:11+00:00","dateModified":"2025-06-23T10:42:17+00:00","description":"Select the eLearning platform depending on the programme you are currently following.","breadcrumb":{"@id":"https:\/\/aea.academy\/elearning-platform-selection\/#breadcrumb"},"inLanguage":"es","potentialAction":[{"@type":"ReadAction","target":["https:\/\/aea.academy\/elearning-platform-selection\/"]}]},{"@type":"ImageObject","inLanguage":"es","@id":"https:\/\/aea.academy\/elearning-platform-selection\/#primaryimage","url":"https:\/\/aea.academy\/wp-content\/uploads\/2025\/02\/aea-eblearn-login-sh.png","contentUrl":"https:\/\/aea.academy\/wp-content\/uploads\/2025\/02\/aea-eblearn-login-sh.png"},{"@type":"BreadcrumbList","@id":"https:\/\/aea.academy\/elearning-platform-selection\/#breadcrumb","itemListElement":[{"@type":"ListItem","position":1,"name":"Home","item":"https:\/\/aea.academy\/"},{"@type":"ListItem","position":2,"name":"eLearning Platform Selection"}]},{"@type":"WebSite","@id":"https:\/\/aea.academy\/#website","url":"https:\/\/aea.academy\/","name":"Academia AeA","description":"Advenio eAcademy Malta","publisher":{"@id":"https:\/\/aea.academy\/#organization"},"potentialAction":[{"@type":"SearchAction","target":{"@type":"EntryPoint","urlTemplate":"https:\/\/aea.academy\/?s={search_term_string}"},"query-input":{"@type":"PropertyValueSpecification","valueRequired":true,"valueName":"search_term_string"}}],"inLanguage":"es"},{"@type":"Organization","@id":"https:\/\/aea.academy\/#organization","name":"Academia AeA","url":"https:\/\/aea.academy\/","logo":{"@type":"ImageObject","inLanguage":"es","@id":"https:\/\/aea.academy\/#\/schema\/logo\/image\/","url":"https:\/\/aea.academy\/wp-content\/uploads\/2024\/09\/20220906-Advenio-vector-with-text-2813x946.png","contentUrl":"https:\/\/aea.academy\/wp-content\/uploads\/2024\/09\/20220906-Advenio-vector-with-text-2813x946.png","width":2816,"height":947,"caption":"AeA Academy"},"image":{"@id":"https:\/\/aea.academy\/#\/schema\/logo\/image\/"},"sameAs":["https:\/\/www.facebook.com\/people\/Advenio-eAcademy\/100064132746001\/","https:\/\/www.instagram.com\/advenio_eacademy\/","https:\/\/www.linkedin.com\/uas\/login?session_redirect=school10402143","https:\/\/www.youtube.com\/@advenioeacademy5728"]}]}},"_links":{"self":[{"href":"https:\/\/aea.academy\/es\/wp-json\/wp\/v2\/pages\/56094","targetHints":{"allow":["GET"]}}],"collection":[{"href":"https:\/\/aea.academy\/es\/wp-json\/wp\/v2\/pages"}],"about":[{"href":"https:\/\/aea.academy\/es\/wp-json\/wp\/v2\/types\/page"}],"author":[{"embeddable":true,"href":"https:\/\/aea.academy\/es\/wp-json\/wp\/v2\/users\/1"}],"replies":[{"embeddable":true,"href":"https:\/\/aea.academy\/es\/wp-json\/wp\/v2\/comments?post=56094"}],"version-history":[{"count":22,"href":"https:\/\/aea.academy\/es\/wp-json\/wp\/v2\/pages\/56094\/revisions"}],"predecessor-version":[{"id":56347,"href":"https:\/\/aea.academy\/es\/wp-json\/wp\/v2\/pages\/56094\/revisions\/56347"}],"wp:attachment":[{"href":"https:\/\/aea.academy\/es\/wp-json\/wp\/v2\/media?parent=56094"}],"curies":[{"name":"wp","href":"https:\/\/api.w.org\/{rel}","templated":true}]}}